{"id":929,"date":"2016-10-16T11:41:31","date_gmt":"2016-10-16T08:41:31","guid":{"rendered":"http:\/\/www.villareuter.fi\/wordpress\/?page_id=929&#038;lang=sv"},"modified":"2022-12-22T11:40:25","modified_gmt":"2022-12-22T09:40:25","slug":"hummerfish","status":"publish","type":"page","link":"https:\/\/www.villareuter.fi\/wordpress\/batar\/hummerfish\/?lang=sv","title":{"rendered":"Transport"},"content":{"rendered":"<p>HUMMERFISH<\/p>\n<p><a href=\"https:\/\/www.villareuter.fi\/wordpress\/veneet\/\/\">B\u00e5tar<\/a>&#8212;&#8211;<a href=\"https:\/\/www.villareuter.fi\/wordpress\/veneet\/kuljetus\/\/\">Transport<\/a>&#8212;&#8211;<a href=\"https:\/\/www.villareuter.fi\/wordpress\/veneet\/purjehdus\/\/\">Segling<\/a><\/p>\n<p>Med v\u00e5r Hummerfish transporterar vi er snabbt och bekv\u00e4mt till sk\u00e4rg\u00e5rdghemmanet p\u00e5 Lempn\u00e4s. Med en marchfart p\u00e5 ca 30knop tar vi er hit p\u00e5 ca 1 timme.\u00a0 B\u00e5ten \u00e4r stadig, s\u00e4ker och varm under alla v\u00e4derf\u00f6rh\u00e5llanden.<\/p>\n<p>Vi k\u00f6r er g\u00e4rna ocks\u00e5 till andra m\u00e5l enligt \u00f6nskem\u00e5l.<\/p>\n<p>&nbsp;<\/p>\n<p><a href=\"http:\/\/www.villareuter.fi\/wordpress\/wp-content\/uploads\/DSCF6178.jpg\"><img loading=\"lazy\" decoding=\"async\" class=\"alignnone size-medium wp-image-192\" src=\"http:\/\/www.villareuter.fi\/wordpress\/wp-content\/uploads\/DSCF6178-300x198.jpg\" alt=\"Hummerfish DSCF6178\" width=\"300\" height=\"198\" srcset=\"https:\/\/www.villareuter.fi\/wordpress\/wp-content\/uploads\/DSCF6178-300x198.jpg 300w, https:\/\/www.villareuter.fi\/wordpress\/wp-content\/uploads\/DSCF6178-226x150.jpg 226w, https:\/\/www.villareuter.fi\/wordpress\/wp-content\/uploads\/DSCF6178-150x99.jpg 150w, https:\/\/www.villareuter.fi\/wordpress\/wp-content\/uploads\/DSCF6178.jpg 640w\" sizes=\"(max-width: 300px) 100vw, 300px\" \/><\/a>\u00a0\u00a0<a href=\"http:\/\/www.villareuter.fi\/wordpress\/wp-content\/uploads\/180-grader-mov.jpg\"><img loading=\"lazy\" decoding=\"async\" class=\"alignnone size-medium wp-image-195\" src=\"http:\/\/www.villareuter.fi\/wordpress\/wp-content\/uploads\/180-grader-mov-300x238.jpg\" alt=\"Hummerfish 180 grader mov\" width=\"248\" height=\"197\" srcset=\"https:\/\/www.villareuter.fi\/wordpress\/wp-content\/uploads\/180-grader-mov-300x238.jpg 300w, https:\/\/www.villareuter.fi\/wordpress\/wp-content\/uploads\/180-grader-mov-188x150.jpg 188w, https:\/\/www.villareuter.fi\/wordpress\/wp-content\/uploads\/180-grader-mov-150x119.jpg 150w, https:\/\/www.villareuter.fi\/wordpress\/wp-content\/uploads\/180-grader-mov.jpg 320w\" sizes=\"(max-width: 248px) 100vw, 248px\" \/><\/a><a href=\"http:\/\/www.villareuter.fi\/wordpress\/wp-content\/uploads\/180_grader.mov\">180_grader<\/a><\/p>\n<p>Vi har en n\u00e4stan oanv\u00e4nd Hummerfish till salu, kontakta oss ifall ni \u00e4r intresserad.<br \/>\n<!-- index.php -->\n<div\n\tclass=\"ngg-galleryoverview\n\t ngg-ajax-pagination-none\t\"\n\tid=\"ngg-gallery-eaa4fc121162e5368348671b65abdc0d-1\">\n\n\t\t<div class=\"slideshowlink\">\n\t\t<a href='https:\/\/www.villareuter.fi\/wordpress\/batar\/hummerfish\/nggallery\/slideshow?lang=sv'>[Show slideshow]<\/a>\n\t\t\n\t<\/div>\n\t\t\t<!-- Thumbnails -->\n\t\t\t\t<div id=\"ngg-image-0\" class=\"ngg-gallery-thumbnail-box\" \n\t\t\t\t\t\t\t\t\t\t\t>\n\t\t\t\t\t\t<div class=\"ngg-gallery-thumbnail\">\n\t\t\t<a href=\"https:\/\/www.villareuter.fi\/wordpress\/wp-content\/gallery\/seashelter\/128_2855.jpg\"\n\t\t\t\ttitle=\" \"\n\t\t\t\tdata-src=\"https:\/\/www.villareuter.fi\/wordpress\/wp-content\/gallery\/seashelter\/128_2855.jpg\"\n\t\t\t\tdata-thumbnail=\"https:\/\/www.villareuter.fi\/wordpress\/wp-content\/gallery\/seashelter\/thumbs\/thumbs_128_2855.jpg\"\n\t\t\t\tdata-image-id=\"223\"\n\t\t\t\tdata-title=\"128_2855\"\n\t\t\t\tdata-description=\" \"\n\t\t\t\tdata-image-slug=\"128_2855\"\n\t\t\t\tclass=\"ngg-fancybox\" rel=\"eaa4fc121162e5368348671b65abdc0d\">\n\t\t\t\t<img\n\t\t\t\t\ttitle=\"128_2855\"\n\t\t\t\t\talt=\"128_2855\"\n\t\t\t\t\tsrc=\"https:\/\/www.villareuter.fi\/wordpress\/wp-content\/gallery\/seashelter\/thumbs\/thumbs_128_2855.jpg\"\n\t\t\t\t\twidth=\"120\"\n\t\t\t\t\theight=\"90\"\n\t\t\t\t\tstyle=\"max-width:100%;\"\n\t\t\t\t\/>\n\t\t\t<\/a>\n\t\t<\/div>\n\t\t\t\t\t\t\t<\/div> \n\t\t\t\n\t\t\n\t\t\t\t<div id=\"ngg-image-1\" class=\"ngg-gallery-thumbnail-box\" \n\t\t\t\t\t\t\t\t\t\t\t>\n\t\t\t\t\t\t<div class=\"ngg-gallery-thumbnail\">\n\t\t\t<a href=\"https:\/\/www.villareuter.fi\/wordpress\/wp-content\/gallery\/seashelter\/_dsc3338.jpg\"\n\t\t\t\ttitle=\" \"\n\t\t\t\tdata-src=\"https:\/\/www.villareuter.fi\/wordpress\/wp-content\/gallery\/seashelter\/_dsc3338.jpg\"\n\t\t\t\tdata-thumbnail=\"https:\/\/www.villareuter.fi\/wordpress\/wp-content\/gallery\/seashelter\/thumbs\/thumbs__dsc3338.jpg\"\n\t\t\t\tdata-image-id=\"224\"\n\t\t\t\tdata-title=\"_dsc3338\"\n\t\t\t\tdata-description=\" \"\n\t\t\t\tdata-image-slug=\"_dsc3338\"\n\t\t\t\tclass=\"ngg-fancybox\" rel=\"eaa4fc121162e5368348671b65abdc0d\">\n\t\t\t\t<img\n\t\t\t\t\ttitle=\"_dsc3338\"\n\t\t\t\t\talt=\"_dsc3338\"\n\t\t\t\t\tsrc=\"https:\/\/www.villareuter.fi\/wordpress\/wp-content\/gallery\/seashelter\/thumbs\/thumbs__dsc3338.jpg\"\n\t\t\t\t\twidth=\"120\"\n\t\t\t\t\theight=\"90\"\n\t\t\t\t\tstyle=\"max-width:100%;\"\n\t\t\t\t\/>\n\t\t\t<\/a>\n\t\t<\/div>\n\t\t\t\t\t\t\t<\/div> \n\t\t\t\n\t\t\n\t\t\t\t<div id=\"ngg-image-2\" class=\"ngg-gallery-thumbnail-box\" \n\t\t\t\t\t\t\t\t\t\t\t>\n\t\t\t\t\t\t<div class=\"ngg-gallery-thumbnail\">\n\t\t\t<a href=\"https:\/\/www.villareuter.fi\/wordpress\/wp-content\/gallery\/seashelter\/_dsc3345.jpg\"\n\t\t\t\ttitle=\" \"\n\t\t\t\tdata-src=\"https:\/\/www.villareuter.fi\/wordpress\/wp-content\/gallery\/seashelter\/_dsc3345.jpg\"\n\t\t\t\tdata-thumbnail=\"https:\/\/www.villareuter.fi\/wordpress\/wp-content\/gallery\/seashelter\/thumbs\/thumbs__dsc3345.jpg\"\n\t\t\t\tdata-image-id=\"225\"\n\t\t\t\tdata-title=\"_dsc3345\"\n\t\t\t\tdata-description=\" \"\n\t\t\t\tdata-image-slug=\"_dsc3345\"\n\t\t\t\tclass=\"ngg-fancybox\" rel=\"eaa4fc121162e5368348671b65abdc0d\">\n\t\t\t\t<img\n\t\t\t\t\ttitle=\"_dsc3345\"\n\t\t\t\t\talt=\"_dsc3345\"\n\t\t\t\t\tsrc=\"https:\/\/www.villareuter.fi\/wordpress\/wp-content\/gallery\/seashelter\/thumbs\/thumbs__dsc3345.jpg\"\n\t\t\t\t\twidth=\"120\"\n\t\t\t\t\theight=\"90\"\n\t\t\t\t\tstyle=\"max-width:100%;\"\n\t\t\t\t\/>\n\t\t\t<\/a>\n\t\t<\/div>\n\t\t\t\t\t\t\t<\/div> \n\t\t\t\n\t\t\n\t\t\t\t<div id=\"ngg-image-3\" class=\"ngg-gallery-thumbnail-box\" \n\t\t\t\t\t\t\t\t\t\t\t>\n\t\t\t\t\t\t<div class=\"ngg-gallery-thumbnail\">\n\t\t\t<a href=\"https:\/\/www.villareuter.fi\/wordpress\/wp-content\/gallery\/seashelter\/_dsc3362.jpg\"\n\t\t\t\ttitle=\" \"\n\t\t\t\tdata-src=\"https:\/\/www.villareuter.fi\/wordpress\/wp-content\/gallery\/seashelter\/_dsc3362.jpg\"\n\t\t\t\tdata-thumbnail=\"https:\/\/www.villareuter.fi\/wordpress\/wp-content\/gallery\/seashelter\/thumbs\/thumbs__dsc3362.jpg\"\n\t\t\t\tdata-image-id=\"226\"\n\t\t\t\tdata-title=\"_dsc3362\"\n\t\t\t\tdata-description=\" \"\n\t\t\t\tdata-image-slug=\"_dsc3362\"\n\t\t\t\tclass=\"ngg-fancybox\" rel=\"eaa4fc121162e5368348671b65abdc0d\">\n\t\t\t\t<img\n\t\t\t\t\ttitle=\"_dsc3362\"\n\t\t\t\t\talt=\"_dsc3362\"\n\t\t\t\t\tsrc=\"https:\/\/www.villareuter.fi\/wordpress\/wp-content\/gallery\/seashelter\/thumbs\/thumbs__dsc3362.jpg\"\n\t\t\t\t\twidth=\"120\"\n\t\t\t\t\theight=\"90\"\n\t\t\t\t\tstyle=\"max-width:100%;\"\n\t\t\t\t\/>\n\t\t\t<\/a>\n\t\t<\/div>\n\t\t\t\t\t\t\t<\/div> \n\t\t\t\n\t\t\n\t\t\t\t<div id=\"ngg-image-4\" class=\"ngg-gallery-thumbnail-box\" \n\t\t\t\t\t\t\t\t\t\t\t>\n\t\t\t\t\t\t<div class=\"ngg-gallery-thumbnail\">\n\t\t\t<a href=\"https:\/\/www.villareuter.fi\/wordpress\/wp-content\/gallery\/seashelter\/img_3034.jpg\"\n\t\t\t\ttitle=\" \"\n\t\t\t\tdata-src=\"https:\/\/www.villareuter.fi\/wordpress\/wp-content\/gallery\/seashelter\/img_3034.jpg\"\n\t\t\t\tdata-thumbnail=\"https:\/\/www.villareuter.fi\/wordpress\/wp-content\/gallery\/seashelter\/thumbs\/thumbs_img_3034.jpg\"\n\t\t\t\tdata-image-id=\"227\"\n\t\t\t\tdata-title=\"img_3034\"\n\t\t\t\tdata-description=\" \"\n\t\t\t\tdata-image-slug=\"img_3034\"\n\t\t\t\tclass=\"ngg-fancybox\" rel=\"eaa4fc121162e5368348671b65abdc0d\">\n\t\t\t\t<img\n\t\t\t\t\ttitle=\"img_3034\"\n\t\t\t\t\talt=\"img_3034\"\n\t\t\t\t\tsrc=\"https:\/\/www.villareuter.fi\/wordpress\/wp-content\/gallery\/seashelter\/thumbs\/thumbs_img_3034.jpg\"\n\t\t\t\t\twidth=\"120\"\n\t\t\t\t\theight=\"90\"\n\t\t\t\t\tstyle=\"max-width:100%;\"\n\t\t\t\t\/>\n\t\t\t<\/a>\n\t\t<\/div>\n\t\t\t\t\t\t\t<\/div> \n\t\t\t\n\t\t\n\t\t\t\t<div id=\"ngg-image-5\" class=\"ngg-gallery-thumbnail-box\" \n\t\t\t\t\t\t\t\t\t\t\t>\n\t\t\t\t\t\t<div class=\"ngg-gallery-thumbnail\">\n\t\t\t<a href=\"https:\/\/www.villareuter.fi\/wordpress\/wp-content\/gallery\/seashelter\/img_3041.jpg\"\n\t\t\t\ttitle=\" \"\n\t\t\t\tdata-src=\"https:\/\/www.villareuter.fi\/wordpress\/wp-content\/gallery\/seashelter\/img_3041.jpg\"\n\t\t\t\tdata-thumbnail=\"https:\/\/www.villareuter.fi\/wordpress\/wp-content\/gallery\/seashelter\/thumbs\/thumbs_img_3041.jpg\"\n\t\t\t\tdata-image-id=\"228\"\n\t\t\t\tdata-title=\"img_3041\"\n\t\t\t\tdata-description=\" \"\n\t\t\t\tdata-image-slug=\"img_3041\"\n\t\t\t\tclass=\"ngg-fancybox\" rel=\"eaa4fc121162e5368348671b65abdc0d\">\n\t\t\t\t<img\n\t\t\t\t\ttitle=\"img_3041\"\n\t\t\t\t\talt=\"img_3041\"\n\t\t\t\t\tsrc=\"https:\/\/www.villareuter.fi\/wordpress\/wp-content\/gallery\/seashelter\/thumbs\/thumbs_img_3041.jpg\"\n\t\t\t\t\twidth=\"120\"\n\t\t\t\t\theight=\"90\"\n\t\t\t\t\tstyle=\"max-width:100%;\"\n\t\t\t\t\/>\n\t\t\t<\/a>\n\t\t<\/div>\n\t\t\t\t\t\t\t<\/div> \n\t\t\t\n\t\t\n\t\t\t\t<div id=\"ngg-image-6\" class=\"ngg-gallery-thumbnail-box\" \n\t\t\t\t\t\t\t\t\t\t\t>\n\t\t\t\t\t\t<div class=\"ngg-gallery-thumbnail\">\n\t\t\t<a href=\"https:\/\/www.villareuter.fi\/wordpress\/wp-content\/gallery\/seashelter\/img_3047.jpg\"\n\t\t\t\ttitle=\" \"\n\t\t\t\tdata-src=\"https:\/\/www.villareuter.fi\/wordpress\/wp-content\/gallery\/seashelter\/img_3047.jpg\"\n\t\t\t\tdata-thumbnail=\"https:\/\/www.villareuter.fi\/wordpress\/wp-content\/gallery\/seashelter\/thumbs\/thumbs_img_3047.jpg\"\n\t\t\t\tdata-image-id=\"229\"\n\t\t\t\tdata-title=\"img_3047\"\n\t\t\t\tdata-description=\" \"\n\t\t\t\tdata-image-slug=\"img_3047\"\n\t\t\t\tclass=\"ngg-fancybox\" rel=\"eaa4fc121162e5368348671b65abdc0d\">\n\t\t\t\t<img\n\t\t\t\t\ttitle=\"img_3047\"\n\t\t\t\t\talt=\"img_3047\"\n\t\t\t\t\tsrc=\"https:\/\/www.villareuter.fi\/wordpress\/wp-content\/gallery\/seashelter\/thumbs\/thumbs_img_3047.jpg\"\n\t\t\t\t\twidth=\"120\"\n\t\t\t\t\theight=\"90\"\n\t\t\t\t\tstyle=\"max-width:100%;\"\n\t\t\t\t\/>\n\t\t\t<\/a>\n\t\t<\/div>\n\t\t\t\t\t\t\t<\/div> \n\t\t\t\n\t\t\n\t\t\n\t\t<!-- Pagination -->\n\t\t<div class='ngg-clear'><\/div>\t<\/div>\n<\/p>\n","protected":false},"excerpt":{"rendered":"<p>HUMMERFISH B\u00e5tar&#8212;&#8211;Transport&#8212;&#8211;Segling Med v\u00e5r Hummerfish transporterar vi er snabbt och bekv\u00e4mt till sk\u00e4rg\u00e5rdghemmanet p\u00e5 Lempn\u00e4s. Med en marchfart p\u00e5 ca 30knop tar vi er hit p\u00e5 ca 1 timme.\u00a0 B\u00e5ten \u2026 <a class=\"continue-reading-link\" href=\"https:\/\/www.villareuter.fi\/wordpress\/batar\/hummerfish\/?lang=sv\">Lue lis\u00e4\u00e4 <span class=\"meta-nav\">&rarr; <\/span><\/a><\/p>\n","protected":false},"author":1,"featured_media":0,"parent":927,"menu_order":0,"comment_status":"closed","ping_status":"closed","template":"","meta":{"om_disable_all_campaigns":false,"_monsterinsights_skip_tracking":false,"_monsterinsights_sitenote_active":false,"_monsterinsights_sitenote_note":"","_monsterinsights_sitenote_category":0,"_uf_show_specific_survey":0,"_uf_disable_surveys":false,"ngg_post_thumbnail":0,"footnotes":""},"_links":{"self":[{"href":"https:\/\/www.villareuter.fi\/wordpress\/wp-json\/wp\/v2\/pages\/929"}],"collection":[{"href":"https:\/\/www.villareuter.fi\/wordpress\/wp-json\/wp\/v2\/pages"}],"about":[{"href":"https:\/\/www.villareuter.fi\/wordpress\/wp-json\/wp\/v2\/types\/page"}],"author":[{"embeddable":true,"href":"https:\/\/www.villareuter.fi\/wordpress\/wp-json\/wp\/v2\/users\/1"}],"replies":[{"embeddable":true,"href":"https:\/\/www.villareuter.fi\/wordpress\/wp-json\/wp\/v2\/comments?post=929"}],"version-history":[{"count":1,"href":"https:\/\/www.villareuter.fi\/wordpress\/wp-json\/wp\/v2\/pages\/929\/revisions"}],"predecessor-version":[{"id":930,"href":"https:\/\/www.villareuter.fi\/wordpress\/wp-json\/wp\/v2\/pages\/929\/revisions\/930"}],"up":[{"embeddable":true,"href":"https:\/\/www.villareuter.fi\/wordpress\/wp-json\/wp\/v2\/pages\/927"}],"wp:attachment":[{"href":"https:\/\/www.villareuter.fi\/wordpress\/wp-json\/wp\/v2\/media?parent=929"}],"curies":[{"name":"wp","href":"https:\/\/api.w.org\/{rel}","templated":true}]}}