{"id":893,"date":"2016-10-15T16:29:18","date_gmt":"2016-10-15T13:29:18","guid":{"rendered":"http:\/\/www.villareuter.fi\/wordpress\/?page_id=893&#038;lang=sv"},"modified":"2023-05-06T15:04:31","modified_gmt":"2023-05-06T12:04:31","slug":"festutrymme","status":"publish","type":"page","link":"https:\/\/www.villareuter.fi\/wordpress\/festutrymme\/?lang=sv","title":{"rendered":"Villa Reuter"},"content":{"rendered":"<h2>M\u00f6tes och Festutrymme i Sk\u00e4rg\u00e5rden<\/h2>\n<p><a href=\"http:\/\/www.villareuter.fi\/wordpress\/festutrymme\/?lang=sv\/\">Villa Reuter<\/a>&#8212;&#8211;<a href=\"http:\/\/www.villareuter.fi\/wordpress\/festutrymme\/motesutrymme\/?lang=sv\/\">Vintertr\u00e4dg\u00e5rden<\/a>&#8212;&#8211;<a href=\"http:\/\/www.villareuter.fi\/wordpress\/festutrymme\/kellari\/?lang=sv\/\">K\u00e4llare<\/a>&#8212;-<a href=\"http:\/\/www.villareuter.fi\/wordpress\/festutrymme\/festutrymmen-pargas\/?lang=sv\/\">Vardagsrum<\/a>&#8212;&#8211;<a href=\"http:\/\/www.villareuter.fi\/wordpress\/festutrymme\/bastu\/?lang=sv\/\">Bastu<\/a>&#8212;&#8211;<a href=\"http:\/\/www.villareuter.fi\/wordpress\/festutrymme\/venevaja\/?lang=sv\/\">B\u00e5thus<\/a>&#8212;&#8211;<a href=\"http:\/\/www.villareuter.fi\/wordpress\/majoitustila\/?lang=sv\/\">Inkvartering<\/a><br \/>\n<a href=\"http:\/\/www.villareuter.fi\/wordpress\/wp-content\/uploads\/348.jpg\"><img loading=\"lazy\" decoding=\"async\" class=\"alignleft wp-image-656\" src=\"http:\/\/www.villareuter.fi\/wordpress\/wp-content\/uploads\/348.jpg\" alt=\"Festutrymme Juhla ja kokoustilat turun saaristossa 348\" width=\"451\" height=\"677\"><\/a><\/p>\n<h2>Villa Reuter<\/h2>\n<p>Villa Reuter erbjuder ett m\u00e5ngsidigt och natursk\u00f6nt alternativ f\u00f6r fester och m\u00f6ten av alla slag. Vi \u00e4r bel\u00e4gna i sk\u00e4rg\u00e5rden alldeles intill vattnet mindre \u00e4n 1 timmes bilresa fr\u00e5n \u00c5bo.<\/p>\n<p>I v\u00e5r <a href=\"http:\/\/www.villareuter.fi\/wordpress\/festutrymme\/motesutrymme\/?lang=sv\/\">Vintertr\u00e4dg\u00e5rd<\/a> kan vi ta emot upp till 30 g\u00e4ster. Under m\u00f6tet eller festen har ni ocks\u00e5 tillg\u00e5ng till <a href=\"http:\/\/www.villareuter.fi\/wordpress\/festutrymme\/festutrymmen-pargas\/?lang=sv\/\">Vardagsrummet&nbsp;<\/a> och K\u00e4llaren. Utrymmena l\u00e4mpar sig f\u00f6r grupparbeten eller trivsam samvaro.<\/p>\n<h2>Aktiviteter<\/h2>\n<p>Ifall ni vill att vi arrangerar aktiviteter s\u00e5 ordnar vi tex&nbsp; <a href=\"http:\/\/www.villareuter.fi\/wordpress\/aktiviteter\/olkurs\/?lang=sv\/\">\u00d6lkurser<\/a> eller s\u00e5 g\u00f6r vi en Sushim\u00e5ltid tillsammans. Vi ber\u00e4ttar ocks\u00e5 g\u00e4rna om egna erfarenheter av&nbsp; <a href=\"http:\/\/www.villareuter.fi\/wordpress\/aktiviteter\/osttillverkning\/?lang=sv\/\">Ostystning<\/a>&nbsp; medan vi kokar en Havarti, bl\u00e5m\u00f6gelost eller Ricotta.P\u00e5 <a href=\"http:\/\/www.villareuter.fi\/wordpress\/aktiviteter\/chokladkurs\/?lang=sv\/\">Chokladkursen<\/a> tillverkar vi tryfflar, tillr\u00e4kligt f\u00f6r att kunna ta hem en p\u00e5se.<\/p>\n<p>P\u00e5 matkurserna tillreder vi hela m\u00e5ltiden eller delar av den tillsammans. G\u00f6r vi Sushi s\u00e5 finns det alltid n\u00e5got att g\u00f6ra f\u00f6r alla deltagare.<\/p>\n<p>Program vi erbjuder \u00e4r oftast 1-3 timmar l\u00e5nga men kan anpassas enligt \u00f6nskem\u00e5l. \u00d6vriga programnummer \u00e4r bla. Lunchsegling och Fiske. Efter M\u00f6tet\/Programmet kan ni njuta av Bastun och Baljan i lugn och ro och ta er ett dopp i havet oberoende av \u00e5rstid, varefter vi g\u00e4rna severar middagen.<\/p>\n<p>Bes\u00f6k ocks\u00e5 <a href=\"http:\/\/visitpargas.fi\">http:\/\/visitpargas.fi<\/a> och <a href=\"http:\/\/visitturku.fi\">http:\/\/visitturku.fi<\/a> f\u00f6r mer information om omr\u00e5det<\/p>\n<!-- index.php -->\n<div\n\tclass=\"ngg-galleryoverview\n\t ngg-ajax-pagination-none\t\"\n\tid=\"ngg-gallery-0e4858f05282244963c3801ba2157bf7-1\">\n\n\t\t<div class=\"slideshowlink\">\n\t\t<a href='https:\/\/www.villareuter.fi\/wordpress\/festutrymme\/nggallery\/slideshow?lang=sv'>[Show slideshow]<\/a>\n\t\t\n\t<\/div>\n\t\t\t<!-- Thumbnails -->\n\t\t\t\t<div id=\"ngg-image-0\" class=\"ngg-gallery-thumbnail-box\" \n\t\t\t\t\t\t\t\t\t\t\t>\n\t\t\t\t\t\t<div class=\"ngg-gallery-thumbnail\">\n\t\t\t<a href=\"https:\/\/www.villareuter.fi\/wordpress\/wp-content\/gallery\/villa-reuter\/img_4754.jpg\"\n\t\t\t\ttitle=\"Villa Reuter - Laituri\"\n\t\t\t\tdata-src=\"https:\/\/www.villareuter.fi\/wordpress\/wp-content\/gallery\/villa-reuter\/img_4754.jpg\"\n\t\t\t\tdata-thumbnail=\"https:\/\/www.villareuter.fi\/wordpress\/wp-content\/gallery\/villa-reuter\/thumbs\/thumbs_img_4754.jpg\"\n\t\t\t\tdata-image-id=\"269\"\n\t\t\t\tdata-title=\"Laturilla img_4754\"\n\t\t\t\tdata-description=\"Villa Reuter - Laituri\"\n\t\t\t\tdata-image-slug=\"img_4754\"\n\t\t\t\tclass=\"ngg-fancybox\" rel=\"0e4858f05282244963c3801ba2157bf7\">\n\t\t\t\t<img\n\t\t\t\t\ttitle=\"Laturilla img_4754\"\n\t\t\t\t\talt=\"Laturilla img_4754\"\n\t\t\t\t\tsrc=\"https:\/\/www.villareuter.fi\/wordpress\/wp-content\/gallery\/villa-reuter\/thumbs\/thumbs_img_4754.jpg\"\n\t\t\t\t\twidth=\"120\"\n\t\t\t\t\theight=\"90\"\n\t\t\t\t\tstyle=\"max-width:100%;\"\n\t\t\t\t\/>\n\t\t\t<\/a>\n\t\t<\/div>\n\t\t\t\t\t\t\t<\/div> \n\t\t\t\n\t\t\n\t\t\t\t<div id=\"ngg-image-1\" class=\"ngg-gallery-thumbnail-box\" \n\t\t\t\t\t\t\t\t\t\t\t>\n\t\t\t\t\t\t<div class=\"ngg-gallery-thumbnail\">\n\t\t\t<a href=\"https:\/\/www.villareuter.fi\/wordpress\/wp-content\/gallery\/villa-reuter\/img_6262.jpg\"\n\t\t\t\ttitle=\"\"\n\t\t\t\tdata-src=\"https:\/\/www.villareuter.fi\/wordpress\/wp-content\/gallery\/villa-reuter\/img_6262.jpg\"\n\t\t\t\tdata-thumbnail=\"https:\/\/www.villareuter.fi\/wordpress\/wp-content\/gallery\/villa-reuter\/thumbs\/thumbs_img_6262.jpg\"\n\t\t\t\tdata-image-id=\"277\"\n\t\t\t\tdata-title=\"img_6262\"\n\t\t\t\tdata-description=\"\"\n\t\t\t\tdata-image-slug=\"img_6262\"\n\t\t\t\tclass=\"ngg-fancybox\" rel=\"0e4858f05282244963c3801ba2157bf7\">\n\t\t\t\t<img\n\t\t\t\t\ttitle=\"img_6262\"\n\t\t\t\t\talt=\"img_6262\"\n\t\t\t\t\tsrc=\"https:\/\/www.villareuter.fi\/wordpress\/wp-content\/gallery\/villa-reuter\/thumbs\/thumbs_img_6262.jpg\"\n\t\t\t\t\twidth=\"120\"\n\t\t\t\t\theight=\"90\"\n\t\t\t\t\tstyle=\"max-width:100%;\"\n\t\t\t\t\/>\n\t\t\t<\/a>\n\t\t<\/div>\n\t\t\t\t\t\t\t<\/div> \n\t\t\t\n\t\t\n\t\t\t\t<div id=\"ngg-image-2\" class=\"ngg-gallery-thumbnail-box\" \n\t\t\t\t\t\t\t\t\t\t\t>\n\t\t\t\t\t\t<div class=\"ngg-gallery-thumbnail\">\n\t\t\t<a href=\"https:\/\/www.villareuter.fi\/wordpress\/wp-content\/gallery\/villa-reuter\/img_6258.jpg\"\n\t\t\t\ttitle=\"\"\n\t\t\t\tdata-src=\"https:\/\/www.villareuter.fi\/wordpress\/wp-content\/gallery\/villa-reuter\/img_6258.jpg\"\n\t\t\t\tdata-thumbnail=\"https:\/\/www.villareuter.fi\/wordpress\/wp-content\/gallery\/villa-reuter\/thumbs\/thumbs_img_6258.jpg\"\n\t\t\t\tdata-image-id=\"276\"\n\t\t\t\tdata-title=\"img_6258\"\n\t\t\t\tdata-description=\"\"\n\t\t\t\tdata-image-slug=\"img_6258\"\n\t\t\t\tclass=\"ngg-fancybox\" rel=\"0e4858f05282244963c3801ba2157bf7\">\n\t\t\t\t<img\n\t\t\t\t\ttitle=\"img_6258\"\n\t\t\t\t\talt=\"img_6258\"\n\t\t\t\t\tsrc=\"https:\/\/www.villareuter.fi\/wordpress\/wp-content\/gallery\/villa-reuter\/thumbs\/thumbs_img_6258.jpg\"\n\t\t\t\t\twidth=\"120\"\n\t\t\t\t\theight=\"90\"\n\t\t\t\t\tstyle=\"max-width:100%;\"\n\t\t\t\t\/>\n\t\t\t<\/a>\n\t\t<\/div>\n\t\t\t\t\t\t\t<\/div> \n\t\t\t\n\t\t\n\t\t\t\t<div id=\"ngg-image-3\" class=\"ngg-gallery-thumbnail-box\" \n\t\t\t\t\t\t\t\t\t\t\t>\n\t\t\t\t\t\t<div class=\"ngg-gallery-thumbnail\">\n\t\t\t<a href=\"https:\/\/www.villareuter.fi\/wordpress\/wp-content\/gallery\/villa-reuter\/img_6240.jpg\"\n\t\t\t\ttitle=\"\"\n\t\t\t\tdata-src=\"https:\/\/www.villareuter.fi\/wordpress\/wp-content\/gallery\/villa-reuter\/img_6240.jpg\"\n\t\t\t\tdata-thumbnail=\"https:\/\/www.villareuter.fi\/wordpress\/wp-content\/gallery\/villa-reuter\/thumbs\/thumbs_img_6240.jpg\"\n\t\t\t\tdata-image-id=\"275\"\n\t\t\t\tdata-title=\"Villa Reuter img_6240\"\n\t\t\t\tdata-description=\"\"\n\t\t\t\tdata-image-slug=\"img_6240\"\n\t\t\t\tclass=\"ngg-fancybox\" rel=\"0e4858f05282244963c3801ba2157bf7\">\n\t\t\t\t<img\n\t\t\t\t\ttitle=\"Villa Reuter img_6240\"\n\t\t\t\t\talt=\"Villa Reuter img_6240\"\n\t\t\t\t\tsrc=\"https:\/\/www.villareuter.fi\/wordpress\/wp-content\/gallery\/villa-reuter\/thumbs\/thumbs_img_6240.jpg\"\n\t\t\t\t\twidth=\"120\"\n\t\t\t\t\theight=\"90\"\n\t\t\t\t\tstyle=\"max-width:100%;\"\n\t\t\t\t\/>\n\t\t\t<\/a>\n\t\t<\/div>\n\t\t\t\t\t\t\t<\/div> \n\t\t\t\n\t\t\n\t\t\t\t<div id=\"ngg-image-4\" class=\"ngg-gallery-thumbnail-box\" \n\t\t\t\t\t\t\t\t\t\t\t>\n\t\t\t\t\t\t<div class=\"ngg-gallery-thumbnail\">\n\t\t\t<a href=\"https:\/\/www.villareuter.fi\/wordpress\/wp-content\/gallery\/villa-reuter\/img_6228.jpg\"\n\t\t\t\ttitle=\"\"\n\t\t\t\tdata-src=\"https:\/\/www.villareuter.fi\/wordpress\/wp-content\/gallery\/villa-reuter\/img_6228.jpg\"\n\t\t\t\tdata-thumbnail=\"https:\/\/www.villareuter.fi\/wordpress\/wp-content\/gallery\/villa-reuter\/thumbs\/thumbs_img_6228.jpg\"\n\t\t\t\tdata-image-id=\"274\"\n\t\t\t\tdata-title=\"Villa Reuter img_6228\"\n\t\t\t\tdata-description=\"\"\n\t\t\t\tdata-image-slug=\"img_6228\"\n\t\t\t\tclass=\"ngg-fancybox\" rel=\"0e4858f05282244963c3801ba2157bf7\">\n\t\t\t\t<img\n\t\t\t\t\ttitle=\"Villa Reuter img_6228\"\n\t\t\t\t\talt=\"Villa Reuter img_6228\"\n\t\t\t\t\tsrc=\"https:\/\/www.villareuter.fi\/wordpress\/wp-content\/gallery\/villa-reuter\/thumbs\/thumbs_img_6228.jpg\"\n\t\t\t\t\twidth=\"120\"\n\t\t\t\t\theight=\"90\"\n\t\t\t\t\tstyle=\"max-width:100%;\"\n\t\t\t\t\/>\n\t\t\t<\/a>\n\t\t<\/div>\n\t\t\t\t\t\t\t<\/div> \n\t\t\t\n\t\t\n\t\t\t\t<div id=\"ngg-image-5\" class=\"ngg-gallery-thumbnail-box\" \n\t\t\t\t\t\t\t\t\t\t\t>\n\t\t\t\t\t\t<div class=\"ngg-gallery-thumbnail\">\n\t\t\t<a href=\"https:\/\/www.villareuter.fi\/wordpress\/wp-content\/gallery\/villa-reuter\/img_6142.jpg\"\n\t\t\t\ttitle=\"\"\n\t\t\t\tdata-src=\"https:\/\/www.villareuter.fi\/wordpress\/wp-content\/gallery\/villa-reuter\/img_6142.jpg\"\n\t\t\t\tdata-thumbnail=\"https:\/\/www.villareuter.fi\/wordpress\/wp-content\/gallery\/villa-reuter\/thumbs\/thumbs_img_6142.jpg\"\n\t\t\t\tdata-image-id=\"273\"\n\t\t\t\tdata-title=\"img_6142\"\n\t\t\t\tdata-description=\"\"\n\t\t\t\tdata-image-slug=\"img_6142\"\n\t\t\t\tclass=\"ngg-fancybox\" rel=\"0e4858f05282244963c3801ba2157bf7\">\n\t\t\t\t<img\n\t\t\t\t\ttitle=\"img_6142\"\n\t\t\t\t\talt=\"img_6142\"\n\t\t\t\t\tsrc=\"https:\/\/www.villareuter.fi\/wordpress\/wp-content\/gallery\/villa-reuter\/thumbs\/thumbs_img_6142.jpg\"\n\t\t\t\t\twidth=\"120\"\n\t\t\t\t\theight=\"90\"\n\t\t\t\t\tstyle=\"max-width:100%;\"\n\t\t\t\t\/>\n\t\t\t<\/a>\n\t\t<\/div>\n\t\t\t\t\t\t\t<\/div> \n\t\t\t\n\t\t\n\t\t\t\t<div id=\"ngg-image-6\" class=\"ngg-gallery-thumbnail-box\" \n\t\t\t\t\t\t\t\t\t\t\t>\n\t\t\t\t\t\t<div class=\"ngg-gallery-thumbnail\">\n\t\t\t<a href=\"https:\/\/www.villareuter.fi\/wordpress\/wp-content\/gallery\/villa-reuter\/img_6024.jpg\"\n\t\t\t\ttitle=\"\"\n\t\t\t\tdata-src=\"https:\/\/www.villareuter.fi\/wordpress\/wp-content\/gallery\/villa-reuter\/img_6024.jpg\"\n\t\t\t\tdata-thumbnail=\"https:\/\/www.villareuter.fi\/wordpress\/wp-content\/gallery\/villa-reuter\/thumbs\/thumbs_img_6024.jpg\"\n\t\t\t\tdata-image-id=\"272\"\n\t\t\t\tdata-title=\"kokous ja juhlatilat img_6024\"\n\t\t\t\tdata-description=\"\"\n\t\t\t\tdata-image-slug=\"img_6024\"\n\t\t\t\tclass=\"ngg-fancybox\" rel=\"0e4858f05282244963c3801ba2157bf7\">\n\t\t\t\t<img\n\t\t\t\t\ttitle=\"kokous ja juhlatilat img_6024\"\n\t\t\t\t\talt=\"kokous ja juhlatilat img_6024\"\n\t\t\t\t\tsrc=\"https:\/\/www.villareuter.fi\/wordpress\/wp-content\/gallery\/villa-reuter\/thumbs\/thumbs_img_6024.jpg\"\n\t\t\t\t\twidth=\"120\"\n\t\t\t\t\theight=\"90\"\n\t\t\t\t\tstyle=\"max-width:100%;\"\n\t\t\t\t\/>\n\t\t\t<\/a>\n\t\t<\/div>\n\t\t\t\t\t\t\t<\/div> \n\t\t\t\n\t\t\n\t\t\t\t<div id=\"ngg-image-7\" class=\"ngg-gallery-thumbnail-box\" \n\t\t\t\t\t\t\t\t\t\t\t>\n\t\t\t\t\t\t<div class=\"ngg-gallery-thumbnail\">\n\t\t\t<a href=\"https:\/\/www.villareuter.fi\/wordpress\/wp-content\/gallery\/villa-reuter\/img_5879.jpg\"\n\t\t\t\ttitle=\"\"\n\t\t\t\tdata-src=\"https:\/\/www.villareuter.fi\/wordpress\/wp-content\/gallery\/villa-reuter\/img_5879.jpg\"\n\t\t\t\tdata-thumbnail=\"https:\/\/www.villareuter.fi\/wordpress\/wp-content\/gallery\/villa-reuter\/thumbs\/thumbs_img_5879.jpg\"\n\t\t\t\tdata-image-id=\"271\"\n\t\t\t\tdata-title=\"Villa Reuter img_5879\"\n\t\t\t\tdata-description=\"\"\n\t\t\t\tdata-image-slug=\"img_5879\"\n\t\t\t\tclass=\"ngg-fancybox\" rel=\"0e4858f05282244963c3801ba2157bf7\">\n\t\t\t\t<img\n\t\t\t\t\ttitle=\"Villa Reuter img_5879\"\n\t\t\t\t\talt=\"Villa Reuter img_5879\"\n\t\t\t\t\tsrc=\"https:\/\/www.villareuter.fi\/wordpress\/wp-content\/gallery\/villa-reuter\/thumbs\/thumbs_img_5879.jpg\"\n\t\t\t\t\twidth=\"120\"\n\t\t\t\t\theight=\"90\"\n\t\t\t\t\tstyle=\"max-width:100%;\"\n\t\t\t\t\/>\n\t\t\t<\/a>\n\t\t<\/div>\n\t\t\t\t\t\t\t<\/div> \n\t\t\t\n\t\t\n\t\t\t\t<div id=\"ngg-image-8\" class=\"ngg-gallery-thumbnail-box\" \n\t\t\t\t\t\t\t\t\t\t\t>\n\t\t\t\t\t\t<div class=\"ngg-gallery-thumbnail\">\n\t\t\t<a href=\"https:\/\/www.villareuter.fi\/wordpress\/wp-content\/gallery\/villa-reuter\/img_5228-800x600.jpg\"\n\t\t\t\ttitle=\"Talvipuutarhan terassi\"\n\t\t\t\tdata-src=\"https:\/\/www.villareuter.fi\/wordpress\/wp-content\/gallery\/villa-reuter\/img_5228-800x600.jpg\"\n\t\t\t\tdata-thumbnail=\"https:\/\/www.villareuter.fi\/wordpress\/wp-content\/gallery\/villa-reuter\/thumbs\/thumbs_img_5228-800x600.jpg\"\n\t\t\t\tdata-image-id=\"270\"\n\t\t\t\tdata-title=\"Villa Reuter img_5228-800x600\"\n\t\t\t\tdata-description=\"Talvipuutarhan terassi\"\n\t\t\t\tdata-image-slug=\"img_5228-800x600\"\n\t\t\t\tclass=\"ngg-fancybox\" rel=\"0e4858f05282244963c3801ba2157bf7\">\n\t\t\t\t<img\n\t\t\t\t\ttitle=\"Villa Reuter img_5228-800x600\"\n\t\t\t\t\talt=\"Villa Reuter img_5228-800x600\"\n\t\t\t\t\tsrc=\"https:\/\/www.villareuter.fi\/wordpress\/wp-content\/gallery\/villa-reuter\/thumbs\/thumbs_img_5228-800x600.jpg\"\n\t\t\t\t\twidth=\"120\"\n\t\t\t\t\theight=\"90\"\n\t\t\t\t\tstyle=\"max-width:100%;\"\n\t\t\t\t\/>\n\t\t\t<\/a>\n\t\t<\/div>\n\t\t\t\t\t\t\t<\/div> \n\t\t\t\n\t\t\n\t\t\t\t<div id=\"ngg-image-9\" class=\"ngg-gallery-thumbnail-box\" \n\t\t\t\t\t\t\t\t\t\t\t>\n\t\t\t\t\t\t<div class=\"ngg-gallery-thumbnail\">\n\t\t\t<a href=\"https:\/\/www.villareuter.fi\/wordpress\/wp-content\/gallery\/villa-reuter\/051.jpg\"\n\t\t\t\ttitle=\"Juhlat Villa Reuterin Laiturilla\"\n\t\t\t\tdata-src=\"https:\/\/www.villareuter.fi\/wordpress\/wp-content\/gallery\/villa-reuter\/051.jpg\"\n\t\t\t\tdata-thumbnail=\"https:\/\/www.villareuter.fi\/wordpress\/wp-content\/gallery\/villa-reuter\/thumbs\/thumbs_051.jpg\"\n\t\t\t\tdata-image-id=\"261\"\n\t\t\t\tdata-title=\"Juhla laiturilla 051\"\n\t\t\t\tdata-description=\"Juhlat Villa Reuterin Laiturilla\"\n\t\t\t\tdata-image-slug=\"051\"\n\t\t\t\tclass=\"ngg-fancybox\" rel=\"0e4858f05282244963c3801ba2157bf7\">\n\t\t\t\t<img\n\t\t\t\t\ttitle=\"Juhla laiturilla 051\"\n\t\t\t\t\talt=\"Juhla laiturilla 051\"\n\t\t\t\t\tsrc=\"https:\/\/www.villareuter.fi\/wordpress\/wp-content\/gallery\/villa-reuter\/thumbs\/thumbs_051.jpg\"\n\t\t\t\t\twidth=\"120\"\n\t\t\t\t\theight=\"90\"\n\t\t\t\t\tstyle=\"max-width:100%;\"\n\t\t\t\t\/>\n\t\t\t<\/a>\n\t\t<\/div>\n\t\t\t\t\t\t\t<\/div> \n\t\t\t\n\t\t\n\t\t\t\t<div id=\"ngg-image-10\" class=\"ngg-gallery-thumbnail-box\" \n\t\t\t\t\t\t\t\t\t\t\t>\n\t\t\t\t\t\t<div class=\"ngg-gallery-thumbnail\">\n\t\t\t<a href=\"https:\/\/www.villareuter.fi\/wordpress\/wp-content\/gallery\/villa-reuter\/img_4743.jpg\"\n\t\t\t\ttitle=\"Villa Reuter - palju\"\n\t\t\t\tdata-src=\"https:\/\/www.villareuter.fi\/wordpress\/wp-content\/gallery\/villa-reuter\/img_4743.jpg\"\n\t\t\t\tdata-thumbnail=\"https:\/\/www.villareuter.fi\/wordpress\/wp-content\/gallery\/villa-reuter\/thumbs\/thumbs_img_4743.jpg\"\n\t\t\t\tdata-image-id=\"268\"\n\t\t\t\tdata-title=\"Palju img_4743\"\n\t\t\t\tdata-description=\"Villa Reuter - palju\"\n\t\t\t\tdata-image-slug=\"img_4743\"\n\t\t\t\tclass=\"ngg-fancybox\" rel=\"0e4858f05282244963c3801ba2157bf7\">\n\t\t\t\t<img\n\t\t\t\t\ttitle=\"Palju img_4743\"\n\t\t\t\t\talt=\"Palju img_4743\"\n\t\t\t\t\tsrc=\"https:\/\/www.villareuter.fi\/wordpress\/wp-content\/gallery\/villa-reuter\/thumbs\/thumbs_img_4743.jpg\"\n\t\t\t\t\twidth=\"120\"\n\t\t\t\t\theight=\"90\"\n\t\t\t\t\tstyle=\"max-width:100%;\"\n\t\t\t\t\/>\n\t\t\t<\/a>\n\t\t<\/div>\n\t\t\t\t\t\t\t<\/div> \n\t\t\t\n\t\t\n\t\t\t\t<div id=\"ngg-image-11\" class=\"ngg-gallery-thumbnail-box\" \n\t\t\t\t\t\t\t\t\t\t\t>\n\t\t\t\t\t\t<div class=\"ngg-gallery-thumbnail\">\n\t\t\t<a href=\"https:\/\/www.villareuter.fi\/wordpress\/wp-content\/gallery\/villa-reuter\/img_4658.jpg\"\n\t\t\t\ttitle=\"\"\n\t\t\t\tdata-src=\"https:\/\/www.villareuter.fi\/wordpress\/wp-content\/gallery\/villa-reuter\/img_4658.jpg\"\n\t\t\t\tdata-thumbnail=\"https:\/\/www.villareuter.fi\/wordpress\/wp-content\/gallery\/villa-reuter\/thumbs\/thumbs_img_4658.jpg\"\n\t\t\t\tdata-image-id=\"267\"\n\t\t\t\tdata-title=\"Luistelu img_4658\"\n\t\t\t\tdata-description=\"\"\n\t\t\t\tdata-image-slug=\"img_4658\"\n\t\t\t\tclass=\"ngg-fancybox\" rel=\"0e4858f05282244963c3801ba2157bf7\">\n\t\t\t\t<img\n\t\t\t\t\ttitle=\"Luistelu img_4658\"\n\t\t\t\t\talt=\"Luistelu img_4658\"\n\t\t\t\t\tsrc=\"https:\/\/www.villareuter.fi\/wordpress\/wp-content\/gallery\/villa-reuter\/thumbs\/thumbs_img_4658.jpg\"\n\t\t\t\t\twidth=\"120\"\n\t\t\t\t\theight=\"90\"\n\t\t\t\t\tstyle=\"max-width:100%;\"\n\t\t\t\t\/>\n\t\t\t<\/a>\n\t\t<\/div>\n\t\t\t\t\t\t\t<\/div> \n\t\t\t\n\t\t\n\t\t\t\t<div id=\"ngg-image-12\" class=\"ngg-gallery-thumbnail-box\" \n\t\t\t\t\t\t\t\t\t\t\t>\n\t\t\t\t\t\t<div class=\"ngg-gallery-thumbnail\">\n\t\t\t<a href=\"https:\/\/www.villareuter.fi\/wordpress\/wp-content\/gallery\/villa-reuter\/img_4640.jpg\"\n\t\t\t\ttitle=\"\"\n\t\t\t\tdata-src=\"https:\/\/www.villareuter.fi\/wordpress\/wp-content\/gallery\/villa-reuter\/img_4640.jpg\"\n\t\t\t\tdata-thumbnail=\"https:\/\/www.villareuter.fi\/wordpress\/wp-content\/gallery\/villa-reuter\/thumbs\/thumbs_img_4640.jpg\"\n\t\t\t\tdata-image-id=\"266\"\n\t\t\t\tdata-title=\"Leijahiihto img_4640\"\n\t\t\t\tdata-description=\"\"\n\t\t\t\tdata-image-slug=\"img_4640\"\n\t\t\t\tclass=\"ngg-fancybox\" rel=\"0e4858f05282244963c3801ba2157bf7\">\n\t\t\t\t<img\n\t\t\t\t\ttitle=\"Leijahiihto img_4640\"\n\t\t\t\t\talt=\"Leijahiihto img_4640\"\n\t\t\t\t\tsrc=\"https:\/\/www.villareuter.fi\/wordpress\/wp-content\/gallery\/villa-reuter\/thumbs\/thumbs_img_4640.jpg\"\n\t\t\t\t\twidth=\"120\"\n\t\t\t\t\theight=\"90\"\n\t\t\t\t\tstyle=\"max-width:100%;\"\n\t\t\t\t\/>\n\t\t\t<\/a>\n\t\t<\/div>\n\t\t\t\t\t\t\t<\/div> \n\t\t\t\n\t\t\n\t\t\t\t<div id=\"ngg-image-13\" class=\"ngg-gallery-thumbnail-box\" \n\t\t\t\t\t\t\t\t\t\t\t>\n\t\t\t\t\t\t<div class=\"ngg-gallery-thumbnail\">\n\t\t\t<a href=\"https:\/\/www.villareuter.fi\/wordpress\/wp-content\/gallery\/villa-reuter\/img_3516.jpg\"\n\t\t\t\ttitle=\"\"\n\t\t\t\tdata-src=\"https:\/\/www.villareuter.fi\/wordpress\/wp-content\/gallery\/villa-reuter\/img_3516.jpg\"\n\t\t\t\tdata-thumbnail=\"https:\/\/www.villareuter.fi\/wordpress\/wp-content\/gallery\/villa-reuter\/thumbs\/thumbs_img_3516.jpg\"\n\t\t\t\tdata-image-id=\"265\"\n\t\t\t\tdata-title=\"Villa Reuter - laiturilla img_3516\"\n\t\t\t\tdata-description=\"\"\n\t\t\t\tdata-image-slug=\"img_3516\"\n\t\t\t\tclass=\"ngg-fancybox\" rel=\"0e4858f05282244963c3801ba2157bf7\">\n\t\t\t\t<img\n\t\t\t\t\ttitle=\"Villa Reuter - laiturilla img_3516\"\n\t\t\t\t\talt=\"Villa Reuter - laiturilla img_3516\"\n\t\t\t\t\tsrc=\"https:\/\/www.villareuter.fi\/wordpress\/wp-content\/gallery\/villa-reuter\/thumbs\/thumbs_img_3516.jpg\"\n\t\t\t\t\twidth=\"120\"\n\t\t\t\t\theight=\"90\"\n\t\t\t\t\tstyle=\"max-width:100%;\"\n\t\t\t\t\/>\n\t\t\t<\/a>\n\t\t<\/div>\n\t\t\t\t\t\t\t<\/div> \n\t\t\t\n\t\t\n\t\t\t\t<div id=\"ngg-image-14\" class=\"ngg-gallery-thumbnail-box\" \n\t\t\t\t\t\t\t\t\t\t\t>\n\t\t\t\t\t\t<div class=\"ngg-gallery-thumbnail\">\n\t\t\t<a href=\"https:\/\/www.villareuter.fi\/wordpress\/wp-content\/gallery\/villa-reuter\/442.jpg\"\n\t\t\t\ttitle=\"\"\n\t\t\t\tdata-src=\"https:\/\/www.villareuter.fi\/wordpress\/wp-content\/gallery\/villa-reuter\/442.jpg\"\n\t\t\t\tdata-thumbnail=\"https:\/\/www.villareuter.fi\/wordpress\/wp-content\/gallery\/villa-reuter\/thumbs\/thumbs_442.jpg\"\n\t\t\t\tdata-image-id=\"264\"\n\t\t\t\tdata-title=\"Villa Reuter 442\"\n\t\t\t\tdata-description=\"\"\n\t\t\t\tdata-image-slug=\"442\"\n\t\t\t\tclass=\"ngg-fancybox\" rel=\"0e4858f05282244963c3801ba2157bf7\">\n\t\t\t\t<img\n\t\t\t\t\ttitle=\"Villa Reuter 442\"\n\t\t\t\t\talt=\"Villa Reuter 442\"\n\t\t\t\t\tsrc=\"https:\/\/www.villareuter.fi\/wordpress\/wp-content\/gallery\/villa-reuter\/thumbs\/thumbs_442.jpg\"\n\t\t\t\t\twidth=\"120\"\n\t\t\t\t\theight=\"90\"\n\t\t\t\t\tstyle=\"max-width:100%;\"\n\t\t\t\t\/>\n\t\t\t<\/a>\n\t\t<\/div>\n\t\t\t\t\t\t\t<\/div> \n\t\t\t\n\t\t\n\t\t\t\t<div id=\"ngg-image-15\" class=\"ngg-gallery-thumbnail-box\" \n\t\t\t\t\t\t\t\t\t\t\t>\n\t\t\t\t\t\t<div class=\"ngg-gallery-thumbnail\">\n\t\t\t<a href=\"https:\/\/www.villareuter.fi\/wordpress\/wp-content\/gallery\/villa-reuter\/075.jpg\"\n\t\t\t\ttitle=\"Juhlakattaus Villa Reuterin laiturilla\"\n\t\t\t\tdata-src=\"https:\/\/www.villareuter.fi\/wordpress\/wp-content\/gallery\/villa-reuter\/075.jpg\"\n\t\t\t\tdata-thumbnail=\"https:\/\/www.villareuter.fi\/wordpress\/wp-content\/gallery\/villa-reuter\/thumbs\/thumbs_075.jpg\"\n\t\t\t\tdata-image-id=\"263\"\n\t\t\t\tdata-title=\"Juhla Laiturilla 075\"\n\t\t\t\tdata-description=\"Juhlakattaus Villa Reuterin laiturilla\"\n\t\t\t\tdata-image-slug=\"075\"\n\t\t\t\tclass=\"ngg-fancybox\" rel=\"0e4858f05282244963c3801ba2157bf7\">\n\t\t\t\t<img\n\t\t\t\t\ttitle=\"Juhla Laiturilla 075\"\n\t\t\t\t\talt=\"Juhla Laiturilla 075\"\n\t\t\t\t\tsrc=\"https:\/\/www.villareuter.fi\/wordpress\/wp-content\/gallery\/villa-reuter\/thumbs\/thumbs_075.jpg\"\n\t\t\t\t\twidth=\"120\"\n\t\t\t\t\theight=\"90\"\n\t\t\t\t\tstyle=\"max-width:100%;\"\n\t\t\t\t\/>\n\t\t\t<\/a>\n\t\t<\/div>\n\t\t\t\t\t\t\t<\/div> \n\t\t\t\n\t\t\n\t\t\t\t<div id=\"ngg-image-16\" class=\"ngg-gallery-thumbnail-box\" \n\t\t\t\t\t\t\t\t\t\t\t>\n\t\t\t\t\t\t<div class=\"ngg-gallery-thumbnail\">\n\t\t\t<a href=\"https:\/\/www.villareuter.fi\/wordpress\/wp-content\/gallery\/villa-reuter\/072.jpg\"\n\t\t\t\ttitle=\"\"\n\t\t\t\tdata-src=\"https:\/\/www.villareuter.fi\/wordpress\/wp-content\/gallery\/villa-reuter\/072.jpg\"\n\t\t\t\tdata-thumbnail=\"https:\/\/www.villareuter.fi\/wordpress\/wp-content\/gallery\/villa-reuter\/thumbs\/thumbs_072.jpg\"\n\t\t\t\tdata-image-id=\"262\"\n\t\t\t\tdata-title=\"Rantasauna 072\"\n\t\t\t\tdata-description=\"\"\n\t\t\t\tdata-image-slug=\"072-2\"\n\t\t\t\tclass=\"ngg-fancybox\" rel=\"0e4858f05282244963c3801ba2157bf7\">\n\t\t\t\t<img\n\t\t\t\t\ttitle=\"Rantasauna 072\"\n\t\t\t\t\talt=\"Rantasauna 072\"\n\t\t\t\t\tsrc=\"https:\/\/www.villareuter.fi\/wordpress\/wp-content\/gallery\/villa-reuter\/thumbs\/thumbs_072.jpg\"\n\t\t\t\t\twidth=\"120\"\n\t\t\t\t\theight=\"90\"\n\t\t\t\t\tstyle=\"max-width:100%;\"\n\t\t\t\t\/>\n\t\t\t<\/a>\n\t\t<\/div>\n\t\t\t\t\t\t\t<\/div> \n\t\t\t\n\t\t\n\t\t\n\t\t<!-- Pagination -->\n\t\t<div class='ngg-clear'><\/div>\t<\/div>\n\n","protected":false},"excerpt":{"rendered":"<p>M\u00f6tes och Festutrymme i Sk\u00e4rg\u00e5rden Villa Reuter&#8212;&#8211;Vintertr\u00e4dg\u00e5rden&#8212;&#8211;K\u00e4llare&#8212;-Vardagsrum&#8212;&#8211;Bastu&#8212;&#8211;B\u00e5thus&#8212;&#8211;Inkvartering Villa Reuter Villa Reuter erbjuder ett m\u00e5ngsidigt och natursk\u00f6nt alternativ f\u00f6r fester och m\u00f6ten av alla slag. Vi \u00e4r bel\u00e4gna i sk\u00e4rg\u00e5rden alldeles \u2026 <a class=\"continue-reading-link\" href=\"https:\/\/www.villareuter.fi\/wordpress\/festutrymme\/?lang=sv\">Lue lis\u00e4\u00e4 <span class=\"meta-nav\">&rarr; <\/span><\/a><\/p>\n","protected":false},"author":1,"featured_media":0,"parent":0,"menu_order":2,"comment_status":"closed","ping_status":"closed","template":"","meta":{"om_disable_all_campaigns":false,"_monsterinsights_skip_tracking":false,"_monsterinsights_sitenote_active":false,"_monsterinsights_sitenote_note":"","_monsterinsights_sitenote_category":0,"_uf_show_specific_survey":0,"_uf_disable_surveys":false,"ngg_post_thumbnail":0,"footnotes":""},"_links":{"self":[{"href":"https:\/\/www.villareuter.fi\/wordpress\/wp-json\/wp\/v2\/pages\/893"}],"collection":[{"href":"https:\/\/www.villareuter.fi\/wordpress\/wp-json\/wp\/v2\/pages"}],"about":[{"href":"https:\/\/www.villareuter.fi\/wordpress\/wp-json\/wp\/v2\/types\/page"}],"author":[{"embeddable":true,"href":"https:\/\/www.villareuter.fi\/wordpress\/wp-json\/wp\/v2\/users\/1"}],"replies":[{"embeddable":true,"href":"https:\/\/www.villareuter.fi\/wordpress\/wp-json\/wp\/v2\/comments?post=893"}],"version-history":[{"count":6,"href":"https:\/\/www.villareuter.fi\/wordpress\/wp-json\/wp\/v2\/pages\/893\/revisions"}],"predecessor-version":[{"id":1940,"href":"https:\/\/www.villareuter.fi\/wordpress\/wp-json\/wp\/v2\/pages\/893\/revisions\/1940"}],"wp:attachment":[{"href":"https:\/\/www.villareuter.fi\/wordpress\/wp-json\/wp\/v2\/media?parent=893"}],"curies":[{"name":"wp","href":"https:\/\/api.w.org\/{rel}","templated":true}]}}