{"id":856,"date":"2016-10-15T13:34:18","date_gmt":"2016-10-15T10:34:18","guid":{"rendered":"http:\/\/www.villareuter.fi\/wordpress\/?page_id=856&#038;lang=sv"},"modified":"2016-10-15T13:34:18","modified_gmt":"2016-10-15T10:34:18","slug":"chokladkurs","status":"publish","type":"page","link":"https:\/\/www.villareuter.fi\/wordpress\/aktiviteter\/chokladkurs\/?lang=sv","title":{"rendered":"Chokladkurs"},"content":{"rendered":"<p><strong>CHOKLADKURS<\/strong><br \/>\n<a href=\"http:\/\/www.villareuter.fi\/wordpress\/aktiviteter\/?lang=sv\/\">Aktiviteter<\/a>&#8212;&#8211;<a href=\"http:\/\/www.villareuter.fi\/wordpress\/aktiviteter\/osttillverkning\/?lang=sv\/\">Ost<\/a>&#8212;&#8211;<a href=\"http:\/\/www.villareuter.fi\/wordpress\/fiske\/?lang=sv\/\">Fiske<\/a>&#8212;&#8211;<a href=\"http:\/\/www.villareuter.fi\/wordpress\/aktiviteter\/olkurs\/?lang=sv\/\">\u00d6lkurs<\/a>&#8212;&#8211;<a href=\"http:\/\/www.villareuter.fi\/wordpress\/aktiviteter\/chokladkurs\/?lang=sv\/\">Chokladkurs<\/a><\/p>\n<p><a href=\"http:\/\/www.villareuter.fi\/wordpress\/wp-content\/uploads\/324.jpg\"><img loading=\"lazy\" decoding=\"async\" class=\"alignleft size-full wp-image-653\" title=\"Suklaakurssi\" src=\"http:\/\/www.villareuter.fi\/wordpress\/wp-content\/uploads\/324.jpg\" alt=\"Suklaakurssi 324\" width=\"251\" height=\"378\" \/><\/a><\/p>\n<h2>Chokladkurs<\/h2>\n<p>P\u00e5 chokladkursen tillverkar vi tryffel och chokladpraliner. Vi tillverkar s\u00e5 mycket att alla deltagare f\u00e5r ett smakprov med sig hem. Vi g\u00e5r ocks\u00e5 igenom temperering av choklad och smakar p\u00e5 choklad med olika cacaohalt.<br \/>\n<!-- index.php -->\n<div\n\tclass=\"ngg-galleryoverview\n\t ngg-ajax-pagination-none\t\"\n\tid=\"ngg-gallery-40fa0c604b6226ad8b9597e986e6faad-1\">\n\n\t\t<div class=\"slideshowlink\">\n\t\t<a href='https:\/\/www.villareuter.fi\/wordpress\/aktiviteter\/chokladkurs\/nggallery\/slideshow?lang=sv'>[Show slideshow]<\/a>\n\t\t\n\t<\/div>\n\t\t\t<!-- Thumbnails -->\n\t\t\t\t<div id=\"ngg-image-0\" class=\"ngg-gallery-thumbnail-box\" \n\t\t\t\t\t\t\t\t\t\t\t>\n\t\t\t\t\t\t<div class=\"ngg-gallery-thumbnail\">\n\t\t\t<a href=\"https:\/\/www.villareuter.fi\/wordpress\/wp-content\/gallery\/suklaa\/img_6591.jpg\"\n\t\t\t\ttitle=\" \"\n\t\t\t\tdata-src=\"https:\/\/www.villareuter.fi\/wordpress\/wp-content\/gallery\/suklaa\/img_6591.jpg\"\n\t\t\t\tdata-thumbnail=\"https:\/\/www.villareuter.fi\/wordpress\/wp-content\/gallery\/suklaa\/thumbs\/thumbs_img_6591.jpg\"\n\t\t\t\tdata-image-id=\"230\"\n\t\t\t\tdata-title=\"img_6591\"\n\t\t\t\tdata-description=\" \"\n\t\t\t\tdata-image-slug=\"img_6591\"\n\t\t\t\tclass=\"ngg-fancybox\" rel=\"40fa0c604b6226ad8b9597e986e6faad\">\n\t\t\t\t<img\n\t\t\t\t\ttitle=\"img_6591\"\n\t\t\t\t\talt=\"img_6591\"\n\t\t\t\t\tsrc=\"https:\/\/www.villareuter.fi\/wordpress\/wp-content\/gallery\/suklaa\/thumbs\/thumbs_img_6591.jpg\"\n\t\t\t\t\twidth=\"120\"\n\t\t\t\t\theight=\"90\"\n\t\t\t\t\tstyle=\"max-width:100%;\"\n\t\t\t\t\/>\n\t\t\t<\/a>\n\t\t<\/div>\n\t\t\t\t\t\t\t<\/div> \n\t\t\t\n\t\t\n\t\t\t\t<div id=\"ngg-image-1\" class=\"ngg-gallery-thumbnail-box\" \n\t\t\t\t\t\t\t\t\t\t\t>\n\t\t\t\t\t\t<div class=\"ngg-gallery-thumbnail\">\n\t\t\t<a href=\"https:\/\/www.villareuter.fi\/wordpress\/wp-content\/gallery\/suklaa\/img_6592.jpg\"\n\t\t\t\ttitle=\" \"\n\t\t\t\tdata-src=\"https:\/\/www.villareuter.fi\/wordpress\/wp-content\/gallery\/suklaa\/img_6592.jpg\"\n\t\t\t\tdata-thumbnail=\"https:\/\/www.villareuter.fi\/wordpress\/wp-content\/gallery\/suklaa\/thumbs\/thumbs_img_6592.jpg\"\n\t\t\t\tdata-image-id=\"231\"\n\t\t\t\tdata-title=\"img_6592\"\n\t\t\t\tdata-description=\" \"\n\t\t\t\tdata-image-slug=\"img_6592-2\"\n\t\t\t\tclass=\"ngg-fancybox\" rel=\"40fa0c604b6226ad8b9597e986e6faad\">\n\t\t\t\t<img\n\t\t\t\t\ttitle=\"img_6592\"\n\t\t\t\t\talt=\"img_6592\"\n\t\t\t\t\tsrc=\"https:\/\/www.villareuter.fi\/wordpress\/wp-content\/gallery\/suklaa\/thumbs\/thumbs_img_6592.jpg\"\n\t\t\t\t\twidth=\"120\"\n\t\t\t\t\theight=\"90\"\n\t\t\t\t\tstyle=\"max-width:100%;\"\n\t\t\t\t\/>\n\t\t\t<\/a>\n\t\t<\/div>\n\t\t\t\t\t\t\t<\/div> \n\t\t\t\n\t\t\n\t\t\t\t<div id=\"ngg-image-2\" class=\"ngg-gallery-thumbnail-box\" \n\t\t\t\t\t\t\t\t\t\t\t>\n\t\t\t\t\t\t<div class=\"ngg-gallery-thumbnail\">\n\t\t\t<a href=\"https:\/\/www.villareuter.fi\/wordpress\/wp-content\/gallery\/suklaa\/img_6593.jpg\"\n\t\t\t\ttitle=\" \"\n\t\t\t\tdata-src=\"https:\/\/www.villareuter.fi\/wordpress\/wp-content\/gallery\/suklaa\/img_6593.jpg\"\n\t\t\t\tdata-thumbnail=\"https:\/\/www.villareuter.fi\/wordpress\/wp-content\/gallery\/suklaa\/thumbs\/thumbs_img_6593.jpg\"\n\t\t\t\tdata-image-id=\"232\"\n\t\t\t\tdata-title=\"img_6593\"\n\t\t\t\tdata-description=\" \"\n\t\t\t\tdata-image-slug=\"img_6593-2\"\n\t\t\t\tclass=\"ngg-fancybox\" rel=\"40fa0c604b6226ad8b9597e986e6faad\">\n\t\t\t\t<img\n\t\t\t\t\ttitle=\"img_6593\"\n\t\t\t\t\talt=\"img_6593\"\n\t\t\t\t\tsrc=\"https:\/\/www.villareuter.fi\/wordpress\/wp-content\/gallery\/suklaa\/thumbs\/thumbs_img_6593.jpg\"\n\t\t\t\t\twidth=\"120\"\n\t\t\t\t\theight=\"90\"\n\t\t\t\t\tstyle=\"max-width:100%;\"\n\t\t\t\t\/>\n\t\t\t<\/a>\n\t\t<\/div>\n\t\t\t\t\t\t\t<\/div> \n\t\t\t\n\t\t\n\t\t\t\t<div id=\"ngg-image-3\" class=\"ngg-gallery-thumbnail-box\" \n\t\t\t\t\t\t\t\t\t\t\t>\n\t\t\t\t\t\t<div class=\"ngg-gallery-thumbnail\">\n\t\t\t<a href=\"https:\/\/www.villareuter.fi\/wordpress\/wp-content\/gallery\/suklaa\/img_6594.jpg\"\n\t\t\t\ttitle=\" \"\n\t\t\t\tdata-src=\"https:\/\/www.villareuter.fi\/wordpress\/wp-content\/gallery\/suklaa\/img_6594.jpg\"\n\t\t\t\tdata-thumbnail=\"https:\/\/www.villareuter.fi\/wordpress\/wp-content\/gallery\/suklaa\/thumbs\/thumbs_img_6594.jpg\"\n\t\t\t\tdata-image-id=\"233\"\n\t\t\t\tdata-title=\"img_6594\"\n\t\t\t\tdata-description=\" \"\n\t\t\t\tdata-image-slug=\"img_6594-2\"\n\t\t\t\tclass=\"ngg-fancybox\" rel=\"40fa0c604b6226ad8b9597e986e6faad\">\n\t\t\t\t<img\n\t\t\t\t\ttitle=\"img_6594\"\n\t\t\t\t\talt=\"img_6594\"\n\t\t\t\t\tsrc=\"https:\/\/www.villareuter.fi\/wordpress\/wp-content\/gallery\/suklaa\/thumbs\/thumbs_img_6594.jpg\"\n\t\t\t\t\twidth=\"120\"\n\t\t\t\t\theight=\"90\"\n\t\t\t\t\tstyle=\"max-width:100%;\"\n\t\t\t\t\/>\n\t\t\t<\/a>\n\t\t<\/div>\n\t\t\t\t\t\t\t<\/div> \n\t\t\t\n\t\t\n\t\t\t\t<div id=\"ngg-image-4\" class=\"ngg-gallery-thumbnail-box\" \n\t\t\t\t\t\t\t\t\t\t\t>\n\t\t\t\t\t\t<div class=\"ngg-gallery-thumbnail\">\n\t\t\t<a href=\"https:\/\/www.villareuter.fi\/wordpress\/wp-content\/gallery\/suklaa\/img_6598.jpg\"\n\t\t\t\ttitle=\" \"\n\t\t\t\tdata-src=\"https:\/\/www.villareuter.fi\/wordpress\/wp-content\/gallery\/suklaa\/img_6598.jpg\"\n\t\t\t\tdata-thumbnail=\"https:\/\/www.villareuter.fi\/wordpress\/wp-content\/gallery\/suklaa\/thumbs\/thumbs_img_6598.jpg\"\n\t\t\t\tdata-image-id=\"234\"\n\t\t\t\tdata-title=\"img_6598\"\n\t\t\t\tdata-description=\" \"\n\t\t\t\tdata-image-slug=\"img_6598\"\n\t\t\t\tclass=\"ngg-fancybox\" rel=\"40fa0c604b6226ad8b9597e986e6faad\">\n\t\t\t\t<img\n\t\t\t\t\ttitle=\"img_6598\"\n\t\t\t\t\talt=\"img_6598\"\n\t\t\t\t\tsrc=\"https:\/\/www.villareuter.fi\/wordpress\/wp-content\/gallery\/suklaa\/thumbs\/thumbs_img_6598.jpg\"\n\t\t\t\t\twidth=\"120\"\n\t\t\t\t\theight=\"90\"\n\t\t\t\t\tstyle=\"max-width:100%;\"\n\t\t\t\t\/>\n\t\t\t<\/a>\n\t\t<\/div>\n\t\t\t\t\t\t\t<\/div> \n\t\t\t\n\t\t\n\t\t\t\t<div id=\"ngg-image-5\" class=\"ngg-gallery-thumbnail-box\" \n\t\t\t\t\t\t\t\t\t\t\t>\n\t\t\t\t\t\t<div class=\"ngg-gallery-thumbnail\">\n\t\t\t<a href=\"https:\/\/www.villareuter.fi\/wordpress\/wp-content\/gallery\/suklaa\/img_6600.jpg\"\n\t\t\t\ttitle=\" \"\n\t\t\t\tdata-src=\"https:\/\/www.villareuter.fi\/wordpress\/wp-content\/gallery\/suklaa\/img_6600.jpg\"\n\t\t\t\tdata-thumbnail=\"https:\/\/www.villareuter.fi\/wordpress\/wp-content\/gallery\/suklaa\/thumbs\/thumbs_img_6600.jpg\"\n\t\t\t\tdata-image-id=\"235\"\n\t\t\t\tdata-title=\"img_6600\"\n\t\t\t\tdata-description=\" \"\n\t\t\t\tdata-image-slug=\"img_6600-2\"\n\t\t\t\tclass=\"ngg-fancybox\" rel=\"40fa0c604b6226ad8b9597e986e6faad\">\n\t\t\t\t<img\n\t\t\t\t\ttitle=\"img_6600\"\n\t\t\t\t\talt=\"img_6600\"\n\t\t\t\t\tsrc=\"https:\/\/www.villareuter.fi\/wordpress\/wp-content\/gallery\/suklaa\/thumbs\/thumbs_img_6600.jpg\"\n\t\t\t\t\twidth=\"120\"\n\t\t\t\t\theight=\"90\"\n\t\t\t\t\tstyle=\"max-width:100%;\"\n\t\t\t\t\/>\n\t\t\t<\/a>\n\t\t<\/div>\n\t\t\t\t\t\t\t<\/div> \n\t\t\t\n\t\t\n\t\t\t\t<div id=\"ngg-image-6\" class=\"ngg-gallery-thumbnail-box\" \n\t\t\t\t\t\t\t\t\t\t\t>\n\t\t\t\t\t\t<div class=\"ngg-gallery-thumbnail\">\n\t\t\t<a href=\"https:\/\/www.villareuter.fi\/wordpress\/wp-content\/gallery\/suklaa\/img_6602.jpg\"\n\t\t\t\ttitle=\" \"\n\t\t\t\tdata-src=\"https:\/\/www.villareuter.fi\/wordpress\/wp-content\/gallery\/suklaa\/img_6602.jpg\"\n\t\t\t\tdata-thumbnail=\"https:\/\/www.villareuter.fi\/wordpress\/wp-content\/gallery\/suklaa\/thumbs\/thumbs_img_6602.jpg\"\n\t\t\t\tdata-image-id=\"236\"\n\t\t\t\tdata-title=\"img_6602\"\n\t\t\t\tdata-description=\" \"\n\t\t\t\tdata-image-slug=\"img_6602\"\n\t\t\t\tclass=\"ngg-fancybox\" rel=\"40fa0c604b6226ad8b9597e986e6faad\">\n\t\t\t\t<img\n\t\t\t\t\ttitle=\"img_6602\"\n\t\t\t\t\talt=\"img_6602\"\n\t\t\t\t\tsrc=\"https:\/\/www.villareuter.fi\/wordpress\/wp-content\/gallery\/suklaa\/thumbs\/thumbs_img_6602.jpg\"\n\t\t\t\t\twidth=\"120\"\n\t\t\t\t\theight=\"90\"\n\t\t\t\t\tstyle=\"max-width:100%;\"\n\t\t\t\t\/>\n\t\t\t<\/a>\n\t\t<\/div>\n\t\t\t\t\t\t\t<\/div> \n\t\t\t\n\t\t\n\t\t\n\t\t<!-- Pagination -->\n\t\t<div class='ngg-clear'><\/div>\t<\/div>\n<\/p>\n","protected":false},"excerpt":{"rendered":"<p>CHOKLADKURS Aktiviteter&#8212;&#8211;Ost&#8212;&#8211;Fiske&#8212;&#8211;\u00d6lkurs&#8212;&#8211;Chokladkurs Chokladkurs P\u00e5 chokladkursen tillverkar vi tryffel och chokladpraliner. Vi tillverkar s\u00e5 mycket att alla deltagare f\u00e5r ett smakprov med sig hem. Vi g\u00e5r ocks\u00e5 igenom temperering av choklad \u2026 <a class=\"continue-reading-link\" href=\"https:\/\/www.villareuter.fi\/wordpress\/aktiviteter\/chokladkurs\/?lang=sv\">Lue lis\u00e4\u00e4 <span class=\"meta-nav\">&rarr; <\/span><\/a><\/p>\n","protected":false},"author":1,"featured_media":0,"parent":845,"menu_order":0,"comment_status":"closed","ping_status":"closed","template":"","meta":{"om_disable_all_campaigns":false,"_monsterinsights_skip_tracking":false,"_monsterinsights_sitenote_active":false,"_monsterinsights_sitenote_note":"","_monsterinsights_sitenote_category":0,"_uf_show_specific_survey":0,"_uf_disable_surveys":false,"ngg_post_thumbnail":0,"footnotes":""},"_links":{"self":[{"href":"https:\/\/www.villareuter.fi\/wordpress\/wp-json\/wp\/v2\/pages\/856"}],"collection":[{"href":"https:\/\/www.villareuter.fi\/wordpress\/wp-json\/wp\/v2\/pages"}],"about":[{"href":"https:\/\/www.villareuter.fi\/wordpress\/wp-json\/wp\/v2\/types\/page"}],"author":[{"embeddable":true,"href":"https:\/\/www.villareuter.fi\/wordpress\/wp-json\/wp\/v2\/users\/1"}],"replies":[{"embeddable":true,"href":"https:\/\/www.villareuter.fi\/wordpress\/wp-json\/wp\/v2\/comments?post=856"}],"version-history":[{"count":1,"href":"https:\/\/www.villareuter.fi\/wordpress\/wp-json\/wp\/v2\/pages\/856\/revisions"}],"predecessor-version":[{"id":857,"href":"https:\/\/www.villareuter.fi\/wordpress\/wp-json\/wp\/v2\/pages\/856\/revisions\/857"}],"up":[{"embeddable":true,"href":"https:\/\/www.villareuter.fi\/wordpress\/wp-json\/wp\/v2\/pages\/845"}],"wp:attachment":[{"href":"https:\/\/www.villareuter.fi\/wordpress\/wp-json\/wp\/v2\/media?parent=856"}],"curies":[{"name":"wp","href":"https:\/\/api.w.org\/{rel}","templated":true}]}}