{"id":845,"date":"2016-10-15T12:34:03","date_gmt":"2016-10-15T09:34:03","guid":{"rendered":"http:\/\/www.villareuter.fi\/wordpress\/?page_id=845&#038;lang=sv"},"modified":"2022-12-22T11:34:29","modified_gmt":"2022-12-22T09:34:29","slug":"aktiviteter","status":"publish","type":"page","link":"https:\/\/www.villareuter.fi\/wordpress\/aktiviteter\/?lang=sv","title":{"rendered":"Aktiviteter"},"content":{"rendered":"<p><a href=\"http:\/\/www.villareuter.fi\/wordpress\/aktiviteter\/?lang=sv\/\">Aktiviteter<\/a>&#8212;&#8211;<a href=\"http:\/\/www.villareuter.fi\/wordpress\/aktiviteter\/osttillverkning\/?lang=sv\/\">Ost<\/a>&#8212;&#8211;<a href=\"http:\/\/www.villareuter.fi\/wordpress\/fiske\/?lang=sv\/\">Fiske<\/a>&#8212;&#8211;<a href=\"http:\/\/www.villareuter.fi\/wordpress\/aktiviteter\/olkurs\/?lang=sv\/\">\u00d6lkurs<\/a>&#8212;&#8211;<a href=\"http:\/\/www.villareuter.fi\/wordpress\/aktiviteter\/chokladkurs\/?lang=sv\/\">Chokladkurs<\/a><\/p>\n<h2>Aktiviteter<\/h2>\n<p>Under sommarhalv\u00e5ret tar vi ut er grupp p\u00e5 lunchseglingar under 1-3 timmar, ocks\u00e5 l\u00e4ngre seglatser kan ordnas. Om vintern \u00e4r kall med p\u00e5litliga isar kan ni \u00f6va kiteflygning p\u00e5 isen med skridskor eller skidor, \u00f6vningskite och str\u00f6rre kite finns att hyra. Bastun och baljan v\u00e4rms enligt \u00f6nskem\u00e5l och vaken \u00e4r fri att simma i<\/p>\n<p>Vill ni g\u00f6ra mat tillsammans hj\u00e4lper vi g\u00e4rna med tex att tillreda ett m\u00e5l sushi eller rulla chokladtryffel till efterr\u00e4tt. Vi h\u00e5ller kurser i \u00f6lbryggning och delar med oss av v\u00e5ra erfarenheter av osttillverkning.<\/p>\n<p>Vi ordnar med fiske antingen vid Villa Reuter eller p\u00e5 v\u00e5rt sk\u00e4rg\u00e5rdshemman men ocks\u00e5 svamp- och b\u00e4rplockning \u00e4r alternativ.<\/p>\n<div style=\"width: 469px\" class=\"wp-caption alignleft\"><img loading=\"lazy\" decoding=\"async\" class=\" \" title=\"Purjehdus\" src=\"http:\/\/villareuter.fi\/wordpress\/wp-content\/uploads\/169_6912-800x600.jpg\" alt=\"Palvelut : Charterpurjehdus\" width=\"459\" height=\"364\" \/><p class=\"wp-caption-text\">Lunchsegling p\u00e5 Airisto<\/p><\/div>\n<!-- index.php -->\n<div\n\tclass=\"ngg-galleryoverview\n\t ngg-ajax-pagination-none\t\"\n\tid=\"ngg-gallery-bc655b0ea1f73b4d33dca2a1607bd961-1\">\n\n\t\t<div class=\"slideshowlink\">\n\t\t<a href='https:\/\/www.villareuter.fi\/wordpress\/aktiviteter\/nggallery\/slideshow?lang=sv'>[Show slideshow]<\/a>\n\t\t\n\t<\/div>\n\t\t\t<!-- Thumbnails -->\n\t\t\t\t<div id=\"ngg-image-0\" class=\"ngg-gallery-thumbnail-box\" \n\t\t\t\t\t\t\t\t\t\t\t>\n\t\t\t\t\t\t<div class=\"ngg-gallery-thumbnail\">\n\t\t\t<a href=\"https:\/\/www.villareuter.fi\/wordpress\/wp-content\/gallery\/palvelut\/img_6593.jpg\"\n\t\t\t\ttitle=\"Suklaan temperointi\"\n\t\t\t\tdata-src=\"https:\/\/www.villareuter.fi\/wordpress\/wp-content\/gallery\/palvelut\/img_6593.jpg\"\n\t\t\t\tdata-thumbnail=\"https:\/\/www.villareuter.fi\/wordpress\/wp-content\/gallery\/palvelut\/thumbs\/thumbs_img_6593.jpg\"\n\t\t\t\tdata-image-id=\"189\"\n\t\t\t\tdata-title=\"Suklaakurssi img_6593\"\n\t\t\t\tdata-description=\"Suklaan temperointi\"\n\t\t\t\tdata-image-slug=\"img_6593\"\n\t\t\t\tclass=\"ngg-fancybox\" rel=\"bc655b0ea1f73b4d33dca2a1607bd961\">\n\t\t\t\t<img\n\t\t\t\t\ttitle=\"Suklaakurssi img_6593\"\n\t\t\t\t\talt=\"Suklaakurssi img_6593\"\n\t\t\t\t\tsrc=\"https:\/\/www.villareuter.fi\/wordpress\/wp-content\/gallery\/palvelut\/thumbs\/thumbs_img_6593.jpg\"\n\t\t\t\t\twidth=\"120\"\n\t\t\t\t\theight=\"90\"\n\t\t\t\t\tstyle=\"max-width:100%;\"\n\t\t\t\t\/>\n\t\t\t<\/a>\n\t\t<\/div>\n\t\t\t\t\t\t\t<\/div> \n\t\t\t\n\t\t\n\t\t\t\t<div id=\"ngg-image-1\" class=\"ngg-gallery-thumbnail-box\" \n\t\t\t\t\t\t\t\t\t\t\t>\n\t\t\t\t\t\t<div class=\"ngg-gallery-thumbnail\">\n\t\t\t<a href=\"https:\/\/www.villareuter.fi\/wordpress\/wp-content\/gallery\/palvelut\/IMG_0319.jpg\"\n\t\t\t\ttitle=\"Sushi\"\n\t\t\t\tdata-src=\"https:\/\/www.villareuter.fi\/wordpress\/wp-content\/gallery\/palvelut\/IMG_0319.jpg\"\n\t\t\t\tdata-thumbnail=\"https:\/\/www.villareuter.fi\/wordpress\/wp-content\/gallery\/palvelut\/thumbs\/thumbs_IMG_0319.jpg\"\n\t\t\t\tdata-image-id=\"290\"\n\t\t\t\tdata-title=\"Sushi_0319\"\n\t\t\t\tdata-description=\"Sushi\"\n\t\t\t\tdata-image-slug=\"img_0319\"\n\t\t\t\tclass=\"ngg-fancybox\" rel=\"bc655b0ea1f73b4d33dca2a1607bd961\">\n\t\t\t\t<img\n\t\t\t\t\ttitle=\"Sushi_0319\"\n\t\t\t\t\talt=\"Sushi_0319\"\n\t\t\t\t\tsrc=\"https:\/\/www.villareuter.fi\/wordpress\/wp-content\/gallery\/palvelut\/thumbs\/thumbs_IMG_0319.jpg\"\n\t\t\t\t\twidth=\"120\"\n\t\t\t\t\theight=\"90\"\n\t\t\t\t\tstyle=\"max-width:100%;\"\n\t\t\t\t\/>\n\t\t\t<\/a>\n\t\t<\/div>\n\t\t\t\t\t\t\t<\/div> \n\t\t\t\n\t\t\n\t\t\t\t<div id=\"ngg-image-2\" class=\"ngg-gallery-thumbnail-box\" \n\t\t\t\t\t\t\t\t\t\t\t>\n\t\t\t\t\t\t<div class=\"ngg-gallery-thumbnail\">\n\t\t\t<a href=\"https:\/\/www.villareuter.fi\/wordpress\/wp-content\/gallery\/palvelut\/IMG_0332.jpg\"\n\t\t\t\ttitle=\"Sushikurssi\"\n\t\t\t\tdata-src=\"https:\/\/www.villareuter.fi\/wordpress\/wp-content\/gallery\/palvelut\/IMG_0332.jpg\"\n\t\t\t\tdata-thumbnail=\"https:\/\/www.villareuter.fi\/wordpress\/wp-content\/gallery\/palvelut\/thumbs\/thumbs_IMG_0332.jpg\"\n\t\t\t\tdata-image-id=\"289\"\n\t\t\t\tdata-title=\"Sushikurssi\"\n\t\t\t\tdata-description=\"Sushikurssi\"\n\t\t\t\tdata-image-slug=\"img_0332\"\n\t\t\t\tclass=\"ngg-fancybox\" rel=\"bc655b0ea1f73b4d33dca2a1607bd961\">\n\t\t\t\t<img\n\t\t\t\t\ttitle=\"Sushikurssi\"\n\t\t\t\t\talt=\"Sushikurssi\"\n\t\t\t\t\tsrc=\"https:\/\/www.villareuter.fi\/wordpress\/wp-content\/gallery\/palvelut\/thumbs\/thumbs_IMG_0332.jpg\"\n\t\t\t\t\twidth=\"120\"\n\t\t\t\t\theight=\"90\"\n\t\t\t\t\tstyle=\"max-width:100%;\"\n\t\t\t\t\/>\n\t\t\t<\/a>\n\t\t<\/div>\n\t\t\t\t\t\t\t<\/div> \n\t\t\t\n\t\t\n\t\t\t\t<div id=\"ngg-image-3\" class=\"ngg-gallery-thumbnail-box\" \n\t\t\t\t\t\t\t\t\t\t\t>\n\t\t\t\t\t\t<div class=\"ngg-gallery-thumbnail\">\n\t\t\t<a href=\"https:\/\/www.villareuter.fi\/wordpress\/wp-content\/gallery\/palvelut\/img_4640.jpg\"\n\t\t\t\ttitle=\"Leijahiihto\"\n\t\t\t\tdata-src=\"https:\/\/www.villareuter.fi\/wordpress\/wp-content\/gallery\/palvelut\/img_4640.jpg\"\n\t\t\t\tdata-thumbnail=\"https:\/\/www.villareuter.fi\/wordpress\/wp-content\/gallery\/palvelut\/thumbs\/thumbs_img_4640.jpg\"\n\t\t\t\tdata-image-id=\"279\"\n\t\t\t\tdata-title=\"Leijahiihto img_4640\"\n\t\t\t\tdata-description=\"Leijahiihto\"\n\t\t\t\tdata-image-slug=\"img_4640-2\"\n\t\t\t\tclass=\"ngg-fancybox\" rel=\"bc655b0ea1f73b4d33dca2a1607bd961\">\n\t\t\t\t<img\n\t\t\t\t\ttitle=\"Leijahiihto img_4640\"\n\t\t\t\t\talt=\"Leijahiihto img_4640\"\n\t\t\t\t\tsrc=\"https:\/\/www.villareuter.fi\/wordpress\/wp-content\/gallery\/palvelut\/thumbs\/thumbs_img_4640.jpg\"\n\t\t\t\t\twidth=\"120\"\n\t\t\t\t\theight=\"90\"\n\t\t\t\t\tstyle=\"max-width:100%;\"\n\t\t\t\t\/>\n\t\t\t<\/a>\n\t\t<\/div>\n\t\t\t\t\t\t\t<\/div> \n\t\t\t\n\t\t\n\t\t\t\t<div id=\"ngg-image-4\" class=\"ngg-gallery-thumbnail-box\" \n\t\t\t\t\t\t\t\t\t\t\t>\n\t\t\t\t\t\t<div class=\"ngg-gallery-thumbnail\">\n\t\t\t<a href=\"https:\/\/www.villareuter.fi\/wordpress\/wp-content\/gallery\/palvelut\/img_6642.jpg\"\n\t\t\t\ttitle=\"Leip\u00e4juusto\"\n\t\t\t\tdata-src=\"https:\/\/www.villareuter.fi\/wordpress\/wp-content\/gallery\/palvelut\/img_6642.jpg\"\n\t\t\t\tdata-thumbnail=\"https:\/\/www.villareuter.fi\/wordpress\/wp-content\/gallery\/palvelut\/thumbs\/thumbs_img_6642.jpg\"\n\t\t\t\tdata-image-id=\"194\"\n\t\t\t\tdata-title=\"Juustokurssi img_6642\"\n\t\t\t\tdata-description=\"Leip\u00e4juusto\"\n\t\t\t\tdata-image-slug=\"img_6642\"\n\t\t\t\tclass=\"ngg-fancybox\" rel=\"bc655b0ea1f73b4d33dca2a1607bd961\">\n\t\t\t\t<img\n\t\t\t\t\ttitle=\"Juustokurssi img_6642\"\n\t\t\t\t\talt=\"Juustokurssi img_6642\"\n\t\t\t\t\tsrc=\"https:\/\/www.villareuter.fi\/wordpress\/wp-content\/gallery\/palvelut\/thumbs\/thumbs_img_6642.jpg\"\n\t\t\t\t\twidth=\"120\"\n\t\t\t\t\theight=\"90\"\n\t\t\t\t\tstyle=\"max-width:100%;\"\n\t\t\t\t\/>\n\t\t\t<\/a>\n\t\t<\/div>\n\t\t\t\t\t\t\t<\/div> \n\t\t\t\n\t\t\n\t\t\t\t<div id=\"ngg-image-5\" class=\"ngg-gallery-thumbnail-box\" \n\t\t\t\t\t\t\t\t\t\t\t>\n\t\t\t\t\t\t<div class=\"ngg-gallery-thumbnail\">\n\t\t\t<a href=\"https:\/\/www.villareuter.fi\/wordpress\/wp-content\/gallery\/palvelut\/img_6633.jpg\"\n\t\t\t\ttitle=\"Juusto otettu muotista\"\n\t\t\t\tdata-src=\"https:\/\/www.villareuter.fi\/wordpress\/wp-content\/gallery\/palvelut\/img_6633.jpg\"\n\t\t\t\tdata-thumbnail=\"https:\/\/www.villareuter.fi\/wordpress\/wp-content\/gallery\/palvelut\/thumbs\/thumbs_img_6633.jpg\"\n\t\t\t\tdata-image-id=\"193\"\n\t\t\t\tdata-title=\"Juustokurssi img_6633\"\n\t\t\t\tdata-description=\"Juusto otettu muotista\"\n\t\t\t\tdata-image-slug=\"img_6633\"\n\t\t\t\tclass=\"ngg-fancybox\" rel=\"bc655b0ea1f73b4d33dca2a1607bd961\">\n\t\t\t\t<img\n\t\t\t\t\ttitle=\"Juustokurssi img_6633\"\n\t\t\t\t\talt=\"Juustokurssi img_6633\"\n\t\t\t\t\tsrc=\"https:\/\/www.villareuter.fi\/wordpress\/wp-content\/gallery\/palvelut\/thumbs\/thumbs_img_6633.jpg\"\n\t\t\t\t\twidth=\"120\"\n\t\t\t\t\theight=\"90\"\n\t\t\t\t\tstyle=\"max-width:100%;\"\n\t\t\t\t\/>\n\t\t\t<\/a>\n\t\t<\/div>\n\t\t\t\t\t\t\t<\/div> \n\t\t\t\n\t\t\n\t\t\t\t<div id=\"ngg-image-6\" class=\"ngg-gallery-thumbnail-box\" \n\t\t\t\t\t\t\t\t\t\t\t>\n\t\t\t\t\t\t<div class=\"ngg-gallery-thumbnail\">\n\t\t\t<a href=\"https:\/\/www.villareuter.fi\/wordpress\/wp-content\/gallery\/palvelut\/img_6610.jpg\"\n\t\t\t\ttitle=\"Juuston valmistus\"\n\t\t\t\tdata-src=\"https:\/\/www.villareuter.fi\/wordpress\/wp-content\/gallery\/palvelut\/img_6610.jpg\"\n\t\t\t\tdata-thumbnail=\"https:\/\/www.villareuter.fi\/wordpress\/wp-content\/gallery\/palvelut\/thumbs\/thumbs_img_6610.jpg\"\n\t\t\t\tdata-image-id=\"192\"\n\t\t\t\tdata-title=\"Juustokurssi img_6610\"\n\t\t\t\tdata-description=\"Juuston valmistus\"\n\t\t\t\tdata-image-slug=\"img_6610\"\n\t\t\t\tclass=\"ngg-fancybox\" rel=\"bc655b0ea1f73b4d33dca2a1607bd961\">\n\t\t\t\t<img\n\t\t\t\t\ttitle=\"Juustokurssi img_6610\"\n\t\t\t\t\talt=\"Juustokurssi img_6610\"\n\t\t\t\t\tsrc=\"https:\/\/www.villareuter.fi\/wordpress\/wp-content\/gallery\/palvelut\/thumbs\/thumbs_img_6610.jpg\"\n\t\t\t\t\twidth=\"120\"\n\t\t\t\t\theight=\"90\"\n\t\t\t\t\tstyle=\"max-width:100%;\"\n\t\t\t\t\/>\n\t\t\t<\/a>\n\t\t<\/div>\n\t\t\t\t\t\t\t<\/div> \n\t\t\t\n\t\t\n\t\t\t\t<div id=\"ngg-image-7\" class=\"ngg-gallery-thumbnail-box\" \n\t\t\t\t\t\t\t\t\t\t\t>\n\t\t\t\t\t\t<div class=\"ngg-gallery-thumbnail\">\n\t\t\t<a href=\"https:\/\/www.villareuter.fi\/wordpress\/wp-content\/gallery\/palvelut\/img_6600.jpg\"\n\t\t\t\ttitle=\"suklaan temperointi\"\n\t\t\t\tdata-src=\"https:\/\/www.villareuter.fi\/wordpress\/wp-content\/gallery\/palvelut\/img_6600.jpg\"\n\t\t\t\tdata-thumbnail=\"https:\/\/www.villareuter.fi\/wordpress\/wp-content\/gallery\/palvelut\/thumbs\/thumbs_img_6600.jpg\"\n\t\t\t\tdata-image-id=\"191\"\n\t\t\t\tdata-title=\"Suklaakurssi img_6600\"\n\t\t\t\tdata-description=\"suklaan temperointi\"\n\t\t\t\tdata-image-slug=\"img_6600\"\n\t\t\t\tclass=\"ngg-fancybox\" rel=\"bc655b0ea1f73b4d33dca2a1607bd961\">\n\t\t\t\t<img\n\t\t\t\t\ttitle=\"Suklaakurssi img_6600\"\n\t\t\t\t\talt=\"Suklaakurssi img_6600\"\n\t\t\t\t\tsrc=\"https:\/\/www.villareuter.fi\/wordpress\/wp-content\/gallery\/palvelut\/thumbs\/thumbs_img_6600.jpg\"\n\t\t\t\t\twidth=\"120\"\n\t\t\t\t\theight=\"90\"\n\t\t\t\t\tstyle=\"max-width:100%;\"\n\t\t\t\t\/>\n\t\t\t<\/a>\n\t\t<\/div>\n\t\t\t\t\t\t\t<\/div> \n\t\t\t\n\t\t\n\t\t\t\t<div id=\"ngg-image-8\" class=\"ngg-gallery-thumbnail-box\" \n\t\t\t\t\t\t\t\t\t\t\t>\n\t\t\t\t\t\t<div class=\"ngg-gallery-thumbnail\">\n\t\t\t<a href=\"https:\/\/www.villareuter.fi\/wordpress\/wp-content\/gallery\/palvelut\/img_6594.jpg\"\n\t\t\t\ttitle=\"suklaakonvehdit\"\n\t\t\t\tdata-src=\"https:\/\/www.villareuter.fi\/wordpress\/wp-content\/gallery\/palvelut\/img_6594.jpg\"\n\t\t\t\tdata-thumbnail=\"https:\/\/www.villareuter.fi\/wordpress\/wp-content\/gallery\/palvelut\/thumbs\/thumbs_img_6594.jpg\"\n\t\t\t\tdata-image-id=\"190\"\n\t\t\t\tdata-title=\"Suklaakurssi img_6594\"\n\t\t\t\tdata-description=\"suklaakonvehdit\"\n\t\t\t\tdata-image-slug=\"img_6594\"\n\t\t\t\tclass=\"ngg-fancybox\" rel=\"bc655b0ea1f73b4d33dca2a1607bd961\">\n\t\t\t\t<img\n\t\t\t\t\ttitle=\"Suklaakurssi img_6594\"\n\t\t\t\t\talt=\"Suklaakurssi img_6594\"\n\t\t\t\t\tsrc=\"https:\/\/www.villareuter.fi\/wordpress\/wp-content\/gallery\/palvelut\/thumbs\/thumbs_img_6594.jpg\"\n\t\t\t\t\twidth=\"120\"\n\t\t\t\t\theight=\"90\"\n\t\t\t\t\tstyle=\"max-width:100%;\"\n\t\t\t\t\/>\n\t\t\t<\/a>\n\t\t<\/div>\n\t\t\t\t\t\t\t<\/div> \n\t\t\t\n\t\t\n\t\t\t\t<div id=\"ngg-image-9\" class=\"ngg-gallery-thumbnail-box\" \n\t\t\t\t\t\t\t\t\t\t\t>\n\t\t\t\t\t\t<div class=\"ngg-gallery-thumbnail\">\n\t\t\t<a href=\"https:\/\/www.villareuter.fi\/wordpress\/wp-content\/gallery\/palvelut\/078.jpg\"\n\t\t\t\ttitle=\"\"\n\t\t\t\tdata-src=\"https:\/\/www.villareuter.fi\/wordpress\/wp-content\/gallery\/palvelut\/078.jpg\"\n\t\t\t\tdata-thumbnail=\"https:\/\/www.villareuter.fi\/wordpress\/wp-content\/gallery\/palvelut\/thumbs\/thumbs_078.jpg\"\n\t\t\t\tdata-image-id=\"180\"\n\t\t\t\tdata-title=\"Kalastus 078\"\n\t\t\t\tdata-description=\"\"\n\t\t\t\tdata-image-slug=\"078-2\"\n\t\t\t\tclass=\"ngg-fancybox\" rel=\"bc655b0ea1f73b4d33dca2a1607bd961\">\n\t\t\t\t<img\n\t\t\t\t\ttitle=\"Kalastus 078\"\n\t\t\t\t\talt=\"Kalastus 078\"\n\t\t\t\t\tsrc=\"https:\/\/www.villareuter.fi\/wordpress\/wp-content\/gallery\/palvelut\/thumbs\/thumbs_078.jpg\"\n\t\t\t\t\twidth=\"120\"\n\t\t\t\t\theight=\"90\"\n\t\t\t\t\tstyle=\"max-width:100%;\"\n\t\t\t\t\/>\n\t\t\t<\/a>\n\t\t<\/div>\n\t\t\t\t\t\t\t<\/div> \n\t\t\t\n\t\t\n\t\t\t\t<div id=\"ngg-image-10\" class=\"ngg-gallery-thumbnail-box\" \n\t\t\t\t\t\t\t\t\t\t\t>\n\t\t\t\t\t\t<div class=\"ngg-gallery-thumbnail\">\n\t\t\t<a href=\"https:\/\/www.villareuter.fi\/wordpress\/wp-content\/gallery\/palvelut\/img_6592.jpg\"\n\t\t\t\ttitle=\"Suklaan temperointi\"\n\t\t\t\tdata-src=\"https:\/\/www.villareuter.fi\/wordpress\/wp-content\/gallery\/palvelut\/img_6592.jpg\"\n\t\t\t\tdata-thumbnail=\"https:\/\/www.villareuter.fi\/wordpress\/wp-content\/gallery\/palvelut\/thumbs\/thumbs_img_6592.jpg\"\n\t\t\t\tdata-image-id=\"188\"\n\t\t\t\tdata-title=\"Suklaakurssi img_6592\"\n\t\t\t\tdata-description=\"Suklaan temperointi\"\n\t\t\t\tdata-image-slug=\"img_6592\"\n\t\t\t\tclass=\"ngg-fancybox\" rel=\"bc655b0ea1f73b4d33dca2a1607bd961\">\n\t\t\t\t<img\n\t\t\t\t\ttitle=\"Suklaakurssi img_6592\"\n\t\t\t\t\talt=\"Suklaakurssi img_6592\"\n\t\t\t\t\tsrc=\"https:\/\/www.villareuter.fi\/wordpress\/wp-content\/gallery\/palvelut\/thumbs\/thumbs_img_6592.jpg\"\n\t\t\t\t\twidth=\"120\"\n\t\t\t\t\theight=\"90\"\n\t\t\t\t\tstyle=\"max-width:100%;\"\n\t\t\t\t\/>\n\t\t\t<\/a>\n\t\t<\/div>\n\t\t\t\t\t\t\t<\/div> \n\t\t\t\n\t\t\n\t\t\t\t<div id=\"ngg-image-11\" class=\"ngg-gallery-thumbnail-box\" \n\t\t\t\t\t\t\t\t\t\t\t>\n\t\t\t\t\t\t<div class=\"ngg-gallery-thumbnail\">\n\t\t\t<a href=\"https:\/\/www.villareuter.fi\/wordpress\/wp-content\/gallery\/palvelut\/img_6517.jpg\"\n\t\t\t\ttitle=\"\"\n\t\t\t\tdata-src=\"https:\/\/www.villareuter.fi\/wordpress\/wp-content\/gallery\/palvelut\/img_6517.jpg\"\n\t\t\t\tdata-thumbnail=\"https:\/\/www.villareuter.fi\/wordpress\/wp-content\/gallery\/palvelut\/thumbs\/thumbs_img_6517.jpg\"\n\t\t\t\tdata-image-id=\"187\"\n\t\t\t\tdata-title=\"Kalastus img_6517\"\n\t\t\t\tdata-description=\"\"\n\t\t\t\tdata-image-slug=\"img_6517-2\"\n\t\t\t\tclass=\"ngg-fancybox\" rel=\"bc655b0ea1f73b4d33dca2a1607bd961\">\n\t\t\t\t<img\n\t\t\t\t\ttitle=\"Kalastus img_6517\"\n\t\t\t\t\talt=\"Kalastus img_6517\"\n\t\t\t\t\tsrc=\"https:\/\/www.villareuter.fi\/wordpress\/wp-content\/gallery\/palvelut\/thumbs\/thumbs_img_6517.jpg\"\n\t\t\t\t\twidth=\"120\"\n\t\t\t\t\theight=\"90\"\n\t\t\t\t\tstyle=\"max-width:100%;\"\n\t\t\t\t\/>\n\t\t\t<\/a>\n\t\t<\/div>\n\t\t\t\t\t\t\t<\/div> \n\t\t\t\n\t\t\n\t\t\t\t<div id=\"ngg-image-12\" class=\"ngg-gallery-thumbnail-box\" \n\t\t\t\t\t\t\t\t\t\t\t>\n\t\t\t\t\t\t<div class=\"ngg-gallery-thumbnail\">\n\t\t\t<a href=\"https:\/\/www.villareuter.fi\/wordpress\/wp-content\/gallery\/palvelut\/img_6511.jpg\"\n\t\t\t\ttitle=\"\"\n\t\t\t\tdata-src=\"https:\/\/www.villareuter.fi\/wordpress\/wp-content\/gallery\/palvelut\/img_6511.jpg\"\n\t\t\t\tdata-thumbnail=\"https:\/\/www.villareuter.fi\/wordpress\/wp-content\/gallery\/palvelut\/thumbs\/thumbs_img_6511.jpg\"\n\t\t\t\tdata-image-id=\"186\"\n\t\t\t\tdata-title=\"Kalastus img_6511\"\n\t\t\t\tdata-description=\"\"\n\t\t\t\tdata-image-slug=\"img_6511-2\"\n\t\t\t\tclass=\"ngg-fancybox\" rel=\"bc655b0ea1f73b4d33dca2a1607bd961\">\n\t\t\t\t<img\n\t\t\t\t\ttitle=\"Kalastus img_6511\"\n\t\t\t\t\talt=\"Kalastus img_6511\"\n\t\t\t\t\tsrc=\"https:\/\/www.villareuter.fi\/wordpress\/wp-content\/gallery\/palvelut\/thumbs\/thumbs_img_6511.jpg\"\n\t\t\t\t\twidth=\"120\"\n\t\t\t\t\theight=\"90\"\n\t\t\t\t\tstyle=\"max-width:100%;\"\n\t\t\t\t\/>\n\t\t\t<\/a>\n\t\t<\/div>\n\t\t\t\t\t\t\t<\/div> \n\t\t\t\n\t\t\n\t\t\t\t<div id=\"ngg-image-13\" class=\"ngg-gallery-thumbnail-box\" \n\t\t\t\t\t\t\t\t\t\t\t>\n\t\t\t\t\t\t<div class=\"ngg-gallery-thumbnail\">\n\t\t\t<a href=\"https:\/\/www.villareuter.fi\/wordpress\/wp-content\/gallery\/palvelut\/img_6480.jpg\"\n\t\t\t\ttitle=\"\"\n\t\t\t\tdata-src=\"https:\/\/www.villareuter.fi\/wordpress\/wp-content\/gallery\/palvelut\/img_6480.jpg\"\n\t\t\t\tdata-thumbnail=\"https:\/\/www.villareuter.fi\/wordpress\/wp-content\/gallery\/palvelut\/thumbs\/thumbs_img_6480.jpg\"\n\t\t\t\tdata-image-id=\"185\"\n\t\t\t\tdata-title=\"Kalastus img_6480\"\n\t\t\t\tdata-description=\"\"\n\t\t\t\tdata-image-slug=\"img_6480-2\"\n\t\t\t\tclass=\"ngg-fancybox\" rel=\"bc655b0ea1f73b4d33dca2a1607bd961\">\n\t\t\t\t<img\n\t\t\t\t\ttitle=\"Kalastus img_6480\"\n\t\t\t\t\talt=\"Kalastus img_6480\"\n\t\t\t\t\tsrc=\"https:\/\/www.villareuter.fi\/wordpress\/wp-content\/gallery\/palvelut\/thumbs\/thumbs_img_6480.jpg\"\n\t\t\t\t\twidth=\"120\"\n\t\t\t\t\theight=\"90\"\n\t\t\t\t\tstyle=\"max-width:100%;\"\n\t\t\t\t\/>\n\t\t\t<\/a>\n\t\t<\/div>\n\t\t\t\t\t\t\t<\/div> \n\t\t\t\n\t\t\n\t\t\t\t<div id=\"ngg-image-14\" class=\"ngg-gallery-thumbnail-box\" \n\t\t\t\t\t\t\t\t\t\t\t>\n\t\t\t\t\t\t<div class=\"ngg-gallery-thumbnail\">\n\t\t\t<a href=\"https:\/\/www.villareuter.fi\/wordpress\/wp-content\/gallery\/palvelut\/img_6477.jpg\"\n\t\t\t\ttitle=\"\"\n\t\t\t\tdata-src=\"https:\/\/www.villareuter.fi\/wordpress\/wp-content\/gallery\/palvelut\/img_6477.jpg\"\n\t\t\t\tdata-thumbnail=\"https:\/\/www.villareuter.fi\/wordpress\/wp-content\/gallery\/palvelut\/thumbs\/thumbs_img_6477.jpg\"\n\t\t\t\tdata-image-id=\"184\"\n\t\t\t\tdata-title=\"Kalastus img_6477\"\n\t\t\t\tdata-description=\"\"\n\t\t\t\tdata-image-slug=\"img_6477\"\n\t\t\t\tclass=\"ngg-fancybox\" rel=\"bc655b0ea1f73b4d33dca2a1607bd961\">\n\t\t\t\t<img\n\t\t\t\t\ttitle=\"Kalastus img_6477\"\n\t\t\t\t\talt=\"Kalastus img_6477\"\n\t\t\t\t\tsrc=\"https:\/\/www.villareuter.fi\/wordpress\/wp-content\/gallery\/palvelut\/thumbs\/thumbs_img_6477.jpg\"\n\t\t\t\t\twidth=\"120\"\n\t\t\t\t\theight=\"90\"\n\t\t\t\t\tstyle=\"max-width:100%;\"\n\t\t\t\t\/>\n\t\t\t<\/a>\n\t\t<\/div>\n\t\t\t\t\t\t\t<\/div> \n\t\t\t\n\t\t\n\t\t\t\t<div id=\"ngg-image-15\" class=\"ngg-gallery-thumbnail-box\" \n\t\t\t\t\t\t\t\t\t\t\t>\n\t\t\t\t\t\t<div class=\"ngg-gallery-thumbnail\">\n\t\t\t<a href=\"https:\/\/www.villareuter.fi\/wordpress\/wp-content\/gallery\/palvelut\/375.jpg\"\n\t\t\t\ttitle=\"\"\n\t\t\t\tdata-src=\"https:\/\/www.villareuter.fi\/wordpress\/wp-content\/gallery\/palvelut\/375.jpg\"\n\t\t\t\tdata-thumbnail=\"https:\/\/www.villareuter.fi\/wordpress\/wp-content\/gallery\/palvelut\/thumbs\/thumbs_375.jpg\"\n\t\t\t\tdata-image-id=\"183\"\n\t\t\t\tdata-title=\"Juustokurssi 375\"\n\t\t\t\tdata-description=\"\"\n\t\t\t\tdata-image-slug=\"375-2\"\n\t\t\t\tclass=\"ngg-fancybox\" rel=\"bc655b0ea1f73b4d33dca2a1607bd961\">\n\t\t\t\t<img\n\t\t\t\t\ttitle=\"Juustokurssi 375\"\n\t\t\t\t\talt=\"Juustokurssi 375\"\n\t\t\t\t\tsrc=\"https:\/\/www.villareuter.fi\/wordpress\/wp-content\/gallery\/palvelut\/thumbs\/thumbs_375.jpg\"\n\t\t\t\t\twidth=\"120\"\n\t\t\t\t\theight=\"90\"\n\t\t\t\t\tstyle=\"max-width:100%;\"\n\t\t\t\t\/>\n\t\t\t<\/a>\n\t\t<\/div>\n\t\t\t\t\t\t\t<\/div> \n\t\t\t\n\t\t\n\t\t\t\t<div id=\"ngg-image-16\" class=\"ngg-gallery-thumbnail-box\" \n\t\t\t\t\t\t\t\t\t\t\t>\n\t\t\t\t\t\t<div class=\"ngg-gallery-thumbnail\">\n\t\t\t<a href=\"https:\/\/www.villareuter.fi\/wordpress\/wp-content\/gallery\/palvelut\/274.jpg\"\n\t\t\t\ttitle=\"\"\n\t\t\t\tdata-src=\"https:\/\/www.villareuter.fi\/wordpress\/wp-content\/gallery\/palvelut\/274.jpg\"\n\t\t\t\tdata-thumbnail=\"https:\/\/www.villareuter.fi\/wordpress\/wp-content\/gallery\/palvelut\/thumbs\/thumbs_274.jpg\"\n\t\t\t\tdata-image-id=\"182\"\n\t\t\t\tdata-title=\"Olutkurssi 274\"\n\t\t\t\tdata-description=\"\"\n\t\t\t\tdata-image-slug=\"274-3\"\n\t\t\t\tclass=\"ngg-fancybox\" rel=\"bc655b0ea1f73b4d33dca2a1607bd961\">\n\t\t\t\t<img\n\t\t\t\t\ttitle=\"Olutkurssi 274\"\n\t\t\t\t\talt=\"Olutkurssi 274\"\n\t\t\t\t\tsrc=\"https:\/\/www.villareuter.fi\/wordpress\/wp-content\/gallery\/palvelut\/thumbs\/thumbs_274.jpg\"\n\t\t\t\t\twidth=\"120\"\n\t\t\t\t\theight=\"90\"\n\t\t\t\t\tstyle=\"max-width:100%;\"\n\t\t\t\t\/>\n\t\t\t<\/a>\n\t\t<\/div>\n\t\t\t\t\t\t\t<\/div> \n\t\t\t\n\t\t\n\t\t\t\t<div id=\"ngg-image-17\" class=\"ngg-gallery-thumbnail-box\" \n\t\t\t\t\t\t\t\t\t\t\t>\n\t\t\t\t\t\t<div class=\"ngg-gallery-thumbnail\">\n\t\t\t<a href=\"https:\/\/www.villareuter.fi\/wordpress\/wp-content\/gallery\/palvelut\/270.png\"\n\t\t\t\ttitle=\"\"\n\t\t\t\tdata-src=\"https:\/\/www.villareuter.fi\/wordpress\/wp-content\/gallery\/palvelut\/270.png\"\n\t\t\t\tdata-thumbnail=\"https:\/\/www.villareuter.fi\/wordpress\/wp-content\/gallery\/palvelut\/thumbs\/thumbs_270.png\"\n\t\t\t\tdata-image-id=\"181\"\n\t\t\t\tdata-title=\"Olutkurssi 270\"\n\t\t\t\tdata-description=\"\"\n\t\t\t\tdata-image-slug=\"270-3\"\n\t\t\t\tclass=\"ngg-fancybox\" rel=\"bc655b0ea1f73b4d33dca2a1607bd961\">\n\t\t\t\t<img\n\t\t\t\t\ttitle=\"Olutkurssi 270\"\n\t\t\t\t\talt=\"Olutkurssi 270\"\n\t\t\t\t\tsrc=\"https:\/\/www.villareuter.fi\/wordpress\/wp-content\/gallery\/palvelut\/thumbs\/thumbs_270.png\"\n\t\t\t\t\twidth=\"120\"\n\t\t\t\t\theight=\"90\"\n\t\t\t\t\tstyle=\"max-width:100%;\"\n\t\t\t\t\/>\n\t\t\t<\/a>\n\t\t<\/div>\n\t\t\t\t\t\t\t<\/div> \n\t\t\t\n\t\t\n\t\t\n\t\t<!-- Pagination -->\n\t\t<div class='ngg-clear'><\/div>\t<\/div>\n\n","protected":false},"excerpt":{"rendered":"<p>Aktiviteter&#8212;&#8211;Ost&#8212;&#8211;Fiske&#8212;&#8211;\u00d6lkurs&#8212;&#8211;Chokladkurs Aktiviteter Under sommarhalv\u00e5ret tar vi ut er grupp p\u00e5 lunchseglingar under 1-3 timmar, ocks\u00e5 l\u00e4ngre seglatser kan ordnas. Om vintern \u00e4r kall med p\u00e5litliga isar kan ni \u00f6va kiteflygning \u2026 <a class=\"continue-reading-link\" href=\"https:\/\/www.villareuter.fi\/wordpress\/aktiviteter\/?lang=sv\">Lue lis\u00e4\u00e4 <span class=\"meta-nav\">&rarr; <\/span><\/a><\/p>\n","protected":false},"author":1,"featured_media":0,"parent":0,"menu_order":3,"comment_status":"closed","ping_status":"closed","template":"","meta":{"om_disable_all_campaigns":false,"_monsterinsights_skip_tracking":false,"_monsterinsights_sitenote_active":false,"_monsterinsights_sitenote_note":"","_monsterinsights_sitenote_category":0,"_uf_show_specific_survey":0,"_uf_disable_surveys":false,"ngg_post_thumbnail":0,"footnotes":""},"_links":{"self":[{"href":"https:\/\/www.villareuter.fi\/wordpress\/wp-json\/wp\/v2\/pages\/845"}],"collection":[{"href":"https:\/\/www.villareuter.fi\/wordpress\/wp-json\/wp\/v2\/pages"}],"about":[{"href":"https:\/\/www.villareuter.fi\/wordpress\/wp-json\/wp\/v2\/types\/page"}],"author":[{"embeddable":true,"href":"https:\/\/www.villareuter.fi\/wordpress\/wp-json\/wp\/v2\/users\/1"}],"replies":[{"embeddable":true,"href":"https:\/\/www.villareuter.fi\/wordpress\/wp-json\/wp\/v2\/comments?post=845"}],"version-history":[{"count":2,"href":"https:\/\/www.villareuter.fi\/wordpress\/wp-json\/wp\/v2\/pages\/845\/revisions"}],"predecessor-version":[{"id":847,"href":"https:\/\/www.villareuter.fi\/wordpress\/wp-json\/wp\/v2\/pages\/845\/revisions\/847"}],"wp:attachment":[{"href":"https:\/\/www.villareuter.fi\/wordpress\/wp-json\/wp\/v2\/media?parent=845"}],"curies":[{"name":"wp","href":"https:\/\/api.w.org\/{rel}","templated":true}]}}