{"id":810,"date":"2013-11-26T23:23:53","date_gmt":"2013-11-26T21:23:53","guid":{"rendered":"http:\/\/www.villareuter.fi\/wordpress\/venevaja\/?lang=sv"},"modified":"2016-10-14T15:17:08","modified_gmt":"2016-10-14T12:17:08","slug":"venevaja","status":"publish","type":"page","link":"https:\/\/www.villareuter.fi\/wordpress\/festutrymme\/venevaja\/?lang=sv","title":{"rendered":"B\u00e5thuset"},"content":{"rendered":"<p><a href=\"https:\/\/www.villareuter.fi\/wordpress\/festutrymme\/?lang=sv\">Villa Reuter<\/a>&#8212;&#8211;<a href=\"https:\/\/www.villareuter.fi\/wordpress\/festutrymme\/motesutrymme\/?lang=sv\">Vintertr\u00e4dg\u00e5rden<\/a>&#8212;&#8211;<a href=\"https:\/\/www.villareuter.fi\/wordpress\/festutrymme\/kellari\/?lang=sv\">K\u00e4llaren<\/a>&#8212;&#8211;<a href=\"https:\/\/www.villareuter.fi\/wordpress\/festutrymme\/festutrymmen-pargas\/?lang=sv\">Vardagsrummet<\/a>&#8212;&#8211;<a href=\"https:\/\/www.villareuter.fi\/wordpress\/festutrymme\/bastu\/?lang=sv\">Bastu<\/a>&#8212;&#8211;<a href=\"https:\/\/www.villareuter.fi\/wordpress\/festutrymme\/venevaja\/?lang=sv\">B\u00e5thuset<\/a>&#8212;&#8211;<a href=\"https:\/\/www.villareuter.fi\/wordpress\/majoitustila\/?lang=sv\">Inkvartering<\/a><\/p>\n<p><a href=\"http:\/\/www.villareuter.fi\/wordpress\/wp-content\/uploads\/villareuter.venevaja1.jpg\"><img loading=\"lazy\" decoding=\"async\" class=\"alignnone wp-image-684\" src=\"http:\/\/www.villareuter.fi\/wordpress\/wp-content\/uploads\/villareuter.venevaja1-300x200.jpg\" alt=\"villareuter-venevaja1\" width=\"503\" height=\"335\" srcset=\"https:\/\/www.villareuter.fi\/wordpress\/wp-content\/uploads\/villareuter.venevaja1-300x200.jpg 300w, https:\/\/www.villareuter.fi\/wordpress\/wp-content\/uploads\/villareuter.venevaja1-768x512.jpg 768w, https:\/\/www.villareuter.fi\/wordpress\/wp-content\/uploads\/villareuter.venevaja1-1024x683.jpg 1024w, https:\/\/www.villareuter.fi\/wordpress\/wp-content\/uploads\/villareuter.venevaja1-225x150.jpg 225w, https:\/\/www.villareuter.fi\/wordpress\/wp-content\/uploads\/villareuter.venevaja1-150x100.jpg 150w\" sizes=\"(max-width: 503px) 100vw, 503px\" \/><\/a><\/p>\n<p>B\u00c5THUSET<\/p>\n<p>I b\u00e5thuset kan man \u00e4ta mellanm\u00e5l eller lunch under m\u00f6tet. P\u00e5 bryggan utanf\u00f6r finns en sittgrupp och m\u00f6jlighet att grilla och tillreda mat p\u00e5 muurikka. B\u00e5thuset anv\u00e4nds ocks\u00e5 som Drive-In f\u00f6r fiskegrupper.<\/p>\n<!-- index.php -->\n<div\n\tclass=\"ngg-galleryoverview\n\t ngg-ajax-pagination-none\t\"\n\tid=\"ngg-gallery-86370912c9d3c4c547bb57a674798f7e-1\">\n\n\t\t<div class=\"slideshowlink\">\n\t\t<a href='https:\/\/www.villareuter.fi\/wordpress\/festutrymme\/venevaja\/nggallery\/slideshow?lang=sv'>[Show slideshow]<\/a>\n\t\t\n\t<\/div>\n\t\t\t<!-- Thumbnails -->\n\t\t\t\t<div id=\"ngg-image-0\" class=\"ngg-gallery-thumbnail-box\" \n\t\t\t\t\t\t\t\t\t\t\t>\n\t\t\t\t\t\t<div class=\"ngg-gallery-thumbnail\">\n\t\t\t<a href=\"https:\/\/www.villareuter.fi\/wordpress\/wp-content\/gallery\/venevaja\/095.jpg\"\n\t\t\t\ttitle=\"Lounas venevajassa\"\n\t\t\t\tdata-src=\"https:\/\/www.villareuter.fi\/wordpress\/wp-content\/gallery\/venevaja\/095.jpg\"\n\t\t\t\tdata-thumbnail=\"https:\/\/www.villareuter.fi\/wordpress\/wp-content\/gallery\/venevaja\/thumbs\/thumbs_095.jpg\"\n\t\t\t\tdata-image-id=\"253\"\n\t\t\t\tdata-title=\"Venevaja 095\"\n\t\t\t\tdata-description=\"Lounas venevajassa\"\n\t\t\t\tdata-image-slug=\"095\"\n\t\t\t\tclass=\"ngg-fancybox\" rel=\"86370912c9d3c4c547bb57a674798f7e\">\n\t\t\t\t<img\n\t\t\t\t\ttitle=\"Venevaja 095\"\n\t\t\t\t\talt=\"Venevaja 095\"\n\t\t\t\t\tsrc=\"https:\/\/www.villareuter.fi\/wordpress\/wp-content\/gallery\/venevaja\/thumbs\/thumbs_095.jpg\"\n\t\t\t\t\twidth=\"120\"\n\t\t\t\t\theight=\"90\"\n\t\t\t\t\tstyle=\"max-width:100%;\"\n\t\t\t\t\/>\n\t\t\t<\/a>\n\t\t<\/div>\n\t\t\t\t\t\t\t<\/div> \n\t\t\t\n\t\t\n\t\t\t\t<div id=\"ngg-image-1\" class=\"ngg-gallery-thumbnail-box\" \n\t\t\t\t\t\t\t\t\t\t\t>\n\t\t\t\t\t\t<div class=\"ngg-gallery-thumbnail\">\n\t\t\t<a href=\"https:\/\/www.villareuter.fi\/wordpress\/wp-content\/gallery\/venevaja\/168.jpg\"\n\t\t\t\ttitle=\"Lounas venevajassa\"\n\t\t\t\tdata-src=\"https:\/\/www.villareuter.fi\/wordpress\/wp-content\/gallery\/venevaja\/168.jpg\"\n\t\t\t\tdata-thumbnail=\"https:\/\/www.villareuter.fi\/wordpress\/wp-content\/gallery\/venevaja\/thumbs\/thumbs_168.jpg\"\n\t\t\t\tdata-image-id=\"254\"\n\t\t\t\tdata-title=\"Venevaja 168\"\n\t\t\t\tdata-description=\"Lounas venevajassa\"\n\t\t\t\tdata-image-slug=\"168\"\n\t\t\t\tclass=\"ngg-fancybox\" rel=\"86370912c9d3c4c547bb57a674798f7e\">\n\t\t\t\t<img\n\t\t\t\t\ttitle=\"Venevaja 168\"\n\t\t\t\t\talt=\"Venevaja 168\"\n\t\t\t\t\tsrc=\"https:\/\/www.villareuter.fi\/wordpress\/wp-content\/gallery\/venevaja\/thumbs\/thumbs_168.jpg\"\n\t\t\t\t\twidth=\"120\"\n\t\t\t\t\theight=\"90\"\n\t\t\t\t\tstyle=\"max-width:100%;\"\n\t\t\t\t\/>\n\t\t\t<\/a>\n\t\t<\/div>\n\t\t\t\t\t\t\t<\/div> \n\t\t\t\n\t\t\n\t\t\t\t<div id=\"ngg-image-2\" class=\"ngg-gallery-thumbnail-box\" \n\t\t\t\t\t\t\t\t\t\t\t>\n\t\t\t\t\t\t<div class=\"ngg-gallery-thumbnail\">\n\t\t\t<a href=\"https:\/\/www.villareuter.fi\/wordpress\/wp-content\/gallery\/venevaja\/img_6205.jpg\"\n\t\t\t\ttitle=\"Villa Reuter - Venevaja\"\n\t\t\t\tdata-src=\"https:\/\/www.villareuter.fi\/wordpress\/wp-content\/gallery\/venevaja\/img_6205.jpg\"\n\t\t\t\tdata-thumbnail=\"https:\/\/www.villareuter.fi\/wordpress\/wp-content\/gallery\/venevaja\/thumbs\/thumbs_img_6205.jpg\"\n\t\t\t\tdata-image-id=\"255\"\n\t\t\t\tdata-title=\"Venevaja img_6205\"\n\t\t\t\tdata-description=\"Villa Reuter - Venevaja\"\n\t\t\t\tdata-image-slug=\"img_6205\"\n\t\t\t\tclass=\"ngg-fancybox\" rel=\"86370912c9d3c4c547bb57a674798f7e\">\n\t\t\t\t<img\n\t\t\t\t\ttitle=\"Venevaja img_6205\"\n\t\t\t\t\talt=\"Venevaja img_6205\"\n\t\t\t\t\tsrc=\"https:\/\/www.villareuter.fi\/wordpress\/wp-content\/gallery\/venevaja\/thumbs\/thumbs_img_6205.jpg\"\n\t\t\t\t\twidth=\"120\"\n\t\t\t\t\theight=\"90\"\n\t\t\t\t\tstyle=\"max-width:100%;\"\n\t\t\t\t\/>\n\t\t\t<\/a>\n\t\t<\/div>\n\t\t\t\t\t\t\t<\/div> \n\t\t\t\n\t\t\n\t\t\t\t<div id=\"ngg-image-3\" class=\"ngg-gallery-thumbnail-box\" \n\t\t\t\t\t\t\t\t\t\t\t>\n\t\t\t\t\t\t<div class=\"ngg-gallery-thumbnail\">\n\t\t\t<a href=\"https:\/\/www.villareuter.fi\/wordpress\/wp-content\/gallery\/venevaja\/img_6306.jpg\"\n\t\t\t\ttitle=\"Venevajassa on tunnelmaa\"\n\t\t\t\tdata-src=\"https:\/\/www.villareuter.fi\/wordpress\/wp-content\/gallery\/venevaja\/img_6306.jpg\"\n\t\t\t\tdata-thumbnail=\"https:\/\/www.villareuter.fi\/wordpress\/wp-content\/gallery\/venevaja\/thumbs\/thumbs_img_6306.jpg\"\n\t\t\t\tdata-image-id=\"256\"\n\t\t\t\tdata-title=\"Venevaja img_6306\"\n\t\t\t\tdata-description=\"Venevajassa on tunnelmaa\"\n\t\t\t\tdata-image-slug=\"img_6306\"\n\t\t\t\tclass=\"ngg-fancybox\" rel=\"86370912c9d3c4c547bb57a674798f7e\">\n\t\t\t\t<img\n\t\t\t\t\ttitle=\"Venevaja img_6306\"\n\t\t\t\t\talt=\"Venevaja img_6306\"\n\t\t\t\t\tsrc=\"https:\/\/www.villareuter.fi\/wordpress\/wp-content\/gallery\/venevaja\/thumbs\/thumbs_img_6306.jpg\"\n\t\t\t\t\twidth=\"120\"\n\t\t\t\t\theight=\"90\"\n\t\t\t\t\tstyle=\"max-width:100%;\"\n\t\t\t\t\/>\n\t\t\t<\/a>\n\t\t<\/div>\n\t\t\t\t\t\t\t<\/div> \n\t\t\t\n\t\t\n\t\t\t\t<div id=\"ngg-image-4\" class=\"ngg-gallery-thumbnail-box\" \n\t\t\t\t\t\t\t\t\t\t\t>\n\t\t\t\t\t\t<div class=\"ngg-gallery-thumbnail\">\n\t\t\t<a href=\"https:\/\/www.villareuter.fi\/wordpress\/wp-content\/gallery\/venevaja\/img_6309.jpg\"\n\t\t\t\ttitle=\"Lounas venevajassa\"\n\t\t\t\tdata-src=\"https:\/\/www.villareuter.fi\/wordpress\/wp-content\/gallery\/venevaja\/img_6309.jpg\"\n\t\t\t\tdata-thumbnail=\"https:\/\/www.villareuter.fi\/wordpress\/wp-content\/gallery\/venevaja\/thumbs\/thumbs_img_6309.jpg\"\n\t\t\t\tdata-image-id=\"257\"\n\t\t\t\tdata-title=\"Venevaja img_6309\"\n\t\t\t\tdata-description=\"Lounas venevajassa\"\n\t\t\t\tdata-image-slug=\"img_6309\"\n\t\t\t\tclass=\"ngg-fancybox\" rel=\"86370912c9d3c4c547bb57a674798f7e\">\n\t\t\t\t<img\n\t\t\t\t\ttitle=\"Venevaja img_6309\"\n\t\t\t\t\talt=\"Venevaja img_6309\"\n\t\t\t\t\tsrc=\"https:\/\/www.villareuter.fi\/wordpress\/wp-content\/gallery\/venevaja\/thumbs\/thumbs_img_6309.jpg\"\n\t\t\t\t\twidth=\"120\"\n\t\t\t\t\theight=\"90\"\n\t\t\t\t\tstyle=\"max-width:100%;\"\n\t\t\t\t\/>\n\t\t\t<\/a>\n\t\t<\/div>\n\t\t\t\t\t\t\t<\/div> \n\t\t\t\n\t\t\n\t\t\t\t<div id=\"ngg-image-5\" class=\"ngg-gallery-thumbnail-box\" \n\t\t\t\t\t\t\t\t\t\t\t>\n\t\t\t\t\t\t<div class=\"ngg-gallery-thumbnail\">\n\t\t\t<a href=\"https:\/\/www.villareuter.fi\/wordpress\/wp-content\/gallery\/venevaja\/img_6312.jpg\"\n\t\t\t\ttitle=\"Luonas venevajassa\"\n\t\t\t\tdata-src=\"https:\/\/www.villareuter.fi\/wordpress\/wp-content\/gallery\/venevaja\/img_6312.jpg\"\n\t\t\t\tdata-thumbnail=\"https:\/\/www.villareuter.fi\/wordpress\/wp-content\/gallery\/venevaja\/thumbs\/thumbs_img_6312.jpg\"\n\t\t\t\tdata-image-id=\"258\"\n\t\t\t\tdata-title=\"Venevaja img_6312\"\n\t\t\t\tdata-description=\"Luonas venevajassa\"\n\t\t\t\tdata-image-slug=\"img_6312\"\n\t\t\t\tclass=\"ngg-fancybox\" rel=\"86370912c9d3c4c547bb57a674798f7e\">\n\t\t\t\t<img\n\t\t\t\t\ttitle=\"Venevaja img_6312\"\n\t\t\t\t\talt=\"Venevaja img_6312\"\n\t\t\t\t\tsrc=\"https:\/\/www.villareuter.fi\/wordpress\/wp-content\/gallery\/venevaja\/thumbs\/thumbs_img_6312.jpg\"\n\t\t\t\t\twidth=\"120\"\n\t\t\t\t\theight=\"90\"\n\t\t\t\t\tstyle=\"max-width:100%;\"\n\t\t\t\t\/>\n\t\t\t<\/a>\n\t\t<\/div>\n\t\t\t\t\t\t\t<\/div> \n\t\t\t\n\t\t\n\t\t\t\t<div id=\"ngg-image-6\" class=\"ngg-gallery-thumbnail-box\" \n\t\t\t\t\t\t\t\t\t\t\t>\n\t\t\t\t\t\t<div class=\"ngg-gallery-thumbnail\">\n\t\t\t<a href=\"https:\/\/www.villareuter.fi\/wordpress\/wp-content\/gallery\/venevaja\/parbild-b-800-pixlar-bred.jpg\"\n\t\t\t\ttitle=\"Rapukestit venevajassa\"\n\t\t\t\tdata-src=\"https:\/\/www.villareuter.fi\/wordpress\/wp-content\/gallery\/venevaja\/parbild-b-800-pixlar-bred.jpg\"\n\t\t\t\tdata-thumbnail=\"https:\/\/www.villareuter.fi\/wordpress\/wp-content\/gallery\/venevaja\/thumbs\/thumbs_parbild-b-800-pixlar-bred.jpg\"\n\t\t\t\tdata-image-id=\"259\"\n\t\t\t\tdata-title=\"Venevaja parbild-b-800-pixlar-bred\"\n\t\t\t\tdata-description=\"Rapukestit venevajassa\"\n\t\t\t\tdata-image-slug=\"parbild-b-800-pixlar-bred\"\n\t\t\t\tclass=\"ngg-fancybox\" rel=\"86370912c9d3c4c547bb57a674798f7e\">\n\t\t\t\t<img\n\t\t\t\t\ttitle=\"Venevaja parbild-b-800-pixlar-bred\"\n\t\t\t\t\talt=\"Venevaja parbild-b-800-pixlar-bred\"\n\t\t\t\t\tsrc=\"https:\/\/www.villareuter.fi\/wordpress\/wp-content\/gallery\/venevaja\/thumbs\/thumbs_parbild-b-800-pixlar-bred.jpg\"\n\t\t\t\t\twidth=\"120\"\n\t\t\t\t\theight=\"90\"\n\t\t\t\t\tstyle=\"max-width:100%;\"\n\t\t\t\t\/>\n\t\t\t<\/a>\n\t\t<\/div>\n\t\t\t\t\t\t\t<\/div> \n\t\t\t\n\t\t\n\t\t\n\t\t<!-- Pagination -->\n\t\t<div class='ngg-clear'><\/div>\t<\/div>\n\n","protected":false},"excerpt":{"rendered":"<p>Villa Reuter&#8212;&#8211;Vintertr\u00e4dg\u00e5rden&#8212;&#8211;K\u00e4llaren&#8212;&#8211;Vardagsrummet&#8212;&#8211;Bastu&#8212;&#8211;B\u00e5thuset&#8212;&#8211;Inkvartering B\u00c5THUSET I b\u00e5thuset kan man \u00e4ta mellanm\u00e5l eller lunch under m\u00f6tet. P\u00e5 bryggan utanf\u00f6r finns en sittgrupp och m\u00f6jlighet att grilla och tillreda mat p\u00e5 muurikka. B\u00e5thuset anv\u00e4nds \u2026 <a class=\"continue-reading-link\" href=\"https:\/\/www.villareuter.fi\/wordpress\/festutrymme\/venevaja\/?lang=sv\">Lue lis\u00e4\u00e4 <span class=\"meta-nav\">&rarr; <\/span><\/a><\/p>\n","protected":false},"author":1,"featured_media":0,"parent":893,"menu_order":5,"comment_status":"closed","ping_status":"closed","template":"","meta":{"om_disable_all_campaigns":false,"_monsterinsights_skip_tracking":false,"_monsterinsights_sitenote_active":false,"_monsterinsights_sitenote_note":"","_monsterinsights_sitenote_category":0,"_uf_show_specific_survey":0,"_uf_disable_surveys":false,"ngg_post_thumbnail":0,"footnotes":""},"_links":{"self":[{"href":"https:\/\/www.villareuter.fi\/wordpress\/wp-json\/wp\/v2\/pages\/810"}],"collection":[{"href":"https:\/\/www.villareuter.fi\/wordpress\/wp-json\/wp\/v2\/pages"}],"about":[{"href":"https:\/\/www.villareuter.fi\/wordpress\/wp-json\/wp\/v2\/types\/page"}],"author":[{"embeddable":true,"href":"https:\/\/www.villareuter.fi\/wordpress\/wp-json\/wp\/v2\/users\/1"}],"replies":[{"embeddable":true,"href":"https:\/\/www.villareuter.fi\/wordpress\/wp-json\/wp\/v2\/comments?post=810"}],"version-history":[{"count":3,"href":"https:\/\/www.villareuter.fi\/wordpress\/wp-json\/wp\/v2\/pages\/810\/revisions"}],"predecessor-version":[{"id":815,"href":"https:\/\/www.villareuter.fi\/wordpress\/wp-json\/wp\/v2\/pages\/810\/revisions\/815"}],"up":[{"embeddable":true,"href":"https:\/\/www.villareuter.fi\/wordpress\/wp-json\/wp\/v2\/pages\/893"}],"wp:attachment":[{"href":"https:\/\/www.villareuter.fi\/wordpress\/wp-json\/wp\/v2\/media?parent=810"}],"curies":[{"name":"wp","href":"https:\/\/api.w.org\/{rel}","templated":true}]}}