{"id":78,"date":"2013-11-26T23:16:47","date_gmt":"2013-11-26T21:16:47","guid":{"rendered":"http:\/\/www.villareuter.fi\/wordpress\/?page_id=78"},"modified":"2014-01-22T16:47:16","modified_gmt":"2014-01-22T14:47:16","slug":"purjehdus","status":"publish","type":"page","link":"https:\/\/www.villareuter.fi\/wordpress\/veneet\/purjehdus\/","title":{"rendered":"Purjehdus"},"content":{"rendered":"<p>PURJEHDUS<\/p>\n<p><a href=\"https:\/\/www.villareuter.fi\/wordpress\/veneet\/\/\">Veneet<\/a>&#8212;&#8211;<a href=\"https:\/\/www.villareuter.fi\/wordpress\/veneet\/kuljetus\/\/\">Kuljetus<\/a>&#8212;&#8211;<a href=\"https:\/\/www.villareuter.fi\/wordpress\/veneet\/purjehdus\/\/\">Purjehdus<\/a><\/p>\n<div id=\"attachment_756\" style=\"width: 363px\" class=\"wp-caption alignleft\"><a href=\"http:\/\/www.villareuter.fi\/wordpress\/wp-content\/uploads\/169_6912.jpg\"><img loading=\"lazy\" decoding=\"async\" aria-describedby=\"caption-attachment-756\" class=\"size-large wp-image-756\" title=\"Purjehdus\" alt=\"charter purjehdus 169_6912\" src=\"http:\/\/www.villareuter.fi\/wordpress\/wp-content\/uploads\/169_6912-1024x682.jpg\" width=\"353\" height=\"254\" \/><\/a><p id=\"caption-attachment-756\" class=\"wp-caption-text\">P\u00e4iv\u00e4purjehdus airistolla<\/p><\/div>\n<p>&nbsp;<\/p>\n<p>&nbsp;<\/p>\n<p>&nbsp;<\/p>\n<p>&nbsp;<\/p>\n<p>&nbsp;<\/p>\n<p>&nbsp;<\/p>\n<p>&nbsp;<\/p>\n<p>J\u00e4rjest\u00e4mme p\u00e4iv\u00e4purjehduksia Benetau Oceanis 411 veneell\u00e4mme, 2-3 tunnin purjehdus Airistolla on suosittu ohjelmanumero.<\/p>\n<!-- index.php -->\n<div\n\tclass=\"ngg-galleryoverview\n\t ngg-ajax-pagination-none\t\"\n\tid=\"ngg-gallery-e7f02839824dad5c4816d0c51396a80b-1\">\n\n\t\t<div class=\"slideshowlink\">\n\t\t<a href='https:\/\/www.villareuter.fi\/wordpress\/veneet\/purjehdus\/nggallery\/slideshow'>[Show slideshow]<\/a>\n\t\t\n\t<\/div>\n\t\t\t<!-- Thumbnails -->\n\t\t\t\t<div id=\"ngg-image-0\" class=\"ngg-gallery-thumbnail-box\" \n\t\t\t\t\t\t\t\t\t\t\t>\n\t\t\t\t\t\t<div class=\"ngg-gallery-thumbnail\">\n\t\t\t<a href=\"https:\/\/www.villareuter.fi\/wordpress\/wp-content\/gallery\/purjehdus\/034.jpg\"\n\t\t\t\ttitle=\"\"\n\t\t\t\tdata-src=\"https:\/\/www.villareuter.fi\/wordpress\/wp-content\/gallery\/purjehdus\/034.jpg\"\n\t\t\t\tdata-thumbnail=\"https:\/\/www.villareuter.fi\/wordpress\/wp-content\/gallery\/purjehdus\/thumbs\/thumbs_034.jpg\"\n\t\t\t\tdata-image-id=\"206\"\n\t\t\t\tdata-title=\"Purjehdus 034\"\n\t\t\t\tdata-description=\"\"\n\t\t\t\tdata-image-slug=\"034\"\n\t\t\t\tclass=\"ngg-fancybox\" rel=\"e7f02839824dad5c4816d0c51396a80b\">\n\t\t\t\t<img\n\t\t\t\t\ttitle=\"Purjehdus 034\"\n\t\t\t\t\talt=\"Purjehdus 034\"\n\t\t\t\t\tsrc=\"https:\/\/www.villareuter.fi\/wordpress\/wp-content\/gallery\/purjehdus\/thumbs\/thumbs_034.jpg\"\n\t\t\t\t\twidth=\"120\"\n\t\t\t\t\theight=\"90\"\n\t\t\t\t\tstyle=\"max-width:100%;\"\n\t\t\t\t\/>\n\t\t\t<\/a>\n\t\t<\/div>\n\t\t\t\t\t\t\t<\/div> \n\t\t\t\n\t\t\n\t\t\t\t<div id=\"ngg-image-1\" class=\"ngg-gallery-thumbnail-box\" \n\t\t\t\t\t\t\t\t\t\t\t>\n\t\t\t\t\t\t<div class=\"ngg-gallery-thumbnail\">\n\t\t\t<a href=\"https:\/\/www.villareuter.fi\/wordpress\/wp-content\/gallery\/purjehdus\/img_3156.jpg\"\n\t\t\t\ttitle=\"\"\n\t\t\t\tdata-src=\"https:\/\/www.villareuter.fi\/wordpress\/wp-content\/gallery\/purjehdus\/img_3156.jpg\"\n\t\t\t\tdata-thumbnail=\"https:\/\/www.villareuter.fi\/wordpress\/wp-content\/gallery\/purjehdus\/thumbs\/thumbs_img_3156.jpg\"\n\t\t\t\tdata-image-id=\"207\"\n\t\t\t\tdata-title=\"Purjehdus img_3156\"\n\t\t\t\tdata-description=\"\"\n\t\t\t\tdata-image-slug=\"img_3156\"\n\t\t\t\tclass=\"ngg-fancybox\" rel=\"e7f02839824dad5c4816d0c51396a80b\">\n\t\t\t\t<img\n\t\t\t\t\ttitle=\"Purjehdus img_3156\"\n\t\t\t\t\talt=\"Purjehdus img_3156\"\n\t\t\t\t\tsrc=\"https:\/\/www.villareuter.fi\/wordpress\/wp-content\/gallery\/purjehdus\/thumbs\/thumbs_img_3156.jpg\"\n\t\t\t\t\twidth=\"120\"\n\t\t\t\t\theight=\"90\"\n\t\t\t\t\tstyle=\"max-width:100%;\"\n\t\t\t\t\/>\n\t\t\t<\/a>\n\t\t<\/div>\n\t\t\t\t\t\t\t<\/div> \n\t\t\t\n\t\t\n\t\t\t\t<div id=\"ngg-image-2\" class=\"ngg-gallery-thumbnail-box\" \n\t\t\t\t\t\t\t\t\t\t\t>\n\t\t\t\t\t\t<div class=\"ngg-gallery-thumbnail\">\n\t\t\t<a href=\"https:\/\/www.villareuter.fi\/wordpress\/wp-content\/gallery\/purjehdus\/img_3157.jpg\"\n\t\t\t\ttitle=\"\"\n\t\t\t\tdata-src=\"https:\/\/www.villareuter.fi\/wordpress\/wp-content\/gallery\/purjehdus\/img_3157.jpg\"\n\t\t\t\tdata-thumbnail=\"https:\/\/www.villareuter.fi\/wordpress\/wp-content\/gallery\/purjehdus\/thumbs\/thumbs_img_3157.jpg\"\n\t\t\t\tdata-image-id=\"208\"\n\t\t\t\tdata-title=\"Purjehdus img_3157\"\n\t\t\t\tdata-description=\"\"\n\t\t\t\tdata-image-slug=\"img_3157\"\n\t\t\t\tclass=\"ngg-fancybox\" rel=\"e7f02839824dad5c4816d0c51396a80b\">\n\t\t\t\t<img\n\t\t\t\t\ttitle=\"Purjehdus img_3157\"\n\t\t\t\t\talt=\"Purjehdus img_3157\"\n\t\t\t\t\tsrc=\"https:\/\/www.villareuter.fi\/wordpress\/wp-content\/gallery\/purjehdus\/thumbs\/thumbs_img_3157.jpg\"\n\t\t\t\t\twidth=\"120\"\n\t\t\t\t\theight=\"90\"\n\t\t\t\t\tstyle=\"max-width:100%;\"\n\t\t\t\t\/>\n\t\t\t<\/a>\n\t\t<\/div>\n\t\t\t\t\t\t\t<\/div> \n\t\t\t\n\t\t\n\t\t\t\t<div id=\"ngg-image-3\" class=\"ngg-gallery-thumbnail-box\" \n\t\t\t\t\t\t\t\t\t\t\t>\n\t\t\t\t\t\t<div class=\"ngg-gallery-thumbnail\">\n\t\t\t<a href=\"https:\/\/www.villareuter.fi\/wordpress\/wp-content\/gallery\/purjehdus\/img_3159.jpg\"\n\t\t\t\ttitle=\"\"\n\t\t\t\tdata-src=\"https:\/\/www.villareuter.fi\/wordpress\/wp-content\/gallery\/purjehdus\/img_3159.jpg\"\n\t\t\t\tdata-thumbnail=\"https:\/\/www.villareuter.fi\/wordpress\/wp-content\/gallery\/purjehdus\/thumbs\/thumbs_img_3159.jpg\"\n\t\t\t\tdata-image-id=\"209\"\n\t\t\t\tdata-title=\"Purjehdus img_3159\"\n\t\t\t\tdata-description=\"\"\n\t\t\t\tdata-image-slug=\"img_3159\"\n\t\t\t\tclass=\"ngg-fancybox\" rel=\"e7f02839824dad5c4816d0c51396a80b\">\n\t\t\t\t<img\n\t\t\t\t\ttitle=\"Purjehdus img_3159\"\n\t\t\t\t\talt=\"Purjehdus img_3159\"\n\t\t\t\t\tsrc=\"https:\/\/www.villareuter.fi\/wordpress\/wp-content\/gallery\/purjehdus\/thumbs\/thumbs_img_3159.jpg\"\n\t\t\t\t\twidth=\"120\"\n\t\t\t\t\theight=\"90\"\n\t\t\t\t\tstyle=\"max-width:100%;\"\n\t\t\t\t\/>\n\t\t\t<\/a>\n\t\t<\/div>\n\t\t\t\t\t\t\t<\/div> \n\t\t\t\n\t\t\n\t\t\t\t<div id=\"ngg-image-4\" class=\"ngg-gallery-thumbnail-box\" \n\t\t\t\t\t\t\t\t\t\t\t>\n\t\t\t\t\t\t<div class=\"ngg-gallery-thumbnail\">\n\t\t\t<a href=\"https:\/\/www.villareuter.fi\/wordpress\/wp-content\/gallery\/purjehdus\/img_3160.jpg\"\n\t\t\t\ttitle=\"\"\n\t\t\t\tdata-src=\"https:\/\/www.villareuter.fi\/wordpress\/wp-content\/gallery\/purjehdus\/img_3160.jpg\"\n\t\t\t\tdata-thumbnail=\"https:\/\/www.villareuter.fi\/wordpress\/wp-content\/gallery\/purjehdus\/thumbs\/thumbs_img_3160.jpg\"\n\t\t\t\tdata-image-id=\"210\"\n\t\t\t\tdata-title=\"Purjehdus img_3160\"\n\t\t\t\tdata-description=\"\"\n\t\t\t\tdata-image-slug=\"img_3160\"\n\t\t\t\tclass=\"ngg-fancybox\" rel=\"e7f02839824dad5c4816d0c51396a80b\">\n\t\t\t\t<img\n\t\t\t\t\ttitle=\"Purjehdus img_3160\"\n\t\t\t\t\talt=\"Purjehdus img_3160\"\n\t\t\t\t\tsrc=\"https:\/\/www.villareuter.fi\/wordpress\/wp-content\/gallery\/purjehdus\/thumbs\/thumbs_img_3160.jpg\"\n\t\t\t\t\twidth=\"120\"\n\t\t\t\t\theight=\"90\"\n\t\t\t\t\tstyle=\"max-width:100%;\"\n\t\t\t\t\/>\n\t\t\t<\/a>\n\t\t<\/div>\n\t\t\t\t\t\t\t<\/div> \n\t\t\t\n\t\t\n\t\t\t\t<div id=\"ngg-image-5\" class=\"ngg-gallery-thumbnail-box\" \n\t\t\t\t\t\t\t\t\t\t\t>\n\t\t\t\t\t\t<div class=\"ngg-gallery-thumbnail\">\n\t\t\t<a href=\"https:\/\/www.villareuter.fi\/wordpress\/wp-content\/gallery\/purjehdus\/img_3161.jpg\"\n\t\t\t\ttitle=\"\"\n\t\t\t\tdata-src=\"https:\/\/www.villareuter.fi\/wordpress\/wp-content\/gallery\/purjehdus\/img_3161.jpg\"\n\t\t\t\tdata-thumbnail=\"https:\/\/www.villareuter.fi\/wordpress\/wp-content\/gallery\/purjehdus\/thumbs\/thumbs_img_3161.jpg\"\n\t\t\t\tdata-image-id=\"211\"\n\t\t\t\tdata-title=\"Purjehdus img_3161\"\n\t\t\t\tdata-description=\"\"\n\t\t\t\tdata-image-slug=\"img_3161\"\n\t\t\t\tclass=\"ngg-fancybox\" rel=\"e7f02839824dad5c4816d0c51396a80b\">\n\t\t\t\t<img\n\t\t\t\t\ttitle=\"Purjehdus img_3161\"\n\t\t\t\t\talt=\"Purjehdus img_3161\"\n\t\t\t\t\tsrc=\"https:\/\/www.villareuter.fi\/wordpress\/wp-content\/gallery\/purjehdus\/thumbs\/thumbs_img_3161.jpg\"\n\t\t\t\t\twidth=\"120\"\n\t\t\t\t\theight=\"90\"\n\t\t\t\t\tstyle=\"max-width:100%;\"\n\t\t\t\t\/>\n\t\t\t<\/a>\n\t\t<\/div>\n\t\t\t\t\t\t\t<\/div> \n\t\t\t\n\t\t\n\t\t\t\t<div id=\"ngg-image-6\" class=\"ngg-gallery-thumbnail-box\" \n\t\t\t\t\t\t\t\t\t\t\t>\n\t\t\t\t\t\t<div class=\"ngg-gallery-thumbnail\">\n\t\t\t<a href=\"https:\/\/www.villareuter.fi\/wordpress\/wp-content\/gallery\/purjehdus\/img_3162.jpg\"\n\t\t\t\ttitle=\"\"\n\t\t\t\tdata-src=\"https:\/\/www.villareuter.fi\/wordpress\/wp-content\/gallery\/purjehdus\/img_3162.jpg\"\n\t\t\t\tdata-thumbnail=\"https:\/\/www.villareuter.fi\/wordpress\/wp-content\/gallery\/purjehdus\/thumbs\/thumbs_img_3162.jpg\"\n\t\t\t\tdata-image-id=\"212\"\n\t\t\t\tdata-title=\"Purjehdus img_3162\"\n\t\t\t\tdata-description=\"\"\n\t\t\t\tdata-image-slug=\"img_3162\"\n\t\t\t\tclass=\"ngg-fancybox\" rel=\"e7f02839824dad5c4816d0c51396a80b\">\n\t\t\t\t<img\n\t\t\t\t\ttitle=\"Purjehdus img_3162\"\n\t\t\t\t\talt=\"Purjehdus img_3162\"\n\t\t\t\t\tsrc=\"https:\/\/www.villareuter.fi\/wordpress\/wp-content\/gallery\/purjehdus\/thumbs\/thumbs_img_3162.jpg\"\n\t\t\t\t\twidth=\"120\"\n\t\t\t\t\theight=\"90\"\n\t\t\t\t\tstyle=\"max-width:100%;\"\n\t\t\t\t\/>\n\t\t\t<\/a>\n\t\t<\/div>\n\t\t\t\t\t\t\t<\/div> \n\t\t\t\n\t\t\n\t\t\n\t\t<!-- Pagination -->\n\t\t<div class='ngg-clear'><\/div>\t<\/div>\n\n","protected":false},"excerpt":{"rendered":"<p>PURJEHDUS Veneet&#8212;&#8211;Kuljetus&#8212;&#8211;Purjehdus &nbsp; &nbsp; &nbsp; &nbsp; &nbsp; &nbsp; &nbsp; J\u00e4rjest\u00e4mme p\u00e4iv\u00e4purjehduksia Benetau Oceanis 411 veneell\u00e4mme, 2-3 tunnin purjehdus Airistolla on suosittu ohjelmanumero.<\/p>\n","protected":false},"author":1,"featured_media":0,"parent":74,"menu_order":0,"comment_status":"closed","ping_status":"closed","template":"","meta":{"om_disable_all_campaigns":false,"_monsterinsights_skip_tracking":false,"_monsterinsights_sitenote_active":false,"_monsterinsights_sitenote_note":"","_monsterinsights_sitenote_category":0,"_uf_show_specific_survey":0,"_uf_disable_surveys":false,"ngg_post_thumbnail":0,"footnotes":""},"_links":{"self":[{"href":"https:\/\/www.villareuter.fi\/wordpress\/wp-json\/wp\/v2\/pages\/78"}],"collection":[{"href":"https:\/\/www.villareuter.fi\/wordpress\/wp-json\/wp\/v2\/pages"}],"about":[{"href":"https:\/\/www.villareuter.fi\/wordpress\/wp-json\/wp\/v2\/types\/page"}],"author":[{"embeddable":true,"href":"https:\/\/www.villareuter.fi\/wordpress\/wp-json\/wp\/v2\/users\/1"}],"replies":[{"embeddable":true,"href":"https:\/\/www.villareuter.fi\/wordpress\/wp-json\/wp\/v2\/comments?post=78"}],"version-history":[{"count":7,"href":"https:\/\/www.villareuter.fi\/wordpress\/wp-json\/wp\/v2\/pages\/78\/revisions"}],"predecessor-version":[{"id":320,"href":"https:\/\/www.villareuter.fi\/wordpress\/wp-json\/wp\/v2\/pages\/78\/revisions\/320"}],"up":[{"embeddable":true,"href":"https:\/\/www.villareuter.fi\/wordpress\/wp-json\/wp\/v2\/pages\/74"}],"wp:attachment":[{"href":"https:\/\/www.villareuter.fi\/wordpress\/wp-json\/wp\/v2\/media?parent=78"}],"curies":[{"name":"wp","href":"https:\/\/api.w.org\/{rel}","templated":true}]}}