{"id":76,"date":"2013-11-26T23:07:19","date_gmt":"2013-11-26T21:07:19","guid":{"rendered":"http:\/\/www.villareuter.fi\/wordpress\/?page_id=76"},"modified":"2022-02-01T15:01:52","modified_gmt":"2022-02-01T13:01:52","slug":"kuljetus","status":"publish","type":"page","link":"https:\/\/www.villareuter.fi\/wordpress\/veneet\/kuljetus\/","title":{"rendered":"Kuljetus"},"content":{"rendered":"<p>HUMMERFISH<\/p>\n<p><a href=\"https:\/\/www.villareuter.fi\/wordpress\/veneet\/\/\">Veneet<\/a>&#8212;&#8211;<a href=\"https:\/\/www.villareuter.fi\/wordpress\/veneet\/kuljetus\/\/\">Kuljetus<\/a>&#8212;&#8211;<a href=\"https:\/\/www.villareuter.fi\/wordpress\/veneet\/purjehdus\/\/\">Purjehdus<\/a><\/p>\n<p>Hummerfish veneell\u00e4 kuljetamme teid\u00e4t Lempn\u00e4sin saaristokohteeseen. Vene on vankkarakenteinen ja l\u00e4mmin, matkanopeus 30 solmua joten matka taittuu noin tunnissa.<br \/>\n<!-- index.php -->\n<div\n\tclass=\"ngg-galleryoverview\n\t ngg-ajax-pagination-none\t\"\n\tid=\"ngg-gallery-7eb4ad52918df5a555b453fada3e2bb1-1\">\n\n\t\t<div class=\"slideshowlink\">\n\t\t<a href='https:\/\/www.villareuter.fi\/wordpress\/veneet\/kuljetus\/nggallery\/slideshow'>[Show slideshow]<\/a>\n\t\t\n\t<\/div>\n\t\t\t<!-- Thumbnails -->\n\t\t\t\t<div id=\"ngg-image-0\" class=\"ngg-gallery-thumbnail-box\" \n\t\t\t\t\t\t\t\t\t\t\t>\n\t\t\t\t\t\t<div class=\"ngg-gallery-thumbnail\">\n\t\t\t<a href=\"https:\/\/www.villareuter.fi\/wordpress\/wp-content\/gallery\/hummerfish\/0122.jpg\"\n\t\t\t\ttitle=\"\"\n\t\t\t\tdata-src=\"https:\/\/www.villareuter.fi\/wordpress\/wp-content\/gallery\/hummerfish\/0122.jpg\"\n\t\t\t\tdata-thumbnail=\"https:\/\/www.villareuter.fi\/wordpress\/wp-content\/gallery\/hummerfish\/thumbs\/thumbs_0122.jpg\"\n\t\t\t\tdata-image-id=\"75\"\n\t\t\t\tdata-title=\"Hummerfish 0122\"\n\t\t\t\tdata-description=\"\"\n\t\t\t\tdata-image-slug=\"0122\"\n\t\t\t\tclass=\"ngg-fancybox\" rel=\"7eb4ad52918df5a555b453fada3e2bb1\">\n\t\t\t\t<img\n\t\t\t\t\ttitle=\"Hummerfish 0122\"\n\t\t\t\t\talt=\"Hummerfish 0122\"\n\t\t\t\t\tsrc=\"https:\/\/www.villareuter.fi\/wordpress\/wp-content\/gallery\/hummerfish\/thumbs\/thumbs_0122.jpg\"\n\t\t\t\t\twidth=\"120\"\n\t\t\t\t\theight=\"90\"\n\t\t\t\t\tstyle=\"max-width:100%;\"\n\t\t\t\t\/>\n\t\t\t<\/a>\n\t\t<\/div>\n\t\t\t\t\t\t\t<\/div> \n\t\t\t\n\t\t\n\t\t\t\t<div id=\"ngg-image-1\" class=\"ngg-gallery-thumbnail-box\" \n\t\t\t\t\t\t\t\t\t\t\t>\n\t\t\t\t\t\t<div class=\"ngg-gallery-thumbnail\">\n\t\t\t<a href=\"https:\/\/www.villareuter.fi\/wordpress\/wp-content\/gallery\/hummerfish\/0126.jpg\"\n\t\t\t\ttitle=\"\"\n\t\t\t\tdata-src=\"https:\/\/www.villareuter.fi\/wordpress\/wp-content\/gallery\/hummerfish\/0126.jpg\"\n\t\t\t\tdata-thumbnail=\"https:\/\/www.villareuter.fi\/wordpress\/wp-content\/gallery\/hummerfish\/thumbs\/thumbs_0126.jpg\"\n\t\t\t\tdata-image-id=\"77\"\n\t\t\t\tdata-title=\"Hummerfish 0126\"\n\t\t\t\tdata-description=\"\"\n\t\t\t\tdata-image-slug=\"0126\"\n\t\t\t\tclass=\"ngg-fancybox\" rel=\"7eb4ad52918df5a555b453fada3e2bb1\">\n\t\t\t\t<img\n\t\t\t\t\ttitle=\"Hummerfish 0126\"\n\t\t\t\t\talt=\"Hummerfish 0126\"\n\t\t\t\t\tsrc=\"https:\/\/www.villareuter.fi\/wordpress\/wp-content\/gallery\/hummerfish\/thumbs\/thumbs_0126.jpg\"\n\t\t\t\t\twidth=\"120\"\n\t\t\t\t\theight=\"90\"\n\t\t\t\t\tstyle=\"max-width:100%;\"\n\t\t\t\t\/>\n\t\t\t<\/a>\n\t\t<\/div>\n\t\t\t\t\t\t\t<\/div> \n\t\t\t\n\t\t\n\t\t\t\t<div id=\"ngg-image-2\" class=\"ngg-gallery-thumbnail-box\" \n\t\t\t\t\t\t\t\t\t\t\t>\n\t\t\t\t\t\t<div class=\"ngg-gallery-thumbnail\">\n\t\t\t<a href=\"https:\/\/www.villareuter.fi\/wordpress\/wp-content\/gallery\/hummerfish\/131_3183.jpg\"\n\t\t\t\ttitle=\"\"\n\t\t\t\tdata-src=\"https:\/\/www.villareuter.fi\/wordpress\/wp-content\/gallery\/hummerfish\/131_3183.jpg\"\n\t\t\t\tdata-thumbnail=\"https:\/\/www.villareuter.fi\/wordpress\/wp-content\/gallery\/hummerfish\/thumbs\/thumbs_131_3183.jpg\"\n\t\t\t\tdata-image-id=\"79\"\n\t\t\t\tdata-title=\"Hummerfish 131_3183\"\n\t\t\t\tdata-description=\"\"\n\t\t\t\tdata-image-slug=\"131_3183\"\n\t\t\t\tclass=\"ngg-fancybox\" rel=\"7eb4ad52918df5a555b453fada3e2bb1\">\n\t\t\t\t<img\n\t\t\t\t\ttitle=\"Hummerfish 131_3183\"\n\t\t\t\t\talt=\"Hummerfish 131_3183\"\n\t\t\t\t\tsrc=\"https:\/\/www.villareuter.fi\/wordpress\/wp-content\/gallery\/hummerfish\/thumbs\/thumbs_131_3183.jpg\"\n\t\t\t\t\twidth=\"120\"\n\t\t\t\t\theight=\"90\"\n\t\t\t\t\tstyle=\"max-width:100%;\"\n\t\t\t\t\/>\n\t\t\t<\/a>\n\t\t<\/div>\n\t\t\t\t\t\t\t<\/div> \n\t\t\t\n\t\t\n\t\t\t\t<div id=\"ngg-image-3\" class=\"ngg-gallery-thumbnail-box\" \n\t\t\t\t\t\t\t\t\t\t\t>\n\t\t\t\t\t\t<div class=\"ngg-gallery-thumbnail\">\n\t\t\t<a href=\"https:\/\/www.villareuter.fi\/wordpress\/wp-content\/gallery\/hummerfish\/173_7318.jpg\"\n\t\t\t\ttitle=\"\"\n\t\t\t\tdata-src=\"https:\/\/www.villareuter.fi\/wordpress\/wp-content\/gallery\/hummerfish\/173_7318.jpg\"\n\t\t\t\tdata-thumbnail=\"https:\/\/www.villareuter.fi\/wordpress\/wp-content\/gallery\/hummerfish\/thumbs\/thumbs_173_7318.jpg\"\n\t\t\t\tdata-image-id=\"81\"\n\t\t\t\tdata-title=\"Hummerfish 173_7318\"\n\t\t\t\tdata-description=\"\"\n\t\t\t\tdata-image-slug=\"173_7318\"\n\t\t\t\tclass=\"ngg-fancybox\" rel=\"7eb4ad52918df5a555b453fada3e2bb1\">\n\t\t\t\t<img\n\t\t\t\t\ttitle=\"Hummerfish 173_7318\"\n\t\t\t\t\talt=\"Hummerfish 173_7318\"\n\t\t\t\t\tsrc=\"https:\/\/www.villareuter.fi\/wordpress\/wp-content\/gallery\/hummerfish\/thumbs\/thumbs_173_7318.jpg\"\n\t\t\t\t\twidth=\"120\"\n\t\t\t\t\theight=\"90\"\n\t\t\t\t\tstyle=\"max-width:100%;\"\n\t\t\t\t\/>\n\t\t\t<\/a>\n\t\t<\/div>\n\t\t\t\t\t\t\t<\/div> \n\t\t\t\n\t\t\n\t\t\t\t<div id=\"ngg-image-4\" class=\"ngg-gallery-thumbnail-box\" \n\t\t\t\t\t\t\t\t\t\t\t>\n\t\t\t\t\t\t<div class=\"ngg-gallery-thumbnail\">\n\t\t\t<a href=\"https:\/\/www.villareuter.fi\/wordpress\/wp-content\/gallery\/hummerfish\/img_6156.jpg\"\n\t\t\t\ttitle=\"\"\n\t\t\t\tdata-src=\"https:\/\/www.villareuter.fi\/wordpress\/wp-content\/gallery\/hummerfish\/img_6156.jpg\"\n\t\t\t\tdata-thumbnail=\"https:\/\/www.villareuter.fi\/wordpress\/wp-content\/gallery\/hummerfish\/thumbs\/thumbs_img_6156.jpg\"\n\t\t\t\tdata-image-id=\"83\"\n\t\t\t\tdata-title=\"Hummerfish img_6156\"\n\t\t\t\tdata-description=\"\"\n\t\t\t\tdata-image-slug=\"img_6156\"\n\t\t\t\tclass=\"ngg-fancybox\" rel=\"7eb4ad52918df5a555b453fada3e2bb1\">\n\t\t\t\t<img\n\t\t\t\t\ttitle=\"Hummerfish img_6156\"\n\t\t\t\t\talt=\"Hummerfish img_6156\"\n\t\t\t\t\tsrc=\"https:\/\/www.villareuter.fi\/wordpress\/wp-content\/gallery\/hummerfish\/thumbs\/thumbs_img_6156.jpg\"\n\t\t\t\t\twidth=\"120\"\n\t\t\t\t\theight=\"90\"\n\t\t\t\t\tstyle=\"max-width:100%;\"\n\t\t\t\t\/>\n\t\t\t<\/a>\n\t\t<\/div>\n\t\t\t\t\t\t\t<\/div> \n\t\t\t\n\t\t\n\t\t\t\t<div id=\"ngg-image-5\" class=\"ngg-gallery-thumbnail-box\" \n\t\t\t\t\t\t\t\t\t\t\t>\n\t\t\t\t\t\t<div class=\"ngg-gallery-thumbnail\">\n\t\t\t<a href=\"https:\/\/www.villareuter.fi\/wordpress\/wp-content\/gallery\/hummerfish\/img_6508.jpg\"\n\t\t\t\ttitle=\"\"\n\t\t\t\tdata-src=\"https:\/\/www.villareuter.fi\/wordpress\/wp-content\/gallery\/hummerfish\/img_6508.jpg\"\n\t\t\t\tdata-thumbnail=\"https:\/\/www.villareuter.fi\/wordpress\/wp-content\/gallery\/hummerfish\/thumbs\/thumbs_img_6508.jpg\"\n\t\t\t\tdata-image-id=\"85\"\n\t\t\t\tdata-title=\"Hummerfish img_6508\"\n\t\t\t\tdata-description=\"\"\n\t\t\t\tdata-image-slug=\"img_6508\"\n\t\t\t\tclass=\"ngg-fancybox\" rel=\"7eb4ad52918df5a555b453fada3e2bb1\">\n\t\t\t\t<img\n\t\t\t\t\ttitle=\"Hummerfish img_6508\"\n\t\t\t\t\talt=\"Hummerfish img_6508\"\n\t\t\t\t\tsrc=\"https:\/\/www.villareuter.fi\/wordpress\/wp-content\/gallery\/hummerfish\/thumbs\/thumbs_img_6508.jpg\"\n\t\t\t\t\twidth=\"120\"\n\t\t\t\t\theight=\"90\"\n\t\t\t\t\tstyle=\"max-width:100%;\"\n\t\t\t\t\/>\n\t\t\t<\/a>\n\t\t<\/div>\n\t\t\t\t\t\t\t<\/div> \n\t\t\t\n\t\t\n\t\t\t\t<div id=\"ngg-image-6\" class=\"ngg-gallery-thumbnail-box\" \n\t\t\t\t\t\t\t\t\t\t\t>\n\t\t\t\t\t\t<div class=\"ngg-gallery-thumbnail\">\n\t\t\t<a href=\"https:\/\/www.villareuter.fi\/wordpress\/wp-content\/gallery\/hummerfish\/img_6510.jpg\"\n\t\t\t\ttitle=\"\"\n\t\t\t\tdata-src=\"https:\/\/www.villareuter.fi\/wordpress\/wp-content\/gallery\/hummerfish\/img_6510.jpg\"\n\t\t\t\tdata-thumbnail=\"https:\/\/www.villareuter.fi\/wordpress\/wp-content\/gallery\/hummerfish\/thumbs\/thumbs_img_6510.jpg\"\n\t\t\t\tdata-image-id=\"87\"\n\t\t\t\tdata-title=\"Hummerfish img_6510\"\n\t\t\t\tdata-description=\"\"\n\t\t\t\tdata-image-slug=\"img_6510\"\n\t\t\t\tclass=\"ngg-fancybox\" rel=\"7eb4ad52918df5a555b453fada3e2bb1\">\n\t\t\t\t<img\n\t\t\t\t\ttitle=\"Hummerfish img_6510\"\n\t\t\t\t\talt=\"Hummerfish img_6510\"\n\t\t\t\t\tsrc=\"https:\/\/www.villareuter.fi\/wordpress\/wp-content\/gallery\/hummerfish\/thumbs\/thumbs_img_6510.jpg\"\n\t\t\t\t\twidth=\"120\"\n\t\t\t\t\theight=\"90\"\n\t\t\t\t\tstyle=\"max-width:100%;\"\n\t\t\t\t\/>\n\t\t\t<\/a>\n\t\t<\/div>\n\t\t\t\t\t\t\t<\/div> \n\t\t\t\n\t\t\n\t\t\t\t<div id=\"ngg-image-7\" class=\"ngg-gallery-thumbnail-box\" \n\t\t\t\t\t\t\t\t\t\t\t>\n\t\t\t\t\t\t<div class=\"ngg-gallery-thumbnail\">\n\t\t\t<a href=\"https:\/\/www.villareuter.fi\/wordpress\/wp-content\/gallery\/hummerfish\/vene-04-2-2.jpg\"\n\t\t\t\ttitle=\"\"\n\t\t\t\tdata-src=\"https:\/\/www.villareuter.fi\/wordpress\/wp-content\/gallery\/hummerfish\/vene-04-2-2.jpg\"\n\t\t\t\tdata-thumbnail=\"https:\/\/www.villareuter.fi\/wordpress\/wp-content\/gallery\/hummerfish\/thumbs\/thumbs_vene-04-2-2.jpg\"\n\t\t\t\tdata-image-id=\"89\"\n\t\t\t\tdata-title=\"Hummerfish vene-04-2-2\"\n\t\t\t\tdata-description=\"\"\n\t\t\t\tdata-image-slug=\"vene-04-2-2\"\n\t\t\t\tclass=\"ngg-fancybox\" rel=\"7eb4ad52918df5a555b453fada3e2bb1\">\n\t\t\t\t<img\n\t\t\t\t\ttitle=\"Hummerfish vene-04-2-2\"\n\t\t\t\t\talt=\"Hummerfish vene-04-2-2\"\n\t\t\t\t\tsrc=\"https:\/\/www.villareuter.fi\/wordpress\/wp-content\/gallery\/hummerfish\/thumbs\/thumbs_vene-04-2-2.jpg\"\n\t\t\t\t\twidth=\"120\"\n\t\t\t\t\theight=\"90\"\n\t\t\t\t\tstyle=\"max-width:100%;\"\n\t\t\t\t\/>\n\t\t\t<\/a>\n\t\t<\/div>\n\t\t\t\t\t\t\t<\/div> \n\t\t\t\n\t\t\n\t\t\n\t\t<!-- Pagination -->\n\t\t<div class='ngg-clear'><\/div>\t<\/div>\n<\/p>\n<p><a href=\"http:\/\/www.villareuter.fi\/wordpress\/wp-content\/uploads\/DSCF6178.jpg\"><img loading=\"lazy\" decoding=\"async\" class=\"alignnone size-medium wp-image-192\" src=\"http:\/\/www.villareuter.fi\/wordpress\/wp-content\/uploads\/DSCF6178-300x198.jpg\" alt=\"Hummerfish DSCF6178\" width=\"300\" height=\"198\" srcset=\"https:\/\/www.villareuter.fi\/wordpress\/wp-content\/uploads\/DSCF6178-300x198.jpg 300w, https:\/\/www.villareuter.fi\/wordpress\/wp-content\/uploads\/DSCF6178-226x150.jpg 226w, https:\/\/www.villareuter.fi\/wordpress\/wp-content\/uploads\/DSCF6178-150x99.jpg 150w, https:\/\/www.villareuter.fi\/wordpress\/wp-content\/uploads\/DSCF6178.jpg 640w\" sizes=\"(max-width: 300px) 100vw, 300px\" \/><\/a>&nbsp;&nbsp;<a href=\"http:\/\/www.villareuter.fi\/wordpress\/wp-content\/uploads\/180-grader-mov.jpg\"><img loading=\"lazy\" decoding=\"async\" class=\"alignnone size-medium wp-image-195\" src=\"http:\/\/www.villareuter.fi\/wordpress\/wp-content\/uploads\/180-grader-mov-300x238.jpg\" alt=\"Hummerfish 180 grader mov\" width=\"248\" height=\"197\" srcset=\"https:\/\/www.villareuter.fi\/wordpress\/wp-content\/uploads\/180-grader-mov-300x238.jpg 300w, https:\/\/www.villareuter.fi\/wordpress\/wp-content\/uploads\/180-grader-mov-188x150.jpg 188w, https:\/\/www.villareuter.fi\/wordpress\/wp-content\/uploads\/180-grader-mov-150x119.jpg 150w, https:\/\/www.villareuter.fi\/wordpress\/wp-content\/uploads\/180-grader-mov.jpg 320w\" sizes=\"(max-width: 248px) 100vw, 248px\" \/><\/a><a href=\"http:\/\/www.villareuter.fi\/wordpress\/wp-content\/uploads\/180_grader.mov\">180_grader<\/a><\/p>\n<!-- index.php -->\n<div\n\tclass=\"ngg-galleryoverview\n\t ngg-ajax-pagination-none\t\"\n\tid=\"ngg-gallery-eaa4fc121162e5368348671b65abdc0d-1\">\n\n\t\t<div class=\"slideshowlink\">\n\t\t<a href='https:\/\/www.villareuter.fi\/wordpress\/veneet\/kuljetus\/nggallery\/slideshow'>[Show slideshow]<\/a>\n\t\t\n\t<\/div>\n\t\t\t<!-- Thumbnails -->\n\t\t\t\t<div id=\"ngg-image-0\" class=\"ngg-gallery-thumbnail-box\" \n\t\t\t\t\t\t\t\t\t\t\t>\n\t\t\t\t\t\t<div class=\"ngg-gallery-thumbnail\">\n\t\t\t<a href=\"https:\/\/www.villareuter.fi\/wordpress\/wp-content\/gallery\/seashelter\/128_2855.jpg\"\n\t\t\t\ttitle=\" \"\n\t\t\t\tdata-src=\"https:\/\/www.villareuter.fi\/wordpress\/wp-content\/gallery\/seashelter\/128_2855.jpg\"\n\t\t\t\tdata-thumbnail=\"https:\/\/www.villareuter.fi\/wordpress\/wp-content\/gallery\/seashelter\/thumbs\/thumbs_128_2855.jpg\"\n\t\t\t\tdata-image-id=\"223\"\n\t\t\t\tdata-title=\"128_2855\"\n\t\t\t\tdata-description=\" \"\n\t\t\t\tdata-image-slug=\"128_2855\"\n\t\t\t\tclass=\"ngg-fancybox\" rel=\"eaa4fc121162e5368348671b65abdc0d\">\n\t\t\t\t<img\n\t\t\t\t\ttitle=\"128_2855\"\n\t\t\t\t\talt=\"128_2855\"\n\t\t\t\t\tsrc=\"https:\/\/www.villareuter.fi\/wordpress\/wp-content\/gallery\/seashelter\/thumbs\/thumbs_128_2855.jpg\"\n\t\t\t\t\twidth=\"120\"\n\t\t\t\t\theight=\"90\"\n\t\t\t\t\tstyle=\"max-width:100%;\"\n\t\t\t\t\/>\n\t\t\t<\/a>\n\t\t<\/div>\n\t\t\t\t\t\t\t<\/div> \n\t\t\t\n\t\t\n\t\t\t\t<div id=\"ngg-image-1\" class=\"ngg-gallery-thumbnail-box\" \n\t\t\t\t\t\t\t\t\t\t\t>\n\t\t\t\t\t\t<div class=\"ngg-gallery-thumbnail\">\n\t\t\t<a href=\"https:\/\/www.villareuter.fi\/wordpress\/wp-content\/gallery\/seashelter\/_dsc3338.jpg\"\n\t\t\t\ttitle=\" \"\n\t\t\t\tdata-src=\"https:\/\/www.villareuter.fi\/wordpress\/wp-content\/gallery\/seashelter\/_dsc3338.jpg\"\n\t\t\t\tdata-thumbnail=\"https:\/\/www.villareuter.fi\/wordpress\/wp-content\/gallery\/seashelter\/thumbs\/thumbs__dsc3338.jpg\"\n\t\t\t\tdata-image-id=\"224\"\n\t\t\t\tdata-title=\"_dsc3338\"\n\t\t\t\tdata-description=\" \"\n\t\t\t\tdata-image-slug=\"_dsc3338\"\n\t\t\t\tclass=\"ngg-fancybox\" rel=\"eaa4fc121162e5368348671b65abdc0d\">\n\t\t\t\t<img\n\t\t\t\t\ttitle=\"_dsc3338\"\n\t\t\t\t\talt=\"_dsc3338\"\n\t\t\t\t\tsrc=\"https:\/\/www.villareuter.fi\/wordpress\/wp-content\/gallery\/seashelter\/thumbs\/thumbs__dsc3338.jpg\"\n\t\t\t\t\twidth=\"120\"\n\t\t\t\t\theight=\"90\"\n\t\t\t\t\tstyle=\"max-width:100%;\"\n\t\t\t\t\/>\n\t\t\t<\/a>\n\t\t<\/div>\n\t\t\t\t\t\t\t<\/div> \n\t\t\t\n\t\t\n\t\t\t\t<div id=\"ngg-image-2\" class=\"ngg-gallery-thumbnail-box\" \n\t\t\t\t\t\t\t\t\t\t\t>\n\t\t\t\t\t\t<div class=\"ngg-gallery-thumbnail\">\n\t\t\t<a href=\"https:\/\/www.villareuter.fi\/wordpress\/wp-content\/gallery\/seashelter\/_dsc3345.jpg\"\n\t\t\t\ttitle=\" \"\n\t\t\t\tdata-src=\"https:\/\/www.villareuter.fi\/wordpress\/wp-content\/gallery\/seashelter\/_dsc3345.jpg\"\n\t\t\t\tdata-thumbnail=\"https:\/\/www.villareuter.fi\/wordpress\/wp-content\/gallery\/seashelter\/thumbs\/thumbs__dsc3345.jpg\"\n\t\t\t\tdata-image-id=\"225\"\n\t\t\t\tdata-title=\"_dsc3345\"\n\t\t\t\tdata-description=\" \"\n\t\t\t\tdata-image-slug=\"_dsc3345\"\n\t\t\t\tclass=\"ngg-fancybox\" rel=\"eaa4fc121162e5368348671b65abdc0d\">\n\t\t\t\t<img\n\t\t\t\t\ttitle=\"_dsc3345\"\n\t\t\t\t\talt=\"_dsc3345\"\n\t\t\t\t\tsrc=\"https:\/\/www.villareuter.fi\/wordpress\/wp-content\/gallery\/seashelter\/thumbs\/thumbs__dsc3345.jpg\"\n\t\t\t\t\twidth=\"120\"\n\t\t\t\t\theight=\"90\"\n\t\t\t\t\tstyle=\"max-width:100%;\"\n\t\t\t\t\/>\n\t\t\t<\/a>\n\t\t<\/div>\n\t\t\t\t\t\t\t<\/div> \n\t\t\t\n\t\t\n\t\t\t\t<div id=\"ngg-image-3\" class=\"ngg-gallery-thumbnail-box\" \n\t\t\t\t\t\t\t\t\t\t\t>\n\t\t\t\t\t\t<div class=\"ngg-gallery-thumbnail\">\n\t\t\t<a href=\"https:\/\/www.villareuter.fi\/wordpress\/wp-content\/gallery\/seashelter\/_dsc3362.jpg\"\n\t\t\t\ttitle=\" \"\n\t\t\t\tdata-src=\"https:\/\/www.villareuter.fi\/wordpress\/wp-content\/gallery\/seashelter\/_dsc3362.jpg\"\n\t\t\t\tdata-thumbnail=\"https:\/\/www.villareuter.fi\/wordpress\/wp-content\/gallery\/seashelter\/thumbs\/thumbs__dsc3362.jpg\"\n\t\t\t\tdata-image-id=\"226\"\n\t\t\t\tdata-title=\"_dsc3362\"\n\t\t\t\tdata-description=\" \"\n\t\t\t\tdata-image-slug=\"_dsc3362\"\n\t\t\t\tclass=\"ngg-fancybox\" rel=\"eaa4fc121162e5368348671b65abdc0d\">\n\t\t\t\t<img\n\t\t\t\t\ttitle=\"_dsc3362\"\n\t\t\t\t\talt=\"_dsc3362\"\n\t\t\t\t\tsrc=\"https:\/\/www.villareuter.fi\/wordpress\/wp-content\/gallery\/seashelter\/thumbs\/thumbs__dsc3362.jpg\"\n\t\t\t\t\twidth=\"120\"\n\t\t\t\t\theight=\"90\"\n\t\t\t\t\tstyle=\"max-width:100%;\"\n\t\t\t\t\/>\n\t\t\t<\/a>\n\t\t<\/div>\n\t\t\t\t\t\t\t<\/div> \n\t\t\t\n\t\t\n\t\t\t\t<div id=\"ngg-image-4\" class=\"ngg-gallery-thumbnail-box\" \n\t\t\t\t\t\t\t\t\t\t\t>\n\t\t\t\t\t\t<div class=\"ngg-gallery-thumbnail\">\n\t\t\t<a href=\"https:\/\/www.villareuter.fi\/wordpress\/wp-content\/gallery\/seashelter\/img_3034.jpg\"\n\t\t\t\ttitle=\" \"\n\t\t\t\tdata-src=\"https:\/\/www.villareuter.fi\/wordpress\/wp-content\/gallery\/seashelter\/img_3034.jpg\"\n\t\t\t\tdata-thumbnail=\"https:\/\/www.villareuter.fi\/wordpress\/wp-content\/gallery\/seashelter\/thumbs\/thumbs_img_3034.jpg\"\n\t\t\t\tdata-image-id=\"227\"\n\t\t\t\tdata-title=\"img_3034\"\n\t\t\t\tdata-description=\" \"\n\t\t\t\tdata-image-slug=\"img_3034\"\n\t\t\t\tclass=\"ngg-fancybox\" rel=\"eaa4fc121162e5368348671b65abdc0d\">\n\t\t\t\t<img\n\t\t\t\t\ttitle=\"img_3034\"\n\t\t\t\t\talt=\"img_3034\"\n\t\t\t\t\tsrc=\"https:\/\/www.villareuter.fi\/wordpress\/wp-content\/gallery\/seashelter\/thumbs\/thumbs_img_3034.jpg\"\n\t\t\t\t\twidth=\"120\"\n\t\t\t\t\theight=\"90\"\n\t\t\t\t\tstyle=\"max-width:100%;\"\n\t\t\t\t\/>\n\t\t\t<\/a>\n\t\t<\/div>\n\t\t\t\t\t\t\t<\/div> \n\t\t\t\n\t\t\n\t\t\t\t<div id=\"ngg-image-5\" class=\"ngg-gallery-thumbnail-box\" \n\t\t\t\t\t\t\t\t\t\t\t>\n\t\t\t\t\t\t<div class=\"ngg-gallery-thumbnail\">\n\t\t\t<a href=\"https:\/\/www.villareuter.fi\/wordpress\/wp-content\/gallery\/seashelter\/img_3041.jpg\"\n\t\t\t\ttitle=\" \"\n\t\t\t\tdata-src=\"https:\/\/www.villareuter.fi\/wordpress\/wp-content\/gallery\/seashelter\/img_3041.jpg\"\n\t\t\t\tdata-thumbnail=\"https:\/\/www.villareuter.fi\/wordpress\/wp-content\/gallery\/seashelter\/thumbs\/thumbs_img_3041.jpg\"\n\t\t\t\tdata-image-id=\"228\"\n\t\t\t\tdata-title=\"img_3041\"\n\t\t\t\tdata-description=\" \"\n\t\t\t\tdata-image-slug=\"img_3041\"\n\t\t\t\tclass=\"ngg-fancybox\" rel=\"eaa4fc121162e5368348671b65abdc0d\">\n\t\t\t\t<img\n\t\t\t\t\ttitle=\"img_3041\"\n\t\t\t\t\talt=\"img_3041\"\n\t\t\t\t\tsrc=\"https:\/\/www.villareuter.fi\/wordpress\/wp-content\/gallery\/seashelter\/thumbs\/thumbs_img_3041.jpg\"\n\t\t\t\t\twidth=\"120\"\n\t\t\t\t\theight=\"90\"\n\t\t\t\t\tstyle=\"max-width:100%;\"\n\t\t\t\t\/>\n\t\t\t<\/a>\n\t\t<\/div>\n\t\t\t\t\t\t\t<\/div> \n\t\t\t\n\t\t\n\t\t\t\t<div id=\"ngg-image-6\" class=\"ngg-gallery-thumbnail-box\" \n\t\t\t\t\t\t\t\t\t\t\t>\n\t\t\t\t\t\t<div class=\"ngg-gallery-thumbnail\">\n\t\t\t<a href=\"https:\/\/www.villareuter.fi\/wordpress\/wp-content\/gallery\/seashelter\/img_3047.jpg\"\n\t\t\t\ttitle=\" \"\n\t\t\t\tdata-src=\"https:\/\/www.villareuter.fi\/wordpress\/wp-content\/gallery\/seashelter\/img_3047.jpg\"\n\t\t\t\tdata-thumbnail=\"https:\/\/www.villareuter.fi\/wordpress\/wp-content\/gallery\/seashelter\/thumbs\/thumbs_img_3047.jpg\"\n\t\t\t\tdata-image-id=\"229\"\n\t\t\t\tdata-title=\"img_3047\"\n\t\t\t\tdata-description=\" \"\n\t\t\t\tdata-image-slug=\"img_3047\"\n\t\t\t\tclass=\"ngg-fancybox\" rel=\"eaa4fc121162e5368348671b65abdc0d\">\n\t\t\t\t<img\n\t\t\t\t\ttitle=\"img_3047\"\n\t\t\t\t\talt=\"img_3047\"\n\t\t\t\t\tsrc=\"https:\/\/www.villareuter.fi\/wordpress\/wp-content\/gallery\/seashelter\/thumbs\/thumbs_img_3047.jpg\"\n\t\t\t\t\twidth=\"120\"\n\t\t\t\t\theight=\"90\"\n\t\t\t\t\tstyle=\"max-width:100%;\"\n\t\t\t\t\/>\n\t\t\t<\/a>\n\t\t<\/div>\n\t\t\t\t\t\t\t<\/div> \n\t\t\t\n\t\t\n\t\t\n\t\t<!-- Pagination -->\n\t\t<div class='ngg-clear'><\/div>\t<\/div>\n\n","protected":false},"excerpt":{"rendered":"<p>HUMMERFISH Veneet&#8212;&#8211;Kuljetus&#8212;&#8211;Purjehdus Hummerfish veneell\u00e4 kuljetamme teid\u00e4t Lempn\u00e4sin saaristokohteeseen. Vene on vankkarakenteinen ja l\u00e4mmin, matkanopeus 30 solmua joten matka taittuu noin tunnissa. &nbsp;&nbsp;180_grader<\/p>\n","protected":false},"author":1,"featured_media":0,"parent":74,"menu_order":0,"comment_status":"closed","ping_status":"closed","template":"","meta":{"om_disable_all_campaigns":false,"_monsterinsights_skip_tracking":false,"_monsterinsights_sitenote_active":false,"_monsterinsights_sitenote_note":"","_monsterinsights_sitenote_category":0,"_uf_show_specific_survey":0,"_uf_disable_surveys":false,"ngg_post_thumbnail":0,"footnotes":""},"_links":{"self":[{"href":"https:\/\/www.villareuter.fi\/wordpress\/wp-json\/wp\/v2\/pages\/76"}],"collection":[{"href":"https:\/\/www.villareuter.fi\/wordpress\/wp-json\/wp\/v2\/pages"}],"about":[{"href":"https:\/\/www.villareuter.fi\/wordpress\/wp-json\/wp\/v2\/types\/page"}],"author":[{"embeddable":true,"href":"https:\/\/www.villareuter.fi\/wordpress\/wp-json\/wp\/v2\/users\/1"}],"replies":[{"embeddable":true,"href":"https:\/\/www.villareuter.fi\/wordpress\/wp-json\/wp\/v2\/comments?post=76"}],"version-history":[{"count":10,"href":"https:\/\/www.villareuter.fi\/wordpress\/wp-json\/wp\/v2\/pages\/76\/revisions"}],"predecessor-version":[{"id":1290,"href":"https:\/\/www.villareuter.fi\/wordpress\/wp-json\/wp\/v2\/pages\/76\/revisions\/1290"}],"up":[{"embeddable":true,"href":"https:\/\/www.villareuter.fi\/wordpress\/wp-json\/wp\/v2\/pages\/74"}],"wp:attachment":[{"href":"https:\/\/www.villareuter.fi\/wordpress\/wp-json\/wp\/v2\/media?parent=76"}],"curies":[{"name":"wp","href":"https:\/\/api.w.org\/{rel}","templated":true}]}}