{"id":66,"date":"2013-11-26T23:20:27","date_gmt":"2013-11-26T21:20:27","guid":{"rendered":"http:\/\/www.villareuter.fi\/wordpress\/?page_id=66"},"modified":"2016-03-12T13:31:16","modified_gmt":"2016-03-12T11:31:16","slug":"suklaakurssi","status":"publish","type":"page","link":"https:\/\/www.villareuter.fi\/wordpress\/palvelut\/suklaakurssi\/","title":{"rendered":"Suklaakurssi"},"content":{"rendered":"<p><strong>SUKLAAKURSSI<\/strong><br \/>\n<a href=\"https:\/\/www.villareuter.fi\/wordpress\/palvelut\/\/\">Palvelut<\/a>&#8212;&#8211;<a href=\"https:\/\/www.villareuter.fi\/wordpress\/palvelut\/juuston-valmistus\/\/\">Juuston teko<\/a>&#8212;&#8211;<a href=\"https:\/\/www.villareuter.fi\/wordpress\/?page_id=62\/\">Kalastus<\/a>&#8212;&#8211;<a href=\"https:\/\/www.villareuter.fi\/wordpress\/palvelut\/olutkurssi\/\/\">Olutkurssi<\/a>&#8212;&#8211;<a href=\"https:\/\/www.villareuter.fi\/wordpress\/palvelut\/suklaakurssi\/\/\">Suklaakurssi<\/a><\/p>\n<p><a href=\"http:\/\/www.villareuter.fi\/wordpress\/wp-content\/uploads\/324.jpg\"><img loading=\"lazy\" decoding=\"async\" class=\"alignleft size-full wp-image-653\" title=\"Suklaakurssi\" src=\"http:\/\/www.villareuter.fi\/wordpress\/wp-content\/uploads\/324.jpg\" alt=\"Suklaakurssi 324\" width=\"251\" height=\"378\" \/><\/a><\/p>\n<h2>Suklaakurssi<\/h2>\n<p>Suklaakurssilla valmistamme tryffeleit\u00e4 ja suklaakonvehteja.<br \/>\nValmistamme sen verran ett\u00e4 jokaiselle riitt\u00e4\u00e4 kotiviet\u00e4v\u00e4ksikin.<\/p>\n<p>Temperoimme suklaata ja maistelemme eri lajikeita<br \/>\n<!-- index.php -->\n<div\n\tclass=\"ngg-galleryoverview\n\t ngg-ajax-pagination-none\t\"\n\tid=\"ngg-gallery-40fa0c604b6226ad8b9597e986e6faad-1\">\n\n\t\t<div class=\"slideshowlink\">\n\t\t<a href='https:\/\/www.villareuter.fi\/wordpress\/palvelut\/suklaakurssi\/nggallery\/slideshow'>[Show slideshow]<\/a>\n\t\t\n\t<\/div>\n\t\t\t<!-- Thumbnails -->\n\t\t\t\t<div id=\"ngg-image-0\" class=\"ngg-gallery-thumbnail-box\" \n\t\t\t\t\t\t\t\t\t\t\t>\n\t\t\t\t\t\t<div class=\"ngg-gallery-thumbnail\">\n\t\t\t<a href=\"https:\/\/www.villareuter.fi\/wordpress\/wp-content\/gallery\/suklaa\/img_6591.jpg\"\n\t\t\t\ttitle=\" \"\n\t\t\t\tdata-src=\"https:\/\/www.villareuter.fi\/wordpress\/wp-content\/gallery\/suklaa\/img_6591.jpg\"\n\t\t\t\tdata-thumbnail=\"https:\/\/www.villareuter.fi\/wordpress\/wp-content\/gallery\/suklaa\/thumbs\/thumbs_img_6591.jpg\"\n\t\t\t\tdata-image-id=\"230\"\n\t\t\t\tdata-title=\"img_6591\"\n\t\t\t\tdata-description=\" \"\n\t\t\t\tdata-image-slug=\"img_6591\"\n\t\t\t\tclass=\"ngg-fancybox\" rel=\"40fa0c604b6226ad8b9597e986e6faad\">\n\t\t\t\t<img\n\t\t\t\t\ttitle=\"img_6591\"\n\t\t\t\t\talt=\"img_6591\"\n\t\t\t\t\tsrc=\"https:\/\/www.villareuter.fi\/wordpress\/wp-content\/gallery\/suklaa\/thumbs\/thumbs_img_6591.jpg\"\n\t\t\t\t\twidth=\"120\"\n\t\t\t\t\theight=\"90\"\n\t\t\t\t\tstyle=\"max-width:100%;\"\n\t\t\t\t\/>\n\t\t\t<\/a>\n\t\t<\/div>\n\t\t\t\t\t\t\t<\/div> \n\t\t\t\n\t\t\n\t\t\t\t<div id=\"ngg-image-1\" class=\"ngg-gallery-thumbnail-box\" \n\t\t\t\t\t\t\t\t\t\t\t>\n\t\t\t\t\t\t<div class=\"ngg-gallery-thumbnail\">\n\t\t\t<a href=\"https:\/\/www.villareuter.fi\/wordpress\/wp-content\/gallery\/suklaa\/img_6592.jpg\"\n\t\t\t\ttitle=\" \"\n\t\t\t\tdata-src=\"https:\/\/www.villareuter.fi\/wordpress\/wp-content\/gallery\/suklaa\/img_6592.jpg\"\n\t\t\t\tdata-thumbnail=\"https:\/\/www.villareuter.fi\/wordpress\/wp-content\/gallery\/suklaa\/thumbs\/thumbs_img_6592.jpg\"\n\t\t\t\tdata-image-id=\"231\"\n\t\t\t\tdata-title=\"img_6592\"\n\t\t\t\tdata-description=\" \"\n\t\t\t\tdata-image-slug=\"img_6592-2\"\n\t\t\t\tclass=\"ngg-fancybox\" rel=\"40fa0c604b6226ad8b9597e986e6faad\">\n\t\t\t\t<img\n\t\t\t\t\ttitle=\"img_6592\"\n\t\t\t\t\talt=\"img_6592\"\n\t\t\t\t\tsrc=\"https:\/\/www.villareuter.fi\/wordpress\/wp-content\/gallery\/suklaa\/thumbs\/thumbs_img_6592.jpg\"\n\t\t\t\t\twidth=\"120\"\n\t\t\t\t\theight=\"90\"\n\t\t\t\t\tstyle=\"max-width:100%;\"\n\t\t\t\t\/>\n\t\t\t<\/a>\n\t\t<\/div>\n\t\t\t\t\t\t\t<\/div> \n\t\t\t\n\t\t\n\t\t\t\t<div id=\"ngg-image-2\" class=\"ngg-gallery-thumbnail-box\" \n\t\t\t\t\t\t\t\t\t\t\t>\n\t\t\t\t\t\t<div class=\"ngg-gallery-thumbnail\">\n\t\t\t<a href=\"https:\/\/www.villareuter.fi\/wordpress\/wp-content\/gallery\/suklaa\/img_6593.jpg\"\n\t\t\t\ttitle=\" \"\n\t\t\t\tdata-src=\"https:\/\/www.villareuter.fi\/wordpress\/wp-content\/gallery\/suklaa\/img_6593.jpg\"\n\t\t\t\tdata-thumbnail=\"https:\/\/www.villareuter.fi\/wordpress\/wp-content\/gallery\/suklaa\/thumbs\/thumbs_img_6593.jpg\"\n\t\t\t\tdata-image-id=\"232\"\n\t\t\t\tdata-title=\"img_6593\"\n\t\t\t\tdata-description=\" \"\n\t\t\t\tdata-image-slug=\"img_6593-2\"\n\t\t\t\tclass=\"ngg-fancybox\" rel=\"40fa0c604b6226ad8b9597e986e6faad\">\n\t\t\t\t<img\n\t\t\t\t\ttitle=\"img_6593\"\n\t\t\t\t\talt=\"img_6593\"\n\t\t\t\t\tsrc=\"https:\/\/www.villareuter.fi\/wordpress\/wp-content\/gallery\/suklaa\/thumbs\/thumbs_img_6593.jpg\"\n\t\t\t\t\twidth=\"120\"\n\t\t\t\t\theight=\"90\"\n\t\t\t\t\tstyle=\"max-width:100%;\"\n\t\t\t\t\/>\n\t\t\t<\/a>\n\t\t<\/div>\n\t\t\t\t\t\t\t<\/div> \n\t\t\t\n\t\t\n\t\t\t\t<div id=\"ngg-image-3\" class=\"ngg-gallery-thumbnail-box\" \n\t\t\t\t\t\t\t\t\t\t\t>\n\t\t\t\t\t\t<div class=\"ngg-gallery-thumbnail\">\n\t\t\t<a href=\"https:\/\/www.villareuter.fi\/wordpress\/wp-content\/gallery\/suklaa\/img_6594.jpg\"\n\t\t\t\ttitle=\" \"\n\t\t\t\tdata-src=\"https:\/\/www.villareuter.fi\/wordpress\/wp-content\/gallery\/suklaa\/img_6594.jpg\"\n\t\t\t\tdata-thumbnail=\"https:\/\/www.villareuter.fi\/wordpress\/wp-content\/gallery\/suklaa\/thumbs\/thumbs_img_6594.jpg\"\n\t\t\t\tdata-image-id=\"233\"\n\t\t\t\tdata-title=\"img_6594\"\n\t\t\t\tdata-description=\" \"\n\t\t\t\tdata-image-slug=\"img_6594-2\"\n\t\t\t\tclass=\"ngg-fancybox\" rel=\"40fa0c604b6226ad8b9597e986e6faad\">\n\t\t\t\t<img\n\t\t\t\t\ttitle=\"img_6594\"\n\t\t\t\t\talt=\"img_6594\"\n\t\t\t\t\tsrc=\"https:\/\/www.villareuter.fi\/wordpress\/wp-content\/gallery\/suklaa\/thumbs\/thumbs_img_6594.jpg\"\n\t\t\t\t\twidth=\"120\"\n\t\t\t\t\theight=\"90\"\n\t\t\t\t\tstyle=\"max-width:100%;\"\n\t\t\t\t\/>\n\t\t\t<\/a>\n\t\t<\/div>\n\t\t\t\t\t\t\t<\/div> \n\t\t\t\n\t\t\n\t\t\t\t<div id=\"ngg-image-4\" class=\"ngg-gallery-thumbnail-box\" \n\t\t\t\t\t\t\t\t\t\t\t>\n\t\t\t\t\t\t<div class=\"ngg-gallery-thumbnail\">\n\t\t\t<a href=\"https:\/\/www.villareuter.fi\/wordpress\/wp-content\/gallery\/suklaa\/img_6598.jpg\"\n\t\t\t\ttitle=\" \"\n\t\t\t\tdata-src=\"https:\/\/www.villareuter.fi\/wordpress\/wp-content\/gallery\/suklaa\/img_6598.jpg\"\n\t\t\t\tdata-thumbnail=\"https:\/\/www.villareuter.fi\/wordpress\/wp-content\/gallery\/suklaa\/thumbs\/thumbs_img_6598.jpg\"\n\t\t\t\tdata-image-id=\"234\"\n\t\t\t\tdata-title=\"img_6598\"\n\t\t\t\tdata-description=\" \"\n\t\t\t\tdata-image-slug=\"img_6598\"\n\t\t\t\tclass=\"ngg-fancybox\" rel=\"40fa0c604b6226ad8b9597e986e6faad\">\n\t\t\t\t<img\n\t\t\t\t\ttitle=\"img_6598\"\n\t\t\t\t\talt=\"img_6598\"\n\t\t\t\t\tsrc=\"https:\/\/www.villareuter.fi\/wordpress\/wp-content\/gallery\/suklaa\/thumbs\/thumbs_img_6598.jpg\"\n\t\t\t\t\twidth=\"120\"\n\t\t\t\t\theight=\"90\"\n\t\t\t\t\tstyle=\"max-width:100%;\"\n\t\t\t\t\/>\n\t\t\t<\/a>\n\t\t<\/div>\n\t\t\t\t\t\t\t<\/div> \n\t\t\t\n\t\t\n\t\t\t\t<div id=\"ngg-image-5\" class=\"ngg-gallery-thumbnail-box\" \n\t\t\t\t\t\t\t\t\t\t\t>\n\t\t\t\t\t\t<div class=\"ngg-gallery-thumbnail\">\n\t\t\t<a href=\"https:\/\/www.villareuter.fi\/wordpress\/wp-content\/gallery\/suklaa\/img_6600.jpg\"\n\t\t\t\ttitle=\" \"\n\t\t\t\tdata-src=\"https:\/\/www.villareuter.fi\/wordpress\/wp-content\/gallery\/suklaa\/img_6600.jpg\"\n\t\t\t\tdata-thumbnail=\"https:\/\/www.villareuter.fi\/wordpress\/wp-content\/gallery\/suklaa\/thumbs\/thumbs_img_6600.jpg\"\n\t\t\t\tdata-image-id=\"235\"\n\t\t\t\tdata-title=\"img_6600\"\n\t\t\t\tdata-description=\" \"\n\t\t\t\tdata-image-slug=\"img_6600-2\"\n\t\t\t\tclass=\"ngg-fancybox\" rel=\"40fa0c604b6226ad8b9597e986e6faad\">\n\t\t\t\t<img\n\t\t\t\t\ttitle=\"img_6600\"\n\t\t\t\t\talt=\"img_6600\"\n\t\t\t\t\tsrc=\"https:\/\/www.villareuter.fi\/wordpress\/wp-content\/gallery\/suklaa\/thumbs\/thumbs_img_6600.jpg\"\n\t\t\t\t\twidth=\"120\"\n\t\t\t\t\theight=\"90\"\n\t\t\t\t\tstyle=\"max-width:100%;\"\n\t\t\t\t\/>\n\t\t\t<\/a>\n\t\t<\/div>\n\t\t\t\t\t\t\t<\/div> \n\t\t\t\n\t\t\n\t\t\t\t<div id=\"ngg-image-6\" class=\"ngg-gallery-thumbnail-box\" \n\t\t\t\t\t\t\t\t\t\t\t>\n\t\t\t\t\t\t<div class=\"ngg-gallery-thumbnail\">\n\t\t\t<a href=\"https:\/\/www.villareuter.fi\/wordpress\/wp-content\/gallery\/suklaa\/img_6602.jpg\"\n\t\t\t\ttitle=\" \"\n\t\t\t\tdata-src=\"https:\/\/www.villareuter.fi\/wordpress\/wp-content\/gallery\/suklaa\/img_6602.jpg\"\n\t\t\t\tdata-thumbnail=\"https:\/\/www.villareuter.fi\/wordpress\/wp-content\/gallery\/suklaa\/thumbs\/thumbs_img_6602.jpg\"\n\t\t\t\tdata-image-id=\"236\"\n\t\t\t\tdata-title=\"img_6602\"\n\t\t\t\tdata-description=\" \"\n\t\t\t\tdata-image-slug=\"img_6602\"\n\t\t\t\tclass=\"ngg-fancybox\" rel=\"40fa0c604b6226ad8b9597e986e6faad\">\n\t\t\t\t<img\n\t\t\t\t\ttitle=\"img_6602\"\n\t\t\t\t\talt=\"img_6602\"\n\t\t\t\t\tsrc=\"https:\/\/www.villareuter.fi\/wordpress\/wp-content\/gallery\/suklaa\/thumbs\/thumbs_img_6602.jpg\"\n\t\t\t\t\twidth=\"120\"\n\t\t\t\t\theight=\"90\"\n\t\t\t\t\tstyle=\"max-width:100%;\"\n\t\t\t\t\/>\n\t\t\t<\/a>\n\t\t<\/div>\n\t\t\t\t\t\t\t<\/div> \n\t\t\t\n\t\t\n\t\t\n\t\t<!-- Pagination -->\n\t\t<div class='ngg-clear'><\/div>\t<\/div>\n<\/p>\n","protected":false},"excerpt":{"rendered":"<p>SUKLAAKURSSI Palvelut&#8212;&#8211;Juuston teko&#8212;&#8211;Kalastus&#8212;&#8211;Olutkurssi&#8212;&#8211;Suklaakurssi Suklaakurssi Suklaakurssilla valmistamme tryffeleit\u00e4 ja suklaakonvehteja. Valmistamme sen verran ett\u00e4 jokaiselle riitt\u00e4\u00e4 kotiviet\u00e4v\u00e4ksikin. Temperoimme suklaata ja maistelemme eri lajikeita<\/p>\n","protected":false},"author":1,"featured_media":0,"parent":59,"menu_order":0,"comment_status":"closed","ping_status":"closed","template":"","meta":{"om_disable_all_campaigns":false,"_monsterinsights_skip_tracking":false,"_monsterinsights_sitenote_active":false,"_monsterinsights_sitenote_note":"","_monsterinsights_sitenote_category":0,"_uf_show_specific_survey":0,"_uf_disable_surveys":false,"ngg_post_thumbnail":0,"footnotes":""},"_links":{"self":[{"href":"https:\/\/www.villareuter.fi\/wordpress\/wp-json\/wp\/v2\/pages\/66"}],"collection":[{"href":"https:\/\/www.villareuter.fi\/wordpress\/wp-json\/wp\/v2\/pages"}],"about":[{"href":"https:\/\/www.villareuter.fi\/wordpress\/wp-json\/wp\/v2\/types\/page"}],"author":[{"embeddable":true,"href":"https:\/\/www.villareuter.fi\/wordpress\/wp-json\/wp\/v2\/users\/1"}],"replies":[{"embeddable":true,"href":"https:\/\/www.villareuter.fi\/wordpress\/wp-json\/wp\/v2\/comments?post=66"}],"version-history":[{"count":14,"href":"https:\/\/www.villareuter.fi\/wordpress\/wp-json\/wp\/v2\/pages\/66\/revisions"}],"predecessor-version":[{"id":585,"href":"https:\/\/www.villareuter.fi\/wordpress\/wp-json\/wp\/v2\/pages\/66\/revisions\/585"}],"up":[{"embeddable":true,"href":"https:\/\/www.villareuter.fi\/wordpress\/wp-json\/wp\/v2\/pages\/59"}],"wp:attachment":[{"href":"https:\/\/www.villareuter.fi\/wordpress\/wp-json\/wp\/v2\/media?parent=66"}],"curies":[{"name":"wp","href":"https:\/\/api.w.org\/{rel}","templated":true}]}}