{"id":64,"date":"2013-11-26T23:13:43","date_gmt":"2013-11-26T21:13:43","guid":{"rendered":"http:\/\/www.villareuter.fi\/wordpress\/?page_id=64"},"modified":"2016-03-12T13:04:54","modified_gmt":"2016-03-12T11:04:54","slug":"olutkurssi","status":"publish","type":"page","link":"https:\/\/www.villareuter.fi\/wordpress\/palvelut\/olutkurssi\/","title":{"rendered":"Olutkurssi"},"content":{"rendered":"<p><a href=\"https:\/\/www.villareuter.fi\/wordpress\/palvelut\/\/\">Palvelut<\/a>&#8212;&#8211;<a href=\"https:\/\/www.villareuter.fi\/wordpress\/palvelut\/juuston-valmistus\/\/\">Juuston teko<\/a>&#8212;&#8211;<a href=\"https:\/\/www.villareuter.fi\/wordpress\/?page_id=62\/\">Kalastus<\/a>&#8212;&#8211;<a href=\"https:\/\/www.villareuter.fi\/wordpress\/palvelut\/olutkurssi\/\/\">Olutkurssi<\/a>&#8212;&#8211;<a href=\"https:\/\/www.villareuter.fi\/wordpress\/palvelut\/suklaakurssi\/\/\">Suklaakurssi<\/a><\/p>\n<div class=\"osa\">\n<h2><strong>OLUTKURSSI \u201dBrew in bag\u201d menetelm\u00e4ll\u00e4<\/strong><\/h2>\n<p>Kurssin tarkoitus on esitell\u00e4 yksinkertaista oluen valmistusta kotioloissa, painottaen miss\u00e4 yleisimm\u00e4t virheet tapahtuvat. K\u00e4yt\u00e4mme kaikkia valmistuksessa tarvittavia laitteita kurssin aikana jotta niiden k\u00e4ytt\u00f6 tulee tutuksi. Maistamme my\u00f6s aikaisempien kurssien aikana keitetty\u00e4 olutta ja k\u00e4ymme lyhyesti l\u00e4pi oluen historiaa ja kerromme oluttyyppien eroista<\/p>\n<p><a href=\"http:\/\/www.villareuter.fi\/wordpress\/wp-content\/uploads\/274.jpg\"><img loading=\"lazy\" decoding=\"async\" class=\"alignleft wp-image-646 size-full\" src=\"http:\/\/www.villareuter.fi\/wordpress\/wp-content\/uploads\/274.jpg\" alt=\"Olutkurssi 274 \" width=\"574\" height=\"476\" \/><\/a><br \/>\nKurssin kesto 90min. Kurssia voidaan kuitenkin tiivist\u00e4\u00e4 n. 30-45 min.<br \/>\nM\u00e4ski\u00e4 on keitetty 60-90 min ennen kurssin alkua. Aloitetaan oluen keitto (kesto n. 60min)<br \/>\n&#8211; K\u00e4yd\u00e4\u00e4n l\u00e4pi keitett\u00e4v\u00e4\u00e4 resepti\u00e4 sek\u00e4 muita t\u00e4h\u00e4n menetelm\u00e4\u00e4n soveltuvia reseptej\u00e4.<br \/>\n&#8211; Punnitaan humala-annokset. Kurssin aikana munakello soi aina kuin humala-annosta pit\u00e4\u00e4 lis\u00e4t\u00e4<br \/>\n&#8211; Kerrotaan mit\u00e4 oli tehty ennen kurssilaisten saapumista<br \/>\n&#8211; Esitell\u00e4\u00e4n miten pullotusta suoritetaan noudattaen tarkkaa hygieniaa. T\u00e4m\u00e4 vaihe tehd\u00e4\u00e4n vedell\u00e4 oluen sijasta mutta suoritetaan fyysisesti niin ett\u00e4 jokainen n\u00e4kee mit\u00e4 ja miten v\u00e4lineit\u00e4 k\u00e4ytet\u00e4\u00e4n.<br \/>\n&#8211; Aloitetaan oluen j\u00e4\u00e4hdytys.<br \/>\n&#8211; K\u00e4ymisastia desinfioidaan. Olut kaadetaan k\u00e4ymisastiaan. Asennetaan vesilukko ja lis\u00e4t\u00e4\u00e4n hiiva jonka j\u00e4lkeen lyhyt info k\u00e4ymisajoista<br \/>\n[\/mantra-column] [\/mantra-multi]<\/p>\n<!-- index.php -->\n<div\n\tclass=\"ngg-galleryoverview\n\t ngg-ajax-pagination-none\t\"\n\tid=\"ngg-gallery-a82c32e76719107c71516bf6425dbcc4-1\">\n\n\t\t<div class=\"slideshowlink\">\n\t\t<a href='https:\/\/www.villareuter.fi\/wordpress\/palvelut\/olutkurssi\/nggallery\/slideshow'>[Show slideshow]<\/a>\n\t\t\n\t<\/div>\n\t\t\t<!-- Thumbnails -->\n\t\t\t\t<div id=\"ngg-image-0\" class=\"ngg-gallery-thumbnail-box\" \n\t\t\t\t\t\t\t\t\t\t\t>\n\t\t\t\t\t\t<div class=\"ngg-gallery-thumbnail\">\n\t\t\t<a href=\"https:\/\/www.villareuter.fi\/wordpress\/wp-content\/gallery\/olutkurssi\/270.jpg\"\n\t\t\t\ttitle=\"\"\n\t\t\t\tdata-src=\"https:\/\/www.villareuter.fi\/wordpress\/wp-content\/gallery\/olutkurssi\/270.jpg\"\n\t\t\t\tdata-thumbnail=\"https:\/\/www.villareuter.fi\/wordpress\/wp-content\/gallery\/olutkurssi\/thumbs\/thumbs_270.jpg\"\n\t\t\t\tdata-image-id=\"174\"\n\t\t\t\tdata-title=\"270\"\n\t\t\t\tdata-description=\"\"\n\t\t\t\tdata-image-slug=\"270-2\"\n\t\t\t\tclass=\"ngg-fancybox\" rel=\"a82c32e76719107c71516bf6425dbcc4\">\n\t\t\t\t<img\n\t\t\t\t\ttitle=\"270\"\n\t\t\t\t\talt=\"270\"\n\t\t\t\t\tsrc=\"https:\/\/www.villareuter.fi\/wordpress\/wp-content\/gallery\/olutkurssi\/thumbs\/thumbs_270.jpg\"\n\t\t\t\t\twidth=\"120\"\n\t\t\t\t\theight=\"90\"\n\t\t\t\t\tstyle=\"max-width:100%;\"\n\t\t\t\t\/>\n\t\t\t<\/a>\n\t\t<\/div>\n\t\t\t\t\t\t\t<\/div> \n\t\t\t\n\t\t\n\t\t\t\t<div id=\"ngg-image-1\" class=\"ngg-gallery-thumbnail-box\" \n\t\t\t\t\t\t\t\t\t\t\t>\n\t\t\t\t\t\t<div class=\"ngg-gallery-thumbnail\">\n\t\t\t<a href=\"https:\/\/www.villareuter.fi\/wordpress\/wp-content\/gallery\/olutkurssi\/274.jpg\"\n\t\t\t\ttitle=\"\"\n\t\t\t\tdata-src=\"https:\/\/www.villareuter.fi\/wordpress\/wp-content\/gallery\/olutkurssi\/274.jpg\"\n\t\t\t\tdata-thumbnail=\"https:\/\/www.villareuter.fi\/wordpress\/wp-content\/gallery\/olutkurssi\/thumbs\/thumbs_274.jpg\"\n\t\t\t\tdata-image-id=\"175\"\n\t\t\t\tdata-title=\"274\"\n\t\t\t\tdata-description=\"\"\n\t\t\t\tdata-image-slug=\"274-2\"\n\t\t\t\tclass=\"ngg-fancybox\" rel=\"a82c32e76719107c71516bf6425dbcc4\">\n\t\t\t\t<img\n\t\t\t\t\ttitle=\"274\"\n\t\t\t\t\talt=\"274\"\n\t\t\t\t\tsrc=\"https:\/\/www.villareuter.fi\/wordpress\/wp-content\/gallery\/olutkurssi\/thumbs\/thumbs_274.jpg\"\n\t\t\t\t\twidth=\"120\"\n\t\t\t\t\theight=\"90\"\n\t\t\t\t\tstyle=\"max-width:100%;\"\n\t\t\t\t\/>\n\t\t\t<\/a>\n\t\t<\/div>\n\t\t\t\t\t\t\t<\/div> \n\t\t\t\n\t\t\n\t\t\t\t<div id=\"ngg-image-2\" class=\"ngg-gallery-thumbnail-box\" \n\t\t\t\t\t\t\t\t\t\t\t>\n\t\t\t\t\t\t<div class=\"ngg-gallery-thumbnail\">\n\t\t\t<a href=\"https:\/\/www.villareuter.fi\/wordpress\/wp-content\/gallery\/olutkurssi\/img_5412.jpg\"\n\t\t\t\ttitle=\"\"\n\t\t\t\tdata-src=\"https:\/\/www.villareuter.fi\/wordpress\/wp-content\/gallery\/olutkurssi\/img_5412.jpg\"\n\t\t\t\tdata-thumbnail=\"https:\/\/www.villareuter.fi\/wordpress\/wp-content\/gallery\/olutkurssi\/thumbs\/thumbs_img_5412.jpg\"\n\t\t\t\tdata-image-id=\"176\"\n\t\t\t\tdata-title=\"img_5412\"\n\t\t\t\tdata-description=\"\"\n\t\t\t\tdata-image-slug=\"img_5412\"\n\t\t\t\tclass=\"ngg-fancybox\" rel=\"a82c32e76719107c71516bf6425dbcc4\">\n\t\t\t\t<img\n\t\t\t\t\ttitle=\"img_5412\"\n\t\t\t\t\talt=\"img_5412\"\n\t\t\t\t\tsrc=\"https:\/\/www.villareuter.fi\/wordpress\/wp-content\/gallery\/olutkurssi\/thumbs\/thumbs_img_5412.jpg\"\n\t\t\t\t\twidth=\"120\"\n\t\t\t\t\theight=\"90\"\n\t\t\t\t\tstyle=\"max-width:100%;\"\n\t\t\t\t\/>\n\t\t\t<\/a>\n\t\t<\/div>\n\t\t\t\t\t\t\t<\/div> \n\t\t\t\n\t\t\n\t\t\t\t<div id=\"ngg-image-3\" class=\"ngg-gallery-thumbnail-box\" \n\t\t\t\t\t\t\t\t\t\t\t>\n\t\t\t\t\t\t<div class=\"ngg-gallery-thumbnail\">\n\t\t\t<a href=\"https:\/\/www.villareuter.fi\/wordpress\/wp-content\/gallery\/olutkurssi\/img_6281.jpg\"\n\t\t\t\ttitle=\"\"\n\t\t\t\tdata-src=\"https:\/\/www.villareuter.fi\/wordpress\/wp-content\/gallery\/olutkurssi\/img_6281.jpg\"\n\t\t\t\tdata-thumbnail=\"https:\/\/www.villareuter.fi\/wordpress\/wp-content\/gallery\/olutkurssi\/thumbs\/thumbs_img_6281.jpg\"\n\t\t\t\tdata-image-id=\"177\"\n\t\t\t\tdata-title=\"img_6281\"\n\t\t\t\tdata-description=\"\"\n\t\t\t\tdata-image-slug=\"img_6281\"\n\t\t\t\tclass=\"ngg-fancybox\" rel=\"a82c32e76719107c71516bf6425dbcc4\">\n\t\t\t\t<img\n\t\t\t\t\ttitle=\"img_6281\"\n\t\t\t\t\talt=\"img_6281\"\n\t\t\t\t\tsrc=\"https:\/\/www.villareuter.fi\/wordpress\/wp-content\/gallery\/olutkurssi\/thumbs\/thumbs_img_6281.jpg\"\n\t\t\t\t\twidth=\"120\"\n\t\t\t\t\theight=\"90\"\n\t\t\t\t\tstyle=\"max-width:100%;\"\n\t\t\t\t\/>\n\t\t\t<\/a>\n\t\t<\/div>\n\t\t\t\t\t\t\t<\/div> \n\t\t\t\n\t\t\n\t\t\t\t<div id=\"ngg-image-4\" class=\"ngg-gallery-thumbnail-box\" \n\t\t\t\t\t\t\t\t\t\t\t>\n\t\t\t\t\t\t<div class=\"ngg-gallery-thumbnail\">\n\t\t\t<a href=\"https:\/\/www.villareuter.fi\/wordpress\/wp-content\/gallery\/olutkurssi\/img_6565.jpg\"\n\t\t\t\ttitle=\"\"\n\t\t\t\tdata-src=\"https:\/\/www.villareuter.fi\/wordpress\/wp-content\/gallery\/olutkurssi\/img_6565.jpg\"\n\t\t\t\tdata-thumbnail=\"https:\/\/www.villareuter.fi\/wordpress\/wp-content\/gallery\/olutkurssi\/thumbs\/thumbs_img_6565.jpg\"\n\t\t\t\tdata-image-id=\"178\"\n\t\t\t\tdata-title=\"img_6565\"\n\t\t\t\tdata-description=\"\"\n\t\t\t\tdata-image-slug=\"img_6565\"\n\t\t\t\tclass=\"ngg-fancybox\" rel=\"a82c32e76719107c71516bf6425dbcc4\">\n\t\t\t\t<img\n\t\t\t\t\ttitle=\"img_6565\"\n\t\t\t\t\talt=\"img_6565\"\n\t\t\t\t\tsrc=\"https:\/\/www.villareuter.fi\/wordpress\/wp-content\/gallery\/olutkurssi\/thumbs\/thumbs_img_6565.jpg\"\n\t\t\t\t\twidth=\"120\"\n\t\t\t\t\theight=\"90\"\n\t\t\t\t\tstyle=\"max-width:100%;\"\n\t\t\t\t\/>\n\t\t\t<\/a>\n\t\t<\/div>\n\t\t\t\t\t\t\t<\/div> \n\t\t\t\n\t\t\n\t\t\t\t<div id=\"ngg-image-5\" class=\"ngg-gallery-thumbnail-box\" \n\t\t\t\t\t\t\t\t\t\t\t>\n\t\t\t\t\t\t<div class=\"ngg-gallery-thumbnail\">\n\t\t\t<a href=\"https:\/\/www.villareuter.fi\/wordpress\/wp-content\/gallery\/olutkurssi\/img_6570.jpg\"\n\t\t\t\ttitle=\"\"\n\t\t\t\tdata-src=\"https:\/\/www.villareuter.fi\/wordpress\/wp-content\/gallery\/olutkurssi\/img_6570.jpg\"\n\t\t\t\tdata-thumbnail=\"https:\/\/www.villareuter.fi\/wordpress\/wp-content\/gallery\/olutkurssi\/thumbs\/thumbs_img_6570.jpg\"\n\t\t\t\tdata-image-id=\"179\"\n\t\t\t\tdata-title=\"img_6570\"\n\t\t\t\tdata-description=\"\"\n\t\t\t\tdata-image-slug=\"img_6570\"\n\t\t\t\tclass=\"ngg-fancybox\" rel=\"a82c32e76719107c71516bf6425dbcc4\">\n\t\t\t\t<img\n\t\t\t\t\ttitle=\"img_6570\"\n\t\t\t\t\talt=\"img_6570\"\n\t\t\t\t\tsrc=\"https:\/\/www.villareuter.fi\/wordpress\/wp-content\/gallery\/olutkurssi\/thumbs\/thumbs_img_6570.jpg\"\n\t\t\t\t\twidth=\"120\"\n\t\t\t\t\theight=\"90\"\n\t\t\t\t\tstyle=\"max-width:100%;\"\n\t\t\t\t\/>\n\t\t\t<\/a>\n\t\t<\/div>\n\t\t\t\t\t\t\t<\/div> \n\t\t\t\n\t\t\n\t\t\n\t\t<!-- Pagination -->\n\t\t<div class='ngg-clear'><\/div>\t<\/div>\n\n<p>TARVITTAVAT AINEET JA V\u00c4LINEET 16-18 LITRAN VALMISTUKSEEN<\/p>\n<p>MALLAS 5-6 kg ( n. 2,5\u20ac\/kg )<br \/>\nHUMALA 100-150g ( n. 3-5\u20ac\/100g )<br \/>\nOLUTHIIVA ( n. 3\u20ac )<br \/>\n(KIRKASTUSAINE n. 0,5 \u20ac )<\/p>\n<p>KATTILA 25-36 LITRAA ( n.150\u20ac Chez Marius )<br \/>\nKATTILAN L\u00c4MP\u00d6ERISTE ( Retkipatja n.8\u20ac Hong Kong )<br \/>\nJ\u00c4\u00c4HDYTYSJ\u00c4RJESTELM\u00c4 ( n. 15\u20ac )<br \/>\nSUDATINKANGAS (n. 5\u20ac\/kpl kotiviini.fi)<br \/>\nL\u00c4MP\u00d6MITTARI (n. 10\u20ac Chez Marius)<br \/>\nOMINAISPAINOMITTARI + lasi ((n. 5\u20ac+4\u20ac\/kpl kotiviini.fi)<br \/>\nVAAKA ( n. 20\u20ac Chez Marius)<br \/>\nSIIVIL\u00c4 ( n. 5\u20ac Friteerauskauha Ikea)<br \/>\nL\u00c4VIKK\u00d6 ( n. 8\u20ac Ikea)<br \/>\nK\u00c4YMISASTIAT 2 KPL (n. 15\u20ac\/kpl kotiviini.fi)<br \/>\nVESILUKKO + tiiviste (n. 3\u20ac\/kpl kotiviini.fi)<br \/>\nVIINILAPPO (n. 5\u20ac\/kpl kotiviini.fi)<br \/>\nINJEKTORI (n.4\u20ac\/kpl Chez Marius)<br \/>\nDESINFIOINTIAINE (n. 3\u20ac\/kpl kotiviini.fi)<br \/>\nTEELUSIKKAMITTA (n. 1\u20ac)<br \/>\nPULLONKORKITTAJA (n. 17\u20ac\/kpl kotiviini.fi)<br \/>\nKORKIT (n. 2,3\u20ac\/80kpl kotiviini.fi)<br \/>\nPULLOT<br \/>\nPULLONHARJA (n. 3\u20ac)<\/p>\n<p>LIS\u00c4TIETOA JA RESEPTEJ\u00c4 (Brew in a bag, \u201dBIAB\u201d) ESIM SEURAAVISTA OSOITTEISTA:<\/p>\n<p>WWW.SHBF.SE<br \/>\nWWW.BREWCAT.FI<br \/>\nWWW.HUMLEGARDEN.SE<br \/>\nWWW.BREWMATE.NET<br \/>\nWWW.AUSSIEHOMEBREWER.COM<br \/>\nWWW.BEERSMITH.COM<\/p>\n<\/div>\n","protected":false},"excerpt":{"rendered":"<p>Palvelut&#8212;&#8211;Juuston teko&#8212;&#8211;Kalastus&#8212;&#8211;Olutkurssi&#8212;&#8211;Suklaakurssi OLUTKURSSI \u201dBrew in bag\u201d menetelm\u00e4ll\u00e4 Kurssin tarkoitus on esitell\u00e4 yksinkertaista oluen valmistusta kotioloissa, painottaen miss\u00e4 yleisimm\u00e4t virheet tapahtuvat. K\u00e4yt\u00e4mme kaikkia valmistuksessa tarvittavia laitteita kurssin aikana jotta niiden k\u00e4ytt\u00f6 \u2026 <a class=\"continue-reading-link\" href=\"https:\/\/www.villareuter.fi\/wordpress\/palvelut\/olutkurssi\/\">Lue lis\u00e4\u00e4 <span class=\"meta-nav\">&rarr; <\/span><\/a><\/p>\n","protected":false},"author":1,"featured_media":0,"parent":59,"menu_order":0,"comment_status":"closed","ping_status":"closed","template":"","meta":{"om_disable_all_campaigns":false,"_monsterinsights_skip_tracking":false,"_monsterinsights_sitenote_active":false,"_monsterinsights_sitenote_note":"","_monsterinsights_sitenote_category":0,"_uf_show_specific_survey":0,"_uf_disable_surveys":false,"ngg_post_thumbnail":0,"footnotes":""},"_links":{"self":[{"href":"https:\/\/www.villareuter.fi\/wordpress\/wp-json\/wp\/v2\/pages\/64"}],"collection":[{"href":"https:\/\/www.villareuter.fi\/wordpress\/wp-json\/wp\/v2\/pages"}],"about":[{"href":"https:\/\/www.villareuter.fi\/wordpress\/wp-json\/wp\/v2\/types\/page"}],"author":[{"embeddable":true,"href":"https:\/\/www.villareuter.fi\/wordpress\/wp-json\/wp\/v2\/users\/1"}],"replies":[{"embeddable":true,"href":"https:\/\/www.villareuter.fi\/wordpress\/wp-json\/wp\/v2\/comments?post=64"}],"version-history":[{"count":11,"href":"https:\/\/www.villareuter.fi\/wordpress\/wp-json\/wp\/v2\/pages\/64\/revisions"}],"predecessor-version":[{"id":580,"href":"https:\/\/www.villareuter.fi\/wordpress\/wp-json\/wp\/v2\/pages\/64\/revisions\/580"}],"up":[{"embeddable":true,"href":"https:\/\/www.villareuter.fi\/wordpress\/wp-json\/wp\/v2\/pages\/59"}],"wp:attachment":[{"href":"https:\/\/www.villareuter.fi\/wordpress\/wp-json\/wp\/v2\/media?parent=64"}],"curies":[{"name":"wp","href":"https:\/\/api.w.org\/{rel}","templated":true}]}}