{"id":53,"date":"2013-11-26T19:45:13","date_gmt":"2013-11-26T17:45:13","guid":{"rendered":"http:\/\/www.villareuter.fi\/wordpress\/?page_id=53"},"modified":"2022-02-02T14:44:27","modified_gmt":"2022-02-02T12:44:27","slug":"bastu","status":"publish","type":"page","link":"https:\/\/www.villareuter.fi\/wordpress\/juhla-ja-kokoustilat-turun-saaristossa\/bastu\/","title":{"rendered":"Sauna"},"content":{"rendered":"<p><a href=\"https:\/\/www.villareuter.fi\/wordpress\/juhla-ja-kokoustilat-turun-saaristossa\/\/\">Villa Reuter<\/a>&#8212;<a href=\"https:\/\/www.villareuter.fi\/wordpress\/bistro\/\">Bistro<\/a>&#8212;<a href=\"https:\/\/www.villareuter.fi\/wordpress\/juhla-ja-kokoustilat-turun-saaristossa\/kokoustila-paraisilla\/\/\">Talvipuutarha<\/a>&#8212;-<a href=\"https:\/\/www.villareuter.fi\/wordpress\/juhla-ja-kokoustilat-turun-saaristossa\/kokoustila-paraisilla-2\/\/\">Kellari<\/a>&#8212;-<a href=\"https:\/\/www.villareuter.fi\/wordpress\/juhla-ja-kokoustilat-turun-saaristossa\/juhlatilat-paraisilla\/\/\">Olohuone<\/a>&#8212;-<a href=\"https:\/\/www.villareuter.fi\/wordpress\/juhla-ja-kokoustilat-turun-saaristossa\/bastu\/\/\">Sauna<\/a>&#8212;-<a href=\"https:\/\/www.villareuter.fi\/wordpress\/juhla-ja-kokoustilat-turun-saaristossa\/venevaja\/\/\">Venevaja<\/a><\/p>\n<p>&nbsp;<\/p>\n<p><a href=\"http:\/\/www.villareuter.fi\/wordpress\/wp-content\/uploads\/Villa-Reuter-sauna-scaled.jpeg\"><img loading=\"lazy\" decoding=\"async\" class=\"alignnone  wp-image-1379\" src=\"http:\/\/www.villareuter.fi\/wordpress\/wp-content\/uploads\/Villa-Reuter-sauna-300x200.jpeg\" alt=\"\" width=\"288\" height=\"192\" srcset=\"https:\/\/www.villareuter.fi\/wordpress\/wp-content\/uploads\/Villa-Reuter-sauna-300x200.jpeg 300w, https:\/\/www.villareuter.fi\/wordpress\/wp-content\/uploads\/Villa-Reuter-sauna-1024x683.jpeg 1024w, https:\/\/www.villareuter.fi\/wordpress\/wp-content\/uploads\/Villa-Reuter-sauna-768x512.jpeg 768w, https:\/\/www.villareuter.fi\/wordpress\/wp-content\/uploads\/Villa-Reuter-sauna-1536x1024.jpeg 1536w, https:\/\/www.villareuter.fi\/wordpress\/wp-content\/uploads\/Villa-Reuter-sauna-2048x1365.jpeg 2048w, https:\/\/www.villareuter.fi\/wordpress\/wp-content\/uploads\/Villa-Reuter-sauna-150x100.jpeg 150w, https:\/\/www.villareuter.fi\/wordpress\/wp-content\/uploads\/Villa-Reuter-sauna-225x150.jpeg 225w\" sizes=\"(max-width: 288px) 100vw, 288px\" \/>&nbsp;<\/a><a href=\"http:\/\/www.villareuter.fi\/wordpress\/wp-content\/uploads\/2019-04-06-15.21.50-scaled.jpeg\"><img loading=\"lazy\" decoding=\"async\" class=\"alignnone  wp-image-1325\" src=\"http:\/\/www.villareuter.fi\/wordpress\/wp-content\/uploads\/2019-04-06-15.21.50-300x225.jpeg\" alt=\"\" width=\"253\" height=\"190\" srcset=\"https:\/\/www.villareuter.fi\/wordpress\/wp-content\/uploads\/2019-04-06-15.21.50-300x225.jpeg 300w, https:\/\/www.villareuter.fi\/wordpress\/wp-content\/uploads\/2019-04-06-15.21.50-1024x768.jpeg 1024w, https:\/\/www.villareuter.fi\/wordpress\/wp-content\/uploads\/2019-04-06-15.21.50-768x576.jpeg 768w, https:\/\/www.villareuter.fi\/wordpress\/wp-content\/uploads\/2019-04-06-15.21.50-1536x1152.jpeg 1536w, https:\/\/www.villareuter.fi\/wordpress\/wp-content\/uploads\/2019-04-06-15.21.50-2048x1536.jpeg 2048w, https:\/\/www.villareuter.fi\/wordpress\/wp-content\/uploads\/2019-04-06-15.21.50-150x113.jpeg 150w, https:\/\/www.villareuter.fi\/wordpress\/wp-content\/uploads\/2019-04-06-15.21.50-800x600.jpeg 800w, https:\/\/www.villareuter.fi\/wordpress\/wp-content\/uploads\/2019-04-06-15.21.50-200x150.jpeg 200w\" sizes=\"(max-width: 253px) 100vw, 253px\" \/> <\/a><a href=\"http:\/\/www.villareuter.fi\/wordpress\/wp-content\/uploads\/2019-04-06-15.19.31-scaled.jpeg\"><img loading=\"lazy\" decoding=\"async\" class=\"alignnone  wp-image-1322\" src=\"http:\/\/www.villareuter.fi\/wordpress\/wp-content\/uploads\/2019-04-06-15.19.31-300x225.jpeg\" alt=\"\" width=\"253\" height=\"190\" srcset=\"https:\/\/www.villareuter.fi\/wordpress\/wp-content\/uploads\/2019-04-06-15.19.31-300x225.jpeg 300w, https:\/\/www.villareuter.fi\/wordpress\/wp-content\/uploads\/2019-04-06-15.19.31-1024x768.jpeg 1024w, https:\/\/www.villareuter.fi\/wordpress\/wp-content\/uploads\/2019-04-06-15.19.31-768x576.jpeg 768w, https:\/\/www.villareuter.fi\/wordpress\/wp-content\/uploads\/2019-04-06-15.19.31-1536x1152.jpeg 1536w, https:\/\/www.villareuter.fi\/wordpress\/wp-content\/uploads\/2019-04-06-15.19.31-2048x1536.jpeg 2048w, https:\/\/www.villareuter.fi\/wordpress\/wp-content\/uploads\/2019-04-06-15.19.31-150x113.jpeg 150w, https:\/\/www.villareuter.fi\/wordpress\/wp-content\/uploads\/2019-04-06-15.19.31-800x600.jpeg 800w, https:\/\/www.villareuter.fi\/wordpress\/wp-content\/uploads\/2019-04-06-15.19.31-200x150.jpeg 200w\" sizes=\"(max-width: 253px) 100vw, 253px\" \/><\/a><\/p>\n<hr>\n<h2>Sauna<\/h2>\n<p>Saunaan mahtuu 6-8 henk, isoon paljuun 10-12 henk ja pieneen paljuun &nbsp;4-5 henk. Saunan vieress\u00e4 oleva viihtyis\u00e4 <a href=\"https:\/\/www.villareuter.fi\/wordpress\/bistro\/\">Bistro<\/a> on k\u00e4ytett\u00e4viss\u00e4 saunomisen yhteydess\u00e4 &nbsp;T\u00e4ss\u00e4 rakennuksessa on my\u00f6s toiset suihkutilat ja mahdollisuus pukeutua.<\/p>\n<p>Saunan terassilla ja laiturilla on tilaa isoillekin ryhmille.<\/p>\n<!-- index.php -->\n<div\n\tclass=\"ngg-galleryoverview\n\t ngg-ajax-pagination-none\t\"\n\tid=\"ngg-gallery-1e45aee13361bd75a7301f7bae6944d8-1\">\n\n\t\t<div class=\"slideshowlink\">\n\t\t<a href='https:\/\/www.villareuter.fi\/wordpress\/juhla-ja-kokoustilat-turun-saaristossa\/bastu\/nggallery\/slideshow'>[Show slideshow]<\/a>\n\t\t\n\t<\/div>\n\t\t\t<!-- Thumbnails -->\n\t\t\t\t<div id=\"ngg-image-0\" class=\"ngg-gallery-thumbnail-box\" \n\t\t\t\t\t\t\t\t\t\t\t>\n\t\t\t\t\t\t<div class=\"ngg-gallery-thumbnail\">\n\t\t\t<a href=\"https:\/\/www.villareuter.fi\/wordpress\/wp-content\/gallery\/sauna\/010-bastu.jpg\"\n\t\t\t\ttitle=\"Sauna\"\n\t\t\t\tdata-src=\"https:\/\/www.villareuter.fi\/wordpress\/wp-content\/gallery\/sauna\/010-bastu.jpg\"\n\t\t\t\tdata-thumbnail=\"https:\/\/www.villareuter.fi\/wordpress\/wp-content\/gallery\/sauna\/thumbs\/thumbs_010-bastu.jpg\"\n\t\t\t\tdata-image-id=\"213\"\n\t\t\t\tdata-title=\"Sauna 010-bastu\"\n\t\t\t\tdata-description=\"Sauna\"\n\t\t\t\tdata-image-slug=\"010-bastu\"\n\t\t\t\tclass=\"ngg-fancybox\" rel=\"1e45aee13361bd75a7301f7bae6944d8\">\n\t\t\t\t<img\n\t\t\t\t\ttitle=\"Sauna 010-bastu\"\n\t\t\t\t\talt=\"Sauna 010-bastu\"\n\t\t\t\t\tsrc=\"https:\/\/www.villareuter.fi\/wordpress\/wp-content\/gallery\/sauna\/thumbs\/thumbs_010-bastu.jpg\"\n\t\t\t\t\twidth=\"120\"\n\t\t\t\t\theight=\"90\"\n\t\t\t\t\tstyle=\"max-width:100%;\"\n\t\t\t\t\/>\n\t\t\t<\/a>\n\t\t<\/div>\n\t\t\t\t\t\t\t<\/div> \n\t\t\t\n\t\t\n\t\t\t\t<div id=\"ngg-image-1\" class=\"ngg-gallery-thumbnail-box\" \n\t\t\t\t\t\t\t\t\t\t\t>\n\t\t\t\t\t\t<div class=\"ngg-gallery-thumbnail\">\n\t\t\t<a href=\"https:\/\/www.villareuter.fi\/wordpress\/wp-content\/gallery\/sauna\/013-bastu.jpg\"\n\t\t\t\ttitle=\"Saunan pesutilat\"\n\t\t\t\tdata-src=\"https:\/\/www.villareuter.fi\/wordpress\/wp-content\/gallery\/sauna\/013-bastu.jpg\"\n\t\t\t\tdata-thumbnail=\"https:\/\/www.villareuter.fi\/wordpress\/wp-content\/gallery\/sauna\/thumbs\/thumbs_013-bastu.jpg\"\n\t\t\t\tdata-image-id=\"214\"\n\t\t\t\tdata-title=\"Sauna 013-bastu\"\n\t\t\t\tdata-description=\"Saunan pesutilat\"\n\t\t\t\tdata-image-slug=\"013-bastu\"\n\t\t\t\tclass=\"ngg-fancybox\" rel=\"1e45aee13361bd75a7301f7bae6944d8\">\n\t\t\t\t<img\n\t\t\t\t\ttitle=\"Sauna 013-bastu\"\n\t\t\t\t\talt=\"Sauna 013-bastu\"\n\t\t\t\t\tsrc=\"https:\/\/www.villareuter.fi\/wordpress\/wp-content\/gallery\/sauna\/thumbs\/thumbs_013-bastu.jpg\"\n\t\t\t\t\twidth=\"120\"\n\t\t\t\t\theight=\"90\"\n\t\t\t\t\tstyle=\"max-width:100%;\"\n\t\t\t\t\/>\n\t\t\t<\/a>\n\t\t<\/div>\n\t\t\t\t\t\t\t<\/div> \n\t\t\t\n\t\t\n\t\t\t\t<div id=\"ngg-image-2\" class=\"ngg-gallery-thumbnail-box\" \n\t\t\t\t\t\t\t\t\t\t\t>\n\t\t\t\t\t\t<div class=\"ngg-gallery-thumbnail\">\n\t\t\t<a href=\"https:\/\/www.villareuter.fi\/wordpress\/wp-content\/gallery\/sauna\/020-bastu.jpg\"\n\t\t\t\ttitle=\"Saunan pukuhuone\"\n\t\t\t\tdata-src=\"https:\/\/www.villareuter.fi\/wordpress\/wp-content\/gallery\/sauna\/020-bastu.jpg\"\n\t\t\t\tdata-thumbnail=\"https:\/\/www.villareuter.fi\/wordpress\/wp-content\/gallery\/sauna\/thumbs\/thumbs_020-bastu.jpg\"\n\t\t\t\tdata-image-id=\"215\"\n\t\t\t\tdata-title=\"Sauna 020-bastu\"\n\t\t\t\tdata-description=\"Saunan pukuhuone\"\n\t\t\t\tdata-image-slug=\"020-bastu\"\n\t\t\t\tclass=\"ngg-fancybox\" rel=\"1e45aee13361bd75a7301f7bae6944d8\">\n\t\t\t\t<img\n\t\t\t\t\ttitle=\"Sauna 020-bastu\"\n\t\t\t\t\talt=\"Sauna 020-bastu\"\n\t\t\t\t\tsrc=\"https:\/\/www.villareuter.fi\/wordpress\/wp-content\/gallery\/sauna\/thumbs\/thumbs_020-bastu.jpg\"\n\t\t\t\t\twidth=\"120\"\n\t\t\t\t\theight=\"90\"\n\t\t\t\t\tstyle=\"max-width:100%;\"\n\t\t\t\t\/>\n\t\t\t<\/a>\n\t\t<\/div>\n\t\t\t\t\t\t\t<\/div> \n\t\t\t\n\t\t\n\t\t\t\t<div id=\"ngg-image-3\" class=\"ngg-gallery-thumbnail-box\" \n\t\t\t\t\t\t\t\t\t\t\t>\n\t\t\t\t\t\t<div class=\"ngg-gallery-thumbnail\">\n\t\t\t<a href=\"https:\/\/www.villareuter.fi\/wordpress\/wp-content\/gallery\/sauna\/022-bastu.jpg\"\n\t\t\t\ttitle=\"Saunan pukuhuone\"\n\t\t\t\tdata-src=\"https:\/\/www.villareuter.fi\/wordpress\/wp-content\/gallery\/sauna\/022-bastu.jpg\"\n\t\t\t\tdata-thumbnail=\"https:\/\/www.villareuter.fi\/wordpress\/wp-content\/gallery\/sauna\/thumbs\/thumbs_022-bastu.jpg\"\n\t\t\t\tdata-image-id=\"216\"\n\t\t\t\tdata-title=\"Sauna 022-bastu\"\n\t\t\t\tdata-description=\"Saunan pukuhuone\"\n\t\t\t\tdata-image-slug=\"022-bastu\"\n\t\t\t\tclass=\"ngg-fancybox\" rel=\"1e45aee13361bd75a7301f7bae6944d8\">\n\t\t\t\t<img\n\t\t\t\t\ttitle=\"Sauna 022-bastu\"\n\t\t\t\t\talt=\"Sauna 022-bastu\"\n\t\t\t\t\tsrc=\"https:\/\/www.villareuter.fi\/wordpress\/wp-content\/gallery\/sauna\/thumbs\/thumbs_022-bastu.jpg\"\n\t\t\t\t\twidth=\"120\"\n\t\t\t\t\theight=\"90\"\n\t\t\t\t\tstyle=\"max-width:100%;\"\n\t\t\t\t\/>\n\t\t\t<\/a>\n\t\t<\/div>\n\t\t\t\t\t\t\t<\/div> \n\t\t\t\n\t\t\n\t\t\t\t<div id=\"ngg-image-4\" class=\"ngg-gallery-thumbnail-box\" \n\t\t\t\t\t\t\t\t\t\t\t>\n\t\t\t\t\t\t<div class=\"ngg-gallery-thumbnail\">\n\t\t\t<a href=\"https:\/\/www.villareuter.fi\/wordpress\/wp-content\/gallery\/sauna\/070-bastu.jpg\"\n\t\t\t\ttitle=\"Sauna\"\n\t\t\t\tdata-src=\"https:\/\/www.villareuter.fi\/wordpress\/wp-content\/gallery\/sauna\/070-bastu.jpg\"\n\t\t\t\tdata-thumbnail=\"https:\/\/www.villareuter.fi\/wordpress\/wp-content\/gallery\/sauna\/thumbs\/thumbs_070-bastu.jpg\"\n\t\t\t\tdata-image-id=\"217\"\n\t\t\t\tdata-title=\"Sauna 070-bastu\"\n\t\t\t\tdata-description=\"Sauna\"\n\t\t\t\tdata-image-slug=\"070-bastu\"\n\t\t\t\tclass=\"ngg-fancybox\" rel=\"1e45aee13361bd75a7301f7bae6944d8\">\n\t\t\t\t<img\n\t\t\t\t\ttitle=\"Sauna 070-bastu\"\n\t\t\t\t\talt=\"Sauna 070-bastu\"\n\t\t\t\t\tsrc=\"https:\/\/www.villareuter.fi\/wordpress\/wp-content\/gallery\/sauna\/thumbs\/thumbs_070-bastu.jpg\"\n\t\t\t\t\twidth=\"120\"\n\t\t\t\t\theight=\"90\"\n\t\t\t\t\tstyle=\"max-width:100%;\"\n\t\t\t\t\/>\n\t\t\t<\/a>\n\t\t<\/div>\n\t\t\t\t\t\t\t<\/div> \n\t\t\t\n\t\t\n\t\t\t\t<div id=\"ngg-image-5\" class=\"ngg-gallery-thumbnail-box\" \n\t\t\t\t\t\t\t\t\t\t\t>\n\t\t\t\t\t\t<div class=\"ngg-gallery-thumbnail\">\n\t\t\t<a href=\"https:\/\/www.villareuter.fi\/wordpress\/wp-content\/gallery\/sauna\/072.jpg\"\n\t\t\t\ttitle=\"Sauna\"\n\t\t\t\tdata-src=\"https:\/\/www.villareuter.fi\/wordpress\/wp-content\/gallery\/sauna\/072.jpg\"\n\t\t\t\tdata-thumbnail=\"https:\/\/www.villareuter.fi\/wordpress\/wp-content\/gallery\/sauna\/thumbs\/thumbs_072.jpg\"\n\t\t\t\tdata-image-id=\"218\"\n\t\t\t\tdata-title=\"Sauna 072\"\n\t\t\t\tdata-description=\"Sauna\"\n\t\t\t\tdata-image-slug=\"072\"\n\t\t\t\tclass=\"ngg-fancybox\" rel=\"1e45aee13361bd75a7301f7bae6944d8\">\n\t\t\t\t<img\n\t\t\t\t\ttitle=\"Sauna 072\"\n\t\t\t\t\talt=\"Sauna 072\"\n\t\t\t\t\tsrc=\"https:\/\/www.villareuter.fi\/wordpress\/wp-content\/gallery\/sauna\/thumbs\/thumbs_072.jpg\"\n\t\t\t\t\twidth=\"120\"\n\t\t\t\t\theight=\"90\"\n\t\t\t\t\tstyle=\"max-width:100%;\"\n\t\t\t\t\/>\n\t\t\t<\/a>\n\t\t<\/div>\n\t\t\t\t\t\t\t<\/div> \n\t\t\t\n\t\t\n\t\t\t\t<div id=\"ngg-image-6\" class=\"ngg-gallery-thumbnail-box\" \n\t\t\t\t\t\t\t\t\t\t\t>\n\t\t\t\t\t\t<div class=\"ngg-gallery-thumbnail\">\n\t\t\t<a href=\"https:\/\/www.villareuter.fi\/wordpress\/wp-content\/gallery\/sauna\/img_5325.jpg\"\n\t\t\t\ttitle=\"Upea n\u00e4kym\u00e4 saunasta\"\n\t\t\t\tdata-src=\"https:\/\/www.villareuter.fi\/wordpress\/wp-content\/gallery\/sauna\/img_5325.jpg\"\n\t\t\t\tdata-thumbnail=\"https:\/\/www.villareuter.fi\/wordpress\/wp-content\/gallery\/sauna\/thumbs\/thumbs_img_5325.jpg\"\n\t\t\t\tdata-image-id=\"219\"\n\t\t\t\tdata-title=\"Saunatila img_5325\"\n\t\t\t\tdata-description=\"Upea n\u00e4kym\u00e4 saunasta\"\n\t\t\t\tdata-image-slug=\"img_5325\"\n\t\t\t\tclass=\"ngg-fancybox\" rel=\"1e45aee13361bd75a7301f7bae6944d8\">\n\t\t\t\t<img\n\t\t\t\t\ttitle=\"Saunatila img_5325\"\n\t\t\t\t\talt=\"Saunatila img_5325\"\n\t\t\t\t\tsrc=\"https:\/\/www.villareuter.fi\/wordpress\/wp-content\/gallery\/sauna\/thumbs\/thumbs_img_5325.jpg\"\n\t\t\t\t\twidth=\"120\"\n\t\t\t\t\theight=\"90\"\n\t\t\t\t\tstyle=\"max-width:100%;\"\n\t\t\t\t\/>\n\t\t\t<\/a>\n\t\t<\/div>\n\t\t\t\t\t\t\t<\/div> \n\t\t\t\n\t\t\n\t\t\t\t<div id=\"ngg-image-7\" class=\"ngg-gallery-thumbnail-box\" \n\t\t\t\t\t\t\t\t\t\t\t>\n\t\t\t\t\t\t<div class=\"ngg-gallery-thumbnail\">\n\t\t\t<a href=\"https:\/\/www.villareuter.fi\/wordpress\/wp-content\/gallery\/sauna\/img_5561.jpg\"\n\t\t\t\ttitle=\"Palju\"\n\t\t\t\tdata-src=\"https:\/\/www.villareuter.fi\/wordpress\/wp-content\/gallery\/sauna\/img_5561.jpg\"\n\t\t\t\tdata-thumbnail=\"https:\/\/www.villareuter.fi\/wordpress\/wp-content\/gallery\/sauna\/thumbs\/thumbs_img_5561.jpg\"\n\t\t\t\tdata-image-id=\"220\"\n\t\t\t\tdata-title=\"Palju img_5561\"\n\t\t\t\tdata-description=\"Palju\"\n\t\t\t\tdata-image-slug=\"img_5561\"\n\t\t\t\tclass=\"ngg-fancybox\" rel=\"1e45aee13361bd75a7301f7bae6944d8\">\n\t\t\t\t<img\n\t\t\t\t\ttitle=\"Palju img_5561\"\n\t\t\t\t\talt=\"Palju img_5561\"\n\t\t\t\t\tsrc=\"https:\/\/www.villareuter.fi\/wordpress\/wp-content\/gallery\/sauna\/thumbs\/thumbs_img_5561.jpg\"\n\t\t\t\t\twidth=\"120\"\n\t\t\t\t\theight=\"90\"\n\t\t\t\t\tstyle=\"max-width:100%;\"\n\t\t\t\t\/>\n\t\t\t<\/a>\n\t\t<\/div>\n\t\t\t\t\t\t\t<\/div> \n\t\t\t\n\t\t\n\t\t\t\t<div id=\"ngg-image-8\" class=\"ngg-gallery-thumbnail-box\" \n\t\t\t\t\t\t\t\t\t\t\t>\n\t\t\t\t\t\t<div class=\"ngg-gallery-thumbnail\">\n\t\t\t<a href=\"https:\/\/www.villareuter.fi\/wordpress\/wp-content\/gallery\/sauna\/img_5733.jpg\"\n\t\t\t\ttitle=\"Avanto\"\n\t\t\t\tdata-src=\"https:\/\/www.villareuter.fi\/wordpress\/wp-content\/gallery\/sauna\/img_5733.jpg\"\n\t\t\t\tdata-thumbnail=\"https:\/\/www.villareuter.fi\/wordpress\/wp-content\/gallery\/sauna\/thumbs\/thumbs_img_5733.jpg\"\n\t\t\t\tdata-image-id=\"221\"\n\t\t\t\tdata-title=\"Avanto img_5733\"\n\t\t\t\tdata-description=\"Avanto\"\n\t\t\t\tdata-image-slug=\"img_5733\"\n\t\t\t\tclass=\"ngg-fancybox\" rel=\"1e45aee13361bd75a7301f7bae6944d8\">\n\t\t\t\t<img\n\t\t\t\t\ttitle=\"Avanto img_5733\"\n\t\t\t\t\talt=\"Avanto img_5733\"\n\t\t\t\t\tsrc=\"https:\/\/www.villareuter.fi\/wordpress\/wp-content\/gallery\/sauna\/thumbs\/thumbs_img_5733.jpg\"\n\t\t\t\t\twidth=\"120\"\n\t\t\t\t\theight=\"90\"\n\t\t\t\t\tstyle=\"max-width:100%;\"\n\t\t\t\t\/>\n\t\t\t<\/a>\n\t\t<\/div>\n\t\t\t\t\t\t\t<\/div> \n\t\t\t\n\t\t\n\t\t\t\t<div id=\"ngg-image-9\" class=\"ngg-gallery-thumbnail-box\" \n\t\t\t\t\t\t\t\t\t\t\t>\n\t\t\t\t\t\t<div class=\"ngg-gallery-thumbnail\">\n\t\t\t<a href=\"https:\/\/www.villareuter.fi\/wordpress\/wp-content\/gallery\/sauna\/parbild-a-800-pixlar-bred.jpg\"\n\t\t\t\ttitle=\"Sauna\"\n\t\t\t\tdata-src=\"https:\/\/www.villareuter.fi\/wordpress\/wp-content\/gallery\/sauna\/parbild-a-800-pixlar-bred.jpg\"\n\t\t\t\tdata-thumbnail=\"https:\/\/www.villareuter.fi\/wordpress\/wp-content\/gallery\/sauna\/thumbs\/thumbs_parbild-a-800-pixlar-bred.jpg\"\n\t\t\t\tdata-image-id=\"222\"\n\t\t\t\tdata-title=\"Sauna parbild-a-800-pixlar-bred\"\n\t\t\t\tdata-description=\"Sauna\"\n\t\t\t\tdata-image-slug=\"parbild-a-800-pixlar-bred\"\n\t\t\t\tclass=\"ngg-fancybox\" rel=\"1e45aee13361bd75a7301f7bae6944d8\">\n\t\t\t\t<img\n\t\t\t\t\ttitle=\"Sauna parbild-a-800-pixlar-bred\"\n\t\t\t\t\talt=\"Sauna parbild-a-800-pixlar-bred\"\n\t\t\t\t\tsrc=\"https:\/\/www.villareuter.fi\/wordpress\/wp-content\/gallery\/sauna\/thumbs\/thumbs_parbild-a-800-pixlar-bred.jpg\"\n\t\t\t\t\twidth=\"120\"\n\t\t\t\t\theight=\"90\"\n\t\t\t\t\tstyle=\"max-width:100%;\"\n\t\t\t\t\/>\n\t\t\t<\/a>\n\t\t<\/div>\n\t\t\t\t\t\t\t<\/div> \n\t\t\t\n\t\t\n\t\t\t\t<div id=\"ngg-image-10\" class=\"ngg-gallery-thumbnail-box\" \n\t\t\t\t\t\t\t\t\t\t\t>\n\t\t\t\t\t\t<div class=\"ngg-gallery-thumbnail\">\n\t\t\t<a href=\"https:\/\/www.villareuter.fi\/wordpress\/wp-content\/gallery\/sauna\/2017-04-07-08.44.07.jpeg\"\n\t\t\t\ttitle=\"\"\n\t\t\t\tdata-src=\"https:\/\/www.villareuter.fi\/wordpress\/wp-content\/gallery\/sauna\/2017-04-07-08.44.07.jpeg\"\n\t\t\t\tdata-thumbnail=\"https:\/\/www.villareuter.fi\/wordpress\/wp-content\/gallery\/sauna\/thumbs\/thumbs_2017-04-07-08.44.07.jpeg\"\n\t\t\t\tdata-image-id=\"299\"\n\t\t\t\tdata-title=\"2017-04-07-08.44.07\"\n\t\t\t\tdata-description=\"\"\n\t\t\t\tdata-image-slug=\"2017-04-07-08-44-07\"\n\t\t\t\tclass=\"ngg-fancybox\" rel=\"1e45aee13361bd75a7301f7bae6944d8\">\n\t\t\t\t<img\n\t\t\t\t\ttitle=\"2017-04-07-08.44.07\"\n\t\t\t\t\talt=\"2017-04-07-08.44.07\"\n\t\t\t\t\tsrc=\"https:\/\/www.villareuter.fi\/wordpress\/wp-content\/gallery\/sauna\/thumbs\/thumbs_2017-04-07-08.44.07.jpeg\"\n\t\t\t\t\twidth=\"120\"\n\t\t\t\t\theight=\"90\"\n\t\t\t\t\tstyle=\"max-width:100%;\"\n\t\t\t\t\/>\n\t\t\t<\/a>\n\t\t<\/div>\n\t\t\t\t\t\t\t<\/div> \n\t\t\t\n\t\t\n\t\t\t\t<div id=\"ngg-image-11\" class=\"ngg-gallery-thumbnail-box\" \n\t\t\t\t\t\t\t\t\t\t\t>\n\t\t\t\t\t\t<div class=\"ngg-gallery-thumbnail\">\n\t\t\t<a href=\"https:\/\/www.villareuter.fi\/wordpress\/wp-content\/gallery\/sauna\/2019-04-06-15.19.31.jpeg\"\n\t\t\t\ttitle=\"\"\n\t\t\t\tdata-src=\"https:\/\/www.villareuter.fi\/wordpress\/wp-content\/gallery\/sauna\/2019-04-06-15.19.31.jpeg\"\n\t\t\t\tdata-thumbnail=\"https:\/\/www.villareuter.fi\/wordpress\/wp-content\/gallery\/sauna\/thumbs\/thumbs_2019-04-06-15.19.31.jpeg\"\n\t\t\t\tdata-image-id=\"300\"\n\t\t\t\tdata-title=\"2019-04-06-15.19.31\"\n\t\t\t\tdata-description=\"\"\n\t\t\t\tdata-image-slug=\"2019-04-06-15-19-31\"\n\t\t\t\tclass=\"ngg-fancybox\" rel=\"1e45aee13361bd75a7301f7bae6944d8\">\n\t\t\t\t<img\n\t\t\t\t\ttitle=\"2019-04-06-15.19.31\"\n\t\t\t\t\talt=\"2019-04-06-15.19.31\"\n\t\t\t\t\tsrc=\"https:\/\/www.villareuter.fi\/wordpress\/wp-content\/gallery\/sauna\/thumbs\/thumbs_2019-04-06-15.19.31.jpeg\"\n\t\t\t\t\twidth=\"120\"\n\t\t\t\t\theight=\"90\"\n\t\t\t\t\tstyle=\"max-width:100%;\"\n\t\t\t\t\/>\n\t\t\t<\/a>\n\t\t<\/div>\n\t\t\t\t\t\t\t<\/div> \n\t\t\t\n\t\t\n\t\t\t\t<div id=\"ngg-image-12\" class=\"ngg-gallery-thumbnail-box\" \n\t\t\t\t\t\t\t\t\t\t\t>\n\t\t\t\t\t\t<div class=\"ngg-gallery-thumbnail\">\n\t\t\t<a href=\"https:\/\/www.villareuter.fi\/wordpress\/wp-content\/gallery\/sauna\/2019-04-06-15.21.50.jpeg\"\n\t\t\t\ttitle=\"\"\n\t\t\t\tdata-src=\"https:\/\/www.villareuter.fi\/wordpress\/wp-content\/gallery\/sauna\/2019-04-06-15.21.50.jpeg\"\n\t\t\t\tdata-thumbnail=\"https:\/\/www.villareuter.fi\/wordpress\/wp-content\/gallery\/sauna\/thumbs\/thumbs_2019-04-06-15.21.50.jpeg\"\n\t\t\t\tdata-image-id=\"301\"\n\t\t\t\tdata-title=\"2019-04-06-15.21.50\"\n\t\t\t\tdata-description=\"\"\n\t\t\t\tdata-image-slug=\"2019-04-06-15-21-50\"\n\t\t\t\tclass=\"ngg-fancybox\" rel=\"1e45aee13361bd75a7301f7bae6944d8\">\n\t\t\t\t<img\n\t\t\t\t\ttitle=\"2019-04-06-15.21.50\"\n\t\t\t\t\talt=\"2019-04-06-15.21.50\"\n\t\t\t\t\tsrc=\"https:\/\/www.villareuter.fi\/wordpress\/wp-content\/gallery\/sauna\/thumbs\/thumbs_2019-04-06-15.21.50.jpeg\"\n\t\t\t\t\twidth=\"120\"\n\t\t\t\t\theight=\"90\"\n\t\t\t\t\tstyle=\"max-width:100%;\"\n\t\t\t\t\/>\n\t\t\t<\/a>\n\t\t<\/div>\n\t\t\t\t\t\t\t<\/div> \n\t\t\t\n\t\t\n\t\t\n\t\t<!-- Pagination -->\n\t\t<div class='ngg-clear'><\/div>\t<\/div>\n\n","protected":false},"excerpt":{"rendered":"<p>Villa Reuter&#8212;Bistro&#8212;Talvipuutarha&#8212;-Kellari&#8212;-Olohuone&#8212;-Sauna&#8212;-Venevaja &nbsp; &nbsp; Sauna Saunaan mahtuu 6-8 henk, isoon paljuun 10-12 henk ja pieneen paljuun &nbsp;4-5 henk. Saunan vieress\u00e4 oleva viihtyis\u00e4 Bistro on k\u00e4ytett\u00e4viss\u00e4 saunomisen yhteydess\u00e4 &nbsp;T\u00e4ss\u00e4 rakennuksessa on \u2026 <a class=\"continue-reading-link\" href=\"https:\/\/www.villareuter.fi\/wordpress\/juhla-ja-kokoustilat-turun-saaristossa\/bastu\/\">Lue lis\u00e4\u00e4 <span class=\"meta-nav\">&rarr; <\/span><\/a><\/p>\n","protected":false},"author":1,"featured_media":0,"parent":45,"menu_order":4,"comment_status":"closed","ping_status":"closed","template":"","meta":{"om_disable_all_campaigns":false,"_monsterinsights_skip_tracking":false,"_monsterinsights_sitenote_active":false,"_monsterinsights_sitenote_note":"","_monsterinsights_sitenote_category":0,"_uf_show_specific_survey":0,"_uf_disable_surveys":false,"ngg_post_thumbnail":0,"footnotes":""},"_links":{"self":[{"href":"https:\/\/www.villareuter.fi\/wordpress\/wp-json\/wp\/v2\/pages\/53"}],"collection":[{"href":"https:\/\/www.villareuter.fi\/wordpress\/wp-json\/wp\/v2\/pages"}],"about":[{"href":"https:\/\/www.villareuter.fi\/wordpress\/wp-json\/wp\/v2\/types\/page"}],"author":[{"embeddable":true,"href":"https:\/\/www.villareuter.fi\/wordpress\/wp-json\/wp\/v2\/users\/1"}],"replies":[{"embeddable":true,"href":"https:\/\/www.villareuter.fi\/wordpress\/wp-json\/wp\/v2\/comments?post=53"}],"version-history":[{"count":26,"href":"https:\/\/www.villareuter.fi\/wordpress\/wp-json\/wp\/v2\/pages\/53\/revisions"}],"predecessor-version":[{"id":1385,"href":"https:\/\/www.villareuter.fi\/wordpress\/wp-json\/wp\/v2\/pages\/53\/revisions\/1385"}],"up":[{"embeddable":true,"href":"https:\/\/www.villareuter.fi\/wordpress\/wp-json\/wp\/v2\/pages\/45"}],"wp:attachment":[{"href":"https:\/\/www.villareuter.fi\/wordpress\/wp-json\/wp\/v2\/media?parent=53"}],"curies":[{"name":"wp","href":"https:\/\/api.w.org\/{rel}","templated":true}]}}