{"id":51,"date":"2013-11-26T23:12:20","date_gmt":"2013-11-26T21:12:20","guid":{"rendered":"http:\/\/www.villareuter.fi\/wordpress\/?page_id=51"},"modified":"2016-03-13T13:54:06","modified_gmt":"2016-03-13T11:54:06","slug":"juhlatilat-paraisilla","status":"publish","type":"page","link":"https:\/\/www.villareuter.fi\/wordpress\/juhla-ja-kokoustilat-turun-saaristossa\/juhlatilat-paraisilla\/","title":{"rendered":"Olohuone"},"content":{"rendered":"<p><a href=\"https:\/\/www.villareuter.fi\/wordpress\/juhla-ja-kokoustilat-turun-saaristossa\/\/\">Villa Reuter<\/a>&#8212;&#8211;<a href=\"https:\/\/www.villareuter.fi\/wordpress\/juhla-ja-kokoustilat-turun-saaristossa\/kokoustila-paraisilla\/\/\">Talvipuutarha<\/a>&#8212;&#8211;<a href=\"https:\/\/www.villareuter.fi\/wordpress\/juhla-ja-kokoustilat-turun-saaristossa\/kokoustila-paraisilla-2\/\/\">Kellari<\/a>&#8212;&#8211;<a href=\"https:\/\/www.villareuter.fi\/wordpress\/juhla-ja-kokoustilat-turun-saaristossa\/juhlatilat-paraisilla\/\/\">Olohuone<\/a>&#8212;&#8211;<a href=\"https:\/\/www.villareuter.fi\/wordpress\/juhla-ja-kokoustilat-turun-saaristossa\/bastu\/\/\">Sauna<\/a>&#8212;&#8211;<a href=\"https:\/\/www.villareuter.fi\/wordpress\/juhla-ja-kokoustilat-turun-saaristossa\/venevaja\/\/\">Venevaja<\/a>&#8212;&#8211;<a href=\"https:\/\/www.villareuter.fi\/wordpress\/majoitustilat-turun-saaristossa\/\/\">Majoitus<\/a><br \/>\n<img loading=\"lazy\" decoding=\"async\" class=\"alignleft\" src=\"http:\/\/villareuter.fi\/wordpress\/wp-content\/uploads\/286.jpg\" alt=\"Juhlatilat Paraisilla\" width=\"375\" height=\"562\" \/><\/p>\n<h2>Olohuone<\/h2>\n<p>Tila soveltuu ryhm\u00e4ty\u00f6lle tai viihtyis\u00e4\u00e4n yhdess\u00e4oloon. Olohuoneessamme voit kokouksen tauolla rentoutua ja lukea p\u00e4iv\u00e4n lehti\u00e4.<\/p>\n<!-- index.php -->\n<div\n\tclass=\"ngg-galleryoverview\n\t ngg-ajax-pagination-none\t\"\n\tid=\"ngg-gallery-04b6f93ec6f0d999435607f93e962973-1\">\n\n\t\t<div class=\"slideshowlink\">\n\t\t<a href='https:\/\/www.villareuter.fi\/wordpress\/juhla-ja-kokoustilat-turun-saaristossa\/juhlatilat-paraisilla\/nggallery\/slideshow'>[Show slideshow]<\/a>\n\t\t\n\t<\/div>\n\t\t\t<!-- Thumbnails -->\n\t\t\t\t<div id=\"ngg-image-0\" class=\"ngg-gallery-thumbnail-box\" \n\t\t\t\t\t\t\t\t\t\t\t>\n\t\t\t\t\t\t<div class=\"ngg-gallery-thumbnail\">\n\t\t\t<a href=\"https:\/\/www.villareuter.fi\/wordpress\/wp-content\/gallery\/villa-olohuone\/img_5817.jpg\"\n\t\t\t\ttitle=\" \"\n\t\t\t\tdata-src=\"https:\/\/www.villareuter.fi\/wordpress\/wp-content\/gallery\/villa-olohuone\/img_5817.jpg\"\n\t\t\t\tdata-thumbnail=\"https:\/\/www.villareuter.fi\/wordpress\/wp-content\/gallery\/villa-olohuone\/thumbs\/thumbs_img_5817.jpg\"\n\t\t\t\tdata-image-id=\"260\"\n\t\t\t\tdata-title=\"img_5817\"\n\t\t\t\tdata-description=\" \"\n\t\t\t\tdata-image-slug=\"img_5817\"\n\t\t\t\tclass=\"ngg-fancybox\" rel=\"04b6f93ec6f0d999435607f93e962973\">\n\t\t\t\t<img\n\t\t\t\t\ttitle=\"img_5817\"\n\t\t\t\t\talt=\"img_5817\"\n\t\t\t\t\tsrc=\"https:\/\/www.villareuter.fi\/wordpress\/wp-content\/gallery\/villa-olohuone\/thumbs\/thumbs_img_5817.jpg\"\n\t\t\t\t\twidth=\"120\"\n\t\t\t\t\theight=\"90\"\n\t\t\t\t\tstyle=\"max-width:100%;\"\n\t\t\t\t\/>\n\t\t\t<\/a>\n\t\t<\/div>\n\t\t\t\t\t\t\t<\/div> \n\t\t\t\n\t\t\n\t\t\t\t<div id=\"ngg-image-1\" class=\"ngg-gallery-thumbnail-box\" \n\t\t\t\t\t\t\t\t\t\t\t>\n\t\t\t\t\t\t<div class=\"ngg-gallery-thumbnail\">\n\t\t\t<a href=\"https:\/\/www.villareuter.fi\/wordpress\/wp-content\/gallery\/villa-olohuone\/img_5819.jpg\"\n\t\t\t\ttitle=\" \"\n\t\t\t\tdata-src=\"https:\/\/www.villareuter.fi\/wordpress\/wp-content\/gallery\/villa-olohuone\/img_5819.jpg\"\n\t\t\t\tdata-thumbnail=\"https:\/\/www.villareuter.fi\/wordpress\/wp-content\/gallery\/villa-olohuone\/thumbs\/thumbs_img_5819.jpg\"\n\t\t\t\tdata-image-id=\"278\"\n\t\t\t\tdata-title=\"img_5819\"\n\t\t\t\tdata-description=\" \"\n\t\t\t\tdata-image-slug=\"img_5819\"\n\t\t\t\tclass=\"ngg-fancybox\" rel=\"04b6f93ec6f0d999435607f93e962973\">\n\t\t\t\t<img\n\t\t\t\t\ttitle=\"img_5819\"\n\t\t\t\t\talt=\"img_5819\"\n\t\t\t\t\tsrc=\"https:\/\/www.villareuter.fi\/wordpress\/wp-content\/gallery\/villa-olohuone\/thumbs\/thumbs_img_5819.jpg\"\n\t\t\t\t\twidth=\"120\"\n\t\t\t\t\theight=\"90\"\n\t\t\t\t\tstyle=\"max-width:100%;\"\n\t\t\t\t\/>\n\t\t\t<\/a>\n\t\t<\/div>\n\t\t\t\t\t\t\t<\/div> \n\t\t\t\n\t\t\n\t\t\n\t\t<!-- Pagination -->\n\t\t<div class='ngg-clear'><\/div>\t<\/div>\n\n","protected":false},"excerpt":{"rendered":"<p>Villa Reuter&#8212;&#8211;Talvipuutarha&#8212;&#8211;Kellari&#8212;&#8211;Olohuone&#8212;&#8211;Sauna&#8212;&#8211;Venevaja&#8212;&#8211;Majoitus Olohuone Tila soveltuu ryhm\u00e4ty\u00f6lle tai viihtyis\u00e4\u00e4n yhdess\u00e4oloon. Olohuoneessamme voit kokouksen tauolla rentoutua ja lukea p\u00e4iv\u00e4n lehti\u00e4.<\/p>\n","protected":false},"author":1,"featured_media":0,"parent":45,"menu_order":3,"comment_status":"closed","ping_status":"closed","template":"","meta":{"om_disable_all_campaigns":false,"_monsterinsights_skip_tracking":false,"_monsterinsights_sitenote_active":false,"_monsterinsights_sitenote_note":"","_monsterinsights_sitenote_category":0,"_uf_show_specific_survey":0,"_uf_disable_surveys":false,"ngg_post_thumbnail":0,"footnotes":""},"_links":{"self":[{"href":"https:\/\/www.villareuter.fi\/wordpress\/wp-json\/wp\/v2\/pages\/51"}],"collection":[{"href":"https:\/\/www.villareuter.fi\/wordpress\/wp-json\/wp\/v2\/pages"}],"about":[{"href":"https:\/\/www.villareuter.fi\/wordpress\/wp-json\/wp\/v2\/types\/page"}],"author":[{"embeddable":true,"href":"https:\/\/www.villareuter.fi\/wordpress\/wp-json\/wp\/v2\/users\/1"}],"replies":[{"embeddable":true,"href":"https:\/\/www.villareuter.fi\/wordpress\/wp-json\/wp\/v2\/comments?post=51"}],"version-history":[{"count":14,"href":"https:\/\/www.villareuter.fi\/wordpress\/wp-json\/wp\/v2\/pages\/51\/revisions"}],"predecessor-version":[{"id":125,"href":"https:\/\/www.villareuter.fi\/wordpress\/wp-json\/wp\/v2\/pages\/51\/revisions\/125"}],"up":[{"embeddable":true,"href":"https:\/\/www.villareuter.fi\/wordpress\/wp-json\/wp\/v2\/pages\/45"}],"wp:attachment":[{"href":"https:\/\/www.villareuter.fi\/wordpress\/wp-json\/wp\/v2\/media?parent=51"}],"curies":[{"name":"wp","href":"https:\/\/api.w.org\/{rel}","templated":true}]}}