{"id":49,"date":"2013-11-26T23:05:18","date_gmt":"2013-11-26T21:05:18","guid":{"rendered":"http:\/\/www.villareuter.fi\/wordpress\/?page_id=49"},"modified":"2016-03-12T14:56:55","modified_gmt":"2016-03-12T12:56:55","slug":"kokoustila-paraisilla-2","status":"publish","type":"page","link":"https:\/\/www.villareuter.fi\/wordpress\/juhla-ja-kokoustilat-turun-saaristossa\/kokoustila-paraisilla-2\/","title":{"rendered":"Kellari"},"content":{"rendered":"<p>KOKOUSTILA &#8211; KELLARI<\/p>\n<p><a href=\"https:\/\/www.villareuter.fi\/wordpress\/juhla-ja-kokoustilat-turun-saaristossa\/\/\">Villa Reuter<\/a>&#8212;&#8211;<a href=\"https:\/\/www.villareuter.fi\/wordpress\/juhla-ja-kokoustilat-turun-saaristossa\/kokoustila-paraisilla\/\/\">Talvipuutarha<\/a>&#8212;&#8211;<a href=\"https:\/\/www.villareuter.fi\/wordpress\/juhla-ja-kokoustilat-turun-saaristossa\/kokoustila-paraisilla-2\/\/\">Kellari<\/a>&#8212;&#8211;<a href=\"https:\/\/www.villareuter.fi\/wordpress\/juhla-ja-kokoustilat-turun-saaristossa\/juhlatilat-paraisilla\/\/\">Olohuone<\/a>&#8212;&#8211;<a href=\"https:\/\/www.villareuter.fi\/wordpress\/juhla-ja-kokoustilat-turun-saaristossa\/bastu\/\/\">Sauna<\/a>&#8212;&#8211;<a href=\"https:\/\/www.villareuter.fi\/wordpress\/juhla-ja-kokoustilat-turun-saaristossa\/venevaja\/\/\">Venevaja<\/a>&#8212;&#8211;<a href=\"https:\/\/www.villareuter.fi\/wordpress\/majoitustilat-turun-saaristossa\/\/\">Majoitus<\/a><\/p>\n<div id=\"attachment_644\" style=\"width: 288px\" class=\"wp-caption alignleft\"><a href=\"http:\/\/www.villareuter.fi\/wordpress\/wp-content\/uploads\/244.jpg\"><img loading=\"lazy\" decoding=\"async\" aria-describedby=\"caption-attachment-644\" class=\"wp-image-644 size-full\" title=\"Villa Reuter Viinikellari\" src=\"http:\/\/www.villareuter.fi\/wordpress\/wp-content\/uploads\/244.jpg\" alt=\"Kokoustila 244\" width=\"278\" height=\"418\" \/><\/a><p id=\"caption-attachment-644\" class=\"wp-caption-text\">Villa Reuter &#8211; Viinikellari<\/p><\/div>\n<h2>Kokoustila &#8211; Ryhm\u00e4ty\u00f6<\/h2>\n<p>Talvipuutarhan kierreportaat johtavat kellariin. T\u00e4\u00e4ll\u00e4 voitte viett\u00e4\u00e4 aikaa ja vaikkapa heitt\u00e4\u00e4 tikkaa saunan j\u00e4lkeen.T\u00e4\u00e4lt\u00e4 l\u00f6ytyy my\u00f6skin pieni viihtyis\u00e4 tila joka soveltuu ryhm\u00e4ty\u00f6h\u00f6n tai esim. viininmaisteluun. K\u00e4denj\u00e4ljet vanhoissa tiileiss\u00e4 luovat tunnelmaa ja kertovat menneist\u00e4 ajoista.<\/p>\n<h2>Olutkurssi<\/h2>\n<p>Kellarissa pid\u00e4mme olutkursseja. K\u00e4ymme l\u00e4pi valmistusprosessin kaikki vaiheet ja keit\u00e4mme olutta &#8221;Brew in bag&#8221; menetelm\u00e4ll\u00e4. Saatte maistaa meid\u00e4n keitt\u00e4mi\u00e4 erityyppisi\u00e4 olueita. Mik\u00e4li osallistujia on enemm\u00e4n kuin 6-8 henkil\u00f6\u00e4 pid\u00e4mme osan kurssista talvipuutarhassa<\/p>\n<!-- index.php -->\n<div\n\tclass=\"ngg-galleryoverview\n\t ngg-ajax-pagination-none\t\"\n\tid=\"ngg-gallery-bc4f2926bda6e336b5920983cd62f199-1\">\n\n\t\t<div class=\"slideshowlink\">\n\t\t<a href='https:\/\/www.villareuter.fi\/wordpress\/juhla-ja-kokoustilat-turun-saaristossa\/kokoustila-paraisilla-2\/nggallery\/slideshow'>[Show slideshow]<\/a>\n\t\t\n\t<\/div>\n\t\t\t<!-- Thumbnails -->\n\t\t\t\t<div id=\"ngg-image-0\" class=\"ngg-gallery-thumbnail-box\" \n\t\t\t\t\t\t\t\t\t\t\t>\n\t\t\t\t\t\t<div class=\"ngg-gallery-thumbnail\">\n\t\t\t<a href=\"https:\/\/www.villareuter.fi\/wordpress\/wp-content\/gallery\/kellari\/229.jpg\"\n\t\t\t\ttitle=\" \"\n\t\t\t\tdata-src=\"https:\/\/www.villareuter.fi\/wordpress\/wp-content\/gallery\/kellari\/229.jpg\"\n\t\t\t\tdata-thumbnail=\"https:\/\/www.villareuter.fi\/wordpress\/wp-content\/gallery\/kellari\/thumbs\/thumbs_229.jpg\"\n\t\t\t\tdata-image-id=\"109\"\n\t\t\t\tdata-title=\"229\"\n\t\t\t\tdata-description=\" \"\n\t\t\t\tdata-image-slug=\"229\"\n\t\t\t\tclass=\"ngg-fancybox\" rel=\"bc4f2926bda6e336b5920983cd62f199\">\n\t\t\t\t<img\n\t\t\t\t\ttitle=\"229\"\n\t\t\t\t\talt=\"229\"\n\t\t\t\t\tsrc=\"https:\/\/www.villareuter.fi\/wordpress\/wp-content\/gallery\/kellari\/thumbs\/thumbs_229.jpg\"\n\t\t\t\t\twidth=\"120\"\n\t\t\t\t\theight=\"90\"\n\t\t\t\t\tstyle=\"max-width:100%;\"\n\t\t\t\t\/>\n\t\t\t<\/a>\n\t\t<\/div>\n\t\t\t\t\t\t\t<\/div> \n\t\t\t\n\t\t\n\t\t\t\t<div id=\"ngg-image-1\" class=\"ngg-gallery-thumbnail-box\" \n\t\t\t\t\t\t\t\t\t\t\t>\n\t\t\t\t\t\t<div class=\"ngg-gallery-thumbnail\">\n\t\t\t<a href=\"https:\/\/www.villareuter.fi\/wordpress\/wp-content\/gallery\/kellari\/270.jpg\"\n\t\t\t\ttitle=\" \"\n\t\t\t\tdata-src=\"https:\/\/www.villareuter.fi\/wordpress\/wp-content\/gallery\/kellari\/270.jpg\"\n\t\t\t\tdata-thumbnail=\"https:\/\/www.villareuter.fi\/wordpress\/wp-content\/gallery\/kellari\/thumbs\/thumbs_270.jpg\"\n\t\t\t\tdata-image-id=\"110\"\n\t\t\t\tdata-title=\"270\"\n\t\t\t\tdata-description=\" \"\n\t\t\t\tdata-image-slug=\"270\"\n\t\t\t\tclass=\"ngg-fancybox\" rel=\"bc4f2926bda6e336b5920983cd62f199\">\n\t\t\t\t<img\n\t\t\t\t\ttitle=\"270\"\n\t\t\t\t\talt=\"270\"\n\t\t\t\t\tsrc=\"https:\/\/www.villareuter.fi\/wordpress\/wp-content\/gallery\/kellari\/thumbs\/thumbs_270.jpg\"\n\t\t\t\t\twidth=\"120\"\n\t\t\t\t\theight=\"90\"\n\t\t\t\t\tstyle=\"max-width:100%;\"\n\t\t\t\t\/>\n\t\t\t<\/a>\n\t\t<\/div>\n\t\t\t\t\t\t\t<\/div> \n\t\t\t\n\t\t\n\t\t\t\t<div id=\"ngg-image-2\" class=\"ngg-gallery-thumbnail-box\" \n\t\t\t\t\t\t\t\t\t\t\t>\n\t\t\t\t\t\t<div class=\"ngg-gallery-thumbnail\">\n\t\t\t<a href=\"https:\/\/www.villareuter.fi\/wordpress\/wp-content\/gallery\/kellari\/274.jpg\"\n\t\t\t\ttitle=\" \"\n\t\t\t\tdata-src=\"https:\/\/www.villareuter.fi\/wordpress\/wp-content\/gallery\/kellari\/274.jpg\"\n\t\t\t\tdata-thumbnail=\"https:\/\/www.villareuter.fi\/wordpress\/wp-content\/gallery\/kellari\/thumbs\/thumbs_274.jpg\"\n\t\t\t\tdata-image-id=\"111\"\n\t\t\t\tdata-title=\"274\"\n\t\t\t\tdata-description=\" \"\n\t\t\t\tdata-image-slug=\"274\"\n\t\t\t\tclass=\"ngg-fancybox\" rel=\"bc4f2926bda6e336b5920983cd62f199\">\n\t\t\t\t<img\n\t\t\t\t\ttitle=\"274\"\n\t\t\t\t\talt=\"274\"\n\t\t\t\t\tsrc=\"https:\/\/www.villareuter.fi\/wordpress\/wp-content\/gallery\/kellari\/thumbs\/thumbs_274.jpg\"\n\t\t\t\t\twidth=\"120\"\n\t\t\t\t\theight=\"90\"\n\t\t\t\t\tstyle=\"max-width:100%;\"\n\t\t\t\t\/>\n\t\t\t<\/a>\n\t\t<\/div>\n\t\t\t\t\t\t\t<\/div> \n\t\t\t\n\t\t\n\t\t\n\t\t<!-- Pagination -->\n\t\t<div class='ngg-clear'><\/div>\t<\/div>\n\n","protected":false},"excerpt":{"rendered":"<p>KOKOUSTILA &#8211; KELLARI Villa Reuter&#8212;&#8211;Talvipuutarha&#8212;&#8211;Kellari&#8212;&#8211;Olohuone&#8212;&#8211;Sauna&#8212;&#8211;Venevaja&#8212;&#8211;Majoitus Kokoustila &#8211; Ryhm\u00e4ty\u00f6 Talvipuutarhan kierreportaat johtavat kellariin. T\u00e4\u00e4ll\u00e4 voitte viett\u00e4\u00e4 aikaa ja vaikkapa heitt\u00e4\u00e4 tikkaa saunan j\u00e4lkeen.T\u00e4\u00e4lt\u00e4 l\u00f6ytyy my\u00f6skin pieni viihtyis\u00e4 tila joka soveltuu ryhm\u00e4ty\u00f6h\u00f6n \u2026 <a class=\"continue-reading-link\" href=\"https:\/\/www.villareuter.fi\/wordpress\/juhla-ja-kokoustilat-turun-saaristossa\/kokoustila-paraisilla-2\/\">Lue lis\u00e4\u00e4 <span class=\"meta-nav\">&rarr; <\/span><\/a><\/p>\n","protected":false},"author":1,"featured_media":0,"parent":45,"menu_order":2,"comment_status":"closed","ping_status":"closed","template":"","meta":{"om_disable_all_campaigns":false,"_monsterinsights_skip_tracking":false,"_monsterinsights_sitenote_active":false,"_monsterinsights_sitenote_note":"","_monsterinsights_sitenote_category":0,"_uf_show_specific_survey":0,"_uf_disable_surveys":false,"ngg_post_thumbnail":0,"footnotes":""},"_links":{"self":[{"href":"https:\/\/www.villareuter.fi\/wordpress\/wp-json\/wp\/v2\/pages\/49"}],"collection":[{"href":"https:\/\/www.villareuter.fi\/wordpress\/wp-json\/wp\/v2\/pages"}],"about":[{"href":"https:\/\/www.villareuter.fi\/wordpress\/wp-json\/wp\/v2\/types\/page"}],"author":[{"embeddable":true,"href":"https:\/\/www.villareuter.fi\/wordpress\/wp-json\/wp\/v2\/users\/1"}],"replies":[{"embeddable":true,"href":"https:\/\/www.villareuter.fi\/wordpress\/wp-json\/wp\/v2\/comments?post=49"}],"version-history":[{"count":25,"href":"https:\/\/www.villareuter.fi\/wordpress\/wp-json\/wp\/v2\/pages\/49\/revisions"}],"predecessor-version":[{"id":614,"href":"https:\/\/www.villareuter.fi\/wordpress\/wp-json\/wp\/v2\/pages\/49\/revisions\/614"}],"up":[{"embeddable":true,"href":"https:\/\/www.villareuter.fi\/wordpress\/wp-json\/wp\/v2\/pages\/45"}],"wp:attachment":[{"href":"https:\/\/www.villareuter.fi\/wordpress\/wp-json\/wp\/v2\/media?parent=49"}],"curies":[{"name":"wp","href":"https:\/\/api.w.org\/{rel}","templated":true}]}}