{"id":47,"date":"2013-11-26T19:51:11","date_gmt":"2013-11-26T17:51:11","guid":{"rendered":"http:\/\/www.villareuter.fi\/wordpress\/?page_id=47"},"modified":"2018-04-23T17:42:05","modified_gmt":"2018-04-23T14:42:05","slug":"kokoustila-paraisilla","status":"publish","type":"page","link":"https:\/\/www.villareuter.fi\/wordpress\/juhla-ja-kokoustilat-turun-saaristossa\/kokoustila-paraisilla\/","title":{"rendered":"Talvipuutarha"},"content":{"rendered":"<p>Juhla ja Kokoustila Paraisilla<br \/>\n<a href=\"https:\/\/www.villareuter.fi\/wordpress\/juhla-ja-kokoustilat-turun-saaristossa\/\/\">Villa Reuter<\/a>&#8212;&#8211;<a href=\"https:\/\/www.villareuter.fi\/wordpress\/juhla-ja-kokoustilat-turun-saaristossa\/kokoustila-paraisilla\/\/\">Talvipuutarha<\/a>&#8212;&#8211;<a href=\"https:\/\/www.villareuter.fi\/wordpress\/juhla-ja-kokoustilat-turun-saaristossa\/kokoustila-paraisilla-2\/\/\">Kellari<\/a>&#8212;&#8211;<a href=\"https:\/\/www.villareuter.fi\/wordpress\/juhla-ja-kokoustilat-turun-saaristossa\/juhlatilat-paraisilla\/\/\">Olohuone<\/a>&#8212;&#8211;<a href=\"https:\/\/www.villareuter.fi\/wordpress\/juhla-ja-kokoustilat-turun-saaristossa\/bastu\/\/\">Sauna<\/a>&#8212;&#8211;<a href=\"https:\/\/www.villareuter.fi\/wordpress\/juhla-ja-kokoustilat-turun-saaristossa\/venevaja\/\/\">Venevaja<\/a>&#8212;&#8211;<a href=\"https:\/\/www.villareuter.fi\/wordpress\/majoitustilat-turun-saaristossa\/\/\">Majoitus<\/a><\/p>\n<div style=\"width: 543px\" class=\"wp-caption alignleft\"><img loading=\"lazy\" decoding=\"async\" title=\"Talvipuutarha\" src=\"http:\/\/www.villareuter.fi\/wordpress\/wp-content\/uploads\/316.jpg\" alt=\"Kokoustila Paraisilla\" width=\"533\" height=\"800\" \/><p class=\"wp-caption-text\">Olut saunan j\u00e4lkeen<\/p><\/div>\n<h2>Kokoustila Paraisilla<\/h2>\n<p>Talvipuutarhamme tarjoaa upeat tilat kokouksiin ja juhliin. Istutte luonnon keskell\u00e4, meri melkein kosketeltavissa nautitte rauhasta ja hyv\u00e4st\u00e4 ruoasta. Inspiroiva ymp\u00e4rist\u00f6 auttaa p\u00e4\u00e4t\u00f6ksenteossa ja kokous sujuu mukavasti.<\/p>\n<p>Illalla kynttil\u00e4valot heijastuvat ikkunoihin ja luovat juhlallisen tunnelman. P\u00f6yd\u00e4n kattaus juhlan teeman mukaan.<\/p>\n<h2>Juhlatila<\/h2>\n<p>J\u00e4rjest\u00e4mme kaikki mahdolliset juhlat niin yrityksen kuin yksityiset. Talvipuutarha luo upeat puitteet tunnelmalliselle illalliselle. Henkil\u00f6kohtaisella palvelulla teemme kaikkemme ett\u00e4 juhlanne onnistuvat<\/p>\n<h2>Keitti\u00f6<\/h2>\n<p>Keitti\u00f6mme huolehtii kaikista aterioista. Ruoka valmistetaan huolella tuoreista raaka-aineista asiakkaan toivomusten mukaan. K\u00e4yt\u00e4mme oman puutarhan antimia, l\u00e4himetsien marjoja ja sieni\u00e4 sek\u00e4 itse pyydystetty\u00e4 kalaa sesongin mukaan.<\/p>\n<!-- index.php -->\n<div\n\tclass=\"ngg-galleryoverview\n\t ngg-ajax-pagination-none\t\"\n\tid=\"ngg-gallery-ed74bd0ce5ef5de485e1206267b495be-1\">\n\n\t\t<div class=\"slideshowlink\">\n\t\t<a href='https:\/\/www.villareuter.fi\/wordpress\/juhla-ja-kokoustilat-turun-saaristossa\/kokoustila-paraisilla\/nggallery\/slideshow'>[Show slideshow]<\/a>\n\t\t\n\t<\/div>\n\t\t\t<!-- Thumbnails -->\n\t\t\t\t<div id=\"ngg-image-0\" class=\"ngg-gallery-thumbnail-box\" \n\t\t\t\t\t\t\t\t\t\t\t>\n\t\t\t\t\t\t<div class=\"ngg-gallery-thumbnail\">\n\t\t\t<a href=\"https:\/\/www.villareuter.fi\/wordpress\/wp-content\/gallery\/talvipuutarha\/172.jpg\"\n\t\t\t\ttitle=\"\"\n\t\t\t\tdata-src=\"https:\/\/www.villareuter.fi\/wordpress\/wp-content\/gallery\/talvipuutarha\/172.jpg\"\n\t\t\t\tdata-thumbnail=\"https:\/\/www.villareuter.fi\/wordpress\/wp-content\/gallery\/talvipuutarha\/thumbs\/thumbs_172.jpg\"\n\t\t\t\tdata-image-id=\"237\"\n\t\t\t\tdata-title=\"172\"\n\t\t\t\tdata-description=\"\"\n\t\t\t\tdata-image-slug=\"172\"\n\t\t\t\tclass=\"ngg-fancybox\" rel=\"ed74bd0ce5ef5de485e1206267b495be\">\n\t\t\t\t<img\n\t\t\t\t\ttitle=\"172\"\n\t\t\t\t\talt=\"172\"\n\t\t\t\t\tsrc=\"https:\/\/www.villareuter.fi\/wordpress\/wp-content\/gallery\/talvipuutarha\/thumbs\/thumbs_172.jpg\"\n\t\t\t\t\twidth=\"120\"\n\t\t\t\t\theight=\"90\"\n\t\t\t\t\tstyle=\"max-width:100%;\"\n\t\t\t\t\/>\n\t\t\t<\/a>\n\t\t<\/div>\n\t\t\t\t\t\t\t<\/div> \n\t\t\t\n\t\t\n\t\t\t\t<div id=\"ngg-image-1\" class=\"ngg-gallery-thumbnail-box\" \n\t\t\t\t\t\t\t\t\t\t\t>\n\t\t\t\t\t\t<div class=\"ngg-gallery-thumbnail\">\n\t\t\t<a href=\"https:\/\/www.villareuter.fi\/wordpress\/wp-content\/gallery\/talvipuutarha\/196.jpg\"\n\t\t\t\ttitle=\"\"\n\t\t\t\tdata-src=\"https:\/\/www.villareuter.fi\/wordpress\/wp-content\/gallery\/talvipuutarha\/196.jpg\"\n\t\t\t\tdata-thumbnail=\"https:\/\/www.villareuter.fi\/wordpress\/wp-content\/gallery\/talvipuutarha\/thumbs\/thumbs_196.jpg\"\n\t\t\t\tdata-image-id=\"238\"\n\t\t\t\tdata-title=\"196\"\n\t\t\t\tdata-description=\"\"\n\t\t\t\tdata-image-slug=\"196\"\n\t\t\t\tclass=\"ngg-fancybox\" rel=\"ed74bd0ce5ef5de485e1206267b495be\">\n\t\t\t\t<img\n\t\t\t\t\ttitle=\"196\"\n\t\t\t\t\talt=\"196\"\n\t\t\t\t\tsrc=\"https:\/\/www.villareuter.fi\/wordpress\/wp-content\/gallery\/talvipuutarha\/thumbs\/thumbs_196.jpg\"\n\t\t\t\t\twidth=\"120\"\n\t\t\t\t\theight=\"90\"\n\t\t\t\t\tstyle=\"max-width:100%;\"\n\t\t\t\t\/>\n\t\t\t<\/a>\n\t\t<\/div>\n\t\t\t\t\t\t\t<\/div> \n\t\t\t\n\t\t\n\t\t\t\t<div id=\"ngg-image-2\" class=\"ngg-gallery-thumbnail-box\" \n\t\t\t\t\t\t\t\t\t\t\t>\n\t\t\t\t\t\t<div class=\"ngg-gallery-thumbnail\">\n\t\t\t<a href=\"https:\/\/www.villareuter.fi\/wordpress\/wp-content\/gallery\/talvipuutarha\/294.jpg\"\n\t\t\t\ttitle=\"\"\n\t\t\t\tdata-src=\"https:\/\/www.villareuter.fi\/wordpress\/wp-content\/gallery\/talvipuutarha\/294.jpg\"\n\t\t\t\tdata-thumbnail=\"https:\/\/www.villareuter.fi\/wordpress\/wp-content\/gallery\/talvipuutarha\/thumbs\/thumbs_294.jpg\"\n\t\t\t\tdata-image-id=\"239\"\n\t\t\t\tdata-title=\"294\"\n\t\t\t\tdata-description=\"\"\n\t\t\t\tdata-image-slug=\"294\"\n\t\t\t\tclass=\"ngg-fancybox\" rel=\"ed74bd0ce5ef5de485e1206267b495be\">\n\t\t\t\t<img\n\t\t\t\t\ttitle=\"294\"\n\t\t\t\t\talt=\"294\"\n\t\t\t\t\tsrc=\"https:\/\/www.villareuter.fi\/wordpress\/wp-content\/gallery\/talvipuutarha\/thumbs\/thumbs_294.jpg\"\n\t\t\t\t\twidth=\"120\"\n\t\t\t\t\theight=\"90\"\n\t\t\t\t\tstyle=\"max-width:100%;\"\n\t\t\t\t\/>\n\t\t\t<\/a>\n\t\t<\/div>\n\t\t\t\t\t\t\t<\/div> \n\t\t\t\n\t\t\n\t\t\t\t<div id=\"ngg-image-3\" class=\"ngg-gallery-thumbnail-box\" \n\t\t\t\t\t\t\t\t\t\t\t>\n\t\t\t\t\t\t<div class=\"ngg-gallery-thumbnail\">\n\t\t\t<a href=\"https:\/\/www.villareuter.fi\/wordpress\/wp-content\/gallery\/talvipuutarha\/305.jpg\"\n\t\t\t\ttitle=\"\"\n\t\t\t\tdata-src=\"https:\/\/www.villareuter.fi\/wordpress\/wp-content\/gallery\/talvipuutarha\/305.jpg\"\n\t\t\t\tdata-thumbnail=\"https:\/\/www.villareuter.fi\/wordpress\/wp-content\/gallery\/talvipuutarha\/thumbs\/thumbs_305.jpg\"\n\t\t\t\tdata-image-id=\"240\"\n\t\t\t\tdata-title=\"305\"\n\t\t\t\tdata-description=\"\"\n\t\t\t\tdata-image-slug=\"305\"\n\t\t\t\tclass=\"ngg-fancybox\" rel=\"ed74bd0ce5ef5de485e1206267b495be\">\n\t\t\t\t<img\n\t\t\t\t\ttitle=\"305\"\n\t\t\t\t\talt=\"305\"\n\t\t\t\t\tsrc=\"https:\/\/www.villareuter.fi\/wordpress\/wp-content\/gallery\/talvipuutarha\/thumbs\/thumbs_305.jpg\"\n\t\t\t\t\twidth=\"120\"\n\t\t\t\t\theight=\"90\"\n\t\t\t\t\tstyle=\"max-width:100%;\"\n\t\t\t\t\/>\n\t\t\t<\/a>\n\t\t<\/div>\n\t\t\t\t\t\t\t<\/div> \n\t\t\t\n\t\t\n\t\t\t\t<div id=\"ngg-image-4\" class=\"ngg-gallery-thumbnail-box\" \n\t\t\t\t\t\t\t\t\t\t\t>\n\t\t\t\t\t\t<div class=\"ngg-gallery-thumbnail\">\n\t\t\t<a href=\"https:\/\/www.villareuter.fi\/wordpress\/wp-content\/gallery\/talvipuutarha\/310.jpg\"\n\t\t\t\ttitle=\"\"\n\t\t\t\tdata-src=\"https:\/\/www.villareuter.fi\/wordpress\/wp-content\/gallery\/talvipuutarha\/310.jpg\"\n\t\t\t\tdata-thumbnail=\"https:\/\/www.villareuter.fi\/wordpress\/wp-content\/gallery\/talvipuutarha\/thumbs\/thumbs_310.jpg\"\n\t\t\t\tdata-image-id=\"241\"\n\t\t\t\tdata-title=\"310\"\n\t\t\t\tdata-description=\"\"\n\t\t\t\tdata-image-slug=\"310\"\n\t\t\t\tclass=\"ngg-fancybox\" rel=\"ed74bd0ce5ef5de485e1206267b495be\">\n\t\t\t\t<img\n\t\t\t\t\ttitle=\"310\"\n\t\t\t\t\talt=\"310\"\n\t\t\t\t\tsrc=\"https:\/\/www.villareuter.fi\/wordpress\/wp-content\/gallery\/talvipuutarha\/thumbs\/thumbs_310.jpg\"\n\t\t\t\t\twidth=\"120\"\n\t\t\t\t\theight=\"90\"\n\t\t\t\t\tstyle=\"max-width:100%;\"\n\t\t\t\t\/>\n\t\t\t<\/a>\n\t\t<\/div>\n\t\t\t\t\t\t\t<\/div> \n\t\t\t\n\t\t\n\t\t\t\t<div id=\"ngg-image-5\" class=\"ngg-gallery-thumbnail-box\" \n\t\t\t\t\t\t\t\t\t\t\t>\n\t\t\t\t\t\t<div class=\"ngg-gallery-thumbnail\">\n\t\t\t<a href=\"https:\/\/www.villareuter.fi\/wordpress\/wp-content\/gallery\/talvipuutarha\/342.jpg\"\n\t\t\t\ttitle=\"\"\n\t\t\t\tdata-src=\"https:\/\/www.villareuter.fi\/wordpress\/wp-content\/gallery\/talvipuutarha\/342.jpg\"\n\t\t\t\tdata-thumbnail=\"https:\/\/www.villareuter.fi\/wordpress\/wp-content\/gallery\/talvipuutarha\/thumbs\/thumbs_342.jpg\"\n\t\t\t\tdata-image-id=\"242\"\n\t\t\t\tdata-title=\"342\"\n\t\t\t\tdata-description=\"\"\n\t\t\t\tdata-image-slug=\"342\"\n\t\t\t\tclass=\"ngg-fancybox\" rel=\"ed74bd0ce5ef5de485e1206267b495be\">\n\t\t\t\t<img\n\t\t\t\t\ttitle=\"342\"\n\t\t\t\t\talt=\"342\"\n\t\t\t\t\tsrc=\"https:\/\/www.villareuter.fi\/wordpress\/wp-content\/gallery\/talvipuutarha\/thumbs\/thumbs_342.jpg\"\n\t\t\t\t\twidth=\"120\"\n\t\t\t\t\theight=\"90\"\n\t\t\t\t\tstyle=\"max-width:100%;\"\n\t\t\t\t\/>\n\t\t\t<\/a>\n\t\t<\/div>\n\t\t\t\t\t\t\t<\/div> \n\t\t\t\n\t\t\n\t\t\t\t<div id=\"ngg-image-6\" class=\"ngg-gallery-thumbnail-box\" \n\t\t\t\t\t\t\t\t\t\t\t>\n\t\t\t\t\t\t<div class=\"ngg-gallery-thumbnail\">\n\t\t\t<a href=\"https:\/\/www.villareuter.fi\/wordpress\/wp-content\/gallery\/talvipuutarha\/img_5058.jpg\"\n\t\t\t\ttitle=\"\"\n\t\t\t\tdata-src=\"https:\/\/www.villareuter.fi\/wordpress\/wp-content\/gallery\/talvipuutarha\/img_5058.jpg\"\n\t\t\t\tdata-thumbnail=\"https:\/\/www.villareuter.fi\/wordpress\/wp-content\/gallery\/talvipuutarha\/thumbs\/thumbs_img_5058.jpg\"\n\t\t\t\tdata-image-id=\"243\"\n\t\t\t\tdata-title=\"img_5058\"\n\t\t\t\tdata-description=\"\"\n\t\t\t\tdata-image-slug=\"img_5058\"\n\t\t\t\tclass=\"ngg-fancybox\" rel=\"ed74bd0ce5ef5de485e1206267b495be\">\n\t\t\t\t<img\n\t\t\t\t\ttitle=\"img_5058\"\n\t\t\t\t\talt=\"img_5058\"\n\t\t\t\t\tsrc=\"https:\/\/www.villareuter.fi\/wordpress\/wp-content\/gallery\/talvipuutarha\/thumbs\/thumbs_img_5058.jpg\"\n\t\t\t\t\twidth=\"120\"\n\t\t\t\t\theight=\"90\"\n\t\t\t\t\tstyle=\"max-width:100%;\"\n\t\t\t\t\/>\n\t\t\t<\/a>\n\t\t<\/div>\n\t\t\t\t\t\t\t<\/div> \n\t\t\t\n\t\t\n\t\t\t\t<div id=\"ngg-image-7\" class=\"ngg-gallery-thumbnail-box\" \n\t\t\t\t\t\t\t\t\t\t\t>\n\t\t\t\t\t\t<div class=\"ngg-gallery-thumbnail\">\n\t\t\t<a href=\"https:\/\/www.villareuter.fi\/wordpress\/wp-content\/gallery\/talvipuutarha\/img_5575.jpg\"\n\t\t\t\ttitle=\"\"\n\t\t\t\tdata-src=\"https:\/\/www.villareuter.fi\/wordpress\/wp-content\/gallery\/talvipuutarha\/img_5575.jpg\"\n\t\t\t\tdata-thumbnail=\"https:\/\/www.villareuter.fi\/wordpress\/wp-content\/gallery\/talvipuutarha\/thumbs\/thumbs_img_5575.jpg\"\n\t\t\t\tdata-image-id=\"244\"\n\t\t\t\tdata-title=\"img_5575\"\n\t\t\t\tdata-description=\"\"\n\t\t\t\tdata-image-slug=\"img_5575\"\n\t\t\t\tclass=\"ngg-fancybox\" rel=\"ed74bd0ce5ef5de485e1206267b495be\">\n\t\t\t\t<img\n\t\t\t\t\ttitle=\"img_5575\"\n\t\t\t\t\talt=\"img_5575\"\n\t\t\t\t\tsrc=\"https:\/\/www.villareuter.fi\/wordpress\/wp-content\/gallery\/talvipuutarha\/thumbs\/thumbs_img_5575.jpg\"\n\t\t\t\t\twidth=\"120\"\n\t\t\t\t\theight=\"90\"\n\t\t\t\t\tstyle=\"max-width:100%;\"\n\t\t\t\t\/>\n\t\t\t<\/a>\n\t\t<\/div>\n\t\t\t\t\t\t\t<\/div> \n\t\t\t\n\t\t\n\t\t\t\t<div id=\"ngg-image-8\" class=\"ngg-gallery-thumbnail-box\" \n\t\t\t\t\t\t\t\t\t\t\t>\n\t\t\t\t\t\t<div class=\"ngg-gallery-thumbnail\">\n\t\t\t<a href=\"https:\/\/www.villareuter.fi\/wordpress\/wp-content\/gallery\/talvipuutarha\/img_5758-800x600.jpg\"\n\t\t\t\ttitle=\"\"\n\t\t\t\tdata-src=\"https:\/\/www.villareuter.fi\/wordpress\/wp-content\/gallery\/talvipuutarha\/img_5758-800x600.jpg\"\n\t\t\t\tdata-thumbnail=\"https:\/\/www.villareuter.fi\/wordpress\/wp-content\/gallery\/talvipuutarha\/thumbs\/thumbs_img_5758-800x600.jpg\"\n\t\t\t\tdata-image-id=\"245\"\n\t\t\t\tdata-title=\"img_5758-800x600\"\n\t\t\t\tdata-description=\"\"\n\t\t\t\tdata-image-slug=\"img_5758-800x600\"\n\t\t\t\tclass=\"ngg-fancybox\" rel=\"ed74bd0ce5ef5de485e1206267b495be\">\n\t\t\t\t<img\n\t\t\t\t\ttitle=\"img_5758-800x600\"\n\t\t\t\t\talt=\"img_5758-800x600\"\n\t\t\t\t\tsrc=\"https:\/\/www.villareuter.fi\/wordpress\/wp-content\/gallery\/talvipuutarha\/thumbs\/thumbs_img_5758-800x600.jpg\"\n\t\t\t\t\twidth=\"120\"\n\t\t\t\t\theight=\"90\"\n\t\t\t\t\tstyle=\"max-width:100%;\"\n\t\t\t\t\/>\n\t\t\t<\/a>\n\t\t<\/div>\n\t\t\t\t\t\t\t<\/div> \n\t\t\t\n\t\t\n\t\t\t\t<div id=\"ngg-image-9\" class=\"ngg-gallery-thumbnail-box\" \n\t\t\t\t\t\t\t\t\t\t\t>\n\t\t\t\t\t\t<div class=\"ngg-gallery-thumbnail\">\n\t\t\t<a href=\"https:\/\/www.villareuter.fi\/wordpress\/wp-content\/gallery\/talvipuutarha\/img_5833.jpg\"\n\t\t\t\ttitle=\"\"\n\t\t\t\tdata-src=\"https:\/\/www.villareuter.fi\/wordpress\/wp-content\/gallery\/talvipuutarha\/img_5833.jpg\"\n\t\t\t\tdata-thumbnail=\"https:\/\/www.villareuter.fi\/wordpress\/wp-content\/gallery\/talvipuutarha\/thumbs\/thumbs_img_5833.jpg\"\n\t\t\t\tdata-image-id=\"246\"\n\t\t\t\tdata-title=\"img_5833\"\n\t\t\t\tdata-description=\"\"\n\t\t\t\tdata-image-slug=\"img_5833\"\n\t\t\t\tclass=\"ngg-fancybox\" rel=\"ed74bd0ce5ef5de485e1206267b495be\">\n\t\t\t\t<img\n\t\t\t\t\ttitle=\"img_5833\"\n\t\t\t\t\talt=\"img_5833\"\n\t\t\t\t\tsrc=\"https:\/\/www.villareuter.fi\/wordpress\/wp-content\/gallery\/talvipuutarha\/thumbs\/thumbs_img_5833.jpg\"\n\t\t\t\t\twidth=\"120\"\n\t\t\t\t\theight=\"90\"\n\t\t\t\t\tstyle=\"max-width:100%;\"\n\t\t\t\t\/>\n\t\t\t<\/a>\n\t\t<\/div>\n\t\t\t\t\t\t\t<\/div> \n\t\t\t\n\t\t\n\t\t\t\t<div id=\"ngg-image-10\" class=\"ngg-gallery-thumbnail-box\" \n\t\t\t\t\t\t\t\t\t\t\t>\n\t\t\t\t\t\t<div class=\"ngg-gallery-thumbnail\">\n\t\t\t<a href=\"https:\/\/www.villareuter.fi\/wordpress\/wp-content\/gallery\/talvipuutarha\/img_5844.jpg\"\n\t\t\t\ttitle=\"\"\n\t\t\t\tdata-src=\"https:\/\/www.villareuter.fi\/wordpress\/wp-content\/gallery\/talvipuutarha\/img_5844.jpg\"\n\t\t\t\tdata-thumbnail=\"https:\/\/www.villareuter.fi\/wordpress\/wp-content\/gallery\/talvipuutarha\/thumbs\/thumbs_img_5844.jpg\"\n\t\t\t\tdata-image-id=\"247\"\n\t\t\t\tdata-title=\"img_5844\"\n\t\t\t\tdata-description=\"\"\n\t\t\t\tdata-image-slug=\"img_5844\"\n\t\t\t\tclass=\"ngg-fancybox\" rel=\"ed74bd0ce5ef5de485e1206267b495be\">\n\t\t\t\t<img\n\t\t\t\t\ttitle=\"img_5844\"\n\t\t\t\t\talt=\"img_5844\"\n\t\t\t\t\tsrc=\"https:\/\/www.villareuter.fi\/wordpress\/wp-content\/gallery\/talvipuutarha\/thumbs\/thumbs_img_5844.jpg\"\n\t\t\t\t\twidth=\"120\"\n\t\t\t\t\theight=\"90\"\n\t\t\t\t\tstyle=\"max-width:100%;\"\n\t\t\t\t\/>\n\t\t\t<\/a>\n\t\t<\/div>\n\t\t\t\t\t\t\t<\/div> \n\t\t\t\n\t\t\n\t\t\t\t<div id=\"ngg-image-11\" class=\"ngg-gallery-thumbnail-box\" \n\t\t\t\t\t\t\t\t\t\t\t>\n\t\t\t\t\t\t<div class=\"ngg-gallery-thumbnail\">\n\t\t\t<a href=\"https:\/\/www.villareuter.fi\/wordpress\/wp-content\/gallery\/talvipuutarha\/img_5848.jpg\"\n\t\t\t\ttitle=\"\"\n\t\t\t\tdata-src=\"https:\/\/www.villareuter.fi\/wordpress\/wp-content\/gallery\/talvipuutarha\/img_5848.jpg\"\n\t\t\t\tdata-thumbnail=\"https:\/\/www.villareuter.fi\/wordpress\/wp-content\/gallery\/talvipuutarha\/thumbs\/thumbs_img_5848.jpg\"\n\t\t\t\tdata-image-id=\"248\"\n\t\t\t\tdata-title=\"img_5848\"\n\t\t\t\tdata-description=\"\"\n\t\t\t\tdata-image-slug=\"img_5848\"\n\t\t\t\tclass=\"ngg-fancybox\" rel=\"ed74bd0ce5ef5de485e1206267b495be\">\n\t\t\t\t<img\n\t\t\t\t\ttitle=\"img_5848\"\n\t\t\t\t\talt=\"img_5848\"\n\t\t\t\t\tsrc=\"https:\/\/www.villareuter.fi\/wordpress\/wp-content\/gallery\/talvipuutarha\/thumbs\/thumbs_img_5848.jpg\"\n\t\t\t\t\twidth=\"120\"\n\t\t\t\t\theight=\"90\"\n\t\t\t\t\tstyle=\"max-width:100%;\"\n\t\t\t\t\/>\n\t\t\t<\/a>\n\t\t<\/div>\n\t\t\t\t\t\t\t<\/div> \n\t\t\t\n\t\t\n\t\t\t\t<div id=\"ngg-image-12\" class=\"ngg-gallery-thumbnail-box\" \n\t\t\t\t\t\t\t\t\t\t\t>\n\t\t\t\t\t\t<div class=\"ngg-gallery-thumbnail\">\n\t\t\t<a href=\"https:\/\/www.villareuter.fi\/wordpress\/wp-content\/gallery\/talvipuutarha\/img_5860.jpg\"\n\t\t\t\ttitle=\"\"\n\t\t\t\tdata-src=\"https:\/\/www.villareuter.fi\/wordpress\/wp-content\/gallery\/talvipuutarha\/img_5860.jpg\"\n\t\t\t\tdata-thumbnail=\"https:\/\/www.villareuter.fi\/wordpress\/wp-content\/gallery\/talvipuutarha\/thumbs\/thumbs_img_5860.jpg\"\n\t\t\t\tdata-image-id=\"249\"\n\t\t\t\tdata-title=\"img_5860\"\n\t\t\t\tdata-description=\"\"\n\t\t\t\tdata-image-slug=\"img_5860\"\n\t\t\t\tclass=\"ngg-fancybox\" rel=\"ed74bd0ce5ef5de485e1206267b495be\">\n\t\t\t\t<img\n\t\t\t\t\ttitle=\"img_5860\"\n\t\t\t\t\talt=\"img_5860\"\n\t\t\t\t\tsrc=\"https:\/\/www.villareuter.fi\/wordpress\/wp-content\/gallery\/talvipuutarha\/thumbs\/thumbs_img_5860.jpg\"\n\t\t\t\t\twidth=\"120\"\n\t\t\t\t\theight=\"90\"\n\t\t\t\t\tstyle=\"max-width:100%;\"\n\t\t\t\t\/>\n\t\t\t<\/a>\n\t\t<\/div>\n\t\t\t\t\t\t\t<\/div> \n\t\t\t\n\t\t\n\t\t\t\t<div id=\"ngg-image-13\" class=\"ngg-gallery-thumbnail-box\" \n\t\t\t\t\t\t\t\t\t\t\t>\n\t\t\t\t\t\t<div class=\"ngg-gallery-thumbnail\">\n\t\t\t<a href=\"https:\/\/www.villareuter.fi\/wordpress\/wp-content\/gallery\/talvipuutarha\/img_5998-800x600.jpg\"\n\t\t\t\ttitle=\"\"\n\t\t\t\tdata-src=\"https:\/\/www.villareuter.fi\/wordpress\/wp-content\/gallery\/talvipuutarha\/img_5998-800x600.jpg\"\n\t\t\t\tdata-thumbnail=\"https:\/\/www.villareuter.fi\/wordpress\/wp-content\/gallery\/talvipuutarha\/thumbs\/thumbs_img_5998-800x600.jpg\"\n\t\t\t\tdata-image-id=\"250\"\n\t\t\t\tdata-title=\"img_5998-800x600\"\n\t\t\t\tdata-description=\"\"\n\t\t\t\tdata-image-slug=\"img_5998-800x600\"\n\t\t\t\tclass=\"ngg-fancybox\" rel=\"ed74bd0ce5ef5de485e1206267b495be\">\n\t\t\t\t<img\n\t\t\t\t\ttitle=\"img_5998-800x600\"\n\t\t\t\t\talt=\"img_5998-800x600\"\n\t\t\t\t\tsrc=\"https:\/\/www.villareuter.fi\/wordpress\/wp-content\/gallery\/talvipuutarha\/thumbs\/thumbs_img_5998-800x600.jpg\"\n\t\t\t\t\twidth=\"120\"\n\t\t\t\t\theight=\"90\"\n\t\t\t\t\tstyle=\"max-width:100%;\"\n\t\t\t\t\/>\n\t\t\t<\/a>\n\t\t<\/div>\n\t\t\t\t\t\t\t<\/div> \n\t\t\t\n\t\t\n\t\t\t\t<div id=\"ngg-image-14\" class=\"ngg-gallery-thumbnail-box\" \n\t\t\t\t\t\t\t\t\t\t\t>\n\t\t\t\t\t\t<div class=\"ngg-gallery-thumbnail\">\n\t\t\t<a href=\"https:\/\/www.villareuter.fi\/wordpress\/wp-content\/gallery\/talvipuutarha\/img_5999-800x600.jpg\"\n\t\t\t\ttitle=\"\"\n\t\t\t\tdata-src=\"https:\/\/www.villareuter.fi\/wordpress\/wp-content\/gallery\/talvipuutarha\/img_5999-800x600.jpg\"\n\t\t\t\tdata-thumbnail=\"https:\/\/www.villareuter.fi\/wordpress\/wp-content\/gallery\/talvipuutarha\/thumbs\/thumbs_img_5999-800x600.jpg\"\n\t\t\t\tdata-image-id=\"251\"\n\t\t\t\tdata-title=\"img_5999-800x600\"\n\t\t\t\tdata-description=\"\"\n\t\t\t\tdata-image-slug=\"img_5999-800x600\"\n\t\t\t\tclass=\"ngg-fancybox\" rel=\"ed74bd0ce5ef5de485e1206267b495be\">\n\t\t\t\t<img\n\t\t\t\t\ttitle=\"img_5999-800x600\"\n\t\t\t\t\talt=\"img_5999-800x600\"\n\t\t\t\t\tsrc=\"https:\/\/www.villareuter.fi\/wordpress\/wp-content\/gallery\/talvipuutarha\/thumbs\/thumbs_img_5999-800x600.jpg\"\n\t\t\t\t\twidth=\"120\"\n\t\t\t\t\theight=\"90\"\n\t\t\t\t\tstyle=\"max-width:100%;\"\n\t\t\t\t\/>\n\t\t\t<\/a>\n\t\t<\/div>\n\t\t\t\t\t\t\t<\/div> \n\t\t\t\n\t\t\n\t\t\t\t<div id=\"ngg-image-15\" class=\"ngg-gallery-thumbnail-box\" \n\t\t\t\t\t\t\t\t\t\t\t>\n\t\t\t\t\t\t<div class=\"ngg-gallery-thumbnail\">\n\t\t\t<a href=\"https:\/\/www.villareuter.fi\/wordpress\/wp-content\/gallery\/talvipuutarha\/parbild-c-800-pixlar.jpg\"\n\t\t\t\ttitle=\"\"\n\t\t\t\tdata-src=\"https:\/\/www.villareuter.fi\/wordpress\/wp-content\/gallery\/talvipuutarha\/parbild-c-800-pixlar.jpg\"\n\t\t\t\tdata-thumbnail=\"https:\/\/www.villareuter.fi\/wordpress\/wp-content\/gallery\/talvipuutarha\/thumbs\/thumbs_parbild-c-800-pixlar.jpg\"\n\t\t\t\tdata-image-id=\"252\"\n\t\t\t\tdata-title=\"parbild-c-800-pixlar\"\n\t\t\t\tdata-description=\"\"\n\t\t\t\tdata-image-slug=\"parbild-c-800-pixlar\"\n\t\t\t\tclass=\"ngg-fancybox\" rel=\"ed74bd0ce5ef5de485e1206267b495be\">\n\t\t\t\t<img\n\t\t\t\t\ttitle=\"parbild-c-800-pixlar\"\n\t\t\t\t\talt=\"parbild-c-800-pixlar\"\n\t\t\t\t\tsrc=\"https:\/\/www.villareuter.fi\/wordpress\/wp-content\/gallery\/talvipuutarha\/thumbs\/thumbs_parbild-c-800-pixlar.jpg\"\n\t\t\t\t\twidth=\"120\"\n\t\t\t\t\theight=\"90\"\n\t\t\t\t\tstyle=\"max-width:100%;\"\n\t\t\t\t\/>\n\t\t\t<\/a>\n\t\t<\/div>\n\t\t\t\t\t\t\t<\/div> \n\t\t\t\n\t\t\n\t\t\n\t\t<!-- Pagination -->\n\t\t<div class='ngg-clear'><\/div>\t<\/div>\n\n","protected":false},"excerpt":{"rendered":"<p>Juhla ja Kokoustila Paraisilla Villa Reuter&#8212;&#8211;Talvipuutarha&#8212;&#8211;Kellari&#8212;&#8211;Olohuone&#8212;&#8211;Sauna&#8212;&#8211;Venevaja&#8212;&#8211;Majoitus Kokoustila Paraisilla Talvipuutarhamme tarjoaa upeat tilat kokouksiin ja juhliin. Istutte luonnon keskell\u00e4, meri melkein kosketeltavissa nautitte rauhasta ja hyv\u00e4st\u00e4 ruoasta. Inspiroiva ymp\u00e4rist\u00f6 auttaa p\u00e4\u00e4t\u00f6ksenteossa \u2026 <a class=\"continue-reading-link\" href=\"https:\/\/www.villareuter.fi\/wordpress\/juhla-ja-kokoustilat-turun-saaristossa\/kokoustila-paraisilla\/\">Lue lis\u00e4\u00e4 <span class=\"meta-nav\">&rarr; <\/span><\/a><\/p>\n","protected":false},"author":1,"featured_media":0,"parent":45,"menu_order":1,"comment_status":"closed","ping_status":"closed","template":"","meta":{"om_disable_all_campaigns":false,"_monsterinsights_skip_tracking":false,"_monsterinsights_sitenote_active":false,"_monsterinsights_sitenote_note":"","_monsterinsights_sitenote_category":0,"_uf_show_specific_survey":0,"_uf_disable_surveys":false,"ngg_post_thumbnail":0,"footnotes":""},"_links":{"self":[{"href":"https:\/\/www.villareuter.fi\/wordpress\/wp-json\/wp\/v2\/pages\/47"}],"collection":[{"href":"https:\/\/www.villareuter.fi\/wordpress\/wp-json\/wp\/v2\/pages"}],"about":[{"href":"https:\/\/www.villareuter.fi\/wordpress\/wp-json\/wp\/v2\/types\/page"}],"author":[{"embeddable":true,"href":"https:\/\/www.villareuter.fi\/wordpress\/wp-json\/wp\/v2\/users\/1"}],"replies":[{"embeddable":true,"href":"https:\/\/www.villareuter.fi\/wordpress\/wp-json\/wp\/v2\/comments?post=47"}],"version-history":[{"count":33,"href":"https:\/\/www.villareuter.fi\/wordpress\/wp-json\/wp\/v2\/pages\/47\/revisions"}],"predecessor-version":[{"id":121,"href":"https:\/\/www.villareuter.fi\/wordpress\/wp-json\/wp\/v2\/pages\/47\/revisions\/121"}],"up":[{"embeddable":true,"href":"https:\/\/www.villareuter.fi\/wordpress\/wp-json\/wp\/v2\/pages\/45"}],"wp:attachment":[{"href":"https:\/\/www.villareuter.fi\/wordpress\/wp-json\/wp\/v2\/media?parent=47"}],"curies":[{"name":"wp","href":"https:\/\/api.w.org\/{rel}","templated":true}]}}