{"id":1801,"date":"2022-02-23T16:39:45","date_gmt":"2022-02-23T14:39:45","guid":{"rendered":"http:\/\/www.villareuter.fi\/wordpress\/majoitustila\/the-shed\/"},"modified":"2022-12-22T11:22:18","modified_gmt":"2022-12-22T09:22:18","slug":"the-shed","status":"publish","type":"page","link":"https:\/\/www.villareuter.fi\/wordpress\/majoitustila\/the-shed\/?lang=sv","title":{"rendered":"The Shed"},"content":{"rendered":"\n<a href=\"http:\/\/www.villareuter.fi\/wordpress\/majoitustila\/?lang=sv\">Majoitustilat<\/a> &#8211; <a href=\"http:\/\/www.villareuter.fi\/wordpress\/majoitustila\/north-apartment\/?lang=sv\">North apartment<\/a> &#8211; <a href=\"http:\/\/www.villareuter.fi\/wordpress\/majoitustila\/south-apartment\/?lang=sv\">South apartment<\/a> &#8211; <a href=\"http:\/\/www.villareuter.fi\/wordpress\/majoitustila\/the-shed\/?lang=sv\">The Shed<\/a> &#8211; <a href=\"http:\/\/www.villareuter.fi\/wordpress\/majoitustila\/bedroom-for-2-in-bistro\/?lang=sv\">Bedroom for 2 in Bistro<\/a> &#8211; <a href=\"http:\/\/www.villareuter.fi\/wordpress\/majoitustila\/tentsil\/?lang=sv\">Tentsil<\/a>\n\n\n\n<p>En liten 35m2 l\u00e4genhet i 2 plan i ena \u00e4ndan av G\u00e5rdsbyggnaden. L\u00e4genheten l\u00e4mpar sig b\u00e4st f\u00f6r 2 vuxna<\/p>\n<p><a href=\"http:\/\/www.villareuter.fi\/wordpress\/wp-content\/uploads\/2021-06-22-08.23.20-scaled.jpeg\"><img loading=\"lazy\" decoding=\"async\" class=\"alignnone wp-image-1679\" src=\"http:\/\/www.villareuter.fi\/wordpress\/wp-content\/uploads\/2021-06-22-08.23.20-300x225.jpeg\" alt=\"\" width=\"321\" height=\"241\" srcset=\"https:\/\/www.villareuter.fi\/wordpress\/wp-content\/uploads\/2021-06-22-08.23.20-300x225.jpeg 300w, https:\/\/www.villareuter.fi\/wordpress\/wp-content\/uploads\/2021-06-22-08.23.20-1024x768.jpeg 1024w, https:\/\/www.villareuter.fi\/wordpress\/wp-content\/uploads\/2021-06-22-08.23.20-768x576.jpeg 768w, https:\/\/www.villareuter.fi\/wordpress\/wp-content\/uploads\/2021-06-22-08.23.20-1536x1152.jpeg 1536w, https:\/\/www.villareuter.fi\/wordpress\/wp-content\/uploads\/2021-06-22-08.23.20-2048x1536.jpeg 2048w, https:\/\/www.villareuter.fi\/wordpress\/wp-content\/uploads\/2021-06-22-08.23.20-150x113.jpeg 150w, https:\/\/www.villareuter.fi\/wordpress\/wp-content\/uploads\/2021-06-22-08.23.20-800x600.jpeg 800w, https:\/\/www.villareuter.fi\/wordpress\/wp-content\/uploads\/2021-06-22-08.23.20-200x150.jpeg 200w\" sizes=\"(max-width: 321px) 100vw, 321px\" \/><\/a><a href=\"http:\/\/www.villareuter.fi\/wordpress\/wp-content\/uploads\/Shed-Pohjat.jpg\"><img loading=\"lazy\" decoding=\"async\" class=\"alignnone wp-image-1844 size-medium\" src=\"http:\/\/www.villareuter.fi\/wordpress\/wp-content\/uploads\/Shed-Pohjat-212x300.jpg\" alt=\"\" width=\"212\" height=\"300\" srcset=\"https:\/\/www.villareuter.fi\/wordpress\/wp-content\/uploads\/Shed-Pohjat-212x300.jpg 212w, https:\/\/www.villareuter.fi\/wordpress\/wp-content\/uploads\/Shed-Pohjat-106x150.jpg 106w, https:\/\/www.villareuter.fi\/wordpress\/wp-content\/uploads\/Shed-Pohjat.jpg 595w\" sizes=\"(max-width: 212px) 100vw, 212px\" \/><\/a><a href=\"http:\/\/www.villareuter.fi\/wordpress\/wp-content\/uploads\/IMG_20210622_091023-scaled.jpeg\"><img loading=\"lazy\" decoding=\"async\" class=\"alignnone wp-image-1586\" src=\"http:\/\/www.villareuter.fi\/wordpress\/wp-content\/uploads\/IMG_20210622_091023-225x300.jpeg\" alt=\"\" width=\"184\" height=\"246\" srcset=\"https:\/\/www.villareuter.fi\/wordpress\/wp-content\/uploads\/IMG_20210622_091023-225x300.jpeg 225w, https:\/\/www.villareuter.fi\/wordpress\/wp-content\/uploads\/IMG_20210622_091023-768x1024.jpeg 768w, https:\/\/www.villareuter.fi\/wordpress\/wp-content\/uploads\/IMG_20210622_091023-1152x1536.jpeg 1152w, https:\/\/www.villareuter.fi\/wordpress\/wp-content\/uploads\/IMG_20210622_091023-1536x2048.jpeg 1536w, https:\/\/www.villareuter.fi\/wordpress\/wp-content\/uploads\/IMG_20210622_091023-113x150.jpeg 113w, https:\/\/www.villareuter.fi\/wordpress\/wp-content\/uploads\/IMG_20210622_091023-scaled.jpeg 1920w\" sizes=\"(max-width: 184px) 100vw, 184px\" \/><\/a> <a href=\"http:\/\/www.villareuter.fi\/wordpress\/wp-content\/uploads\/IMG_20210622_091047-1-scaled.jpeg\"><img loading=\"lazy\" decoding=\"async\" class=\"alignnone wp-image-1589\" src=\"http:\/\/www.villareuter.fi\/wordpress\/wp-content\/uploads\/IMG_20210622_091047-1-225x300.jpeg\" alt=\"\" width=\"267\" height=\"356\" srcset=\"https:\/\/www.villareuter.fi\/wordpress\/wp-content\/uploads\/IMG_20210622_091047-1-225x300.jpeg 225w, https:\/\/www.villareuter.fi\/wordpress\/wp-content\/uploads\/IMG_20210622_091047-1-768x1024.jpeg 768w, https:\/\/www.villareuter.fi\/wordpress\/wp-content\/uploads\/IMG_20210622_091047-1-1152x1536.jpeg 1152w, https:\/\/www.villareuter.fi\/wordpress\/wp-content\/uploads\/IMG_20210622_091047-1-1536x2048.jpeg 1536w, https:\/\/www.villareuter.fi\/wordpress\/wp-content\/uploads\/IMG_20210622_091047-1-113x150.jpeg 113w, https:\/\/www.villareuter.fi\/wordpress\/wp-content\/uploads\/IMG_20210622_091047-1-scaled.jpeg 1920w\" sizes=\"(max-width: 267px) 100vw, 267px\" \/> <\/a><a href=\"http:\/\/www.villareuter.fi\/wordpress\/wp-content\/uploads\/IMG_20210622_090916-1-scaled.jpeg\"><img loading=\"lazy\" decoding=\"async\" class=\"alignnone wp-image-1682\" src=\"http:\/\/www.villareuter.fi\/wordpress\/wp-content\/uploads\/IMG_20210622_090916-1-225x300.jpeg\" alt=\"\" width=\"268\" height=\"357\" srcset=\"https:\/\/www.villareuter.fi\/wordpress\/wp-content\/uploads\/IMG_20210622_090916-1-225x300.jpeg 225w, https:\/\/www.villareuter.fi\/wordpress\/wp-content\/uploads\/IMG_20210622_090916-1-768x1024.jpeg 768w, https:\/\/www.villareuter.fi\/wordpress\/wp-content\/uploads\/IMG_20210622_090916-1-1152x1536.jpeg 1152w, https:\/\/www.villareuter.fi\/wordpress\/wp-content\/uploads\/IMG_20210622_090916-1-1536x2048.jpeg 1536w, https:\/\/www.villareuter.fi\/wordpress\/wp-content\/uploads\/IMG_20210622_090916-1-113x150.jpeg 113w, https:\/\/www.villareuter.fi\/wordpress\/wp-content\/uploads\/IMG_20210622_090916-1-scaled.jpeg 1920w\" sizes=\"(max-width: 268px) 100vw, 268px\" \/><\/a> <a href=\"http:\/\/www.villareuter.fi\/wordpress\/wp-content\/uploads\/IMG_20210622_090948-scaled.jpeg\"><img loading=\"lazy\" decoding=\"async\" class=\"alignnone wp-image-1604\" src=\"http:\/\/www.villareuter.fi\/wordpress\/wp-content\/uploads\/IMG_20210622_090948-225x300.jpeg\" alt=\"\" width=\"269\" height=\"359\" srcset=\"https:\/\/www.villareuter.fi\/wordpress\/wp-content\/uploads\/IMG_20210622_090948-225x300.jpeg 225w, https:\/\/www.villareuter.fi\/wordpress\/wp-content\/uploads\/IMG_20210622_090948-768x1024.jpeg 768w, https:\/\/www.villareuter.fi\/wordpress\/wp-content\/uploads\/IMG_20210622_090948-1152x1536.jpeg 1152w, https:\/\/www.villareuter.fi\/wordpress\/wp-content\/uploads\/IMG_20210622_090948-1536x2048.jpeg 1536w, https:\/\/www.villareuter.fi\/wordpress\/wp-content\/uploads\/IMG_20210622_090948-113x150.jpeg 113w, https:\/\/www.villareuter.fi\/wordpress\/wp-content\/uploads\/IMG_20210622_090948-scaled.jpeg 1920w\" sizes=\"(max-width: 269px) 100vw, 269px\" \/><\/a><a href=\"http:\/\/www.villareuter.fi\/wordpress\/wp-content\/uploads\/IMG_20210622_091334-1-scaled.jpeg\"><img loading=\"lazy\" decoding=\"async\" class=\"alignnone wp-image-1685\" src=\"http:\/\/www.villareuter.fi\/wordpress\/wp-content\/uploads\/IMG_20210622_091334-1-300x225.jpeg\" alt=\"\" width=\"203\" height=\"152\" srcset=\"https:\/\/www.villareuter.fi\/wordpress\/wp-content\/uploads\/IMG_20210622_091334-1-300x225.jpeg 300w, https:\/\/www.villareuter.fi\/wordpress\/wp-content\/uploads\/IMG_20210622_091334-1-1024x768.jpeg 1024w, https:\/\/www.villareuter.fi\/wordpress\/wp-content\/uploads\/IMG_20210622_091334-1-768x576.jpeg 768w, https:\/\/www.villareuter.fi\/wordpress\/wp-content\/uploads\/IMG_20210622_091334-1-1536x1152.jpeg 1536w, https:\/\/www.villareuter.fi\/wordpress\/wp-content\/uploads\/IMG_20210622_091334-1-2048x1536.jpeg 2048w, https:\/\/www.villareuter.fi\/wordpress\/wp-content\/uploads\/IMG_20210622_091334-1-150x113.jpeg 150w, https:\/\/www.villareuter.fi\/wordpress\/wp-content\/uploads\/IMG_20210622_091334-1-800x600.jpeg 800w, https:\/\/www.villareuter.fi\/wordpress\/wp-content\/uploads\/IMG_20210622_091334-1-200x150.jpeg 200w\" sizes=\"(max-width: 203px) 100vw, 203px\" \/> <\/a><a href=\"http:\/\/www.villareuter.fi\/wordpress\/wp-content\/uploads\/IMG_20210622_091558-1-scaled.jpeg\"><img loading=\"lazy\" decoding=\"async\" class=\"alignnone wp-image-1688\" src=\"http:\/\/www.villareuter.fi\/wordpress\/wp-content\/uploads\/IMG_20210622_091558-1-300x225.jpeg\" alt=\"\" width=\"202\" height=\"152\" srcset=\"https:\/\/www.villareuter.fi\/wordpress\/wp-content\/uploads\/IMG_20210622_091558-1-300x225.jpeg 300w, https:\/\/www.villareuter.fi\/wordpress\/wp-content\/uploads\/IMG_20210622_091558-1-1024x768.jpeg 1024w, https:\/\/www.villareuter.fi\/wordpress\/wp-content\/uploads\/IMG_20210622_091558-1-768x576.jpeg 768w, https:\/\/www.villareuter.fi\/wordpress\/wp-content\/uploads\/IMG_20210622_091558-1-1536x1152.jpeg 1536w, https:\/\/www.villareuter.fi\/wordpress\/wp-content\/uploads\/IMG_20210622_091558-1-2048x1536.jpeg 2048w, https:\/\/www.villareuter.fi\/wordpress\/wp-content\/uploads\/IMG_20210622_091558-1-150x113.jpeg 150w, https:\/\/www.villareuter.fi\/wordpress\/wp-content\/uploads\/IMG_20210622_091558-1-800x600.jpeg 800w, https:\/\/www.villareuter.fi\/wordpress\/wp-content\/uploads\/IMG_20210622_091558-1-200x150.jpeg 200w\" sizes=\"(max-width: 202px) 100vw, 202px\" \/><\/a> <a href=\"http:\/\/www.villareuter.fi\/wordpress\/wp-content\/uploads\/IMG_20210622_091352-1-1-scaled.jpeg\"><img loading=\"lazy\" decoding=\"async\" class=\"alignnone wp-image-1595\" src=\"http:\/\/www.villareuter.fi\/wordpress\/wp-content\/uploads\/IMG_20210622_091352-1-1-300x225.jpeg\" alt=\"\" width=\"205\" height=\"154\" srcset=\"https:\/\/www.villareuter.fi\/wordpress\/wp-content\/uploads\/IMG_20210622_091352-1-1-300x225.jpeg 300w, https:\/\/www.villareuter.fi\/wordpress\/wp-content\/uploads\/IMG_20210622_091352-1-1-1024x768.jpeg 1024w, https:\/\/www.villareuter.fi\/wordpress\/wp-content\/uploads\/IMG_20210622_091352-1-1-768x576.jpeg 768w, https:\/\/www.villareuter.fi\/wordpress\/wp-content\/uploads\/IMG_20210622_091352-1-1-1536x1152.jpeg 1536w, https:\/\/www.villareuter.fi\/wordpress\/wp-content\/uploads\/IMG_20210622_091352-1-1-2048x1536.jpeg 2048w, https:\/\/www.villareuter.fi\/wordpress\/wp-content\/uploads\/IMG_20210622_091352-1-1-150x113.jpeg 150w, https:\/\/www.villareuter.fi\/wordpress\/wp-content\/uploads\/IMG_20210622_091352-1-1-800x600.jpeg 800w, https:\/\/www.villareuter.fi\/wordpress\/wp-content\/uploads\/IMG_20210622_091352-1-1-200x150.jpeg 200w\" sizes=\"(max-width: 205px) 100vw, 205px\" \/> <\/a><a href=\"http:\/\/www.villareuter.fi\/wordpress\/wp-content\/uploads\/IMG_20210622_091240-1-scaled.jpeg\"><img loading=\"lazy\" decoding=\"async\" class=\"alignnone wp-image-1592\" src=\"http:\/\/www.villareuter.fi\/wordpress\/wp-content\/uploads\/IMG_20210622_091240-1-300x225.jpeg\" alt=\"\" width=\"204\" height=\"153\" srcset=\"https:\/\/www.villareuter.fi\/wordpress\/wp-content\/uploads\/IMG_20210622_091240-1-300x225.jpeg 300w, https:\/\/www.villareuter.fi\/wordpress\/wp-content\/uploads\/IMG_20210622_091240-1-1024x768.jpeg 1024w, https:\/\/www.villareuter.fi\/wordpress\/wp-content\/uploads\/IMG_20210622_091240-1-768x576.jpeg 768w, https:\/\/www.villareuter.fi\/wordpress\/wp-content\/uploads\/IMG_20210622_091240-1-1536x1152.jpeg 1536w, https:\/\/www.villareuter.fi\/wordpress\/wp-content\/uploads\/IMG_20210622_091240-1-2048x1536.jpeg 2048w, https:\/\/www.villareuter.fi\/wordpress\/wp-content\/uploads\/IMG_20210622_091240-1-150x113.jpeg 150w, https:\/\/www.villareuter.fi\/wordpress\/wp-content\/uploads\/IMG_20210622_091240-1-800x600.jpeg 800w, https:\/\/www.villareuter.fi\/wordpress\/wp-content\/uploads\/IMG_20210622_091240-1-200x150.jpeg 200w\" sizes=\"(max-width: 204px) 100vw, 204px\" \/><\/a><\/p>\n","protected":false},"excerpt":{"rendered":"<p>Majoitustilat &#8211; North apartment &#8211; South apartment &#8211; The Shed &#8211; Bedroom for 2 in Bistro &#8211; Tentsil En liten 35m2 l\u00e4genhet i 2 plan i ena \u00e4ndan av G\u00e5rdsbyggnaden. \u2026 <a class=\"continue-reading-link\" href=\"https:\/\/www.villareuter.fi\/wordpress\/majoitustila\/the-shed\/?lang=sv\">Lue lis\u00e4\u00e4 <span class=\"meta-nav\">&rarr; <\/span><\/a><\/p>\n","protected":false},"author":1,"featured_media":0,"parent":816,"menu_order":3,"comment_status":"closed","ping_status":"closed","template":"","meta":{"om_disable_all_campaigns":false,"_monsterinsights_skip_tracking":false,"_monsterinsights_sitenote_active":false,"_monsterinsights_sitenote_note":"","_monsterinsights_sitenote_category":0,"_uf_show_specific_survey":0,"_uf_disable_surveys":false,"ngg_post_thumbnail":0,"footnotes":""},"_links":{"self":[{"href":"https:\/\/www.villareuter.fi\/wordpress\/wp-json\/wp\/v2\/pages\/1801"}],"collection":[{"href":"https:\/\/www.villareuter.fi\/wordpress\/wp-json\/wp\/v2\/pages"}],"about":[{"href":"https:\/\/www.villareuter.fi\/wordpress\/wp-json\/wp\/v2\/types\/page"}],"author":[{"embeddable":true,"href":"https:\/\/www.villareuter.fi\/wordpress\/wp-json\/wp\/v2\/users\/1"}],"replies":[{"embeddable":true,"href":"https:\/\/www.villareuter.fi\/wordpress\/wp-json\/wp\/v2\/comments?post=1801"}],"version-history":[{"count":4,"href":"https:\/\/www.villareuter.fi\/wordpress\/wp-json\/wp\/v2\/pages\/1801\/revisions"}],"predecessor-version":[{"id":1854,"href":"https:\/\/www.villareuter.fi\/wordpress\/wp-json\/wp\/v2\/pages\/1801\/revisions\/1854"}],"up":[{"embeddable":true,"href":"https:\/\/www.villareuter.fi\/wordpress\/wp-json\/wp\/v2\/pages\/816"}],"wp:attachment":[{"href":"https:\/\/www.villareuter.fi\/wordpress\/wp-json\/wp\/v2\/media?parent=1801"}],"curies":[{"name":"wp","href":"https:\/\/api.w.org\/{rel}","templated":true}]}}