{"id":1772,"date":"2022-02-23T17:30:02","date_gmt":"2022-02-23T15:30:02","guid":{"rendered":"http:\/\/www.villareuter.fi\/wordpress\/majoitustila\/tentsil-2\/"},"modified":"2022-12-21T16:44:18","modified_gmt":"2022-12-21T14:44:18","slug":"tentsil","status":"publish","type":"page","link":"https:\/\/www.villareuter.fi\/wordpress\/majoitustila\/tentsil\/?lang=sv","title":{"rendered":"Tentsil"},"content":{"rendered":"\n<p><a href=\"http:\/\/www.villareuter.fi\/wordpress\/accomodation\/?lang=en\">Majoitustilat<\/a> &#8211; <a href=\"https:\/\/www.villareuter.fi\/wordpress\/majoitustilat-turun-saaristossa\/south-apartment\/\">South apartment<\/a> &#8211; <a href=\"https:\/\/www.villareuter.fi\/wordpress\/majoitustilat-turun-saaristossa\/north-apartment\/\">North apartment<\/a> &#8211; <a href=\"https:\/\/www.villareuter.fi\/wordpress\/majoitustilat-turun-saaristossa\/the-shed\/\">The Shed<\/a> &#8211; <a href=\"https:\/\/www.villareuter.fi\/wordpress\/majoitustilat-turun-saaristossa\/bedroom-for-2-in-bistro\/\">Bedroom for 2 in BISTRO<\/a><\/p>\n\n\n\n<p>Vi s\u00e4tter upp v\u00e5rt Tentsil tr\u00e4dt\u00e4lt endast p\u00e5 beg\u00e4ran<\/p>\n<p>Vi hyr ocks\u00e5 ut t\u00e4ltet f\u00f6r 1-7 dagar ifall man vill utforska sk\u00e4rg\u00e5rden p\u00e5 egenhand och sova i t\u00e4lt<\/p>\n<p><a href=\"http:\/\/www.villareuter.fi\/wordpress\/wp-content\/uploads\/2019-04-12-10.39.54-scaled.jpg\"><img loading=\"lazy\" decoding=\"async\" class=\"alignnone  wp-image-1707\" src=\"http:\/\/www.villareuter.fi\/wordpress\/wp-content\/uploads\/2019-04-12-10.39.54-300x225.jpg\" alt=\"\" width=\"730\" height=\"548\" srcset=\"https:\/\/www.villareuter.fi\/wordpress\/wp-content\/uploads\/2019-04-12-10.39.54-300x225.jpg 300w, https:\/\/www.villareuter.fi\/wordpress\/wp-content\/uploads\/2019-04-12-10.39.54-1024x768.jpg 1024w, https:\/\/www.villareuter.fi\/wordpress\/wp-content\/uploads\/2019-04-12-10.39.54-768x576.jpg 768w, https:\/\/www.villareuter.fi\/wordpress\/wp-content\/uploads\/2019-04-12-10.39.54-1536x1152.jpg 1536w, https:\/\/www.villareuter.fi\/wordpress\/wp-content\/uploads\/2019-04-12-10.39.54-2048x1536.jpg 2048w, https:\/\/www.villareuter.fi\/wordpress\/wp-content\/uploads\/2019-04-12-10.39.54-150x113.jpg 150w, https:\/\/www.villareuter.fi\/wordpress\/wp-content\/uploads\/2019-04-12-10.39.54-800x600.jpg 800w, https:\/\/www.villareuter.fi\/wordpress\/wp-content\/uploads\/2019-04-12-10.39.54-200x150.jpg 200w\" sizes=\"(max-width: 730px) 100vw, 730px\" \/><\/a><\/p>\n<p><a href=\"http:\/\/www.villareuter.fi\/wordpress\/wp-content\/uploads\/2019-04-12-10.48.17-scaled.jpg\"><img loading=\"lazy\" decoding=\"async\" class=\"alignnone  wp-image-1710\" src=\"http:\/\/www.villareuter.fi\/wordpress\/wp-content\/uploads\/2019-04-12-10.48.17-300x225.jpg\" alt=\"\" width=\"239\" height=\"179\" srcset=\"https:\/\/www.villareuter.fi\/wordpress\/wp-content\/uploads\/2019-04-12-10.48.17-300x225.jpg 300w, https:\/\/www.villareuter.fi\/wordpress\/wp-content\/uploads\/2019-04-12-10.48.17-1024x768.jpg 1024w, https:\/\/www.villareuter.fi\/wordpress\/wp-content\/uploads\/2019-04-12-10.48.17-768x576.jpg 768w, https:\/\/www.villareuter.fi\/wordpress\/wp-content\/uploads\/2019-04-12-10.48.17-1536x1152.jpg 1536w, https:\/\/www.villareuter.fi\/wordpress\/wp-content\/uploads\/2019-04-12-10.48.17-2048x1536.jpg 2048w, https:\/\/www.villareuter.fi\/wordpress\/wp-content\/uploads\/2019-04-12-10.48.17-150x112.jpg 150w, https:\/\/www.villareuter.fi\/wordpress\/wp-content\/uploads\/2019-04-12-10.48.17-800x600.jpg 800w, https:\/\/www.villareuter.fi\/wordpress\/wp-content\/uploads\/2019-04-12-10.48.17-200x150.jpg 200w\" sizes=\"(max-width: 239px) 100vw, 239px\" \/><\/a> <a href=\"http:\/\/www.villareuter.fi\/wordpress\/wp-content\/uploads\/2019-04-12-11.02.05-scaled.jpg\"><img loading=\"lazy\" decoding=\"async\" class=\"alignnone  wp-image-1716\" src=\"http:\/\/www.villareuter.fi\/wordpress\/wp-content\/uploads\/2019-04-12-11.02.05-300x225.jpg\" alt=\"\" width=\"239\" height=\"179\" srcset=\"https:\/\/www.villareuter.fi\/wordpress\/wp-content\/uploads\/2019-04-12-11.02.05-300x225.jpg 300w, https:\/\/www.villareuter.fi\/wordpress\/wp-content\/uploads\/2019-04-12-11.02.05-1024x768.jpg 1024w, https:\/\/www.villareuter.fi\/wordpress\/wp-content\/uploads\/2019-04-12-11.02.05-768x576.jpg 768w, https:\/\/www.villareuter.fi\/wordpress\/wp-content\/uploads\/2019-04-12-11.02.05-1536x1152.jpg 1536w, https:\/\/www.villareuter.fi\/wordpress\/wp-content\/uploads\/2019-04-12-11.02.05-2048x1536.jpg 2048w, https:\/\/www.villareuter.fi\/wordpress\/wp-content\/uploads\/2019-04-12-11.02.05-150x113.jpg 150w, https:\/\/www.villareuter.fi\/wordpress\/wp-content\/uploads\/2019-04-12-11.02.05-800x600.jpg 800w, https:\/\/www.villareuter.fi\/wordpress\/wp-content\/uploads\/2019-04-12-11.02.05-200x150.jpg 200w\" sizes=\"(max-width: 239px) 100vw, 239px\" \/><\/a> <a href=\"http:\/\/www.villareuter.fi\/wordpress\/wp-content\/uploads\/2019-04-12-11.03.19-scaled.jpg\"><img loading=\"lazy\" decoding=\"async\" class=\"alignnone  wp-image-1719\" src=\"http:\/\/www.villareuter.fi\/wordpress\/wp-content\/uploads\/2019-04-12-11.03.19-300x225.jpg\" alt=\"\" width=\"243\" height=\"182\" srcset=\"https:\/\/www.villareuter.fi\/wordpress\/wp-content\/uploads\/2019-04-12-11.03.19-300x225.jpg 300w, https:\/\/www.villareuter.fi\/wordpress\/wp-content\/uploads\/2019-04-12-11.03.19-1024x768.jpg 1024w, https:\/\/www.villareuter.fi\/wordpress\/wp-content\/uploads\/2019-04-12-11.03.19-768x576.jpg 768w, https:\/\/www.villareuter.fi\/wordpress\/wp-content\/uploads\/2019-04-12-11.03.19-1536x1152.jpg 1536w, https:\/\/www.villareuter.fi\/wordpress\/wp-content\/uploads\/2019-04-12-11.03.19-2048x1536.jpg 2048w, https:\/\/www.villareuter.fi\/wordpress\/wp-content\/uploads\/2019-04-12-11.03.19-150x113.jpg 150w, https:\/\/www.villareuter.fi\/wordpress\/wp-content\/uploads\/2019-04-12-11.03.19-800x600.jpg 800w, https:\/\/www.villareuter.fi\/wordpress\/wp-content\/uploads\/2019-04-12-11.03.19-200x150.jpg 200w\" sizes=\"(max-width: 243px) 100vw, 243px\" \/><\/a><\/p>\n","protected":false},"excerpt":{"rendered":"<p>Majoitustilat &#8211; South apartment &#8211; North apartment &#8211; The Shed &#8211; Bedroom for 2 in BISTRO Vi s\u00e4tter upp v\u00e5rt Tentsil tr\u00e4dt\u00e4lt endast p\u00e5 beg\u00e4ran Vi hyr ocks\u00e5 ut t\u00e4ltet \u2026 <a class=\"continue-reading-link\" href=\"https:\/\/www.villareuter.fi\/wordpress\/majoitustila\/tentsil\/?lang=sv\">Lue lis\u00e4\u00e4 <span class=\"meta-nav\">&rarr; <\/span><\/a><\/p>\n","protected":false},"author":1,"featured_media":0,"parent":816,"menu_order":5,"comment_status":"closed","ping_status":"closed","template":"","meta":{"om_disable_all_campaigns":false,"_monsterinsights_skip_tracking":false,"_monsterinsights_sitenote_active":false,"_monsterinsights_sitenote_note":"","_monsterinsights_sitenote_category":0,"_uf_show_specific_survey":0,"_uf_disable_surveys":false,"ngg_post_thumbnail":0,"footnotes":""},"_links":{"self":[{"href":"https:\/\/www.villareuter.fi\/wordpress\/wp-json\/wp\/v2\/pages\/1772"}],"collection":[{"href":"https:\/\/www.villareuter.fi\/wordpress\/wp-json\/wp\/v2\/pages"}],"about":[{"href":"https:\/\/www.villareuter.fi\/wordpress\/wp-json\/wp\/v2\/types\/page"}],"author":[{"embeddable":true,"href":"https:\/\/www.villareuter.fi\/wordpress\/wp-json\/wp\/v2\/users\/1"}],"replies":[{"embeddable":true,"href":"https:\/\/www.villareuter.fi\/wordpress\/wp-json\/wp\/v2\/comments?post=1772"}],"version-history":[{"count":3,"href":"https:\/\/www.villareuter.fi\/wordpress\/wp-json\/wp\/v2\/pages\/1772\/revisions"}],"predecessor-version":[{"id":1779,"href":"https:\/\/www.villareuter.fi\/wordpress\/wp-json\/wp\/v2\/pages\/1772\/revisions\/1779"}],"up":[{"embeddable":true,"href":"https:\/\/www.villareuter.fi\/wordpress\/wp-json\/wp\/v2\/pages\/816"}],"wp:attachment":[{"href":"https:\/\/www.villareuter.fi\/wordpress\/wp-json\/wp\/v2\/media?parent=1772"}],"curies":[{"name":"wp","href":"https:\/\/api.w.org\/{rel}","templated":true}]}}