{"id":1660,"date":"2022-02-23T16:19:32","date_gmt":"2022-02-23T14:19:32","guid":{"rendered":"http:\/\/www.villareuter.fi\/wordpress\/?page_id=1660"},"modified":"2022-03-18T13:21:18","modified_gmt":"2022-03-18T11:21:18","slug":"south-apartment","status":"publish","type":"page","link":"https:\/\/www.villareuter.fi\/wordpress\/majoitustilat-turun-saaristossa\/south-apartment\/","title":{"rendered":"South apartment"},"content":{"rendered":"\n<p><a href=\"https:\/\/www.villareuter.fi\/wordpress\/majoitustilat-turun-saaristossa\/\">Majoitustilat<\/a>&nbsp; &#8211;&nbsp; <a href=\"https:\/\/www.villareuter.fi\/wordpress\/majoitustilat-turun-saaristossa\/north-apartment\/\">North apartment<\/a> &#8211; <a href=\"https:\/\/www.villareuter.fi\/wordpress\/majoitustilat-turun-saaristossa\/the-shed\/\">The Shed<\/a> &#8211; <a href=\"https:\/\/www.villareuter.fi\/wordpress\/majoitustilat-turun-saaristossa\/bedroom-for-2-in-bistro\/\">Bedroom for 2 in Bistro<\/a> &#8211; <a href=\"https:\/\/www.villareuter.fi\/wordpress\/majoitustilat-turun-saaristossa\/tentsil\/\">Tentsil<\/a><\/p>\n\n\n\n<p>P\u00e4\u00e4talon toisessa kerroksessa sijaitseva n. 50m2 asunto jossa 2 kahden hengen makuuhuonetta. Pienemm\u00e4ss\u00e4 makuuhuoneessa 1,40m s\u00e4nky, lis\u00e4vuode olohuoneessa<\/p>\n<p><a href=\"http:\/\/www.villareuter.fi\/wordpress\/wp-content\/uploads\/South-Apartment.png\"><img loading=\"lazy\" decoding=\"async\" class=\"alignnone size-medium wp-image-1571\" src=\"http:\/\/www.villareuter.fi\/wordpress\/wp-content\/uploads\/South-Apartment-300x228.png\" alt=\"\" width=\"300\" height=\"228\" srcset=\"https:\/\/www.villareuter.fi\/wordpress\/wp-content\/uploads\/South-Apartment-300x228.png 300w, https:\/\/www.villareuter.fi\/wordpress\/wp-content\/uploads\/South-Apartment-1024x777.png 1024w, https:\/\/www.villareuter.fi\/wordpress\/wp-content\/uploads\/South-Apartment-768x583.png 768w, https:\/\/www.villareuter.fi\/wordpress\/wp-content\/uploads\/South-Apartment-150x114.png 150w, https:\/\/www.villareuter.fi\/wordpress\/wp-content\/uploads\/South-Apartment-198x150.png 198w, https:\/\/www.villareuter.fi\/wordpress\/wp-content\/uploads\/South-Apartment.png 1400w\" sizes=\"(max-width: 300px) 100vw, 300px\" \/><\/a><\/p>\n<p><a href=\"http:\/\/www.villareuter.fi\/wordpress\/wp-content\/uploads\/img_5979-2.jpg\"><img loading=\"lazy\" decoding=\"async\" class=\"alignnone size-medium wp-image-1568\" src=\"http:\/\/www.villareuter.fi\/wordpress\/wp-content\/uploads\/img_5979-2-300x200.jpg\" alt=\"\" width=\"300\" height=\"200\" srcset=\"https:\/\/www.villareuter.fi\/wordpress\/wp-content\/uploads\/img_5979-2-300x200.jpg 300w, https:\/\/www.villareuter.fi\/wordpress\/wp-content\/uploads\/img_5979-2-1024x682.jpg 1024w, https:\/\/www.villareuter.fi\/wordpress\/wp-content\/uploads\/img_5979-2-768x512.jpg 768w, https:\/\/www.villareuter.fi\/wordpress\/wp-content\/uploads\/img_5979-2-150x100.jpg 150w, https:\/\/www.villareuter.fi\/wordpress\/wp-content\/uploads\/img_5979-2-225x150.jpg 225w, https:\/\/www.villareuter.fi\/wordpress\/wp-content\/uploads\/img_5979-2.jpg 1400w\" sizes=\"(max-width: 300px) 100vw, 300px\" \/><\/a><a href=\"http:\/\/www.villareuter.fi\/wordpress\/wp-content\/uploads\/Villa-Reuter-appartment-bedroom-1-scaled.jpg\"><img loading=\"lazy\" decoding=\"async\" class=\"alignnone size-medium wp-image-1565\" src=\"http:\/\/www.villareuter.fi\/wordpress\/wp-content\/uploads\/Villa-Reuter-appartment-bedroom-1-300x200.jpg\" alt=\"\" width=\"300\" height=\"200\" srcset=\"https:\/\/www.villareuter.fi\/wordpress\/wp-content\/uploads\/Villa-Reuter-appartment-bedroom-1-300x200.jpg 300w, https:\/\/www.villareuter.fi\/wordpress\/wp-content\/uploads\/Villa-Reuter-appartment-bedroom-1-1024x683.jpg 1024w, https:\/\/www.villareuter.fi\/wordpress\/wp-content\/uploads\/Villa-Reuter-appartment-bedroom-1-768x512.jpg 768w, https:\/\/www.villareuter.fi\/wordpress\/wp-content\/uploads\/Villa-Reuter-appartment-bedroom-1-1536x1024.jpg 1536w, https:\/\/www.villareuter.fi\/wordpress\/wp-content\/uploads\/Villa-Reuter-appartment-bedroom-1-2048x1365.jpg 2048w, https:\/\/www.villareuter.fi\/wordpress\/wp-content\/uploads\/Villa-Reuter-appartment-bedroom-1-150x100.jpg 150w, https:\/\/www.villareuter.fi\/wordpress\/wp-content\/uploads\/Villa-Reuter-appartment-bedroom-1-225x150.jpg 225w\" sizes=\"(max-width: 300px) 100vw, 300px\" \/><\/a><\/p>\n<p><a href=\"http:\/\/www.villareuter.fi\/wordpress\/wp-content\/uploads\/IMG_3151-1.jpg\"><img loading=\"lazy\" decoding=\"async\" class=\"alignnone size-medium wp-image-1534\" src=\"http:\/\/www.villareuter.fi\/wordpress\/wp-content\/uploads\/IMG_3151-1-300x200.jpg\" alt=\"\" width=\"300\" height=\"200\" srcset=\"https:\/\/www.villareuter.fi\/wordpress\/wp-content\/uploads\/IMG_3151-1-300x200.jpg 300w, https:\/\/www.villareuter.fi\/wordpress\/wp-content\/uploads\/IMG_3151-1-1024x683.jpg 1024w, https:\/\/www.villareuter.fi\/wordpress\/wp-content\/uploads\/IMG_3151-1-768x512.jpg 768w, https:\/\/www.villareuter.fi\/wordpress\/wp-content\/uploads\/IMG_3151-1-150x100.jpg 150w, https:\/\/www.villareuter.fi\/wordpress\/wp-content\/uploads\/IMG_3151-1-225x150.jpg 225w, https:\/\/www.villareuter.fi\/wordpress\/wp-content\/uploads\/IMG_3151-1.jpg 1536w\" sizes=\"(max-width: 300px) 100vw, 300px\" \/> <\/a><a href=\"http:\/\/www.villareuter.fi\/wordpress\/wp-content\/uploads\/IMG_3150-1.jpg\"><img loading=\"lazy\" decoding=\"async\" class=\"alignnone size-medium wp-image-1537\" src=\"http:\/\/www.villareuter.fi\/wordpress\/wp-content\/uploads\/IMG_3150-1-300x200.jpg\" alt=\"\" width=\"300\" height=\"200\" srcset=\"https:\/\/www.villareuter.fi\/wordpress\/wp-content\/uploads\/IMG_3150-1-300x200.jpg 300w, https:\/\/www.villareuter.fi\/wordpress\/wp-content\/uploads\/IMG_3150-1-1024x683.jpg 1024w, https:\/\/www.villareuter.fi\/wordpress\/wp-content\/uploads\/IMG_3150-1-768x512.jpg 768w, https:\/\/www.villareuter.fi\/wordpress\/wp-content\/uploads\/IMG_3150-1-150x100.jpg 150w, https:\/\/www.villareuter.fi\/wordpress\/wp-content\/uploads\/IMG_3150-1-225x150.jpg 225w, https:\/\/www.villareuter.fi\/wordpress\/wp-content\/uploads\/IMG_3150-1.jpg 1536w\" sizes=\"(max-width: 300px) 100vw, 300px\" \/><\/a><\/p>\n<p><a href=\"http:\/\/www.villareuter.fi\/wordpress\/wp-content\/uploads\/IMG_3688-scaled.jpg\"><img loading=\"lazy\" decoding=\"async\" class=\"alignnone size-medium wp-image-1531\" src=\"http:\/\/www.villareuter.fi\/wordpress\/wp-content\/uploads\/IMG_3688-300x200.jpg\" alt=\"\" width=\"300\" height=\"200\" srcset=\"https:\/\/www.villareuter.fi\/wordpress\/wp-content\/uploads\/IMG_3688-300x200.jpg 300w, https:\/\/www.villareuter.fi\/wordpress\/wp-content\/uploads\/IMG_3688-1024x683.jpg 1024w, https:\/\/www.villareuter.fi\/wordpress\/wp-content\/uploads\/IMG_3688-768x512.jpg 768w, https:\/\/www.villareuter.fi\/wordpress\/wp-content\/uploads\/IMG_3688-1536x1024.jpg 1536w, https:\/\/www.villareuter.fi\/wordpress\/wp-content\/uploads\/IMG_3688-2048x1365.jpg 2048w, https:\/\/www.villareuter.fi\/wordpress\/wp-content\/uploads\/IMG_3688-150x100.jpg 150w, https:\/\/www.villareuter.fi\/wordpress\/wp-content\/uploads\/IMG_3688-225x150.jpg 225w\" sizes=\"(max-width: 300px) 100vw, 300px\" \/> <\/a><a href=\"http:\/\/www.villareuter.fi\/wordpress\/wp-content\/uploads\/384-1-scaled.jpg\"><img loading=\"lazy\" decoding=\"async\" class=\"alignnone size-medium wp-image-1549\" src=\"http:\/\/www.villareuter.fi\/wordpress\/wp-content\/uploads\/384-1-300x200.jpg\" alt=\"\" width=\"300\" height=\"200\" srcset=\"https:\/\/www.villareuter.fi\/wordpress\/wp-content\/uploads\/384-1-300x200.jpg 300w, https:\/\/www.villareuter.fi\/wordpress\/wp-content\/uploads\/384-1-1024x683.jpg 1024w, https:\/\/www.villareuter.fi\/wordpress\/wp-content\/uploads\/384-1-768x512.jpg 768w, https:\/\/www.villareuter.fi\/wordpress\/wp-content\/uploads\/384-1-1536x1024.jpg 1536w, https:\/\/www.villareuter.fi\/wordpress\/wp-content\/uploads\/384-1-2048x1365.jpg 2048w, https:\/\/www.villareuter.fi\/wordpress\/wp-content\/uploads\/384-1-150x100.jpg 150w, https:\/\/www.villareuter.fi\/wordpress\/wp-content\/uploads\/384-1-225x150.jpg 225w\" sizes=\"(max-width: 300px) 100vw, 300px\" \/> <\/a>&nbsp;<\/p>\n","protected":false},"excerpt":{"rendered":"<p>Majoitustilat&nbsp; &#8211;&nbsp; North apartment &#8211; The Shed &#8211; Bedroom for 2 in Bistro &#8211; Tentsil P\u00e4\u00e4talon toisessa kerroksessa sijaitseva n. 50m2 asunto jossa 2 kahden hengen makuuhuonetta. Pienemm\u00e4ss\u00e4 makuuhuoneessa 1,40m \u2026 <a class=\"continue-reading-link\" href=\"https:\/\/www.villareuter.fi\/wordpress\/majoitustilat-turun-saaristossa\/south-apartment\/\">Lue lis\u00e4\u00e4 <span class=\"meta-nav\">&rarr; <\/span><\/a><\/p>\n","protected":false},"author":1,"featured_media":0,"parent":57,"menu_order":1,"comment_status":"closed","ping_status":"closed","template":"","meta":{"om_disable_all_campaigns":false,"_monsterinsights_skip_tracking":false,"_monsterinsights_sitenote_active":false,"_monsterinsights_sitenote_note":"","_monsterinsights_sitenote_category":0,"_uf_show_specific_survey":0,"_uf_disable_surveys":false,"ngg_post_thumbnail":0,"footnotes":""},"_links":{"self":[{"href":"https:\/\/www.villareuter.fi\/wordpress\/wp-json\/wp\/v2\/pages\/1660"}],"collection":[{"href":"https:\/\/www.villareuter.fi\/wordpress\/wp-json\/wp\/v2\/pages"}],"about":[{"href":"https:\/\/www.villareuter.fi\/wordpress\/wp-json\/wp\/v2\/types\/page"}],"author":[{"embeddable":true,"href":"https:\/\/www.villareuter.fi\/wordpress\/wp-json\/wp\/v2\/users\/1"}],"replies":[{"embeddable":true,"href":"https:\/\/www.villareuter.fi\/wordpress\/wp-json\/wp\/v2\/comments?post=1660"}],"version-history":[{"count":4,"href":"https:\/\/www.villareuter.fi\/wordpress\/wp-json\/wp\/v2\/pages\/1660\/revisions"}],"predecessor-version":[{"id":1741,"href":"https:\/\/www.villareuter.fi\/wordpress\/wp-json\/wp\/v2\/pages\/1660\/revisions\/1741"}],"up":[{"embeddable":true,"href":"https:\/\/www.villareuter.fi\/wordpress\/wp-json\/wp\/v2\/pages\/57"}],"wp:attachment":[{"href":"https:\/\/www.villareuter.fi\/wordpress\/wp-json\/wp\/v2\/media?parent=1660"}],"curies":[{"name":"wp","href":"https:\/\/api.w.org\/{rel}","templated":true}]}}