{"id":1652,"date":"2022-02-23T16:05:26","date_gmt":"2022-02-23T14:05:26","guid":{"rendered":"http:\/\/www.villareuter.fi\/wordpress\/?page_id=1652"},"modified":"2022-03-18T13:22:02","modified_gmt":"2022-03-18T11:22:02","slug":"north-apartment","status":"publish","type":"page","link":"https:\/\/www.villareuter.fi\/wordpress\/majoitustilat-turun-saaristossa\/north-apartment\/","title":{"rendered":"North Apartment"},"content":{"rendered":"\n<p><a href=\"https:\/\/www.villareuter.fi\/wordpress\/majoitustilat-turun-saaristossa\/\">Majoitustilat<\/a> &#8211; <a href=\"https:\/\/www.villareuter.fi\/wordpress\/majoitustilat-turun-saaristossa\/south-apartment\/\">South apartment<\/a> &#8211; <a href=\"https:\/\/www.villareuter.fi\/wordpress\/majoitustilat-turun-saaristossa\/the-shed\/\">The Shed<\/a> &#8211; <a href=\"https:\/\/www.villareuter.fi\/wordpress\/majoitustilat-turun-saaristossa\/bedroom-for-2-in-bistro\/\">Bedroom for 2 in Bistro<\/a> &#8211; <a href=\"https:\/\/www.villareuter.fi\/wordpress\/majoitustilat-turun-saaristossa\/tentsil\/\">Tentsil<\/a><\/p>\n\n\n\n<p>P\u00e4\u00e4talon toisessa kerroksessa sijaitseva n. 70m2 asunto jossa 2 kahden hengen makuuhuonetta, toiseen saadaan lis\u00e4vuode<\/p>\n<p><a href=\"http:\/\/www.villareuter.fi\/wordpress\/wp-content\/uploads\/North-apartment.png\"><img loading=\"lazy\" decoding=\"async\" class=\"alignnone size-medium wp-image-1583\" src=\"http:\/\/www.villareuter.fi\/wordpress\/wp-content\/uploads\/North-apartment-289x300.png\" alt=\"\" width=\"289\" height=\"300\" srcset=\"https:\/\/www.villareuter.fi\/wordpress\/wp-content\/uploads\/North-apartment-289x300.png 289w, https:\/\/www.villareuter.fi\/wordpress\/wp-content\/uploads\/North-apartment-987x1024.png 987w, https:\/\/www.villareuter.fi\/wordpress\/wp-content\/uploads\/North-apartment-768x797.png 768w, https:\/\/www.villareuter.fi\/wordpress\/wp-content\/uploads\/North-apartment-145x150.png 145w, https:\/\/www.villareuter.fi\/wordpress\/wp-content\/uploads\/North-apartment.png 1400w\" sizes=\"(max-width: 289px) 100vw, 289px\" \/><\/a><\/p>\n<p><a href=\"http:\/\/www.villareuter.fi\/wordpress\/wp-content\/uploads\/IMG_1270-1.jpg\"><img loading=\"lazy\" decoding=\"async\" class=\"alignnone  wp-image-1151\" src=\"http:\/\/www.villareuter.fi\/wordpress\/wp-content\/uploads\/IMG_1270-1-300x200.jpg\" alt=\"\" width=\"269\" height=\"179\" srcset=\"https:\/\/www.villareuter.fi\/wordpress\/wp-content\/uploads\/IMG_1270-1-300x200.jpg 300w, https:\/\/www.villareuter.fi\/wordpress\/wp-content\/uploads\/IMG_1270-1-768x512.jpg 768w, https:\/\/www.villareuter.fi\/wordpress\/wp-content\/uploads\/IMG_1270-1-1024x683.jpg 1024w, https:\/\/www.villareuter.fi\/wordpress\/wp-content\/uploads\/IMG_1270-1-150x100.jpg 150w, https:\/\/www.villareuter.fi\/wordpress\/wp-content\/uploads\/IMG_1270-1-225x150.jpg 225w\" sizes=\"(max-width: 269px) 100vw, 269px\" \/><\/a> <a href=\"http:\/\/www.villareuter.fi\/wordpress\/wp-content\/uploads\/IMG_1302-1.jpg\"><img loading=\"lazy\" decoding=\"async\" class=\"alignnone  wp-image-1152\" src=\"http:\/\/www.villareuter.fi\/wordpress\/wp-content\/uploads\/IMG_1302-1-300x200.jpg\" alt=\"\" width=\"268\" height=\"178\" srcset=\"https:\/\/www.villareuter.fi\/wordpress\/wp-content\/uploads\/IMG_1302-1-300x200.jpg 300w, https:\/\/www.villareuter.fi\/wordpress\/wp-content\/uploads\/IMG_1302-1-768x512.jpg 768w, https:\/\/www.villareuter.fi\/wordpress\/wp-content\/uploads\/IMG_1302-1-1024x683.jpg 1024w, https:\/\/www.villareuter.fi\/wordpress\/wp-content\/uploads\/IMG_1302-1-150x100.jpg 150w, https:\/\/www.villareuter.fi\/wordpress\/wp-content\/uploads\/IMG_1302-1-225x150.jpg 225w\" sizes=\"(max-width: 268px) 100vw, 268px\" \/><\/a><a href=\"http:\/\/www.villareuter.fi\/wordpress\/wp-content\/uploads\/2018-01-30-13.01.59.jpg\"><img loading=\"lazy\" decoding=\"async\" class=\"alignnone  wp-image-1149\" src=\"http:\/\/www.villareuter.fi\/wordpress\/wp-content\/uploads\/2018-01-30-13.01.59-300x225.jpg\" alt=\"\" width=\"239\" height=\"179\" srcset=\"https:\/\/www.villareuter.fi\/wordpress\/wp-content\/uploads\/2018-01-30-13.01.59-300x225.jpg 300w, https:\/\/www.villareuter.fi\/wordpress\/wp-content\/uploads\/2018-01-30-13.01.59-768x576.jpg 768w, https:\/\/www.villareuter.fi\/wordpress\/wp-content\/uploads\/2018-01-30-13.01.59-1024x768.jpg 1024w, https:\/\/www.villareuter.fi\/wordpress\/wp-content\/uploads\/2018-01-30-13.01.59-150x113.jpg 150w, https:\/\/www.villareuter.fi\/wordpress\/wp-content\/uploads\/2018-01-30-13.01.59-800x600.jpg 800w, https:\/\/www.villareuter.fi\/wordpress\/wp-content\/uploads\/2018-01-30-13.01.59-200x150.jpg 200w\" sizes=\"(max-width: 239px) 100vw, 239px\" \/><\/a><\/p>\n<p><a href=\"http:\/\/www.villareuter.fi\/wordpress\/wp-content\/uploads\/2018-01-30-13.01.12.jpg\"><img loading=\"lazy\" decoding=\"async\" class=\"alignnone  wp-image-1148\" src=\"http:\/\/www.villareuter.fi\/wordpress\/wp-content\/uploads\/2018-01-30-13.01.12-225x300.jpg\" alt=\"\" width=\"161\" height=\"215\" srcset=\"https:\/\/www.villareuter.fi\/wordpress\/wp-content\/uploads\/2018-01-30-13.01.12-225x300.jpg 225w, https:\/\/www.villareuter.fi\/wordpress\/wp-content\/uploads\/2018-01-30-13.01.12-768x1024.jpg 768w, https:\/\/www.villareuter.fi\/wordpress\/wp-content\/uploads\/2018-01-30-13.01.12-113x150.jpg 113w\" sizes=\"(max-width: 161px) 100vw, 161px\" \/><\/a> <a href=\"http:\/\/www.villareuter.fi\/wordpress\/wp-content\/uploads\/IMG_3655.jpg\"><img loading=\"lazy\" decoding=\"async\" class=\"alignnone  wp-image-1145\" src=\"http:\/\/www.villareuter.fi\/wordpress\/wp-content\/uploads\/IMG_3655-300x200.jpg\" alt=\"\" width=\"324\" height=\"216\" srcset=\"https:\/\/www.villareuter.fi\/wordpress\/wp-content\/uploads\/IMG_3655-300x200.jpg 300w, https:\/\/www.villareuter.fi\/wordpress\/wp-content\/uploads\/IMG_3655-768x512.jpg 768w, https:\/\/www.villareuter.fi\/wordpress\/wp-content\/uploads\/IMG_3655-1024x683.jpg 1024w, https:\/\/www.villareuter.fi\/wordpress\/wp-content\/uploads\/IMG_3655-150x100.jpg 150w, https:\/\/www.villareuter.fi\/wordpress\/wp-content\/uploads\/IMG_3655-225x150.jpg 225w\" sizes=\"(max-width: 324px) 100vw, 324px\" \/> <\/a><a href=\"http:\/\/www.villareuter.fi\/wordpress\/wp-content\/uploads\/IMG_3656.jpg\"><img loading=\"lazy\" decoding=\"async\" class=\"alignnone  wp-image-1144\" src=\"http:\/\/www.villareuter.fi\/wordpress\/wp-content\/uploads\/IMG_3656-300x200.jpg\" alt=\"\" width=\"327\" height=\"218\" srcset=\"https:\/\/www.villareuter.fi\/wordpress\/wp-content\/uploads\/IMG_3656-300x200.jpg 300w, https:\/\/www.villareuter.fi\/wordpress\/wp-content\/uploads\/IMG_3656-768x512.jpg 768w, https:\/\/www.villareuter.fi\/wordpress\/wp-content\/uploads\/IMG_3656-1024x683.jpg 1024w, https:\/\/www.villareuter.fi\/wordpress\/wp-content\/uploads\/IMG_3656-150x100.jpg 150w, https:\/\/www.villareuter.fi\/wordpress\/wp-content\/uploads\/IMG_3656-225x150.jpg 225w\" sizes=\"(max-width: 327px) 100vw, 327px\" \/><\/a><\/p>\n","protected":false},"excerpt":{"rendered":"<p>Majoitustilat &#8211; South apartment &#8211; The Shed &#8211; Bedroom for 2 in Bistro &#8211; Tentsil P\u00e4\u00e4talon toisessa kerroksessa sijaitseva n. 70m2 asunto jossa 2 kahden hengen makuuhuonetta, toiseen saadaan lis\u00e4vuode<\/p>\n","protected":false},"author":1,"featured_media":0,"parent":57,"menu_order":2,"comment_status":"closed","ping_status":"closed","template":"","meta":{"om_disable_all_campaigns":false,"_monsterinsights_skip_tracking":false,"_monsterinsights_sitenote_active":false,"_monsterinsights_sitenote_note":"","_monsterinsights_sitenote_category":0,"_uf_show_specific_survey":0,"_uf_disable_surveys":false,"ngg_post_thumbnail":0,"footnotes":""},"_links":{"self":[{"href":"https:\/\/www.villareuter.fi\/wordpress\/wp-json\/wp\/v2\/pages\/1652"}],"collection":[{"href":"https:\/\/www.villareuter.fi\/wordpress\/wp-json\/wp\/v2\/pages"}],"about":[{"href":"https:\/\/www.villareuter.fi\/wordpress\/wp-json\/wp\/v2\/types\/page"}],"author":[{"embeddable":true,"href":"https:\/\/www.villareuter.fi\/wordpress\/wp-json\/wp\/v2\/users\/1"}],"replies":[{"embeddable":true,"href":"https:\/\/www.villareuter.fi\/wordpress\/wp-json\/wp\/v2\/comments?post=1652"}],"version-history":[{"count":6,"href":"https:\/\/www.villareuter.fi\/wordpress\/wp-json\/wp\/v2\/pages\/1652\/revisions"}],"predecessor-version":[{"id":1742,"href":"https:\/\/www.villareuter.fi\/wordpress\/wp-json\/wp\/v2\/pages\/1652\/revisions\/1742"}],"up":[{"embeddable":true,"href":"https:\/\/www.villareuter.fi\/wordpress\/wp-json\/wp\/v2\/pages\/57"}],"wp:attachment":[{"href":"https:\/\/www.villareuter.fi\/wordpress\/wp-json\/wp\/v2\/media?parent=1652"}],"curies":[{"name":"wp","href":"https:\/\/api.w.org\/{rel}","templated":true}]}}