{"id":162,"date":"2013-11-27T14:19:47","date_gmt":"2013-11-27T12:19:47","guid":{"rendered":"http:\/\/www.villareuter.fi\/wordpress\/?page_id=162"},"modified":"2022-12-22T11:28:44","modified_gmt":"2022-12-22T09:28:44","slug":"kokous-ja-juhlatilat","status":"publish","type":"page","link":"https:\/\/www.villareuter.fi\/wordpress\/","title":{"rendered":"kokous ja juhlatilat , saunatilat, saaristokokoukset, kalastusretket"},"content":{"rendered":"<h1>kokous ja juhlatilat Paraisilla Saunatilat<\/h1>\n<p>Kokous ja juhlatilat Turun saaristossa Paraisilla Tilausravintola Saunatilat Saaristokokoukset Kalastusmatkat turun saaristoon +1<br \/>\nWe have 2 high quality seakayaks for hire and we can arrange more from www.aavameri.fi Seakayaking<\/p>\n<h2>kokous ja juhlatilat parainen<\/h2>\n<p>Kokous ja juhlatilat, Tilausravintola, saunatilat, Kurssitila, kokouspaikka saaristossa , kokous saaristossa, kokous saaristo, kokous Turun saaristossa,<\/p>\n<h2>Juhlatilat Paraisilla<\/h2>\n<p>juhlapaikka, juhlatilat saaristossa, juhlapaikat saaristossa<\/p>\n<h2>Saunatilat Parainen<\/h2>\n<p>Saunatilat, majoitus tilausravintola juhlapalvelu saaristo, majoitus Parainen, risteily,<\/p>\n<h2>Saunatilat Paraisilla<\/h2>\n<p>kokouspaikka Turku, kokouspaikka Parainen, vuokra sauna, vuokrattava sauna, edustussauna, ohjelmapalvelu Turku, ohjelmapalvelu Parainen, ruoka- ja majoituspalvelu, kokous turku, kokous Parainen, purjehdus, veneretket Turun saaristoon, veneretket, p\u00e4\u00e4si\u00e4ispaketti <em>kalastusretki, kalastusretket kalastusretki, kalastusretket kalastusretki, kalastusretket kalastusretki, kalastusretket kalastusretki, kalastusretket kalastusretki, kalastusretket,kalastus kalastus<\/em><\/p>\n<h1>Visit finland<\/h1>\n<p>VILLA REUTER 50-70m2 at seashore<\/p>\n<div class=\"airbnb-embed-frame\" style=\"max-width: 600px; margin: auto; transition: height .2s;\" data-add-type-to-city-link=\"1\" data-city-link-index=\"1\" data-eb=\"1452577013_1r+xkQt8LgBITgth\" data-eu=\"W6b\/O3fUG9WgNv\/7idKRqH0Yx5EGyX2Vty3APcrlqXPoeTHHMAxXYOTxNRDU CaOvR+WnrxI6mgmV+3UAxZUt9FNDnqrlzMsCLb7AoRrkBqNGRa0VZBk9RiEF pF6uGz0M8X\/VuA4653ZHBqKYFGX5X5kxrHyJAz3Fbhtt4Mmx6b6wGbl7U\/LJ opqS4Vq1s0MYNf8yKLKK2TuONMJsi1Xc8PLtWv1XP6Iunb+xxorugVsQ0AAj K+Ni3ywCyKo8B7Ozsu\/GU1SkPKDlBMye2ceYLywiZ8tqipmBYDtmbzZUbD2B AERwdy52au9l\/Bke3uegysUEnzlzWZ3+bxD6EJGqLw== \" data-embed-source-type=\"p3\" data-trigger-source-type=\"p3_listing_embed_notification\" data-listing-id=\"1047629\" data-photo-url=\"https:\/\/a1.muscache.com\/im\/pictures\/25009702\/6877de13_original.jpg?aki_policy=x_large\" data-view=\"listing_frame\">\n<div style=\"width: 1034px\" class=\"wp-caption alignnone\"><img loading=\"lazy\" decoding=\"async\" style=\"max-width: 100%;\" src=\"https:\/\/a1.muscache.com\/im\/pictures\/25009702\/6877de13_original.jpg?aki_policy=x_large\" alt=\"Kokous ja juhlatilat paraisilla\" width=\"1024\" height=\"683\"><p class=\"wp-caption-text\">Airbnb Visit finland<\/p><\/div>\n<div>\n<h2>Airbnb VILLA REUTER 50m2 at Seashore<\/h2>\n<div>Parainen, Suomi<\/div>\n<blockquote><p>Vanhan koulurakennuksen toisessa kerroksessa sijaitseva asunto omalla sis\u00e4\u00e4nk\u00e4ynnill\u00e4. Talo on peruskorjattu ja alakerta toimii meid\u00e4n kotina<\/p><\/blockquote>\n<p><a href=\"https:\/\/www.airbnb.fi\/s\/Parainen--Suomi?type=apartment\" target=\"airbnb\" rel=\"noopener\">Lyhytaikaiset vuokrahuoneistot kaupungissa Parainen<\/a><\/p>\n<\/div>\n<p><script src=\"https:\/\/www.airbnb.fi\/embeddable\/airbnb_jssdk\" async=\"\"><\/script><\/p>\n<\/div>\n<p>Kalastusretki Turun saaristo Hummerfish Kalastusmatka Turun saaristo Majoitus Kalastusretki Turun saaristo majoitus Kalastusmatka Turun saaristo<\/p>\n<p>Kuljetus Hummerfish veneell\u00e4. Majoitus turun saaristossa. Kalastus saarikohteessa. Kokous tai juhla tyky- ja virkistysp\u00e4iv\u00e4t &#8211; Villa Reuter. Saunailta juhlaillallinen liikelounas pienimuotoiset kokukset. Fallb\u00f6len kansakoulu<\/p>\n<p>Villa Reuter tarjoaa monipuoliset ja luonnonkauniit puitteet kokouksien ja juhlatilaisuuksien j\u00e4rjest\u00e4miseen. Sijaitsemme upeassa saaristomilj\u00f6\u00f6ss\u00e4 vain alle tunnin ajomatkan p\u00e4\u00e4ss\u00e4 Turusta.<br \/>\n<a href=\"https:\/\/www.villareuter.fi\/wordpress\/juhla-ja-kokoustilat-turun-saaristossa\/kokoustila-paraisilla\/\/\">Talvipuutarhassamme<\/a> on tilaa noin 25:lle vieraalle. Kokouksen tai juhlan aikana voitte my\u00f6skin k\u00e4ytt\u00e4\u00e4 <a href=\"https:\/\/www.villareuter.fi\/wordpress\/juhla-ja-kokoustilat-turun-saaristossa\/juhlatilat-paraisilla\/\/\">Olohuonetta <\/a> ja Kellaria. Tilat soveltuvat niin ryhm\u00e4ty\u00f6h\u00f6n kuin vapaamuotoiseen oleskeluun.<\/p>\n<p>Mik\u00e4li haluatte meid\u00e4n toimestamme j\u00e4rjestetty\u00e4 ohjelmaa pid\u00e4mme mm. <a href=\"https:\/\/www.villareuter.fi\/wordpress\/palvelut\/olutkurssi\/\/\">Olutkursseja<\/a> Kerromme my\u00f6s mielell\u00e4\u00e4mme omista kokemuksistamme <a href=\"https:\/\/www.villareuter.fi\/wordpress\/palvelut\/juuston-valmistus\/\/\">Juustonteosta<\/a> ja siin\u00e4 ohella keit\u00e4mme yhdess\u00e4 esim. Havartia,sinihomejuustoa ja Ricottaa. <a href=\"https:\/\/www.villareuter.fi\/wordpress\/palvelut\/suklaakurssi\/\/\">Suklaakurssilla <\/a>valmistamme sen verran tryffeleit\u00e4 ett\u00e4 riitt\u00e4\u00e4 kotiinviet\u00e4v\u00e4ksikin. Tarjoamamme ohjelmat ovat noin 2-3 tunnin pituisia. Muita ohjelmavaihtoehtoja ovat lyhyet p\u00e4iv\u00e4purjehdukset ja esim pihaleikit tai kalastus. Ohjelman j\u00e4lkeen voitte nauttia hyvist\u00e4 l\u00f6ylyist\u00e4 saunassamme sek\u00e4 kylpe\u00e4 paljussa ja tietenkin meress\u00e4 kaikkina vuodenaikoina<\/p>\n<p>Hummerfish veneell\u00e4 saaristokuljetukset sujuvat mukavasti Kalastusmatka Turun saaristossa<\/p>\n<div id=\"attachment_203\" style=\"width: 310px\" class=\"wp-caption alignnone\"><a href=\"http:\/\/www.villareuter.fi\/wordpress\/wp-content\/uploads\/bild-4.jpg\"><img loading=\"lazy\" decoding=\"async\" aria-describedby=\"caption-attachment-203\" class=\"size-medium wp-image-203\" title=\"Leijahiihto\" src=\"http:\/\/www.villareuter.fi\/wordpress\/wp-content\/uploads\/bild-4-300x224.jpg\" alt=\"Kokous ja Juhlatilat Turun saaristossa\" width=\"300\" height=\"224\" srcset=\"https:\/\/www.villareuter.fi\/wordpress\/wp-content\/uploads\/bild-4-300x224.jpg 300w, https:\/\/www.villareuter.fi\/wordpress\/wp-content\/uploads\/bild-4-200x150.jpg 200w, https:\/\/www.villareuter.fi\/wordpress\/wp-content\/uploads\/bild-4-150x112.jpg 150w, https:\/\/www.villareuter.fi\/wordpress\/wp-content\/uploads\/bild-4.jpg 640w\" sizes=\"(max-width: 300px) 100vw, 300px\" \/><\/a><p id=\"caption-attachment-203\" class=\"wp-caption-text\">Leijahiihtoa Villa Reuterin edustalla<\/p><\/div>\n<p>Palveluihin kuluu leijahiihtoa talvella, p\u00e4iv\u00e4purjehdukset Airistolla kes\u00e4ll\u00e4. Olutkurssi juustokurssi ja suklaakurssi edustavat kurssimuotoista ohjelmatarjontaa<\/p>\n<p>Villa Reuterin ranta-saunaan mahtuu 6-8 henk , paljuun 4-5 henk. Isommat ryhm\u00e4t saunoavat kahdessa vuorossa ja voivat k\u00e4ytt\u00e4\u00e4 Villa Reuterin toisen kerroksen majoitustiloja pukeutumiseen.<br \/>\nT\u00e4m\u00e4n tilan suihku on my\u00f6s vieraiden k\u00e4ytett\u00e4viss\u00e4. Saunan terassilla ja laiturilla on tilaa isollekin ryhm\u00e4lle.<\/p>\n<p>Villa Reuterin toisessa kerroksessa on tilaa majoittaa 9<\/p>\n<p>henk. Mik\u00e4li saunoava ryhm\u00e4 on suuri majoitustilaa voi k\u00e4ytt\u00e4\u00e4 pukeutumistilanakin<\/p>\n<p><em><strong>Kalastusmatka turun saaristo<\/strong><\/em> Lempn\u00e4sin kohde muodostuu kahdesta vanhasta saaristotilasta joiden kokonaispinta-ala on noin 20ha. Kyl\u00e4ntapaisessa milj\u00f6\u00f6ss\u00e4 ei ole s\u00e4hk\u00f6\u00e4 ja olot ovat askeettiset. Pihapiirriss\u00e4 on 2 p\u00e4\u00e4rakennusta, 2 navettaa ja monta pienemp\u00e4\u00e4 aittarakennusta. Rannasta l\u00f6ytyy venevaja jossa on pieni kalastukseen soveltuva vene. Pitk\u00e4 ranatviiva it\u00e4\u00e4n etel\u00e4\u00e4n ja pohjoiseen luo erinomaiset kalastusmahdollisuudet. Veneell\u00e4 p\u00e4\u00e4st\u00e4\u00e4n l\u00e4heisille luodoille ja saarille jotka sijaitsevat n\u00e4k\u00f6et\u00e4isyydell\u00e4 rannasta kalastaville.<br \/>\nP\u00e4\u00e4rakennuksissa on majoitustilaa ja pihapiirin saunassa voitte nauttia hyvist\u00e4 l\u00f6ylyist\u00e4 ja yhdess\u00e4olosta.<br \/>\nKuljetusveneess\u00e4 invertteri antaa 220V joten tietokoneet ja puhelimet saadaan ladattua sen avulla.<\/p>\n<h1>+1 kokous ja juhlatilat kurssitilat tilausravintola<\/h1>\n<h2>+1 kokous ja juhlatilat<\/h2>\n<p>+1 kokous ja juhlatilat Turun saaristossa<\/p>\n<p>+1 kokoustilat juhlatilat<\/p>\n","protected":false},"excerpt":{"rendered":"<p>kokous ja juhlatilat Paraisilla Saunatilat Kokous ja juhlatilat Turun saaristossa Paraisilla Tilausravintola Saunatilat Saaristokokoukset Kalastusmatkat turun saaristoon +1 We have 2 high quality seakayaks for hire and we can arrange \u2026 <a class=\"continue-reading-link\" href=\"https:\/\/www.villareuter.fi\/wordpress\/\">Lue lis\u00e4\u00e4 <span class=\"meta-nav\">&rarr; <\/span><\/a><\/p>\n","protected":false},"author":1,"featured_media":0,"parent":0,"menu_order":0,"comment_status":"open","ping_status":"closed","template":"","meta":{"om_disable_all_campaigns":false,"_monsterinsights_skip_tracking":false,"_monsterinsights_sitenote_active":false,"_monsterinsights_sitenote_note":"","_monsterinsights_sitenote_category":0,"_uf_show_specific_survey":0,"_uf_disable_surveys":false,"ngg_post_thumbnail":0,"footnotes":""},"_links":{"self":[{"href":"https:\/\/www.villareuter.fi\/wordpress\/wp-json\/wp\/v2\/pages\/162"}],"collection":[{"href":"https:\/\/www.villareuter.fi\/wordpress\/wp-json\/wp\/v2\/pages"}],"about":[{"href":"https:\/\/www.villareuter.fi\/wordpress\/wp-json\/wp\/v2\/types\/page"}],"author":[{"embeddable":true,"href":"https:\/\/www.villareuter.fi\/wordpress\/wp-json\/wp\/v2\/users\/1"}],"replies":[{"embeddable":true,"href":"https:\/\/www.villareuter.fi\/wordpress\/wp-json\/wp\/v2\/comments?post=162"}],"version-history":[{"count":47,"href":"https:\/\/www.villareuter.fi\/wordpress\/wp-json\/wp\/v2\/pages\/162\/revisions"}],"predecessor-version":[{"id":1860,"href":"https:\/\/www.villareuter.fi\/wordpress\/wp-json\/wp\/v2\/pages\/162\/revisions\/1860"}],"wp:attachment":[{"href":"https:\/\/www.villareuter.fi\/wordpress\/wp-json\/wp\/v2\/media?parent=162"}],"curies":[{"name":"wp","href":"https:\/\/api.w.org\/{rel}","templated":true}]}}