{"id":888,"date":"2016-10-15T15:35:08","date_gmt":"2016-10-15T12:35:08","guid":{"rendered":"http:\/\/www.villareuter.fi\/wordpress\/?page_id=888&#038;lang=sv"},"modified":"2016-10-15T15:35:08","modified_gmt":"2016-10-15T12:35:08","slug":"motesutrymme","status":"publish","type":"page","link":"http:\/\/www.villareuter.fi\/wordpress\/festutrymme\/motesutrymme\/?lang=sv","title":{"rendered":"Vintertr\u00e4dg\u00e5rden"},"content":{"rendered":"<p>Fest och M\u00f6tesutrymme i Pargas<br \/>\n<a href=\"http:\/\/www.villareuter.fi\/wordpress\/festutrymme\/?lang=sv\/\">Villa Reuter<\/a>&#8212;&#8211;<a href=\"http:\/\/www.villareuter.fi\/wordpress\/festutrymme\/motesutrymme\/?lang=sv\/\">Vintertr\u00e4dg\u00e5rden<\/a>&#8212;&#8211;<a href=\"http:\/\/www.villareuter.fi\/wordpress\/festutrymme\/kellari\/?lang=sv\/\">K\u00e4llaren<\/a>&#8212;-<a href=\"http:\/\/www.villareuter.fi\/wordpress\/festutrymme\/festutrymmen-pargas\/?lang=sv\/\">Vardagsrummet<\/a>&#8212;&#8211;<a href=\"http:\/\/www.villareuter.fi\/wordpress\/festutrymme\/bastu\/?lang=sv\/\">Bastu<\/a>&#8212;&#8211;<a href=\"http:\/\/www.villareuter.fi\/wordpress\/festutrymme\/venevaja\/?lang=sv\/\">B\u00e5thus<\/a>&#8212;&#8211;<a href=\"http:\/\/www.villareuter.fi\/wordpress\/majoitustila\/?lang=sv\/\">Inkvartering<\/a><\/p>\n<div style=\"width: 543px\" class=\"wp-caption alignleft\"><img loading=\"lazy\" decoding=\"async\" title=\"Talvipuutarha\" src=\"http:\/\/www.villareuter.fi\/wordpress\/wp-content\/uploads\/316.jpg\" alt=\"Kokoustila Paraisilla\" width=\"533\" height=\"800\" \/><p class=\"wp-caption-text\">En \u00f6l efter bastun<\/p><\/div>\n<h2>M\u00f6tesutrymme i Pargas<\/h2>\n<p>V\u00e5r vintertr\u00e4dg\u00e5rd erbjuder ett ypperligt utrymme f\u00f6r ett lyckat m\u00f6te i trivsam milj\u00f6. Ni sitter n\u00e4ra naturen, med havet straxt intill d\u00e4r ni kan njuta av stillheten och god mat. Den inspirerande milj\u00f6n g\u00f6r beslutsfattande l\u00e4ttare och m\u00f6tetsdeltagarna \u00e4r p\u00e5 gott hum\u00f6r.<\/p>\n<p>Vid middagen speglar sig ljusens sken i f\u00f6nstren och skapar festst\u00e4mmning. Bordet dukar vi enligt \u00f6nskat tema.<\/p>\n<h2>Festutrymme<\/h2>\n<p>Vi ordnar alla typer av fester f\u00f6r f\u00f6retag och privata. Vintertr\u00e4dg\u00e5rden erbjuder ypperliga m\u00f6jligheter f\u00f6r en festlig m\u00e5ltid. Med personlig betj\u00e4ning g\u00f6r vi allt f\u00f6r att er fest skall bli lyckad i alla avseenden.<\/p>\n<h2>K\u00f6ket<\/h2>\n<p>V\u00e5rt k\u00f6k tillreder alla r\u00e4tter. V\u00e5r mat tillverkas av f\u00e4rska goda r\u00e5varor, g\u00e4rna lokala fr\u00e5n n\u00e4rbelegen skog och hav. Vi fiskar och plockar b\u00e4r och svamp som anv\u00e4nds i m\u00e5n av m\u00f6jlighet allt enligt s\u00e4song.<\/p>\n<!-- index.php -->\n<div\n\tclass=\"ngg-galleryoverview\n\t ngg-ajax-pagination-none\t\"\n\tid=\"ngg-gallery-ed74bd0ce5ef5de485e1206267b495be-1\">\n\n\t\t<div class=\"slideshowlink\">\n\t\t<a href='http:\/\/www.villareuter.fi\/wordpress\/festutrymme\/motesutrymme\/nggallery\/slideshow?lang=sv'>[Show slideshow]<\/a>\n\t\t\n\t<\/div>\n\t\t\t<!-- Thumbnails -->\n\t\t\t\t<div id=\"ngg-image-0\" class=\"ngg-gallery-thumbnail-box\" \n\t\t\t\t\t\t\t\t\t\t\t>\n\t\t\t\t\t\t<div class=\"ngg-gallery-thumbnail\">\n\t\t\t<a href=\"http:\/\/www.villareuter.fi\/wordpress\/wp-content\/gallery\/talvipuutarha\/172.jpg\"\n\t\t\t\ttitle=\"\"\n\t\t\t\tdata-src=\"http:\/\/www.villareuter.fi\/wordpress\/wp-content\/gallery\/talvipuutarha\/172.jpg\"\n\t\t\t\tdata-thumbnail=\"http:\/\/www.villareuter.fi\/wordpress\/wp-content\/gallery\/talvipuutarha\/thumbs\/thumbs_172.jpg\"\n\t\t\t\tdata-image-id=\"237\"\n\t\t\t\tdata-title=\"172\"\n\t\t\t\tdata-description=\"\"\n\t\t\t\tdata-image-slug=\"172\"\n\t\t\t\tclass=\"ngg-fancybox\" rel=\"ed74bd0ce5ef5de485e1206267b495be\">\n\t\t\t\t<img\n\t\t\t\t\ttitle=\"172\"\n\t\t\t\t\talt=\"172\"\n\t\t\t\t\tsrc=\"http:\/\/www.villareuter.fi\/wordpress\/wp-content\/gallery\/talvipuutarha\/thumbs\/thumbs_172.jpg\"\n\t\t\t\t\twidth=\"120\"\n\t\t\t\t\theight=\"90\"\n\t\t\t\t\tstyle=\"max-width:100%;\"\n\t\t\t\t\/>\n\t\t\t<\/a>\n\t\t<\/div>\n\t\t\t\t\t\t\t<\/div> \n\t\t\t\n\t\t\n\t\t\t\t<div id=\"ngg-image-1\" class=\"ngg-gallery-thumbnail-box\" \n\t\t\t\t\t\t\t\t\t\t\t>\n\t\t\t\t\t\t<div class=\"ngg-gallery-thumbnail\">\n\t\t\t<a href=\"http:\/\/www.villareuter.fi\/wordpress\/wp-content\/gallery\/talvipuutarha\/196.jpg\"\n\t\t\t\ttitle=\"\"\n\t\t\t\tdata-src=\"http:\/\/www.villareuter.fi\/wordpress\/wp-content\/gallery\/talvipuutarha\/196.jpg\"\n\t\t\t\tdata-thumbnail=\"http:\/\/www.villareuter.fi\/wordpress\/wp-content\/gallery\/talvipuutarha\/thumbs\/thumbs_196.jpg\"\n\t\t\t\tdata-image-id=\"238\"\n\t\t\t\tdata-title=\"196\"\n\t\t\t\tdata-description=\"\"\n\t\t\t\tdata-image-slug=\"196\"\n\t\t\t\tclass=\"ngg-fancybox\" rel=\"ed74bd0ce5ef5de485e1206267b495be\">\n\t\t\t\t<img\n\t\t\t\t\ttitle=\"196\"\n\t\t\t\t\talt=\"196\"\n\t\t\t\t\tsrc=\"http:\/\/www.villareuter.fi\/wordpress\/wp-content\/gallery\/talvipuutarha\/thumbs\/thumbs_196.jpg\"\n\t\t\t\t\twidth=\"120\"\n\t\t\t\t\theight=\"90\"\n\t\t\t\t\tstyle=\"max-width:100%;\"\n\t\t\t\t\/>\n\t\t\t<\/a>\n\t\t<\/div>\n\t\t\t\t\t\t\t<\/div> \n\t\t\t\n\t\t\n\t\t\t\t<div id=\"ngg-image-2\" class=\"ngg-gallery-thumbnail-box\" \n\t\t\t\t\t\t\t\t\t\t\t>\n\t\t\t\t\t\t<div class=\"ngg-gallery-thumbnail\">\n\t\t\t<a href=\"http:\/\/www.villareuter.fi\/wordpress\/wp-content\/gallery\/talvipuutarha\/294.jpg\"\n\t\t\t\ttitle=\"\"\n\t\t\t\tdata-src=\"http:\/\/www.villareuter.fi\/wordpress\/wp-content\/gallery\/talvipuutarha\/294.jpg\"\n\t\t\t\tdata-thumbnail=\"http:\/\/www.villareuter.fi\/wordpress\/wp-content\/gallery\/talvipuutarha\/thumbs\/thumbs_294.jpg\"\n\t\t\t\tdata-image-id=\"239\"\n\t\t\t\tdata-title=\"294\"\n\t\t\t\tdata-description=\"\"\n\t\t\t\tdata-image-slug=\"294\"\n\t\t\t\tclass=\"ngg-fancybox\" rel=\"ed74bd0ce5ef5de485e1206267b495be\">\n\t\t\t\t<img\n\t\t\t\t\ttitle=\"294\"\n\t\t\t\t\talt=\"294\"\n\t\t\t\t\tsrc=\"http:\/\/www.villareuter.fi\/wordpress\/wp-content\/gallery\/talvipuutarha\/thumbs\/thumbs_294.jpg\"\n\t\t\t\t\twidth=\"120\"\n\t\t\t\t\theight=\"90\"\n\t\t\t\t\tstyle=\"max-width:100%;\"\n\t\t\t\t\/>\n\t\t\t<\/a>\n\t\t<\/div>\n\t\t\t\t\t\t\t<\/div> \n\t\t\t\n\t\t\n\t\t\t\t<div id=\"ngg-image-3\" class=\"ngg-gallery-thumbnail-box\" \n\t\t\t\t\t\t\t\t\t\t\t>\n\t\t\t\t\t\t<div class=\"ngg-gallery-thumbnail\">\n\t\t\t<a href=\"http:\/\/www.villareuter.fi\/wordpress\/wp-content\/gallery\/talvipuutarha\/305.jpg\"\n\t\t\t\ttitle=\"\"\n\t\t\t\tdata-src=\"http:\/\/www.villareuter.fi\/wordpress\/wp-content\/gallery\/talvipuutarha\/305.jpg\"\n\t\t\t\tdata-thumbnail=\"http:\/\/www.villareuter.fi\/wordpress\/wp-content\/gallery\/talvipuutarha\/thumbs\/thumbs_305.jpg\"\n\t\t\t\tdata-image-id=\"240\"\n\t\t\t\tdata-title=\"305\"\n\t\t\t\tdata-description=\"\"\n\t\t\t\tdata-image-slug=\"305\"\n\t\t\t\tclass=\"ngg-fancybox\" rel=\"ed74bd0ce5ef5de485e1206267b495be\">\n\t\t\t\t<img\n\t\t\t\t\ttitle=\"305\"\n\t\t\t\t\talt=\"305\"\n\t\t\t\t\tsrc=\"http:\/\/www.villareuter.fi\/wordpress\/wp-content\/gallery\/talvipuutarha\/thumbs\/thumbs_305.jpg\"\n\t\t\t\t\twidth=\"120\"\n\t\t\t\t\theight=\"90\"\n\t\t\t\t\tstyle=\"max-width:100%;\"\n\t\t\t\t\/>\n\t\t\t<\/a>\n\t\t<\/div>\n\t\t\t\t\t\t\t<\/div> \n\t\t\t\n\t\t\n\t\t\t\t<div id=\"ngg-image-4\" class=\"ngg-gallery-thumbnail-box\" \n\t\t\t\t\t\t\t\t\t\t\t>\n\t\t\t\t\t\t<div class=\"ngg-gallery-thumbnail\">\n\t\t\t<a href=\"http:\/\/www.villareuter.fi\/wordpress\/wp-content\/gallery\/talvipuutarha\/310.jpg\"\n\t\t\t\ttitle=\"\"\n\t\t\t\tdata-src=\"http:\/\/www.villareuter.fi\/wordpress\/wp-content\/gallery\/talvipuutarha\/310.jpg\"\n\t\t\t\tdata-thumbnail=\"http:\/\/www.villareuter.fi\/wordpress\/wp-content\/gallery\/talvipuutarha\/thumbs\/thumbs_310.jpg\"\n\t\t\t\tdata-image-id=\"241\"\n\t\t\t\tdata-title=\"310\"\n\t\t\t\tdata-description=\"\"\n\t\t\t\tdata-image-slug=\"310\"\n\t\t\t\tclass=\"ngg-fancybox\" rel=\"ed74bd0ce5ef5de485e1206267b495be\">\n\t\t\t\t<img\n\t\t\t\t\ttitle=\"310\"\n\t\t\t\t\talt=\"310\"\n\t\t\t\t\tsrc=\"http:\/\/www.villareuter.fi\/wordpress\/wp-content\/gallery\/talvipuutarha\/thumbs\/thumbs_310.jpg\"\n\t\t\t\t\twidth=\"120\"\n\t\t\t\t\theight=\"90\"\n\t\t\t\t\tstyle=\"max-width:100%;\"\n\t\t\t\t\/>\n\t\t\t<\/a>\n\t\t<\/div>\n\t\t\t\t\t\t\t<\/div> \n\t\t\t\n\t\t\n\t\t\t\t<div id=\"ngg-image-5\" class=\"ngg-gallery-thumbnail-box\" \n\t\t\t\t\t\t\t\t\t\t\t>\n\t\t\t\t\t\t<div class=\"ngg-gallery-thumbnail\">\n\t\t\t<a href=\"http:\/\/www.villareuter.fi\/wordpress\/wp-content\/gallery\/talvipuutarha\/342.jpg\"\n\t\t\t\ttitle=\"\"\n\t\t\t\tdata-src=\"http:\/\/www.villareuter.fi\/wordpress\/wp-content\/gallery\/talvipuutarha\/342.jpg\"\n\t\t\t\tdata-thumbnail=\"http:\/\/www.villareuter.fi\/wordpress\/wp-content\/gallery\/talvipuutarha\/thumbs\/thumbs_342.jpg\"\n\t\t\t\tdata-image-id=\"242\"\n\t\t\t\tdata-title=\"342\"\n\t\t\t\tdata-description=\"\"\n\t\t\t\tdata-image-slug=\"342\"\n\t\t\t\tclass=\"ngg-fancybox\" rel=\"ed74bd0ce5ef5de485e1206267b495be\">\n\t\t\t\t<img\n\t\t\t\t\ttitle=\"342\"\n\t\t\t\t\talt=\"342\"\n\t\t\t\t\tsrc=\"http:\/\/www.villareuter.fi\/wordpress\/wp-content\/gallery\/talvipuutarha\/thumbs\/thumbs_342.jpg\"\n\t\t\t\t\twidth=\"120\"\n\t\t\t\t\theight=\"90\"\n\t\t\t\t\tstyle=\"max-width:100%;\"\n\t\t\t\t\/>\n\t\t\t<\/a>\n\t\t<\/div>\n\t\t\t\t\t\t\t<\/div> \n\t\t\t\n\t\t\n\t\t\t\t<div id=\"ngg-image-6\" class=\"ngg-gallery-thumbnail-box\" \n\t\t\t\t\t\t\t\t\t\t\t>\n\t\t\t\t\t\t<div class=\"ngg-gallery-thumbnail\">\n\t\t\t<a href=\"http:\/\/www.villareuter.fi\/wordpress\/wp-content\/gallery\/talvipuutarha\/img_5058.jpg\"\n\t\t\t\ttitle=\"\"\n\t\t\t\tdata-src=\"http:\/\/www.villareuter.fi\/wordpress\/wp-content\/gallery\/talvipuutarha\/img_5058.jpg\"\n\t\t\t\tdata-thumbnail=\"http:\/\/www.villareuter.fi\/wordpress\/wp-content\/gallery\/talvipuutarha\/thumbs\/thumbs_img_5058.jpg\"\n\t\t\t\tdata-image-id=\"243\"\n\t\t\t\tdata-title=\"img_5058\"\n\t\t\t\tdata-description=\"\"\n\t\t\t\tdata-image-slug=\"img_5058\"\n\t\t\t\tclass=\"ngg-fancybox\" rel=\"ed74bd0ce5ef5de485e1206267b495be\">\n\t\t\t\t<img\n\t\t\t\t\ttitle=\"img_5058\"\n\t\t\t\t\talt=\"img_5058\"\n\t\t\t\t\tsrc=\"http:\/\/www.villareuter.fi\/wordpress\/wp-content\/gallery\/talvipuutarha\/thumbs\/thumbs_img_5058.jpg\"\n\t\t\t\t\twidth=\"120\"\n\t\t\t\t\theight=\"90\"\n\t\t\t\t\tstyle=\"max-width:100%;\"\n\t\t\t\t\/>\n\t\t\t<\/a>\n\t\t<\/div>\n\t\t\t\t\t\t\t<\/div> \n\t\t\t\n\t\t\n\t\t\t\t<div id=\"ngg-image-7\" class=\"ngg-gallery-thumbnail-box\" \n\t\t\t\t\t\t\t\t\t\t\t>\n\t\t\t\t\t\t<div class=\"ngg-gallery-thumbnail\">\n\t\t\t<a href=\"http:\/\/www.villareuter.fi\/wordpress\/wp-content\/gallery\/talvipuutarha\/img_5575.jpg\"\n\t\t\t\ttitle=\"\"\n\t\t\t\tdata-src=\"http:\/\/www.villareuter.fi\/wordpress\/wp-content\/gallery\/talvipuutarha\/img_5575.jpg\"\n\t\t\t\tdata-thumbnail=\"http:\/\/www.villareuter.fi\/wordpress\/wp-content\/gallery\/talvipuutarha\/thumbs\/thumbs_img_5575.jpg\"\n\t\t\t\tdata-image-id=\"244\"\n\t\t\t\tdata-title=\"img_5575\"\n\t\t\t\tdata-description=\"\"\n\t\t\t\tdata-image-slug=\"img_5575\"\n\t\t\t\tclass=\"ngg-fancybox\" rel=\"ed74bd0ce5ef5de485e1206267b495be\">\n\t\t\t\t<img\n\t\t\t\t\ttitle=\"img_5575\"\n\t\t\t\t\talt=\"img_5575\"\n\t\t\t\t\tsrc=\"http:\/\/www.villareuter.fi\/wordpress\/wp-content\/gallery\/talvipuutarha\/thumbs\/thumbs_img_5575.jpg\"\n\t\t\t\t\twidth=\"120\"\n\t\t\t\t\theight=\"90\"\n\t\t\t\t\tstyle=\"max-width:100%;\"\n\t\t\t\t\/>\n\t\t\t<\/a>\n\t\t<\/div>\n\t\t\t\t\t\t\t<\/div> \n\t\t\t\n\t\t\n\t\t\t\t<div id=\"ngg-image-8\" class=\"ngg-gallery-thumbnail-box\" \n\t\t\t\t\t\t\t\t\t\t\t>\n\t\t\t\t\t\t<div class=\"ngg-gallery-thumbnail\">\n\t\t\t<a href=\"http:\/\/www.villareuter.fi\/wordpress\/wp-content\/gallery\/talvipuutarha\/img_5758-800x600.jpg\"\n\t\t\t\ttitle=\"\"\n\t\t\t\tdata-src=\"http:\/\/www.villareuter.fi\/wordpress\/wp-content\/gallery\/talvipuutarha\/img_5758-800x600.jpg\"\n\t\t\t\tdata-thumbnail=\"http:\/\/www.villareuter.fi\/wordpress\/wp-content\/gallery\/talvipuutarha\/thumbs\/thumbs_img_5758-800x600.jpg\"\n\t\t\t\tdata-image-id=\"245\"\n\t\t\t\tdata-title=\"img_5758-800x600\"\n\t\t\t\tdata-description=\"\"\n\t\t\t\tdata-image-slug=\"img_5758-800x600\"\n\t\t\t\tclass=\"ngg-fancybox\" rel=\"ed74bd0ce5ef5de485e1206267b495be\">\n\t\t\t\t<img\n\t\t\t\t\ttitle=\"img_5758-800x600\"\n\t\t\t\t\talt=\"img_5758-800x600\"\n\t\t\t\t\tsrc=\"http:\/\/www.villareuter.fi\/wordpress\/wp-content\/gallery\/talvipuutarha\/thumbs\/thumbs_img_5758-800x600.jpg\"\n\t\t\t\t\twidth=\"120\"\n\t\t\t\t\theight=\"90\"\n\t\t\t\t\tstyle=\"max-width:100%;\"\n\t\t\t\t\/>\n\t\t\t<\/a>\n\t\t<\/div>\n\t\t\t\t\t\t\t<\/div> \n\t\t\t\n\t\t\n\t\t\t\t<div id=\"ngg-image-9\" class=\"ngg-gallery-thumbnail-box\" \n\t\t\t\t\t\t\t\t\t\t\t>\n\t\t\t\t\t\t<div class=\"ngg-gallery-thumbnail\">\n\t\t\t<a href=\"http:\/\/www.villareuter.fi\/wordpress\/wp-content\/gallery\/talvipuutarha\/img_5833.jpg\"\n\t\t\t\ttitle=\"\"\n\t\t\t\tdata-src=\"http:\/\/www.villareuter.fi\/wordpress\/wp-content\/gallery\/talvipuutarha\/img_5833.jpg\"\n\t\t\t\tdata-thumbnail=\"http:\/\/www.villareuter.fi\/wordpress\/wp-content\/gallery\/talvipuutarha\/thumbs\/thumbs_img_5833.jpg\"\n\t\t\t\tdata-image-id=\"246\"\n\t\t\t\tdata-title=\"img_5833\"\n\t\t\t\tdata-description=\"\"\n\t\t\t\tdata-image-slug=\"img_5833\"\n\t\t\t\tclass=\"ngg-fancybox\" rel=\"ed74bd0ce5ef5de485e1206267b495be\">\n\t\t\t\t<img\n\t\t\t\t\ttitle=\"img_5833\"\n\t\t\t\t\talt=\"img_5833\"\n\t\t\t\t\tsrc=\"http:\/\/www.villareuter.fi\/wordpress\/wp-content\/gallery\/talvipuutarha\/thumbs\/thumbs_img_5833.jpg\"\n\t\t\t\t\twidth=\"120\"\n\t\t\t\t\theight=\"90\"\n\t\t\t\t\tstyle=\"max-width:100%;\"\n\t\t\t\t\/>\n\t\t\t<\/a>\n\t\t<\/div>\n\t\t\t\t\t\t\t<\/div> \n\t\t\t\n\t\t\n\t\t\t\t<div id=\"ngg-image-10\" class=\"ngg-gallery-thumbnail-box\" \n\t\t\t\t\t\t\t\t\t\t\t>\n\t\t\t\t\t\t<div class=\"ngg-gallery-thumbnail\">\n\t\t\t<a href=\"http:\/\/www.villareuter.fi\/wordpress\/wp-content\/gallery\/talvipuutarha\/img_5844.jpg\"\n\t\t\t\ttitle=\"\"\n\t\t\t\tdata-src=\"http:\/\/www.villareuter.fi\/wordpress\/wp-content\/gallery\/talvipuutarha\/img_5844.jpg\"\n\t\t\t\tdata-thumbnail=\"http:\/\/www.villareuter.fi\/wordpress\/wp-content\/gallery\/talvipuutarha\/thumbs\/thumbs_img_5844.jpg\"\n\t\t\t\tdata-image-id=\"247\"\n\t\t\t\tdata-title=\"img_5844\"\n\t\t\t\tdata-description=\"\"\n\t\t\t\tdata-image-slug=\"img_5844\"\n\t\t\t\tclass=\"ngg-fancybox\" rel=\"ed74bd0ce5ef5de485e1206267b495be\">\n\t\t\t\t<img\n\t\t\t\t\ttitle=\"img_5844\"\n\t\t\t\t\talt=\"img_5844\"\n\t\t\t\t\tsrc=\"http:\/\/www.villareuter.fi\/wordpress\/wp-content\/gallery\/talvipuutarha\/thumbs\/thumbs_img_5844.jpg\"\n\t\t\t\t\twidth=\"120\"\n\t\t\t\t\theight=\"90\"\n\t\t\t\t\tstyle=\"max-width:100%;\"\n\t\t\t\t\/>\n\t\t\t<\/a>\n\t\t<\/div>\n\t\t\t\t\t\t\t<\/div> \n\t\t\t\n\t\t\n\t\t\t\t<div id=\"ngg-image-11\" class=\"ngg-gallery-thumbnail-box\" \n\t\t\t\t\t\t\t\t\t\t\t>\n\t\t\t\t\t\t<div class=\"ngg-gallery-thumbnail\">\n\t\t\t<a href=\"http:\/\/www.villareuter.fi\/wordpress\/wp-content\/gallery\/talvipuutarha\/img_5848.jpg\"\n\t\t\t\ttitle=\"\"\n\t\t\t\tdata-src=\"http:\/\/www.villareuter.fi\/wordpress\/wp-content\/gallery\/talvipuutarha\/img_5848.jpg\"\n\t\t\t\tdata-thumbnail=\"http:\/\/www.villareuter.fi\/wordpress\/wp-content\/gallery\/talvipuutarha\/thumbs\/thumbs_img_5848.jpg\"\n\t\t\t\tdata-image-id=\"248\"\n\t\t\t\tdata-title=\"img_5848\"\n\t\t\t\tdata-description=\"\"\n\t\t\t\tdata-image-slug=\"img_5848\"\n\t\t\t\tclass=\"ngg-fancybox\" rel=\"ed74bd0ce5ef5de485e1206267b495be\">\n\t\t\t\t<img\n\t\t\t\t\ttitle=\"img_5848\"\n\t\t\t\t\talt=\"img_5848\"\n\t\t\t\t\tsrc=\"http:\/\/www.villareuter.fi\/wordpress\/wp-content\/gallery\/talvipuutarha\/thumbs\/thumbs_img_5848.jpg\"\n\t\t\t\t\twidth=\"120\"\n\t\t\t\t\theight=\"90\"\n\t\t\t\t\tstyle=\"max-width:100%;\"\n\t\t\t\t\/>\n\t\t\t<\/a>\n\t\t<\/div>\n\t\t\t\t\t\t\t<\/div> \n\t\t\t\n\t\t\n\t\t\t\t<div id=\"ngg-image-12\" class=\"ngg-gallery-thumbnail-box\" \n\t\t\t\t\t\t\t\t\t\t\t>\n\t\t\t\t\t\t<div class=\"ngg-gallery-thumbnail\">\n\t\t\t<a href=\"http:\/\/www.villareuter.fi\/wordpress\/wp-content\/gallery\/talvipuutarha\/img_5860.jpg\"\n\t\t\t\ttitle=\"\"\n\t\t\t\tdata-src=\"http:\/\/www.villareuter.fi\/wordpress\/wp-content\/gallery\/talvipuutarha\/img_5860.jpg\"\n\t\t\t\tdata-thumbnail=\"http:\/\/www.villareuter.fi\/wordpress\/wp-content\/gallery\/talvipuutarha\/thumbs\/thumbs_img_5860.jpg\"\n\t\t\t\tdata-image-id=\"249\"\n\t\t\t\tdata-title=\"img_5860\"\n\t\t\t\tdata-description=\"\"\n\t\t\t\tdata-image-slug=\"img_5860\"\n\t\t\t\tclass=\"ngg-fancybox\" rel=\"ed74bd0ce5ef5de485e1206267b495be\">\n\t\t\t\t<img\n\t\t\t\t\ttitle=\"img_5860\"\n\t\t\t\t\talt=\"img_5860\"\n\t\t\t\t\tsrc=\"http:\/\/www.villareuter.fi\/wordpress\/wp-content\/gallery\/talvipuutarha\/thumbs\/thumbs_img_5860.jpg\"\n\t\t\t\t\twidth=\"120\"\n\t\t\t\t\theight=\"90\"\n\t\t\t\t\tstyle=\"max-width:100%;\"\n\t\t\t\t\/>\n\t\t\t<\/a>\n\t\t<\/div>\n\t\t\t\t\t\t\t<\/div> \n\t\t\t\n\t\t\n\t\t\t\t<div id=\"ngg-image-13\" class=\"ngg-gallery-thumbnail-box\" \n\t\t\t\t\t\t\t\t\t\t\t>\n\t\t\t\t\t\t<div class=\"ngg-gallery-thumbnail\">\n\t\t\t<a href=\"http:\/\/www.villareuter.fi\/wordpress\/wp-content\/gallery\/talvipuutarha\/img_5998-800x600.jpg\"\n\t\t\t\ttitle=\"\"\n\t\t\t\tdata-src=\"http:\/\/www.villareuter.fi\/wordpress\/wp-content\/gallery\/talvipuutarha\/img_5998-800x600.jpg\"\n\t\t\t\tdata-thumbnail=\"http:\/\/www.villareuter.fi\/wordpress\/wp-content\/gallery\/talvipuutarha\/thumbs\/thumbs_img_5998-800x600.jpg\"\n\t\t\t\tdata-image-id=\"250\"\n\t\t\t\tdata-title=\"img_5998-800x600\"\n\t\t\t\tdata-description=\"\"\n\t\t\t\tdata-image-slug=\"img_5998-800x600\"\n\t\t\t\tclass=\"ngg-fancybox\" rel=\"ed74bd0ce5ef5de485e1206267b495be\">\n\t\t\t\t<img\n\t\t\t\t\ttitle=\"img_5998-800x600\"\n\t\t\t\t\talt=\"img_5998-800x600\"\n\t\t\t\t\tsrc=\"http:\/\/www.villareuter.fi\/wordpress\/wp-content\/gallery\/talvipuutarha\/thumbs\/thumbs_img_5998-800x600.jpg\"\n\t\t\t\t\twidth=\"120\"\n\t\t\t\t\theight=\"90\"\n\t\t\t\t\tstyle=\"max-width:100%;\"\n\t\t\t\t\/>\n\t\t\t<\/a>\n\t\t<\/div>\n\t\t\t\t\t\t\t<\/div> \n\t\t\t\n\t\t\n\t\t\t\t<div id=\"ngg-image-14\" class=\"ngg-gallery-thumbnail-box\" \n\t\t\t\t\t\t\t\t\t\t\t>\n\t\t\t\t\t\t<div class=\"ngg-gallery-thumbnail\">\n\t\t\t<a href=\"http:\/\/www.villareuter.fi\/wordpress\/wp-content\/gallery\/talvipuutarha\/img_5999-800x600.jpg\"\n\t\t\t\ttitle=\"\"\n\t\t\t\tdata-src=\"http:\/\/www.villareuter.fi\/wordpress\/wp-content\/gallery\/talvipuutarha\/img_5999-800x600.jpg\"\n\t\t\t\tdata-thumbnail=\"http:\/\/www.villareuter.fi\/wordpress\/wp-content\/gallery\/talvipuutarha\/thumbs\/thumbs_img_5999-800x600.jpg\"\n\t\t\t\tdata-image-id=\"251\"\n\t\t\t\tdata-title=\"img_5999-800x600\"\n\t\t\t\tdata-description=\"\"\n\t\t\t\tdata-image-slug=\"img_5999-800x600\"\n\t\t\t\tclass=\"ngg-fancybox\" rel=\"ed74bd0ce5ef5de485e1206267b495be\">\n\t\t\t\t<img\n\t\t\t\t\ttitle=\"img_5999-800x600\"\n\t\t\t\t\talt=\"img_5999-800x600\"\n\t\t\t\t\tsrc=\"http:\/\/www.villareuter.fi\/wordpress\/wp-content\/gallery\/talvipuutarha\/thumbs\/thumbs_img_5999-800x600.jpg\"\n\t\t\t\t\twidth=\"120\"\n\t\t\t\t\theight=\"90\"\n\t\t\t\t\tstyle=\"max-width:100%;\"\n\t\t\t\t\/>\n\t\t\t<\/a>\n\t\t<\/div>\n\t\t\t\t\t\t\t<\/div> \n\t\t\t\n\t\t\n\t\t\t\t<div id=\"ngg-image-15\" class=\"ngg-gallery-thumbnail-box\" \n\t\t\t\t\t\t\t\t\t\t\t>\n\t\t\t\t\t\t<div class=\"ngg-gallery-thumbnail\">\n\t\t\t<a href=\"http:\/\/www.villareuter.fi\/wordpress\/wp-content\/gallery\/talvipuutarha\/parbild-c-800-pixlar.jpg\"\n\t\t\t\ttitle=\"\"\n\t\t\t\tdata-src=\"http:\/\/www.villareuter.fi\/wordpress\/wp-content\/gallery\/talvipuutarha\/parbild-c-800-pixlar.jpg\"\n\t\t\t\tdata-thumbnail=\"http:\/\/www.villareuter.fi\/wordpress\/wp-content\/gallery\/talvipuutarha\/thumbs\/thumbs_parbild-c-800-pixlar.jpg\"\n\t\t\t\tdata-image-id=\"252\"\n\t\t\t\tdata-title=\"parbild-c-800-pixlar\"\n\t\t\t\tdata-description=\"\"\n\t\t\t\tdata-image-slug=\"parbild-c-800-pixlar\"\n\t\t\t\tclass=\"ngg-fancybox\" rel=\"ed74bd0ce5ef5de485e1206267b495be\">\n\t\t\t\t<img\n\t\t\t\t\ttitle=\"parbild-c-800-pixlar\"\n\t\t\t\t\talt=\"parbild-c-800-pixlar\"\n\t\t\t\t\tsrc=\"http:\/\/www.villareuter.fi\/wordpress\/wp-content\/gallery\/talvipuutarha\/thumbs\/thumbs_parbild-c-800-pixlar.jpg\"\n\t\t\t\t\twidth=\"120\"\n\t\t\t\t\theight=\"90\"\n\t\t\t\t\tstyle=\"max-width:100%;\"\n\t\t\t\t\/>\n\t\t\t<\/a>\n\t\t<\/div>\n\t\t\t\t\t\t\t<\/div> \n\t\t\t\n\t\t\n\t\t\n\t\t<!-- Pagination -->\n\t\t<div class='ngg-clear'><\/div>\t<\/div>\n\n","protected":false},"excerpt":{"rendered":"<p>Fest och M\u00f6tesutrymme i Pargas Villa Reuter&#8212;&#8211;Vintertr\u00e4dg\u00e5rden&#8212;&#8211;K\u00e4llaren&#8212;-Vardagsrummet&#8212;&#8211;Bastu&#8212;&#8211;B\u00e5thus&#8212;&#8211;Inkvartering M\u00f6tesutrymme i Pargas V\u00e5r vintertr\u00e4dg\u00e5rd erbjuder ett ypperligt utrymme f\u00f6r ett lyckat m\u00f6te i trivsam milj\u00f6. Ni sitter n\u00e4ra naturen, med havet straxt \u2026 <a class=\"continue-reading-link\" href=\"http:\/\/www.villareuter.fi\/wordpress\/festutrymme\/motesutrymme\/?lang=sv\">Lue lis\u00e4\u00e4 <span class=\"meta-nav\">&rarr; <\/span><\/a><\/p>\n","protected":false},"author":1,"featured_media":0,"parent":893,"menu_order":1,"comment_status":"closed","ping_status":"closed","template":"","meta":{"om_disable_all_campaigns":false,"_monsterinsights_skip_tracking":false,"_monsterinsights_sitenote_active":false,"_monsterinsights_sitenote_note":"","_monsterinsights_sitenote_category":0,"_uf_show_specific_survey":0,"_uf_disable_surveys":false,"ngg_post_thumbnail":0,"footnotes":""},"_links":{"self":[{"href":"http:\/\/www.villareuter.fi\/wordpress\/wp-json\/wp\/v2\/pages\/888"}],"collection":[{"href":"http:\/\/www.villareuter.fi\/wordpress\/wp-json\/wp\/v2\/pages"}],"about":[{"href":"http:\/\/www.villareuter.fi\/wordpress\/wp-json\/wp\/v2\/types\/page"}],"author":[{"embeddable":true,"href":"http:\/\/www.villareuter.fi\/wordpress\/wp-json\/wp\/v2\/users\/1"}],"replies":[{"embeddable":true,"href":"http:\/\/www.villareuter.fi\/wordpress\/wp-json\/wp\/v2\/comments?post=888"}],"version-history":[{"count":1,"href":"http:\/\/www.villareuter.fi\/wordpress\/wp-json\/wp\/v2\/pages\/888\/revisions"}],"predecessor-version":[{"id":889,"href":"http:\/\/www.villareuter.fi\/wordpress\/wp-json\/wp\/v2\/pages\/888\/revisions\/889"}],"up":[{"embeddable":true,"href":"http:\/\/www.villareuter.fi\/wordpress\/wp-json\/wp\/v2\/pages\/893"}],"wp:attachment":[{"href":"http:\/\/www.villareuter.fi\/wordpress\/wp-json\/wp\/v2\/media?parent=888"}],"curies":[{"name":"wp","href":"https:\/\/api.w.org\/{rel}","templated":true}]}}