{"id":791,"date":"2016-10-14T13:32:10","date_gmt":"2016-10-14T10:32:10","guid":{"rendered":"http:\/\/www.villareuter.fi\/wordpress\/?page_id=791&#038;lang=sv"},"modified":"2022-12-23T12:28:45","modified_gmt":"2022-12-23T10:28:45","slug":"motes-och-festutrymmen-bastu-skargarden","status":"publish","type":"page","link":"http:\/\/www.villareuter.fi\/wordpress\/motes-och-festutrymmen-bastu-skargarden\/?lang=sv","title":{"rendered":"M\u00f6tes och Festutrymmen, Bastu, Fiske, inkvartering"},"content":{"rendered":"<h1>M\u00f6tes och Festutrymmen i Pargas, bastu , fiske<\/h1>\n<p>Fallb\u00f6le skola<\/p>\n<h2>Best\u00e4llningsrestaurang , kursutrymme \u00e5bolands sk\u00e4rg\u00e5rd<\/h2>\n<h2>Strandbastu Pargas, inkvartering, accomodation<\/h2>\n<h1>Visit finland Your stay<\/h1>\n<p>VILLA REUTER 50-70m2<\/p>\n<div class=\"airbnb-embed-frame\" style=\"max-width: 600px; margin: auto; transition: height .2s;\" data-add-type-to-city-link=\"1\" data-city-link-index=\"1\" data-eb=\"1452577013_1r+xkQt8LgBITgth\" data-eu=\"W6b\/O3fUG9WgNv\/7idKRqH0Yx5EGyX2Vty3APcrlqXPoeTHHMAxXYOTxNRDU CaOvR+WnrxI6mgmV+3UAxZUt9FNDnqrlzMsCLb7AoRrkBqNGRa0VZBk9RiEF pF6uGz0M8X\/VuA4653ZHBqKYFGX5X5kxrHyJAz3Fbhtt4Mmx6b6wGbl7U\/LJ opqS4Vq1s0MYNf8yKLKK2TuONMJsi1Xc8PLtWv1XP6Iunb+xxorugVsQ0AAj K+Ni3ywCyKo8B7Ozsu\/GU1SkPKDlBMye2ceYLywiZ8tqipmBYDtmbzZUbD2B AERwdy52au9l\/Bke3uegysUEnzlzWZ3+bxD6EJGqLw== \" data-embed-source-type=\"p3\" data-trigger-source-type=\"p3_listing_embed_notification\" data-listing-id=\"1047629\" data-photo-url=\"https:\/\/a1.muscache.com\/im\/pictures\/25009702\/6877de13_original.jpg?aki_policy=x_large\" data-view=\"listing_frame\">\n<div style=\"width: 1034px\" class=\"wp-caption alignnone\"><img loading=\"lazy\" decoding=\"async\" style=\"max-width: 100%;\" src=\"https:\/\/a1.muscache.com\/im\/pictures\/25009702\/6877de13_original.jpg?aki_policy=x_large\" alt=\"Kokous ja juhlatilat paraisilla\" width=\"1024\" height=\"683\"><p class=\"wp-caption-text\">Airbnb Visit finland<\/p><\/div>\n<div>\n<h2>Airbnb VILLA REUTER 50m2<\/h2>\n<div>Pargas , FinlandI andra v\u00e5ningen i en gammal skolbyggnad har vi inkvarteringsm\u00f6jlighet f\u00f6r 9 personer i 2 separata l\u00e4genheter med egen ing\u00e5ng&nbsp;<\/p>\n<\/div>\n<\/div>\n<\/div>\n<p>Fiske i \u00c5bolands sk\u00e4rg\u00e5rd med Hummerfish, fiske vid v\u00e5rt sk\u00e4rg\u00e5rdshemman i Houtsk\u00e4r 1 timmes b\u00e5tf\u00e4rd fr\u00e5n Airisto.<\/p>\n<p>Vi arrangerar \u00f6lkurser sushikurser kite eller drakflygning<\/p>\n<p>&nbsp;<\/p>\n","protected":false},"excerpt":{"rendered":"<p>M\u00f6tes och Festutrymmen i Pargas, bastu , fiske Fallb\u00f6le skola Best\u00e4llningsrestaurang , kursutrymme \u00e5bolands sk\u00e4rg\u00e5rd Strandbastu Pargas, inkvartering, accomodation Visit finland Your stay VILLA REUTER 50-70m2 Airbnb VILLA REUTER 50m2 \u2026 <a class=\"continue-reading-link\" href=\"http:\/\/www.villareuter.fi\/wordpress\/motes-och-festutrymmen-bastu-skargarden\/?lang=sv\">Lue lis\u00e4\u00e4 <span class=\"meta-nav\">&rarr; <\/span><\/a><\/p>\n","protected":false},"author":1,"featured_media":0,"parent":0,"menu_order":0,"comment_status":"open","ping_status":"closed","template":"","meta":{"om_disable_all_campaigns":false,"_monsterinsights_skip_tracking":false,"_monsterinsights_sitenote_active":false,"_monsterinsights_sitenote_note":"","_monsterinsights_sitenote_category":0,"_uf_show_specific_survey":0,"_uf_disable_surveys":false,"ngg_post_thumbnail":0,"footnotes":""},"_links":{"self":[{"href":"http:\/\/www.villareuter.fi\/wordpress\/wp-json\/wp\/v2\/pages\/791"}],"collection":[{"href":"http:\/\/www.villareuter.fi\/wordpress\/wp-json\/wp\/v2\/pages"}],"about":[{"href":"http:\/\/www.villareuter.fi\/wordpress\/wp-json\/wp\/v2\/types\/page"}],"author":[{"embeddable":true,"href":"http:\/\/www.villareuter.fi\/wordpress\/wp-json\/wp\/v2\/users\/1"}],"replies":[{"embeddable":true,"href":"http:\/\/www.villareuter.fi\/wordpress\/wp-json\/wp\/v2\/comments?post=791"}],"version-history":[{"count":5,"href":"http:\/\/www.villareuter.fi\/wordpress\/wp-json\/wp\/v2\/pages\/791\/revisions"}],"predecessor-version":[{"id":1933,"href":"http:\/\/www.villareuter.fi\/wordpress\/wp-json\/wp\/v2\/pages\/791\/revisions\/1933"}],"wp:attachment":[{"href":"http:\/\/www.villareuter.fi\/wordpress\/wp-json\/wp\/v2\/media?parent=791"}],"curies":[{"name":"wp","href":"https:\/\/api.w.org\/{rel}","templated":true}]}}