{"id":1782,"date":"2022-03-18T13:36:17","date_gmt":"2022-03-18T11:36:17","guid":{"rendered":"http:\/\/www.villareuter.fi\/wordpress\/festutrymme\/juhla-teltat\/"},"modified":"2022-12-21T17:11:42","modified_gmt":"2022-12-21T15:11:42","slug":"juhla-teltat","status":"publish","type":"page","link":"http:\/\/www.villareuter.fi\/wordpress\/festutrymme\/juhla-teltat\/?lang=sv","title":{"rendered":"Juhla Teltat ja Tentsil"},"content":{"rendered":"\n<p><a href=\"http:\/\/www.villareuter.fi\/wordpress\/festutrymme\/?lang=sv\">Villa Reuter<\/a><\/p>\n\n\n\n<p>Vi har 2 Partyt\u00e4lt f\u00f6r uthyrning&nbsp; 3 x 4m ja 3 x 6m<\/p>\n<p><a href=\"http:\/\/www.villareuter.fi\/wordpress\/wp-content\/uploads\/IMG_20210918_134526-scaled.jpeg\"><img loading=\"lazy\" decoding=\"async\" class=\"alignnone size-medium wp-image-1358\" src=\"http:\/\/www.villareuter.fi\/wordpress\/wp-content\/uploads\/IMG_20210918_134526-300x225.jpeg\" alt=\"\" width=\"300\" height=\"225\" srcset=\"http:\/\/www.villareuter.fi\/wordpress\/wp-content\/uploads\/IMG_20210918_134526-300x225.jpeg 300w, http:\/\/www.villareuter.fi\/wordpress\/wp-content\/uploads\/IMG_20210918_134526-1024x768.jpeg 1024w, http:\/\/www.villareuter.fi\/wordpress\/wp-content\/uploads\/IMG_20210918_134526-768x576.jpeg 768w, http:\/\/www.villareuter.fi\/wordpress\/wp-content\/uploads\/IMG_20210918_134526-1536x1152.jpeg 1536w, http:\/\/www.villareuter.fi\/wordpress\/wp-content\/uploads\/IMG_20210918_134526-2048x1536.jpeg 2048w, http:\/\/www.villareuter.fi\/wordpress\/wp-content\/uploads\/IMG_20210918_134526-150x113.jpeg 150w, http:\/\/www.villareuter.fi\/wordpress\/wp-content\/uploads\/IMG_20210918_134526-800x600.jpeg 800w, http:\/\/www.villareuter.fi\/wordpress\/wp-content\/uploads\/IMG_20210918_134526-200x150.jpeg 200w\" sizes=\"(max-width: 300px) 100vw, 300px\" \/><\/a> <a href=\"http:\/\/www.villareuter.fi\/wordpress\/wp-content\/uploads\/IMG_20211024_083023_051-scaled.jpeg\"><img loading=\"lazy\" decoding=\"async\" class=\"alignnone size-medium wp-image-1361\" src=\"http:\/\/www.villareuter.fi\/wordpress\/wp-content\/uploads\/IMG_20211024_083023_051-300x226.jpeg\" alt=\"\" width=\"300\" height=\"226\" srcset=\"http:\/\/www.villareuter.fi\/wordpress\/wp-content\/uploads\/IMG_20211024_083023_051-300x226.jpeg 300w, http:\/\/www.villareuter.fi\/wordpress\/wp-content\/uploads\/IMG_20211024_083023_051-1024x773.jpeg 1024w, http:\/\/www.villareuter.fi\/wordpress\/wp-content\/uploads\/IMG_20211024_083023_051-768x579.jpeg 768w, http:\/\/www.villareuter.fi\/wordpress\/wp-content\/uploads\/IMG_20211024_083023_051-1536x1159.jpeg 1536w, http:\/\/www.villareuter.fi\/wordpress\/wp-content\/uploads\/IMG_20211024_083023_051-2048x1545.jpeg 2048w, http:\/\/www.villareuter.fi\/wordpress\/wp-content\/uploads\/IMG_20211024_083023_051-150x113.jpeg 150w, http:\/\/www.villareuter.fi\/wordpress\/wp-content\/uploads\/IMG_20211024_083023_051-800x600.jpeg 800w, http:\/\/www.villareuter.fi\/wordpress\/wp-content\/uploads\/IMG_20211024_083023_051-199x150.jpeg 199w\" sizes=\"(max-width: 300px) 100vw, 300px\" \/><\/a><\/p>\n<p>Och ett Tentsil Tr\u00e4dt\u00e4lt<\/p>\n<p><a href=\"http:\/\/www.villareuter.fi\/wordpress\/wp-content\/uploads\/2019-04-12-10.39.54-scaled.jpg\"><img loading=\"lazy\" decoding=\"async\" class=\"alignnone size-medium wp-image-1707\" src=\"http:\/\/www.villareuter.fi\/wordpress\/wp-content\/uploads\/2019-04-12-10.39.54-300x225.jpg\" alt=\"\" width=\"300\" height=\"225\" srcset=\"http:\/\/www.villareuter.fi\/wordpress\/wp-content\/uploads\/2019-04-12-10.39.54-300x225.jpg 300w, http:\/\/www.villareuter.fi\/wordpress\/wp-content\/uploads\/2019-04-12-10.39.54-1024x768.jpg 1024w, http:\/\/www.villareuter.fi\/wordpress\/wp-content\/uploads\/2019-04-12-10.39.54-768x576.jpg 768w, http:\/\/www.villareuter.fi\/wordpress\/wp-content\/uploads\/2019-04-12-10.39.54-1536x1152.jpg 1536w, http:\/\/www.villareuter.fi\/wordpress\/wp-content\/uploads\/2019-04-12-10.39.54-2048x1536.jpg 2048w, http:\/\/www.villareuter.fi\/wordpress\/wp-content\/uploads\/2019-04-12-10.39.54-150x113.jpg 150w, http:\/\/www.villareuter.fi\/wordpress\/wp-content\/uploads\/2019-04-12-10.39.54-800x600.jpg 800w, http:\/\/www.villareuter.fi\/wordpress\/wp-content\/uploads\/2019-04-12-10.39.54-200x150.jpg 200w\" sizes=\"(max-width: 300px) 100vw, 300px\" \/> <\/a><a href=\"http:\/\/www.villareuter.fi\/wordpress\/wp-content\/uploads\/2019-04-12-11.02.05-scaled.jpg\"><img loading=\"lazy\" decoding=\"async\" class=\"alignnone size-medium wp-image-1716\" src=\"http:\/\/www.villareuter.fi\/wordpress\/wp-content\/uploads\/2019-04-12-11.02.05-300x225.jpg\" alt=\"\" width=\"300\" height=\"225\" srcset=\"http:\/\/www.villareuter.fi\/wordpress\/wp-content\/uploads\/2019-04-12-11.02.05-300x225.jpg 300w, http:\/\/www.villareuter.fi\/wordpress\/wp-content\/uploads\/2019-04-12-11.02.05-1024x768.jpg 1024w, http:\/\/www.villareuter.fi\/wordpress\/wp-content\/uploads\/2019-04-12-11.02.05-768x576.jpg 768w, http:\/\/www.villareuter.fi\/wordpress\/wp-content\/uploads\/2019-04-12-11.02.05-1536x1152.jpg 1536w, http:\/\/www.villareuter.fi\/wordpress\/wp-content\/uploads\/2019-04-12-11.02.05-2048x1536.jpg 2048w, http:\/\/www.villareuter.fi\/wordpress\/wp-content\/uploads\/2019-04-12-11.02.05-150x113.jpg 150w, http:\/\/www.villareuter.fi\/wordpress\/wp-content\/uploads\/2019-04-12-11.02.05-800x600.jpg 800w, http:\/\/www.villareuter.fi\/wordpress\/wp-content\/uploads\/2019-04-12-11.02.05-200x150.jpg 200w\" sizes=\"(max-width: 300px) 100vw, 300px\" \/><\/a> &nbsp;<\/p>\n","protected":false},"excerpt":{"rendered":"<p>Villa Reuter Vi har 2 Partyt\u00e4lt f\u00f6r uthyrning&nbsp; 3 x 4m ja 3 x 6m Och ett Tentsil Tr\u00e4dt\u00e4lt &nbsp;<\/p>\n","protected":false},"author":1,"featured_media":0,"parent":893,"menu_order":13,"comment_status":"closed","ping_status":"closed","template":"","meta":{"om_disable_all_campaigns":false,"_monsterinsights_skip_tracking":false,"_monsterinsights_sitenote_active":false,"_monsterinsights_sitenote_note":"","_monsterinsights_sitenote_category":0,"_uf_show_specific_survey":0,"_uf_disable_surveys":false,"ngg_post_thumbnail":0,"footnotes":""},"_links":{"self":[{"href":"http:\/\/www.villareuter.fi\/wordpress\/wp-json\/wp\/v2\/pages\/1782"}],"collection":[{"href":"http:\/\/www.villareuter.fi\/wordpress\/wp-json\/wp\/v2\/pages"}],"about":[{"href":"http:\/\/www.villareuter.fi\/wordpress\/wp-json\/wp\/v2\/types\/page"}],"author":[{"embeddable":true,"href":"http:\/\/www.villareuter.fi\/wordpress\/wp-json\/wp\/v2\/users\/1"}],"replies":[{"embeddable":true,"href":"http:\/\/www.villareuter.fi\/wordpress\/wp-json\/wp\/v2\/comments?post=1782"}],"version-history":[{"count":3,"href":"http:\/\/www.villareuter.fi\/wordpress\/wp-json\/wp\/v2\/pages\/1782\/revisions"}],"predecessor-version":[{"id":1787,"href":"http:\/\/www.villareuter.fi\/wordpress\/wp-json\/wp\/v2\/pages\/1782\/revisions\/1787"}],"up":[{"embeddable":true,"href":"http:\/\/www.villareuter.fi\/wordpress\/wp-json\/wp\/v2\/pages\/893"}],"wp:attachment":[{"href":"http:\/\/www.villareuter.fi\/wordpress\/wp-json\/wp\/v2\/media?parent=1782"}],"curies":[{"name":"wp","href":"https:\/\/api.w.org\/{rel}","templated":true}]}}